{"id":17927,"date":"2025-09-08T17:42:06","date_gmt":"2025-09-08T15:42:06","guid":{"rendered":"https:\/\/euniv.eu\/?page_id=17927"},"modified":"2025-09-10T13:32:16","modified_gmt":"2025-09-10T11:32:16","slug":"17927-2","status":"publish","type":"page","link":"https:\/\/euniv.eu\/en\/integrating-model\/alma-mater-university-institute\/15607-2\/17927-2\/","title":{"rendered":"International Research Forum of the Alma Mater University Institute_2024 Edition"},"content":{"rendered":"<style>.kb-row-layout-id17927_19c93d-13 > .kt-row-column-wrap{align-content:start;}:where(.kb-row-layout-id17927_19c93d-13 > .kt-row-column-wrap) > .wp-block-kadence-column{justify-content:start;}.kb-row-layout-id17927_19c93d-13 > .kt-row-column-wrap{column-gap:var(--global-kb-gap-lg, 4rem);row-gap:var(--global-kb-gap-md, 2rem);max-width:1240px;margin-left:auto;margin-right:auto;padding-top:var(--global-kb-spacing-sm, 1.5rem);padding-bottom:var(--global-kb-spacing-sm, 1.5rem);grid-template-columns:minmax(0, calc(30% - ((var(--global-kb-gap-lg, 4rem) * 1 )\/2)))minmax(0, calc(70% - ((var(--global-kb-gap-lg, 4rem) * 1 )\/2)));}.kb-row-layout-id17927_19c93d-13 > .kt-row-layout-overlay{opacity:0.30;}@media all and (max-width: 1024px){.kb-row-layout-id17927_19c93d-13 > .kt-row-column-wrap{grid-template-columns:minmax(0, 1fr) minmax(0, 2fr);}}@media all and (max-width: 767px){.kb-row-layout-id17927_19c93d-13 > .kt-row-column-wrap{grid-template-columns:minmax(0, 1fr);}}<\/style><div class=\"kb-row-layout-wrap kb-row-layout-id17927_19c93d-13 alignnone wp-block-kadence-rowlayout\"><div class=\"kt-row-column-wrap kt-has-2-columns kt-row-layout-right-golden kt-tab-layout-inherit kt-mobile-layout-row kt-row-valign-top\">\n<style>.kadence-column17927_98ccb8-be > .kt-inside-inner-col,.kadence-column17927_98ccb8-be > .kt-inside-inner-col:before{border-top-left-radius:0px;border-top-right-radius:0px;border-bottom-right-radius:0px;border-bottom-left-radius:0px;}.kadence-column17927_98ccb8-be > .kt-inside-inner-col{column-gap:var(--global-kb-gap-sm, 1rem);}.kadence-column17927_98ccb8-be > .kt-inside-inner-col{flex-direction:column;}.kadence-column17927_98ccb8-be > .kt-inside-inner-col > .aligncenter{width:100%;}.kadence-column17927_98ccb8-be > .kt-inside-inner-col:before{opacity:0.3;}.kadence-column17927_98ccb8-be{position:relative;}@media all and (max-width: 1024px){.kadence-column17927_98ccb8-be > .kt-inside-inner-col{flex-direction:column;justify-content:center;}}@media all and (max-width: 767px){.kadence-column17927_98ccb8-be > .kt-inside-inner-col{flex-direction:column;justify-content:center;}}<\/style>\n<div class=\"wp-block-kadence-column kadence-column17927_98ccb8-be inner-column-1 animated fadeInLeft\"><div class=\"kt-inside-inner-col\"><ul id=\"menu-recerca-en\" class=\"menu menu_left\"><li id=\"menu-item-2308\" class=\"menu-item menu-item-type-post_type menu-item-object-page menu-item-2308\"><a href=\"https:\/\/euniv.eu\/en\/integrating-model\/rmp\/\">RMP<\/a><\/li>\n<li id=\"menu-item-5672\" class=\"menu-item menu-item-type-custom menu-item-object-custom menu-item-has-children menu-item-5672\"><a href=\"#nogo\">Doctoral Research Lines<\/a>\n<ul class=\"sub-menu\">\n\t<li id=\"menu-item-5683\" class=\"menu-item menu-item-type-post_type menu-item-object-page menu-item-5683\"><a href=\"https:\/\/euniv.eu\/en\/integrating-model\/universities-and-nation-universities-in-catalan-history\/\">Universities and Nation<\/a><\/li>\n\t<li id=\"menu-item-5677\" class=\"menu-item menu-item-type-post_type menu-item-object-page menu-item-5677\"><a href=\"https:\/\/euniv.eu\/en\/integrating-model\/communication-management-in-the-21st-century-the-third-sector\/\">Communication Management in the 21st century<\/a><\/li>\n<\/ul>\n<\/li>\n<li id=\"menu-item-5673\" class=\"menu-item menu-item-type-post_type menu-item-object-page menu-item-5673\"><a href=\"https:\/\/euniv.eu\/en\/integrating-model\/european-observatory-of-communication\/\">European Observatory of Communication<\/a><\/li>\n<li id=\"menu-item-2312\" class=\"menu-item menu-item-type-post_type menu-item-object-page menu-item-2312\"><a href=\"https:\/\/euniv.eu\/en\/integrating-model\/university-institutes\/\">University Institutes<\/a><\/li>\n<\/ul>\n<\/div><\/div>\n\n\n<style>.kadence-column17927_d68191-ff > .kt-inside-inner-col,.kadence-column17927_d68191-ff > .kt-inside-inner-col:before{border-top-left-radius:0px;border-top-right-radius:0px;border-bottom-right-radius:0px;border-bottom-left-radius:0px;}.kadence-column17927_d68191-ff > .kt-inside-inner-col{column-gap:var(--global-kb-gap-sm, 1rem);}.kadence-column17927_d68191-ff > .kt-inside-inner-col{flex-direction:column;}.kadence-column17927_d68191-ff > .kt-inside-inner-col > .aligncenter{width:100%;}.kadence-column17927_d68191-ff > .kt-inside-inner-col:before{opacity:0.3;}.kadence-column17927_d68191-ff{position:relative;}@media all and (max-width: 1024px){.kadence-column17927_d68191-ff > .kt-inside-inner-col{flex-direction:column;justify-content:center;}}@media all and (max-width: 767px){.kadence-column17927_d68191-ff > .kt-inside-inner-col{flex-direction:column;justify-content:center;}}<\/style>\n<div class=\"wp-block-kadence-column kadence-column17927_d68191-ff inner-column-2 animated fadeIn slow\"><div class=\"kt-inside-inner-col\"><style>.kb-row-layout-id17927_6431b7-0f > .kt-row-column-wrap{align-content:center;}:where(.kb-row-layout-id17927_6431b7-0f > .kt-row-column-wrap) > .wp-block-kadence-column{justify-content:center;}.kb-row-layout-id17927_6431b7-0f > .kt-row-column-wrap{column-gap:20px;row-gap:var(--global-kb-gap-md, 2rem);padding-top:var(--global-kb-spacing-sm, 1.5rem);padding-bottom:var(--global-kb-spacing-sm, 1.5rem);grid-template-columns:minmax(0, calc(15% - ((20px * 1 )\/2)))minmax(0, calc(85% - ((20px * 1 )\/2)));}.kb-row-layout-id17927_6431b7-0f > .kt-row-layout-overlay{opacity:0.30;}@media all and (max-width: 1024px){.kb-row-layout-id17927_6431b7-0f > .kt-row-column-wrap{grid-template-columns:minmax(0, 1fr) minmax(0, 2fr);}}@media all and (max-width: 767px){.kb-row-layout-id17927_6431b7-0f > .kt-row-column-wrap{grid-template-columns:minmax(0, 1fr);}}<\/style><div class=\"kb-row-layout-wrap kb-row-layout-id17927_6431b7-0f alignnone wp-block-kadence-rowlayout\"><div class=\"kt-row-column-wrap kt-has-2-columns kt-row-layout-right-golden kt-tab-layout-inherit kt-mobile-layout-row kt-row-valign-middle\">\n<style>.kadence-column17927_400cc6-8d > .kt-inside-inner-col,.kadence-column17927_400cc6-8d > .kt-inside-inner-col:before{border-top-left-radius:0px;border-top-right-radius:0px;border-bottom-right-radius:0px;border-bottom-left-radius:0px;}.kadence-column17927_400cc6-8d > .kt-inside-inner-col{column-gap:var(--global-kb-gap-sm, 1rem);}.kadence-column17927_400cc6-8d > .kt-inside-inner-col{flex-direction:column;}.kadence-column17927_400cc6-8d > .kt-inside-inner-col > .aligncenter{width:100%;}.kadence-column17927_400cc6-8d > .kt-inside-inner-col:before{opacity:0.3;}.kadence-column17927_400cc6-8d{position:relative;}@media all and (max-width: 1024px){.kadence-column17927_400cc6-8d > .kt-inside-inner-col{flex-direction:column;justify-content:center;}}@media all and (max-width: 767px){.kadence-column17927_400cc6-8d > .kt-inside-inner-col{flex-direction:column;justify-content:center;}}<\/style>\n<div class=\"wp-block-kadence-column kadence-column17927_400cc6-8d inner-column-1\"><div class=\"kt-inside-inner-col\">\n<figure class=\"wp-block-image size-large\"><img loading=\"lazy\" decoding=\"async\" width=\"140\" height=\"189\" src=\"https:\/\/euniv.eu\/wp-content\/uploads\/\/2020\/09\/logo_catala.svg\" alt=\"Facultat de Filologia\" class=\"wp-image-203\"\/><\/figure>\n<\/div><\/div>\n\n\n<style>.kadence-column17927_d76dfe-4c > .kt-inside-inner-col,.kadence-column17927_d76dfe-4c > .kt-inside-inner-col:before{border-top-left-radius:0px;border-top-right-radius:0px;border-bottom-right-radius:0px;border-bottom-left-radius:0px;}.kadence-column17927_d76dfe-4c > .kt-inside-inner-col{column-gap:var(--global-kb-gap-sm, 1rem);}.kadence-column17927_d76dfe-4c > .kt-inside-inner-col{flex-direction:column;}.kadence-column17927_d76dfe-4c > .kt-inside-inner-col > .aligncenter{width:100%;}.kadence-column17927_d76dfe-4c > .kt-inside-inner-col:before{opacity:0.3;}.kadence-column17927_d76dfe-4c{position:relative;}@media all and (max-width: 1024px){.kadence-column17927_d76dfe-4c > .kt-inside-inner-col{flex-direction:column;justify-content:center;}}@media all and (max-width: 767px){.kadence-column17927_d76dfe-4c > .kt-inside-inner-col{flex-direction:column;justify-content:center;}}<\/style>\n<div class=\"wp-block-kadence-column kadence-column17927_d76dfe-4c inner-column-2\"><div class=\"kt-inside-inner-col\">\n<h1 class=\"wp-block-heading\">First International Research Forum Alma Mater University Institute on the Use of Artificial Intelligence as a Learning Tool in Higher Education<\/h1>\n\n\n\n<p><strong><em>Sant Juli\u00e0 de L\u00f2ria (Principality of Andorra), 21 February 2025<\/em><\/strong><\/p>\n<\/div><\/div>\n\n<\/div><\/div>\n\n\n<h2 class=\"wp-block-heading\"><strong>Research forum<\/strong><\/h2>\n\n\n\n<p>On Friday, 21 February 2025, EUNIV will host the First International Research Forum Alma Mater University Institute on the use of artificial intelligence as a learning tool in higher education.<\/p>\n\n\n\n<p>Artificial Intelligence (AI) opens new possibilities to improve teaching and learning, facilitating both personalised tutoring and the generation of intelligent content. This evolution is the result of technological advances, the growing accessibility of AI tools, and the recognition of their potential in the educational field. However, its implementation in university classrooms has triggered an important debate. Although AI can provide significant improvements in education, it also raises ethical challenges and generates some concerns.<\/p>\n\n\n\n<p>This <strong>Research Forum<\/strong> aims to foster interaction and debate among both national and international researchers in the field of artificial intelligence as a learning tool in higher education. Furthermore, it seeks to be a meeting point where young researchers and doctoral students can share and present their work and projects.<\/p>\n\n\n<style>.wp-block-kadence-advancedheading.kt-adv-heading17927_e27fd5-ed, .wp-block-kadence-advancedheading.kt-adv-heading17927_e27fd5-ed[data-kb-block=\"kb-adv-heading17927_e27fd5-ed\"]{font-style:normal;}.wp-block-kadence-advancedheading.kt-adv-heading17927_e27fd5-ed mark.kt-highlight, .wp-block-kadence-advancedheading.kt-adv-heading17927_e27fd5-ed[data-kb-block=\"kb-adv-heading17927_e27fd5-ed\"] mark.kt-highlight{font-style:normal;color:#f76a0c;-webkit-box-decoration-break:clone;box-decoration-break:clone;padding-top:0px;padding-right:0px;padding-bottom:0px;padding-left:0px;}.wp-block-kadence-advancedheading.kt-adv-heading17927_e27fd5-ed img.kb-inline-image, .wp-block-kadence-advancedheading.kt-adv-heading17927_e27fd5-ed[data-kb-block=\"kb-adv-heading17927_e27fd5-ed\"] img.kb-inline-image{width:150px;vertical-align:baseline;}<\/style>\n<h2 class=\"kt-adv-heading17927_e27fd5-ed wp-block-kadence-advancedheading\" data-kb-block=\"kb-adv-heading17927_e27fd5-ed\"><strong>Articles:<\/strong><\/h2>\n\n\n\n<ol class=\"wp-block-list\">\n<li><strong>Artificial Intelligence in Higher Education: Emerging Themes and Multidimensional Contributions<\/strong>\n<ul class=\"wp-block-list\">\n<li><em><em><strong>Dr. Eladi Llop.<\/strong> IUAM-EUNIV<\/em> <em>\/ <\/em> <em><strong>Dr. Xavier Sales. <\/strong>EADA Business School<\/em><\/em>\n<ul class=\"wp-block-list\">\n<li><a href=\"https:\/\/euniv.eu\/wp-content\/uploads\/2025\/09\/01-Tematiques-emergents-i-contribucions-multidimensional.pdf\" target=\"_blank\" rel=\"noreferrer noopener\">Download PDF<\/a><\/li>\n<\/ul>\n<\/li>\n<\/ul>\n<\/li>\n\n\n\n<li><strong>Developing 21st-Century Skills: How AI Can Foster Critical Thinking, Creativity, and Collaboration in Higher Education Students<\/strong>\n<ul class=\"wp-block-list\">\n<li><strong><em>Dr. Eladi Llop.<\/em><\/strong><em> IUAM- EUNIV<\/em>\n<ul class=\"wp-block-list\">\n<li><a href=\"https:\/\/euniv.eu\/wp-content\/uploads\/2025\/09\/02-Desenvolupament-de-competencies-del-segle-XXI.pdf\" target=\"_blank\" rel=\"noreferrer noopener\">Download PDF<\/a><\/li>\n\n\n\n<li>The presentation&#8217;s video<\/li>\n<\/ul>\n<\/li>\n<\/ul>\n<\/li>\n\n\n\n<li><strong>The teaching challenges of AI in Higher Education<\/strong>\n<ul class=\"wp-block-list\">\n<li><strong><em>Dr. Xavier Sales. <\/em><\/strong><em>EADA Business School<\/em>\n<ul class=\"wp-block-list\">\n<li><a href=\"https:\/\/euniv.eu\/wp-content\/uploads\/2025\/09\/03-The-teaching-challenges-of-AI-in-Higher-Education.pdf\" target=\"_blank\" rel=\"noreferrer noopener\">Download PDF<\/a><\/li>\n\n\n\n<li>The presentation&#8217;s video<\/li>\n<\/ul>\n<\/li>\n<\/ul>\n<\/li>\n\n\n\n<li><strong>AI in higher education: Preparing students for an AI-driven workforce<\/strong>\n<ul class=\"wp-block-list\">\n<li><strong><em>Dr. Scott A. Kerth. <\/em><\/strong><em>Department of Organizational Leadership, Lewis University, Romeoville (IL), USA<\/em><\/li>\n\n\n\n<li><em><strong>Dra. Sheila Boysen.<\/strong> Department of Organizational Leadership, Lewis University, Romeoville (IL), USA<\/em><\/li>\n\n\n\n<li><em><strong>Dra. Maja Grgurovic.<\/strong> Faculty Center for the Advancement of Teaching and Learning, Lewis University, Romeoville (IL), USA<\/em><\/li>\n\n\n\n<li><strong><em>Dr. Xavier Sales. <\/em><\/strong><em>EADA Business School<\/em>\n<ul class=\"wp-block-list\">\n<li><a href=\"https:\/\/euniv.eu\/wp-content\/uploads\/2025\/09\/04-Assessing-AI-tools-for-academic-workflows.pdf\" target=\"_blank\" rel=\"noreferrer noopener\">Download PDF<\/a><\/li>\n\n\n\n<li>The presentation&#8217;s video<\/li>\n<\/ul>\n<\/li>\n<\/ul>\n<\/li>\n\n\n\n<li><strong>Implementing AI-Powered Oral Exams in Higher Education: Implications for Plagiarism Prevention and Academic Integrity<\/strong>\n<ul class=\"wp-block-list\">\n<li><strong><em>Gerard Miret Llop. <\/em><\/strong><em>Universitat Abat Oliva CEU. Doctoral student in the PhD Programme in Social and Legal Sciences at CEU International Doctoral School (CEINDO)<\/em>\n<ul class=\"wp-block-list\">\n<li><a href=\"https:\/\/euniv.eu\/wp-content\/uploads\/2025\/09\/05-Implementing-AI-Powered-oral-exams-in-Higher-Education.pdf\" target=\"_blank\" rel=\"noreferrer noopener\">Download PDF<\/a><\/li>\n\n\n\n<li>The presentation&#8217;s video<\/li>\n<\/ul>\n<\/li>\n<\/ul>\n<\/li>\n\n\n\n<li><strong>AI in the Personalisation of Learning: The Case of Russia<\/strong>\n<ul class=\"wp-block-list\">\n<li><strong><em>Maria Pupysheva. <\/em><\/strong><em>Universidad Estatal Ling\u00fc\u00edstica de Mosc\u00fa. C\u00e1tedra de ling\u00fc\u00edstica y comunicaci\u00f3n profesional en la esfera de tecnolog\u00eda de medios. Profesora titular, PhD en Ciencias Pol\u00edticas<\/em>\n<ul class=\"wp-block-list\">\n<li><a href=\"https:\/\/euniv.eu\/wp-content\/uploads\/2025\/09\/06-La-IA-en-la-personalizacion-del-aprendizaje.pdf\" target=\"_blank\" rel=\"noreferrer noopener\">Download PDF<\/a><\/li>\n\n\n\n<li>The presentation&#8217;s video<\/li>\n<\/ul>\n<\/li>\n<\/ul>\n<\/li>\n\n\n\n<li><strong>Maintaining Academic Integrity: The Challenges of Generative Artificial Intelligence.<\/strong>\n<ul class=\"wp-block-list\">\n<li><strong><em>Aleu Miret. <\/em><\/strong><em>EUNIV<\/em>\n<ul class=\"wp-block-list\">\n<li><a href=\"https:\/\/euniv.eu\/wp-content\/uploads\/2025\/09\/07-Mantenir-la-integritat-academica.pdf\" target=\"_blank\" rel=\"noreferrer noopener\">Download PDF<\/a><\/li>\n\n\n\n<li>The presentation&#8217;s video<\/li>\n<\/ul>\n<\/li>\n<\/ul>\n<\/li>\n\n\n\n<li><strong>Artificial Intelligence in Online Teaching: Assessment Methods and Anonymity Preservation<\/strong>\n<ul class=\"wp-block-list\">\n<li><strong><em>Dr. F. Xavier Fantova. <\/em><\/strong><em>EUNIV<\/em>\n<ul class=\"wp-block-list\">\n<li><a href=\"https:\/\/euniv.eu\/wp-content\/uploads\/2025\/09\/08-La-Intelligencia-Artificial-IA-a-lensenyament-online.pdf\" target=\"_blank\" rel=\"noreferrer noopener\">Download PDF<\/a><\/li>\n\n\n\n<li>The presentation&#8217;s video<\/li>\n<\/ul>\n<\/li>\n<\/ul>\n<\/li>\n\n\n\n<li><strong>Roundtable: Perspectives on the Use of AI in Higher Education<\/strong>\n<ul class=\"wp-block-list\">\n<li><strong><em>Participants: Juan Moya S\u00e1ez. <\/em><\/strong><em>Enginyer en Autom\u00e0tica i en Enginyeria Industrial \/<\/em><strong><em> Ignasi Mart\u00edn. <\/em><\/strong><em>Cluster Manager d\u2019ACTINN<\/em><strong><em> <\/em><\/strong><em>\/ <strong>Jordi Ascensi.<\/strong> Andorra Research and <\/em>Investigation\n<ul class=\"wp-block-list\">\n<li><a href=\"https:\/\/euniv.eu\/wp-content\/uploads\/2025\/09\/09-TAULA-RODONA.pdf\" target=\"_blank\" rel=\"noreferrer noopener\">Download PDF<\/a><\/li>\n\n\n\n<li>The presentation&#8217;s video<\/li>\n<\/ul>\n<\/li>\n<\/ul>\n<\/li>\n<\/ol>\n\n\n<style>.wp-block-kadence-advancedbtn.kb-btns17927_2679b9-da{gap:var(--global-kb-gap-xs, 0.5rem );justify-content:center;align-items:center;}.kt-btns17927_2679b9-da .kt-button{font-weight:normal;font-style:normal;}.kt-btns17927_2679b9-da .kt-btn-wrap-0{margin-right:5px;}.wp-block-kadence-advancedbtn.kt-btns17927_2679b9-da .kt-btn-wrap-0 .kt-button{color:#555555;border-color:#555555;}.wp-block-kadence-advancedbtn.kt-btns17927_2679b9-da .kt-btn-wrap-0 .kt-button:hover, .wp-block-kadence-advancedbtn.kt-btns17927_2679b9-da .kt-btn-wrap-0 .kt-button:focus{color:#ffffff;border-color:#444444;}.wp-block-kadence-advancedbtn.kt-btns17927_2679b9-da .kt-btn-wrap-0 .kt-button::before{display:none;}.wp-block-kadence-advancedbtn.kt-btns17927_2679b9-da .kt-btn-wrap-0 .kt-button:hover, .wp-block-kadence-advancedbtn.kt-btns17927_2679b9-da .kt-btn-wrap-0 .kt-button:focus{background:#444444;}<\/style>\n<div class=\"wp-block-kadence-advancedbtn kb-buttons-wrap kb-btns17927_2679b9-da\"><style>ul.menu .wp-block-kadence-advancedbtn .kb-btn17927_4c1222-00.kb-button{width:initial;}.wp-block-kadence-advancedbtn .kb-btn17927_4c1222-00.kb-button{background:#6a102c;}.wp-block-kadence-advancedbtn .kb-btn17927_4c1222-00.kb-button:hover, .wp-block-kadence-advancedbtn .kb-btn17927_4c1222-00.kb-button:focus{color:#6a102c;background:#ffffff;border-top:2px solid #6a102c;border-right:2px solid #6a102c;border-bottom:2px solid #6a102c;border-left:2px solid #6a102c;}@media all and (max-width: 1024px){.wp-block-kadence-advancedbtn .kb-btn17927_4c1222-00.kb-button:hover, .wp-block-kadence-advancedbtn .kb-btn17927_4c1222-00.kb-button:focus{border-top:2px solid #6a102c;border-right:2px solid #6a102c;border-bottom:2px solid #6a102c;border-left:2px solid #6a102c;}}@media all and (max-width: 767px){.wp-block-kadence-advancedbtn .kb-btn17927_4c1222-00.kb-button:hover, .wp-block-kadence-advancedbtn .kb-btn17927_4c1222-00.kb-button:focus{border-top:2px solid #6a102c;border-right:2px solid #6a102c;border-bottom:2px solid #6a102c;border-left:2px solid #6a102c;}}<\/style><a class=\"kb-button kt-button button kb-btn17927_4c1222-00 kt-btn-size-large kt-btn-width-type-full kb-btn-global-fill  kt-btn-has-text-true kt-btn-has-svg-false  wp-block-kadence-singlebtn\" href=\"https:\/\/euniv.eu\/wp-content\/uploads\/2025\/09\/UNIVERSITAS-EUROPAEA-IUAM-Libro-PDF.pdf\" target=\"_blank\" rel=\"noreferrer noopener nofollow\"><span class=\"kt-btn-inner-text\"><strong><strong><strong>FORUM&#8217;S BOOK<\/strong><\/strong><\/strong><\/span><\/a><\/div>\n<\/div><\/div>\n\n<\/div><\/div>","protected":false},"excerpt":{"rendered":"<p>First International Research Forum Alma Mater University Institute on the Use of Artificial Intelligence as a Learning Tool in Higher Education Sant Juli\u00e0 de L\u00f2ria (Principality of Andorra), 21 February 2025 Research forum On Friday, 21 February 2025, EUNIV will host the First International Research Forum Alma Mater University Institute on the use of artificial &hellip;<\/p>\n","protected":false},"author":2,"featured_media":0,"parent":15607,"menu_order":0,"comment_status":"closed","ping_status":"closed","template":"","meta":{"_editorskit_title_hidden":false,"_editorskit_reading_time":0,"_editorskit_is_block_options_detached":false,"_editorskit_block_options_position":"{}","inline_featured_image":false,"footnotes":""},"class_list":["post-17927","page","type-page","status-publish","hentry","post","without-featured-image"],"featured_image_src":null,"featured_image_src_square":null,"_links":{"self":[{"href":"https:\/\/euniv.eu\/en\/wp-json\/wp\/v2\/pages\/17927","targetHints":{"allow":["GET"]}}],"collection":[{"href":"https:\/\/euniv.eu\/en\/wp-json\/wp\/v2\/pages"}],"about":[{"href":"https:\/\/euniv.eu\/en\/wp-json\/wp\/v2\/types\/page"}],"author":[{"embeddable":true,"href":"https:\/\/euniv.eu\/en\/wp-json\/wp\/v2\/users\/2"}],"replies":[{"embeddable":true,"href":"https:\/\/euniv.eu\/en\/wp-json\/wp\/v2\/comments?post=17927"}],"version-history":[{"count":8,"href":"https:\/\/euniv.eu\/en\/wp-json\/wp\/v2\/pages\/17927\/revisions"}],"predecessor-version":[{"id":18055,"href":"https:\/\/euniv.eu\/en\/wp-json\/wp\/v2\/pages\/17927\/revisions\/18055"}],"up":[{"embeddable":true,"href":"https:\/\/euniv.eu\/en\/wp-json\/wp\/v2\/pages\/15607"}],"wp:attachment":[{"href":"https:\/\/euniv.eu\/en\/wp-json\/wp\/v2\/media?parent=17927"}],"curies":[{"name":"wp","href":"https:\/\/api.w.org\/{rel}","templated":true}]}}