{"id":2341,"date":"2020-11-16T12:05:05","date_gmt":"2020-11-16T12:05:05","guid":{"rendered":"https:\/\/euniv.eu\/?page_id=2341"},"modified":"2026-03-11T11:20:35","modified_gmt":"2026-03-11T10:20:35","slug":"news","status":"publish","type":"page","link":"https:\/\/euniv.eu\/en\/news\/","title":{"rendered":"News"},"content":{"rendered":"<style>.kb-row-layout-id2341_c978e1-be > .kt-row-column-wrap{align-content:start;}:where(.kb-row-layout-id2341_c978e1-be > .kt-row-column-wrap) > .wp-block-kadence-column{justify-content:start;}.kb-row-layout-id2341_c978e1-be > .kt-row-column-wrap{column-gap:var(--global-kb-gap-md, 2rem);row-gap:var(--global-kb-gap-md, 2rem);max-width:1240px;margin-left:auto;margin-right:auto;padding-top:24px;padding-bottom:100px;grid-template-columns:minmax(0, 1fr);}.kb-row-layout-id2341_c978e1-be > .kt-row-layout-overlay{opacity:0.30;}@media all and (max-width: 1024px){.kb-row-layout-id2341_c978e1-be > .kt-row-column-wrap{grid-template-columns:minmax(0, 1fr);}}@media all and (max-width: 767px){.kb-row-layout-id2341_c978e1-be > .kt-row-column-wrap{grid-template-columns:minmax(0, 1fr);}}<\/style><div class=\"kb-row-layout-wrap kb-row-layout-id2341_c978e1-be alignfull blog_home wp-block-kadence-rowlayout\"><div class=\"kt-row-column-wrap kt-has-1-columns kt-row-layout-equal kt-tab-layout-inherit kt-mobile-layout-row kt-row-valign-top\">\n<style>.kadence-column2341_fa9c02-eb > .kt-inside-inner-col,.kadence-column2341_fa9c02-eb > .kt-inside-inner-col:before{border-top-left-radius:0px;border-top-right-radius:0px;border-bottom-right-radius:0px;border-bottom-left-radius:0px;}.kadence-column2341_fa9c02-eb > .kt-inside-inner-col{column-gap:var(--global-kb-gap-sm, 1rem);}.kadence-column2341_fa9c02-eb > .kt-inside-inner-col{flex-direction:column;}.kadence-column2341_fa9c02-eb > .kt-inside-inner-col > .aligncenter{width:100%;}.kadence-column2341_fa9c02-eb > .kt-inside-inner-col:before{opacity:0.3;}.kadence-column2341_fa9c02-eb{position:relative;}@media all and (max-width: 1024px){.kadence-column2341_fa9c02-eb > .kt-inside-inner-col{flex-direction:column;justify-content:center;}}@media all and (max-width: 767px){.kadence-column2341_fa9c02-eb > .kt-inside-inner-col{flex-direction:column;justify-content:center;}}<\/style>\n<div class=\"wp-block-kadence-column kadence-column2341_fa9c02-eb\"><div class=\"kt-inside-inner-col\">\n<h1 class=\"wp-block-heading has-text-align-center\">News<\/h1>\n\n\n\n<div class=\"wp-block-ultimate-post-post-grid-parent ultp-post-grid-parent\" data-postid=\"2341\" data-grids=\"[{&quot;blockId&quot;:&quot;eed235&quot;,&quot;name&quot;:&quot;ultimate-post_post-grid-1&quot;}]\" data-pagi=\"[&quot;ultp-block-caac03&quot;]\"><div  class=\"ultp-post-grid-block wp-block-ultimate-post-post-grid-1 ultp-block-eed235\"><div class=\"ultp-block-wrapper\"><div class=\"ultp-loading\"><div class=\"ultp-loading-blocks\" style=\"width:100%;height:100%;\"><div style=\"left: 0;top: 0;animation-delay:0s;\"><\/div><div style=\"left: 21px;top: 0;animation-delay:0.125s;\"><\/div><div style=\"left: 42px;top: 0;animation-delay:0.25s;\"><\/div><div style=\"left: 0;top: 21px;animation-delay:0.875s;\"><\/div><div style=\"left: 42px;top: 21px;animation-delay:0.375s;\"><\/div><div style=\"left: 0;top: 42px;animation-delay:0.75s;\"><\/div><div style=\"left: 42px;top: 42px;animation-delay:0.625s;\"><\/div><div style=\"left: 21px;top: 42px;animation-delay:0.5s;\"><\/div><\/div><\/div><div class=\"ultp-block-items-wrap ultp-block-row ultp-pg1a-style1 ultp-grid1-responsive ultp-block-column-3 ultp-sm-column-2 ultp-xs-column-1 ultp-layout1\"><div class=\"ultp-block-item post-id-20441\"><div class=\"ultp-block-content-wrap\"><div class=\"ultp-block-image ultp-block-image-opacity\"><a href=\"https:\/\/euniv.eu\/en\/euniv-and-andbank-sign-an-agreement-to-facilitate-professionals-access-to-higher-education\/\" ><img decoding=\"async\"  class=\"ultp-block-image-content\"  alt=\"eUniv and Andbank sign an agreement to facilitate professionals\u2019 access to higher education\"  src=\"https:\/\/euniv.eu\/wp-content\/uploads\/2026\/04\/Imatges-Web-3-600x600.png\" \/><\/a><\/div><div class=\"ultp-block-content\"><h4 class=\"ultp-block-title \"><a href=\"https:\/\/euniv.eu\/en\/euniv-and-andbank-sign-an-agreement-to-facilitate-professionals-access-to-higher-education\/\" >eUniv and Andbank sign an agreement to facilitate professionals\u2019 access to higher education<\/a><\/h4><div class=\"ultp-block-meta ultp-block-meta-dot ultp-block-meta-icon\"><span class=\"ultp-block-date ultp-block-meta-element\"><svg xmlns=\"http:\/\/www.w3.org\/2000\/svg\" fill=\"none\" viewBox=\"0 0 24 24\">\n  <path stroke=\"currentColor\" stroke-linecap=\"round\" stroke-linejoin=\"round\" stroke-width=\"1.5\" d=\"M3 5.5a2 2 0 0 1 2-2h14a2 2 0 0 1 2 2v14a2 2 0 0 1-2 2H5a2 2 0 0 1-2-2v-14ZM8 2v3m8-3v3M3 9h18\"\/>\n<\/svg>\nApr 20, 2026<\/span><\/div><div class=\"ultp-block-excerpt\"><p>eUniv has formalized a collaboration agreement with Andbank with the aim of promoting access to and participation in higher education among the bank\u2019s professional staff.<\/p>\n<\/div><\/div><\/div><\/div><div class=\"ultp-block-item post-id-20391\"><div class=\"ultp-block-content-wrap\"><div class=\"ultp-block-image ultp-block-image-opacity\"><a href=\"https:\/\/euniv.eu\/en\/submission-of-a-new-doctoral-thesis\/\" ><img decoding=\"async\"  class=\"ultp-block-image-content\"  alt=\"Submission of a new doctoral thesis\"  src=\"https:\/\/euniv.eu\/wp-content\/uploads\/2026\/04\/La-eUniv-incorpra-Oracle-a-la-seva-formacio-3-600x600.png\" \/><\/a><\/div><div class=\"ultp-block-content\"><h4 class=\"ultp-block-title \"><a href=\"https:\/\/euniv.eu\/en\/submission-of-a-new-doctoral-thesis\/\" >Submission of a new doctoral thesis<\/a><\/h4><div class=\"ultp-block-meta ultp-block-meta-dot ultp-block-meta-icon\"><span class=\"ultp-block-date ultp-block-meta-element\"><svg xmlns=\"http:\/\/www.w3.org\/2000\/svg\" fill=\"none\" viewBox=\"0 0 24 24\">\n  <path stroke=\"currentColor\" stroke-linecap=\"round\" stroke-linejoin=\"round\" stroke-width=\"1.5\" d=\"M3 5.5a2 2 0 0 1 2-2h14a2 2 0 0 1 2 2v14a2 2 0 0 1-2 2H5a2 2 0 0 1-2-2v-14ZM8 2v3m8-3v3M3 9h18\"\/>\n<\/svg>\nApr 10, 2026<\/span><\/div><div class=\"ultp-block-excerpt\"><p>The University\u2019s Doctoral Committee, meeting in ordinary session on April 10, 2026, approved the application for the submission of the doctoral thesis entitled L\u2019ensenyament superior universitari d\u2019Infermeria als Principats d\u2019Andorra i Catalunya al Segle XXI, submitted by the doctoral candidate Maria A. CORREDOR, with the approval of her supervisor, Dr. Jes\u00fas M. PRUJ\u00c0, and registered &hellip;<\/p>\n<\/div><\/div><\/div><\/div><div class=\"ultp-block-item post-id-20372\"><div class=\"ultp-block-content-wrap\"><div class=\"ultp-block-image ultp-block-image-opacity\"><a href=\"https:\/\/euniv.eu\/en\/the-universitat-europea-euniv-incorporates-official-oracle-training-into-its-undergraduate-and-postgraduate-programs\/\" ><img decoding=\"async\"  class=\"ultp-block-image-content\"  alt=\"The Universitat Europea (eUniv) incorporates official Oracle training into its undergraduate and postgraduate programs\"  src=\"https:\/\/euniv.eu\/wp-content\/uploads\/2026\/04\/La-eUniv-incorpra-Oracle-a-la-seva-formacio-600x600.png\" \/><\/a><\/div><div class=\"ultp-block-content\"><h4 class=\"ultp-block-title \"><a href=\"https:\/\/euniv.eu\/en\/the-universitat-europea-euniv-incorporates-official-oracle-training-into-its-undergraduate-and-postgraduate-programs\/\" >The Universitat Europea (eUniv) incorporates official Oracle training into its undergraduate and postgraduate programs<\/a><\/h4><div class=\"ultp-block-meta ultp-block-meta-dot ultp-block-meta-icon\"><span class=\"ultp-block-date ultp-block-meta-element\"><svg xmlns=\"http:\/\/www.w3.org\/2000\/svg\" fill=\"none\" viewBox=\"0 0 24 24\">\n  <path stroke=\"currentColor\" stroke-linecap=\"round\" stroke-linejoin=\"round\" stroke-width=\"1.5\" d=\"M3 5.5a2 2 0 0 1 2-2h14a2 2 0 0 1 2 2v14a2 2 0 0 1-2 2H5a2 2 0 0 1-2-2v-14ZM8 2v3m8-3v3M3 9h18\"\/>\n<\/svg>\nApr 8, 2026<\/span><\/div><div class=\"ultp-block-excerpt\"><p>eUniv has signed a collaboration agreement with Oracle Ib\u00e9rica S.R.L. to integrate official training and certifications from Oracle Academy and Oracle University into various bachelor\u2019s and postgraduate programs. Thanks to this agreement, eUniv students will be able to develop key skills in the technology sector and obtain internationally recognized professional certifications in cloud computing, databases, and software development.<\/p>\n<\/div><\/div><\/div><\/div><div class=\"ultp-block-item post-id-20332\"><div class=\"ultp-block-content-wrap\"><div class=\"ultp-block-image ultp-block-image-opacity\"><a href=\"https:\/\/euniv.eu\/en\/euniv-to-request-the-creation-of-new-state-bachelors-degrees\/\" ><img decoding=\"async\"  class=\"ultp-block-image-content\"  alt=\"eUniv to Request the Creation of New State Bachelor\u2019s Degrees\"  src=\"https:\/\/euniv.eu\/wp-content\/uploads\/2026\/04\/iuta-600x491.png\" \/><\/a><\/div><div class=\"ultp-block-content\"><h4 class=\"ultp-block-title \"><a href=\"https:\/\/euniv.eu\/en\/euniv-to-request-the-creation-of-new-state-bachelors-degrees\/\" >eUniv to Request the Creation of New State Bachelor\u2019s Degrees<\/a><\/h4><div class=\"ultp-block-meta ultp-block-meta-dot ultp-block-meta-icon\"><span class=\"ultp-block-date ultp-block-meta-element\"><svg xmlns=\"http:\/\/www.w3.org\/2000\/svg\" fill=\"none\" viewBox=\"0 0 24 24\">\n  <path stroke=\"currentColor\" stroke-linecap=\"round\" stroke-linejoin=\"round\" stroke-width=\"1.5\" d=\"M3 5.5a2 2 0 0 1 2-2h14a2 2 0 0 1 2 2v14a2 2 0 0 1-2 2H5a2 2 0 0 1-2-2v-14ZM8 2v3m8-3v3M3 9h18\"\/>\n<\/svg>\nApr 2, 2026<\/span><\/div><div class=\"ultp-block-excerpt\"><p>The Academic Board of the University approved, at the proposal of the Director of the University Institute of Applied Technology (IUTA), to request from the Government of the Principality of Andorra the creation of two new state bachelor\u2019s degrees: Bioinformatics and Biomedical Engineering.<\/p>\n<\/div><\/div><\/div><\/div><div class=\"ultp-block-item post-id-20313\"><div class=\"ultp-block-content-wrap\"><div class=\"ultp-block-image ultp-block-image-opacity\"><a href=\"https:\/\/euniv.eu\/en\/visita-institucional-de-la-euniv-al-coprincep-episcopal\/\" ><img decoding=\"async\"  class=\"ultp-block-image-content\"  alt=\"Institutional Visit of eUniv to the Episcopal Co-Prince\"  src=\"https:\/\/euniv.eu\/wp-content\/uploads\/2026\/04\/coprincep-600x600.jpg\" \/><\/a><\/div><div class=\"ultp-block-content\"><h4 class=\"ultp-block-title \"><a href=\"https:\/\/euniv.eu\/en\/visita-institucional-de-la-euniv-al-coprincep-episcopal\/\" >Institutional Visit of eUniv to the Episcopal Co-Prince<\/a><\/h4><div class=\"ultp-block-meta ultp-block-meta-dot ultp-block-meta-icon\"><span class=\"ultp-block-date ultp-block-meta-element\"><svg xmlns=\"http:\/\/www.w3.org\/2000\/svg\" fill=\"none\" viewBox=\"0 0 24 24\">\n  <path stroke=\"currentColor\" stroke-linecap=\"round\" stroke-linejoin=\"round\" stroke-width=\"1.5\" d=\"M3 5.5a2 2 0 0 1 2-2h14a2 2 0 0 1 2 2v14a2 2 0 0 1-2 2H5a2 2 0 0 1-2-2v-14ZM8 2v3m8-3v3M3 9h18\"\/>\n<\/svg>\nApr 1, 2026<\/span><\/div><div class=\"ultp-block-excerpt\"><p>On Tuesday, March 31, 2026, the Academic Board of the University, led by the Rector and the Chancellor, accompanied by the Vice-Rector for Research, the Academic Protonotary, and the Director of Humanities Studies, visited His Excellency the Episcopal Co-Prince of the Principality of Andorra, His Eminence and Most Reverend Josep-Llu\u00eds Serrano Pentinat.<\/p>\n<\/div><\/div><\/div><\/div><div class=\"ultp-block-item post-id-20092\"><div class=\"ultp-block-content-wrap\"><div class=\"ultp-block-image ultp-block-image-opacity\"><a href=\"https:\/\/euniv.eu\/en\/euniv-and-tortosa-promote-an-international-symposium-on-the-legal-history-of-the-principalities\/\" ><img decoding=\"async\"  class=\"ultp-block-image-content\"  alt=\"eUniv and Tortosa promote an international symposium on the legal history of the principalities\"  src=\"https:\/\/euniv.eu\/wp-content\/uploads\/2026\/03\/f32d0826-6ae2-4c58-a6bc-2f31c5c6f01b-600x600.jpg\" \/><\/a><\/div><div class=\"ultp-block-content\"><h4 class=\"ultp-block-title \"><a href=\"https:\/\/euniv.eu\/en\/euniv-and-tortosa-promote-an-international-symposium-on-the-legal-history-of-the-principalities\/\" >eUniv and Tortosa promote an international symposium on the legal history of the principalities<\/a><\/h4><div class=\"ultp-block-meta ultp-block-meta-dot ultp-block-meta-icon\"><span class=\"ultp-block-date ultp-block-meta-element\"><svg xmlns=\"http:\/\/www.w3.org\/2000\/svg\" fill=\"none\" viewBox=\"0 0 24 24\">\n  <path stroke=\"currentColor\" stroke-linecap=\"round\" stroke-linejoin=\"round\" stroke-width=\"1.5\" d=\"M3 5.5a2 2 0 0 1 2-2h14a2 2 0 0 1 2 2v14a2 2 0 0 1-2 2H5a2 2 0 0 1-2-2v-14ZM8 2v3m8-3v3M3 9h18\"\/>\n<\/svg>\nMar 2, 2026<\/span><\/div><div class=\"ultp-block-excerpt\"><p>The Duran i Mart\u00ed Private Foundation, based in Tortosa, and the European University (eUniv), based in Sant Juli\u00e0 de L\u00f2ria, in the Principality of Andorra, have signed an academic cooperation agreement to promote the organization of scientific symposiums devoted to the presentation and discussion of the legal history of the principalities of Catalonia and Andorra<\/p>\n<\/div><\/div><\/div><\/div><div class=\"ultp-block-item post-id-20062\"><div class=\"ultp-block-content-wrap\"><div class=\"ultp-block-image ultp-block-image-opacity\"><a href=\"https:\/\/euniv.eu\/en\/euniv-launches-its-programme-of-studies-on-sufism\/\" ><img decoding=\"async\" class=\"ultp-block-image-content\" src=\"https:\/\/euniv.eu\/wp-content\/plugins\/ultimate-post\/assets\/img\/ultp-fallback-img.png\" alt=\"dummy-img\" \/><\/a><\/div><div class=\"ultp-block-content\"><h4 class=\"ultp-block-title \"><a href=\"https:\/\/euniv.eu\/en\/euniv-launches-its-programme-of-studies-on-sufism\/\" >eUniv launches its programme of studies on Sufism<\/a><\/h4><div class=\"ultp-block-meta ultp-block-meta-dot ultp-block-meta-icon\"><span class=\"ultp-block-date ultp-block-meta-element\"><svg xmlns=\"http:\/\/www.w3.org\/2000\/svg\" fill=\"none\" viewBox=\"0 0 24 24\">\n  <path stroke=\"currentColor\" stroke-linecap=\"round\" stroke-linejoin=\"round\" stroke-width=\"1.5\" d=\"M3 5.5a2 2 0 0 1 2-2h14a2 2 0 0 1 2 2v14a2 2 0 0 1-2 2H5a2 2 0 0 1-2-2v-14ZM8 2v3m8-3v3M3 9h18\"\/>\n<\/svg>\nFeb 27, 2026<\/span><\/div><div class=\"ultp-block-excerpt\"><p>On Thursday, 26 February 2026, eUniv signed a cooperation agreement with the Association of Institutes of Sufi Spiritual Philosophy (ISSF) to promote programmes of study on Sufism.<\/p>\n<\/div><\/div><\/div><\/div><div class=\"ultp-block-item post-id-20043\"><div class=\"ultp-block-content-wrap\"><div class=\"ultp-block-image ultp-block-image-opacity\"><a href=\"https:\/\/euniv.eu\/en\/visit-to-euniv-by-the-ambassador-of-the-kingdom-of-spain\/\" ><img decoding=\"async\"  class=\"ultp-block-image-content\"  alt=\"Visit to eUniv by the Ambassador of the Kingdom of Spain\"  src=\"https:\/\/euniv.eu\/wp-content\/uploads\/2026\/02\/671e81bb-ee50-4ccd-92f8-842946744634-600x600.jpg\" \/><\/a><\/div><div class=\"ultp-block-content\"><h4 class=\"ultp-block-title \"><a href=\"https:\/\/euniv.eu\/en\/visit-to-euniv-by-the-ambassador-of-the-kingdom-of-spain\/\" >Visit to eUniv by the Ambassador of the Kingdom of Spain<\/a><\/h4><div class=\"ultp-block-meta ultp-block-meta-dot ultp-block-meta-icon\"><span class=\"ultp-block-date ultp-block-meta-element\"><svg xmlns=\"http:\/\/www.w3.org\/2000\/svg\" fill=\"none\" viewBox=\"0 0 24 24\">\n  <path stroke=\"currentColor\" stroke-linecap=\"round\" stroke-linejoin=\"round\" stroke-width=\"1.5\" d=\"M3 5.5a2 2 0 0 1 2-2h14a2 2 0 0 1 2 2v14a2 2 0 0 1-2 2H5a2 2 0 0 1-2-2v-14ZM8 2v3m8-3v3M3 9h18\"\/>\n<\/svg>\nFeb 27, 2026<\/span><\/div><div class=\"ultp-block-excerpt\"><p>On Wednesday, 25 February 2026, Mr. Carles P\u00e9rez-Desoy i Fages paid an official institutional visit to eUniv\u2019s headquarters in Sant Juli\u00e0 de L\u00f2ria.<\/p>\n<\/div><\/div><\/div><\/div><div class=\"ultp-block-item post-id-19607\"><div class=\"ultp-block-content-wrap\"><div class=\"ultp-block-image ultp-block-image-opacity\"><a href=\"https:\/\/euniv.eu\/en\/passing-of-dr-jordi-albiol-i-paps\/\" ><img decoding=\"async\" class=\"ultp-block-image-content\" src=\"https:\/\/euniv.eu\/wp-content\/plugins\/ultimate-post\/assets\/img\/ultp-fallback-img.png\" alt=\"dummy-img\" \/><\/a><\/div><div class=\"ultp-block-content\"><h4 class=\"ultp-block-title \"><a href=\"https:\/\/euniv.eu\/en\/passing-of-dr-jordi-albiol-i-paps\/\" >Passing of Dr. Jordi Albiol i Paps<\/a><\/h4><div class=\"ultp-block-meta ultp-block-meta-dot ultp-block-meta-icon\"><span class=\"ultp-block-date ultp-block-meta-element\"><svg xmlns=\"http:\/\/www.w3.org\/2000\/svg\" fill=\"none\" viewBox=\"0 0 24 24\">\n  <path stroke=\"currentColor\" stroke-linecap=\"round\" stroke-linejoin=\"round\" stroke-width=\"1.5\" d=\"M3 5.5a2 2 0 0 1 2-2h14a2 2 0 0 1 2 2v14a2 2 0 0 1-2 2H5a2 2 0 0 1-2-2v-14ZM8 2v3m8-3v3M3 9h18\"\/>\n<\/svg>\nDec 31, 2025<\/span><\/div><div class=\"ultp-block-excerpt\"><p>eUniv informs its entire university community of the sad news of the passing of Dr. Jordi Albiol i Paps, which occurred on December 29, 2025, as a result of a car accident in the Kingdom of Saudi Arabia, where he was on vacation<\/p>\n<\/div><\/div><\/div><\/div><\/div><\/div><div class=\"pagination-block-html\" aria-hidden=\"true\" style=\"display: none;\"><div class=\"ultp-pagination-wrap ultp-pagination-ajax-action\"  data-for=\"ultp-block-eed235\"  data-blockid=\"eed235\"  data-expost=\"\"  data-paged=\"1\"  data-pages=\"20\"  data-blockname=\"ultimate-post_post-grid-1\"  data-postid=\"2341\"  data-selfpostid=\"yes\" ><ul class=\"ultp-pagination\"><li class=\"ultp-prev-page-numbers\" style=\"display:none\"><a href=\"https:\/\/euniv.eu\/en\/wp-json\/wp\/v2\/pages\/2341\/\"><svg xmlns=\"http:\/\/www.w3.org\/2000\/svg\" fill=\"none\" viewBox=\"0 0 24 24\">\n  <path stroke=\"currentColor\" stroke-linecap=\"round\" stroke-linejoin=\"round\" stroke-width=\"1.5\" d=\"m15 18-6-6 6-6\"\/>\n<\/svg>\n <\/a><\/li><li class=\"ultp-first-pages\" style=\"display:none\" data-current=\"1\"><a href=\"https:\/\/euniv.eu\/en\/wp-json\/wp\/v2\/pages\/2341\/\">1<\/a><\/li><li class=\"ultp-first-dot\"style=\"display:none\"><a href=\"#\">&#8230;<\/a><\/li><li class=\"ultp-center-item pagination-active\" data-current=\"1\"><a href=\"https:\/\/euniv.eu\/en\/wp-json\/wp\/v2\/pages\/2341\/\">1<\/a><\/li><li class=\"ultp-center-item\" data-current=\"2\" ><a href=\"https:\/\/euniv.eu\/en\/wp-json\/wp\/v2\/pages\/2341\/page\/2\/\">2<\/a><\/li><li class=\"ultp-center-item\" data-current=\"3\" ><a href=\"https:\/\/euniv.eu\/en\/wp-json\/wp\/v2\/pages\/2341\/page\/3\/\">3<\/a><\/li><li class=\"ultp-last-dot\" ><a href=\"#\">&#8230;<\/a><\/li><li class=\"ultp-last-pages\" data-current=\"20\"><a href=\"https:\/\/euniv.eu\/en\/wp-json\/wp\/v2\/pages\/2341\/page\/20\/\">20<\/a><\/li><li class=\"ultp-next-page-numbers\"><a href=\"https:\/\/euniv.eu\/en\/wp-json\/wp\/v2\/pages\/2341\/page\/2\/\"><svg xmlns=\"http:\/\/www.w3.org\/2000\/svg\" fill=\"none\" viewBox=\"0 0 24 24\">\n  <path stroke=\"currentColor\" stroke-linecap=\"round\" stroke-linejoin=\"round\" stroke-width=\"1.5\" d=\"m9 18 6-6-6-6\"\/>\n<\/svg>\n<\/a><\/li><\/ul><\/div><\/div><\/div>\n\n\n<div class=\"wp-block-ultimate-post-post-pagination ultp-block-caac03 ultp-pagination-block ultp-pagination-wrap\"><div class=\"ultp-pagination-wrap ultp-disable-editor-click ultp-pagination-ajax-action\"><ul class=\"ultp-pagination\"><li><a href=\"#\" class=\"ultp-prev-page-numbers\"><svg xmlns=\"http:\/\/www.w3.org\/2000\/svg\" fill=\"none\" viewBox=\"0 0 24 24\"><path stroke=\"currentColor\" stroke-linecap=\"round\" stroke-linejoin=\"round\" stroke-width=\"1.5\" d=\"m15 18-6-6 6-6\"><\/path><\/svg><\/a><\/li><li><a href=\"#\">1<\/a><\/li><li><a href=\"#\">2<\/a><\/li><li><a href=\"#\">3<\/a><\/li><li><a href=\"#\" class=\"ultp-next-page-numbers\"><svg xmlns=\"http:\/\/www.w3.org\/2000\/svg\" fill=\"none\" viewBox=\"0 0 24 24\"><path stroke=\"currentColor\" stroke-linecap=\"round\" stroke-linejoin=\"round\" stroke-width=\"1.5\" d=\"m9 18 6-6-6-6\"><\/path><\/svg><\/a><\/li><\/ul><\/div><\/div>\n<\/div>\n<\/div><\/div>\n\n<\/div><\/div>\n\n\n<p class=\"has-text-align-center\"><\/p>\n","protected":false},"excerpt":{"rendered":"<p>News<\/p>\n","protected":false},"author":3,"featured_media":0,"parent":0,"menu_order":0,"comment_status":"closed","ping_status":"closed","template":"templates\/template-builder.php","meta":{"_editorskit_title_hidden":false,"_editorskit_reading_time":1,"_editorskit_is_block_options_detached":false,"_editorskit_block_options_position":"{}","inline_featured_image":false,"footnotes":""},"class_list":["post-2341","page","type-page","status-publish","hentry","post","without-featured-image"],"featured_image_src":null,"featured_image_src_square":null,"_links":{"self":[{"href":"https:\/\/euniv.eu\/en\/wp-json\/wp\/v2\/pages\/2341","targetHints":{"allow":["GET"]}}],"collection":[{"href":"https:\/\/euniv.eu\/en\/wp-json\/wp\/v2\/pages"}],"about":[{"href":"https:\/\/euniv.eu\/en\/wp-json\/wp\/v2\/types\/page"}],"author":[{"embeddable":true,"href":"https:\/\/euniv.eu\/en\/wp-json\/wp\/v2\/users\/3"}],"replies":[{"embeddable":true,"href":"https:\/\/euniv.eu\/en\/wp-json\/wp\/v2\/comments?post=2341"}],"version-history":[{"count":3,"href":"https:\/\/euniv.eu\/en\/wp-json\/wp\/v2\/pages\/2341\/revisions"}],"predecessor-version":[{"id":20172,"href":"https:\/\/euniv.eu\/en\/wp-json\/wp\/v2\/pages\/2341\/revisions\/20172"}],"wp:attachment":[{"href":"https:\/\/euniv.eu\/en\/wp-json\/wp\/v2\/media?parent=2341"}],"curies":[{"name":"wp","href":"https:\/\/api.w.org\/{rel}","templated":true}]}}