{"id":6908,"date":"2020-11-16T16:03:19","date_gmt":"2020-11-16T16:03:19","guid":{"rendered":"https:\/\/euniv.eu\/politica-de-cookies\/"},"modified":"2022-11-03T13:33:30","modified_gmt":"2022-11-03T13:33:30","slug":"cookies-policy","status":"publish","type":"page","link":"https:\/\/euniv.eu\/en\/cookies-policy\/","title":{"rendered":"Cookies policy"},"content":{"rendered":"\n<h3 class=\"title_section wp-block-heading\">Pol\u00edtica de cookies<\/h3>\n\n\n\n<div class=\"wp-block-atomic-blocks-ab-columns ab-layout-columns-1 one-column\" style=\"margin-top:20px;margin-bottom:20px\"><div class=\"ab-layout-column-wrap ab-block-layout-column-gap-2 ab-is-responsive-column\">\n<div class=\"wp-block-atomic-blocks-ab-column ab-block-layout-column\"><div class=\"ab-block-layout-column-inner\">\n<p>Universitas Europaea IMF SLU, en su web <a href=\"https:\/\/euniv.eu\/en\/\">eUniv &#8211; UNIVERSITAS EUROPEA<\/a>, utiliza galletas propias o bien de empresas colaboradoras con el objeto de mejorar y optimizar la experiencia de usuario. Para que sean recogidas es necesario su consentimiento.<\/p>\n<\/div><\/div>\n<\/div><\/div>\n\n\n\n<h2 class=\"subtitle_section_final wp-block-heading\">\u00bfQu\u00e9 son las galletas?<\/h2>\n\n\n\n<div class=\"wp-block-atomic-blocks-ab-columns ab-layout-columns-1 one-column\" style=\"margin-top:20px;margin-bottom:20px\"><div class=\"ab-layout-column-wrap ab-block-layout-column-gap-2 ab-is-responsive-column\">\n<div class=\"wp-block-atomic-blocks-ab-column ab-block-layout-column\"><div class=\"ab-block-layout-column-inner\">\n<p>Las galletas o <em>cookies<\/em> son un tipo de fichero que se descarga en el equipo de un usuario\/cliente de la web con la finalidad de recoger datos que podr\u00e1n ser actualizados y recuperados por la entidad responsable de la instalaci\u00f3n<\/p>\n\n\n\n<p>Universitas Europaea IMF SLU utiliza galletas principalmente para las cuestiones siguientes:<\/p>\n\n\n\n<ol class=\"wp-block-list\" type=\"1\"><li>Galletas de sesi\u00f3n:<strong> <\/strong>son un tipo de galletas dise\u00f1adas para recabar y almacenar datos mientras el usuario accede a un sitio web, y permanecen en el equipo durante la visita (por ejemplo, hasta que el usuario cierra el navegador y finaliza la visita).<\/li><li>Galletas persistentes:<strong> <\/strong>son un tipo de galletas en las que los datos siguen almacenados en el terminal y el responsable de las galletas puede acceder y las puede tratar durante un periodo definido, que puede ir de unos minutos a varios a\u00f1os.<\/li><\/ol>\n\n\n\n<p>Seg\u00fan la finalidad para la que se traten los datos obtenidos a trav\u00e9s de las galletas, distinguimos entre:<\/p>\n\n\n\n<ol class=\"wp-block-list\" type=\"a\"><li>Galletas Necesarias: Las cookies necesarias son absolutamente esenciales para que el sitio web funcione correctamente. Esta categor\u00eda s\u00f3lo incluye cookies que garantizan las funcionalidades b\u00e1sicas y las caracter\u00edsticas de seguridad del sitio web. Estas cookies no almacenan ninguna informaci\u00f3n personal.<\/li><li>Galletas Funcionales: Las galletas funcionales ayudan a realizar determinadas funcionalidades, como compartir el contenido del sitio web en plataformas de redes sociales, recopilar comentarios y otras funciones de terceros.<\/li><li>Galletas de Rendimiento: Las galletas de rendimiento se utilizan para entender y analizar los \u00edndices clave de rendimiento del sitio web que ayudan a ofrecer una mejor experiencia de usuario para los visitantes.<\/li><li>Galletas Anal\u00edticas: Las galletas anal\u00edticas se utilizan para entender c\u00f3mo interact\u00faan los visitantes con el sitio web. Estas cookies ayudan a proporcionar informaci\u00f3n sobre m\u00e9tricas de n\u00famero de visitantes, porcentaje de rebotes, fuente de tr\u00e1fico, etc.<\/li><li>Galletas de Publicidad: Las galletas de publicidad se utilizan para ofrecer a los visitantes anuncios y campa\u00f1as de marketing relevantes. Estas galletas hacen un seguimiento de los visitantes a los sitios web y recogen informaci\u00f3n para ofrecer anuncios personalizados.<\/li><li>Otras Galletas: Otras cookies no categorizadas son aquellas que se est\u00e1n analizando y todav\u00eda no se han clasificado en una categor\u00eda.<\/li><\/ol>\n<\/div><\/div>\n<\/div><\/div>\n\n\n\n<h2 class=\"subtitle_section_final wp-block-heading\">\u00bfQu\u00e9 galletas utilizamos?<\/h2>\n\n\n\n<div class=\"wp-block-atomic-blocks-ab-columns ab-layout-columns-1 one-column\" style=\"margin-top:20px;margin-bottom:20px\"><div class=\"ab-layout-column-wrap ab-block-layout-column-gap-2 ab-is-responsive-column\">\n<div class=\"wp-block-atomic-blocks-ab-column ab-block-layout-column\"><div class=\"ab-block-layout-column-inner\">\n<p>Necesarias:<\/p>\n\n\n[cookie_audit category=&#8221;necessary&#8221; columns=&#8221;cookie,duration,description&#8221;]\n\n\n\n<p>Anal\u00edticas:<\/p>\n\n\n[cookie_audit category=&#8221;analytics&#8221; columns=&#8221;cookie,duration,description&#8221;]\n<\/div><\/div>\n<\/div><\/div>\n\n\n\n<h2 class=\"subtitle_section_final wp-block-heading\">\u00bfQui\u00e9n utiliza la informaci\u00f3n almacenada en las galletas?<\/h2>\n\n\n\n<div class=\"wp-block-atomic-blocks-ab-columns ab-layout-columns-1 one-column\" style=\"margin-top:20px;margin-bottom:20px\"><div class=\"ab-layout-column-wrap ab-block-layout-column-gap-2 ab-is-responsive-column\">\n<div class=\"wp-block-atomic-blocks-ab-column ab-block-layout-column\"><div class=\"ab-block-layout-column-inner\">\n<p>La informaci\u00f3n almacenada en las galletas de nuestro sitio web y la aplicaci\u00f3n s\u00f3lo la utilizamos nosotros, a excepci\u00f3n de las que se identifican como galletas de terceros, que las utilizan y gestionan entidades externas para proporcionar servicios dirigidos a mejorar nuestros servicios y la experiencia del usuario al navegar por la web y por la aplicaci\u00f3n.<\/p>\n<\/div><\/div>\n<\/div><\/div>\n\n\n\n<h2 class=\"subtitle_section_final wp-block-heading\">\u00bfC\u00f3mo puedo modificar la configuraci\u00f3n sobre las galletas?<\/h2>\n\n\n\n<p>Como las galletas que aplicamos son, con car\u00e1cter general, para todos los usuarios del sitio web, en el caso de que queramos modificarlas podr\u00e9is:<\/p>\n\n\n\n<p>Configurar las galletas a trav\u00e9s del bot\u00f3n flotante en la zona inferior derecha de la pantalla.<\/p>\n\n\n\n<p>El usuario puede permitir bloquear o eliminar las galletas instaladas en el equipo mediante la configuraci\u00f3n de las opciones del navegador instalado en el ordenador.<\/p>\n\n\n\n<p>De acuerdo con la normativa vigente,Universitas Europaea IMF SLU solicita su permiso para realizar la gesti\u00f3n de galletas.<\/p>\n\n\n\n<p>Le recordamos que puede deshabilitar o personalizar el uso de galletas cuando lo considere oportuno.<\/p>\n\n\n\n<p>Dado que el procedimiento puede diferir en cada navegador web, le proporcionamos la relaci\u00f3n de los principales navegadores web del mercado:<\/p>\n\n\n\n<ul class=\"wp-block-list\"><li><a href=\"https:\/\/support.microsoft.com\/es-es\/windows\/eliminar-y-administrar-cookies-168dab11-0753-043d-7c16-ede5947fc64d\" target=\"_blank\" aria-label=\"Eliminar y administrar cookies (microsoft.com) (opens in a new tab)\" rel=\"noreferrer noopener\" class=\"ek-link\">Eliminar y administrar cookies (microsoft.com)<\/a><\/li><li><a href=\"https:\/\/support.apple.com\/es-es\/HT201265\" target=\"_blank\" aria-label=\"Borrar el historial y las cookies de Safari en el iPhone, iPad o iPod touch - Soporte t\u00e9cnico de Apple (ES) (opens in a new tab)\" rel=\"noreferrer noopener\" class=\"ek-link\">Borrar el historial y las cookies de Safari en el iPhone, iPad o iPod touch &#8211; Soporte t\u00e9cnico de Apple (ES)<\/a><\/li><li><a href=\"https:\/\/support.mozilla.org\/es\/kb\/Deshabilitar%20cookies%20de%20terceros\" target=\"_blank\" aria-label=\"Deshabilitar cookies de terceros | Ayuda de Firefox (mozilla.org) (opens in a new tab)\" rel=\"noreferrer noopener\" class=\"ek-link\">Deshabilitar cookies de terceros | Ayuda de Firefox (mozilla.org)<\/a> <\/li><li><a href=\"https:\/\/help.opera.com\/en\/latest\/web-preferences\/#cookies\" target=\"_blank\" aria-label=\"Preferencias web - Ayuda de Opera (opens in a new tab)\" rel=\"noreferrer noopener\" class=\"ek-link\">Preferencias web &#8211; Ayuda de Opera<\/a><\/li><\/ul>\n\n\n\n<h2 class=\"subtitle_section_final wp-block-heading\">Revisi\u00f3n de la pol\u00edtica de galletas<\/h2>\n\n\n\n<div class=\"wp-block-atomic-blocks-ab-columns ab-layout-columns-1 one-column\" style=\"margin-top:20px;margin-bottom:20px\"><div class=\"ab-layout-column-wrap ab-block-layout-column-gap-2 ab-is-responsive-column\">\n<div class=\"wp-block-atomic-blocks-ab-column ab-block-layout-column\"><div class=\"ab-block-layout-column-inner\">\n<p>Universitas Europaea IMF SLU tiene previsto realizar una revisi\u00f3n de la Pol\u00edtica de galletas con car\u00e1cter anual; no obstante, si hay alg\u00fan otro factor que requiera la revisi\u00f3n, se realizar\u00e1 con m\u00e1s periodicidad.<\/p>\n\n\n\n<p>\u00daltima actualizaci\u00f3n: 31 de octubre del 2022<\/p>\n\n\n\n<div style=\"height:100px\" aria-hidden=\"true\" class=\"wp-block-spacer\"><\/div>\n<\/div><\/div>\n<\/div><\/div>\n","protected":false},"excerpt":{"rendered":"<p>Pol\u00edtica de cookies \u00bfQu\u00e9 son las galletas? \u00bfQu\u00e9 galletas utilizamos? \u00bfQui\u00e9n utiliza la informaci\u00f3n almacenada en las galletas? \u00bfC\u00f3mo puedo modificar la configuraci\u00f3n sobre las galletas? Como las galletas que aplicamos son, con car\u00e1cter general, para todos los usuarios del sitio web, en el caso de que queramos modificarlas podr\u00e9is: Configurar las galletas a trav\u00e9s &hellip;<\/p>\n","protected":false},"author":3,"featured_media":0,"parent":0,"menu_order":0,"comment_status":"closed","ping_status":"closed","template":"templates\/template-builder.php","meta":{"_editorskit_title_hidden":false,"_editorskit_reading_time":2,"_editorskit_is_block_options_detached":false,"_editorskit_block_options_position":"{}","inline_featured_image":false,"footnotes":""},"class_list":["post-6908","page","type-page","status-publish","hentry","post","without-featured-image"],"featured_image_src":null,"featured_image_src_square":null,"_links":{"self":[{"href":"https:\/\/euniv.eu\/en\/wp-json\/wp\/v2\/pages\/6908","targetHints":{"allow":["GET"]}}],"collection":[{"href":"https:\/\/euniv.eu\/en\/wp-json\/wp\/v2\/pages"}],"about":[{"href":"https:\/\/euniv.eu\/en\/wp-json\/wp\/v2\/types\/page"}],"author":[{"embeddable":true,"href":"https:\/\/euniv.eu\/en\/wp-json\/wp\/v2\/users\/3"}],"replies":[{"embeddable":true,"href":"https:\/\/euniv.eu\/en\/wp-json\/wp\/v2\/comments?post=6908"}],"version-history":[{"count":2,"href":"https:\/\/euniv.eu\/en\/wp-json\/wp\/v2\/pages\/6908\/revisions"}],"predecessor-version":[{"id":6912,"href":"https:\/\/euniv.eu\/en\/wp-json\/wp\/v2\/pages\/6908\/revisions\/6912"}],"wp:attachment":[{"href":"https:\/\/euniv.eu\/en\/wp-json\/wp\/v2\/media?parent=6908"}],"curies":[{"name":"wp","href":"https:\/\/api.w.org\/{rel}","templated":true}]}}