{"id":10403,"date":"2024-02-13T09:59:09","date_gmt":"2024-02-13T09:59:09","guid":{"rendered":"https:\/\/euniv.eu\/?page_id=10403"},"modified":"2024-03-04T08:32:17","modified_gmt":"2024-03-04T08:32:17","slug":"ciencias-politicas","status":"publish","type":"page","link":"https:\/\/euniv.eu\/es\/ensenanzas\/ciencias-politicas\/","title":{"rendered":"Ciencias pol\u00edticas"},"content":{"rendered":"<ul id=\"menu-ensenanza-es\" class=\"menu menu_top\"><li id=\"menu-item-5585\" class=\"main_colour menu-item menu-item-type-custom menu-item-object-custom menu-item-has-children menu-item-5585\"><a href=\"#nogo\">Bachelores<\/a>\n<ul class=\"sub-menu\">\n\t<li id=\"menu-item-10644\" class=\"menu_top_beig menu-item menu-item-type-post_type menu-item-object-page menu-item-10644\"><a href=\"https:\/\/euniv.eu\/es\/ensenanzas\/empresa\/bachelor-bba\/\">BBA<\/a><\/li>\n\t<li id=\"menu-item-19370\" class=\"menu_top_blue menu-item menu-item-type-post_type menu-item-object-page menu-item-19370\"><a href=\"https:\/\/euniv.eu\/es\/ensenanzas\/humanidades\/bachelor\/\">Humanidades<\/a><\/li>\n\t<li id=\"menu-item-19367\" class=\"menu_top_green menu-item menu-item-type-post_type menu-item-object-page menu-item-19367\"><a href=\"https:\/\/euniv.eu\/es\/ensenanzas\/filologia\/bachelor\/\">Catal\u00e1n<\/a><\/li>\n\t<li id=\"menu-item-19368\" class=\"menu_top_red menu-item menu-item-type-post_type menu-item-object-page menu-item-19368\"><a href=\"https:\/\/euniv.eu\/es\/ensenanzas\/derecho\/bachelor\/\">Derecho<\/a><\/li>\n\t<li id=\"menu-item-14290\" class=\"menu_top_violet menu-item menu-item-type-post_type menu-item-object-page menu-item-14290\"><a href=\"https:\/\/euniv.eu\/es\/bachelor-en-psicologia\/\">Psicolog\u00eda<\/a><\/li>\n\t<li id=\"menu-item-14289\" class=\"menu_top_ocre menu-item menu-item-type-post_type menu-item-object-page menu-item-14289\"><a href=\"https:\/\/euniv.eu\/es\/bachelor-en-comunicacion\/\">Comunicaci\u00f3n<\/a><\/li>\n\t<li id=\"menu-item-10617\" class=\"menu_top_ocre menu-item menu-item-type-post_type menu-item-object-page menu-item-10617\"><a href=\"https:\/\/euniv.eu\/es\/ensenanzas\/ciencias-politicas\/bachelor-en-ciencias-politicas\/\">Ciencia pol\u00edtica<\/a><\/li>\n\t<li id=\"menu-item-15492\" class=\"menu_top_marino menu-item menu-item-type-post_type menu-item-object-page menu-item-15492\"><a href=\"https:\/\/euniv.eu\/es\/bachelor-en-ciencia-de-datos-ia\/\">Ciencia de Datos-IA<\/a><\/li>\n\t<li id=\"menu-item-10618\" class=\"menu_top_marino menu-item menu-item-type-post_type menu-item-object-page menu-item-10618\"><a href=\"https:\/\/euniv.eu\/es\/ensenanzas\/ingenieria-industrial\/bachelor-en-ingenieria-industrial\/\">Ingenier\u00eda de Organizaci\u00f3n Industrial<\/a><\/li>\n\t<li id=\"menu-item-19369\" class=\"menu_top_beig menu-item menu-item-type-post_type menu-item-object-page menu-item-19369\"><a href=\"https:\/\/euniv.eu\/es\/ensenanzas\/empresa\/batxelor-marketing\/\">Marketing<\/a><\/li>\n<\/ul>\n<\/li>\n<li id=\"menu-item-5586\" class=\"main_colour menu-item menu-item-type-custom menu-item-object-custom menu-item-has-children menu-item-5586\"><a href=\"#nogo\">M\u00e1sters<\/a>\n<ul class=\"sub-menu\">\n\t<li id=\"menu-item-10734\" class=\"menu_top_beig menu-item menu-item-type-post_type menu-item-object-page menu-item-10734\"><a href=\"https:\/\/euniv.eu\/es\/ensenanzas\/empresa\/master-mba\/\">MBA<\/a><\/li>\n\t<li id=\"menu-item-19372\" class=\"menu_top_blue menu-item menu-item-type-post_type menu-item-object-page menu-item-19372\"><a href=\"https:\/\/euniv.eu\/es\/ensenanzas\/humanidades\/master\/\">Humanidades<\/a><\/li>\n\t<li id=\"menu-item-10621\" class=\"menu_top_red menu-item menu-item-type-post_type menu-item-object-page menu-item-10621\"><a href=\"https:\/\/euniv.eu\/es\/master-en-criminologia\/\">Criminolog\u00eda<\/a><\/li>\n\t<li id=\"menu-item-11253\" class=\"menu_top_marino menu-item menu-item-type-post_type menu-item-object-page menu-item-11253\"><a href=\"https:\/\/euniv.eu\/es\/ensenanzas\/informatica\/master\/\">Ingenier\u00eda Inform\u00e1tica<\/a><\/li>\n<\/ul>\n<\/li>\n<li id=\"menu-item-5587\" class=\"main_colour menu-item menu-item-type-custom menu-item-object-custom menu-item-has-children menu-item-5587\"><a href=\"#nogo\">Doctorado<\/a>\n<ul class=\"sub-menu\">\n\t<li id=\"menu-item-19375\" class=\"menu_top_yellow menu-item menu-item-type-post_type menu-item-object-page menu-item-19375\"><a href=\"https:\/\/euniv.eu\/es\/programa-interdisciplinario-de-doctorado\/\">Programa Interdisciplinario de Doctorado<\/a><\/li>\n<\/ul>\n<\/li>\n<\/ul>\n\n\n<style>.kb-row-layout-id10403_d1f07a-1b > .kt-row-column-wrap{align-content:start;}:where(.kb-row-layout-id10403_d1f07a-1b > .kt-row-column-wrap) > .wp-block-kadence-column{justify-content:start;}.kb-row-layout-id10403_d1f07a-1b > .kt-row-column-wrap{column-gap:var(--global-kb-gap-md, 2rem);row-gap:var(--global-kb-gap-md, 2rem);max-width:1240px;margin-left:auto;margin-right:auto;padding-top:10px;padding-bottom:25px;grid-template-columns:minmax(0, calc(30% - ((var(--global-kb-gap-md, 2rem) * 1 )\/2)))minmax(0, calc(70% - ((var(--global-kb-gap-md, 2rem) * 1 )\/2)));}.kb-row-layout-id10403_d1f07a-1b > .kt-row-layout-overlay{opacity:0.30;}@media all and (max-width: 1024px){.kb-row-layout-id10403_d1f07a-1b > .kt-row-column-wrap{grid-template-columns:minmax(0, 1fr) minmax(0, 2fr);}}@media all and (max-width: 767px){.kb-row-layout-id10403_d1f07a-1b > .kt-row-column-wrap{grid-template-columns:minmax(0, 1fr);}}<\/style><div class=\"kb-row-layout-wrap kb-row-layout-id10403_d1f07a-1b alignnone wp-block-kadence-rowlayout\"><div class=\"kt-row-column-wrap kt-has-2-columns kt-row-layout-right-golden kt-tab-layout-inherit kt-mobile-layout-row kt-row-valign-top\">\n<style>.kadence-column10403_2458f1-77 > .kt-inside-inner-col{padding-top:35px;}.kadence-column10403_2458f1-77 > .kt-inside-inner-col,.kadence-column10403_2458f1-77 > .kt-inside-inner-col:before{border-top-left-radius:0px;border-top-right-radius:0px;border-bottom-right-radius:0px;border-bottom-left-radius:0px;}.kadence-column10403_2458f1-77 > .kt-inside-inner-col{column-gap:var(--global-kb-gap-sm, 1rem);}.kadence-column10403_2458f1-77 > .kt-inside-inner-col{flex-direction:column;}.kadence-column10403_2458f1-77 > .kt-inside-inner-col > .aligncenter{width:100%;}.kadence-column10403_2458f1-77 > .kt-inside-inner-col:before{opacity:0.3;}.kadence-column10403_2458f1-77{text-align:right;}.kadence-column10403_2458f1-77{position:relative;}@media all and (max-width: 1024px){.kadence-column10403_2458f1-77 > .kt-inside-inner-col{flex-direction:column;justify-content:center;}}@media all and (max-width: 767px){.kadence-column10403_2458f1-77 > .kt-inside-inner-col{flex-direction:column;justify-content:center;}}<\/style>\n<div class=\"wp-block-kadence-column kadence-column10403_2458f1-77 inner-column-1\"><div class=\"kt-inside-inner-col\">\n<h1 class=\"wp-block-heading has-text-align-right comunicacio\">Ciencias<br>pol\u00edticas<\/h1>\n\n\n<div class=\"wp-block-image\">\n<figure class=\"alignright size-large\"><img loading=\"lazy\" decoding=\"async\" width=\"142\" height=\"188\" src=\"https:\/\/euniv.eu\/wp-content\/uploads\/2024\/02\/ico_derecho_color.svg\" alt=\"Ci\u00e8ncies pol\u00edtiques\" class=\"wp-image-10282\"\/><\/figure><\/div><\/div><\/div>\n\n\n<style>.kadence-column10403_28a932-17 > .kt-inside-inner-col,.kadence-column10403_28a932-17 > .kt-inside-inner-col:before{border-top-left-radius:0px;border-top-right-radius:0px;border-bottom-right-radius:0px;border-bottom-left-radius:0px;}.kadence-column10403_28a932-17 > .kt-inside-inner-col{column-gap:var(--global-kb-gap-sm, 1rem);}.kadence-column10403_28a932-17 > .kt-inside-inner-col{flex-direction:column;}.kadence-column10403_28a932-17 > .kt-inside-inner-col > .aligncenter{width:100%;}.kadence-column10403_28a932-17 > .kt-inside-inner-col:before{opacity:0.3;}.kadence-column10403_28a932-17{position:relative;}@media all and (max-width: 1024px){.kadence-column10403_28a932-17 > .kt-inside-inner-col{flex-direction:column;justify-content:center;}}@media all and (max-width: 767px){.kadence-column10403_28a932-17 > .kt-inside-inner-col{flex-direction:column;justify-content:center;}}<\/style>\n<div class=\"wp-block-kadence-column kadence-column10403_28a932-17 inner-column-2\"><div class=\"kt-inside-inner-col\">\n<figure class=\"wp-block-image size-full\"><img loading=\"lazy\" decoding=\"async\" width=\"1842\" height=\"952\" src=\"https:\/\/euniv.eu\/wp-content\/uploads\/2024\/02\/euniv_bachelor_ciencias_politica.webp\" alt=\"Ci\u00e8ncies pol\u00edtiques\" class=\"wp-image-10303\" srcset=\"https:\/\/euniv.eu\/wp-content\/uploads\/2024\/02\/euniv_bachelor_ciencias_politica.webp 1842w, https:\/\/euniv.eu\/wp-content\/uploads\/2024\/02\/euniv_bachelor_ciencias_politica-300x155.webp 300w, https:\/\/euniv.eu\/wp-content\/uploads\/2024\/02\/euniv_bachelor_ciencias_politica-1024x529.webp 1024w, https:\/\/euniv.eu\/wp-content\/uploads\/2024\/02\/euniv_bachelor_ciencias_politica-768x397.webp 768w, https:\/\/euniv.eu\/wp-content\/uploads\/2024\/02\/euniv_bachelor_ciencias_politica-1536x794.webp 1536w, https:\/\/euniv.eu\/wp-content\/uploads\/2024\/02\/euniv_bachelor_ciencias_politica-1200x620.webp 1200w, https:\/\/euniv.eu\/wp-content\/uploads\/2024\/02\/euniv_bachelor_ciencias_politica-1400x724.webp 1400w\" sizes=\"auto, (max-width: 1842px) 100vw, 1842px\" \/><\/figure>\n<\/div><\/div>\n\n<\/div><\/div>\n\n<style>.kb-row-layout-id10403_f1f4de-ba > .kt-row-column-wrap{align-content:start;}:where(.kb-row-layout-id10403_f1f4de-ba > .kt-row-column-wrap) > .wp-block-kadence-column{justify-content:start;}.kb-row-layout-id10403_f1f4de-ba > .kt-row-column-wrap{column-gap:var(--global-kb-gap-md, 2rem);row-gap:var(--global-kb-gap-md, 2rem);padding-top:var(--global-kb-spacing-sm, 1.5rem);padding-bottom:var(--global-kb-spacing-sm, 1.5rem);grid-template-columns:minmax(0, 1fr);}.kb-row-layout-id10403_f1f4de-ba > .kt-row-layout-overlay{opacity:0.30;}@media all and (max-width: 1024px){.kb-row-layout-id10403_f1f4de-ba > .kt-row-column-wrap{grid-template-columns:minmax(0, 1fr);}}@media all and (max-width: 767px){.kb-row-layout-id10403_f1f4de-ba > .kt-row-column-wrap{grid-template-columns:minmax(0, 1fr);}}<\/style><div class=\"kb-row-layout-wrap kb-row-layout-id10403_f1f4de-ba alignnone wp-block-kadence-rowlayout\"><div class=\"kt-row-column-wrap kt-has-1-columns kt-row-layout-equal kt-tab-layout-inherit kt-mobile-layout-row kt-row-valign-top\">\n<style>.kadence-column10403_a3ce1a-56 > .kt-inside-inner-col,.kadence-column10403_a3ce1a-56 > .kt-inside-inner-col:before{border-top-left-radius:0px;border-top-right-radius:0px;border-bottom-right-radius:0px;border-bottom-left-radius:0px;}.kadence-column10403_a3ce1a-56 > .kt-inside-inner-col{column-gap:var(--global-kb-gap-sm, 1rem);}.kadence-column10403_a3ce1a-56 > .kt-inside-inner-col{flex-direction:column;}.kadence-column10403_a3ce1a-56 > .kt-inside-inner-col > .aligncenter{width:100%;}.kadence-column10403_a3ce1a-56 > .kt-inside-inner-col:before{opacity:0.3;}.kadence-column10403_a3ce1a-56{position:relative;}@media all and (max-width: 1024px){.kadence-column10403_a3ce1a-56 > .kt-inside-inner-col{flex-direction:column;justify-content:center;}}@media all and (max-width: 767px){.kadence-column10403_a3ce1a-56 > .kt-inside-inner-col{flex-direction:column;justify-content:center;}}<\/style>\n<div class=\"wp-block-kadence-column kadence-column10403_a3ce1a-56 inner-column-1\"><div class=\"kt-inside-inner-col\">\n<p class=\"txt_empresa\">La Universidad Europea ofrece ense\u00f1anzas del \u00e1mbito de las ciencias pol\u00edticas dise\u00f1adas en clave profesional, con el objetivo de formar a personas con una visi\u00f3n multidisciplinar que garantice la cualificaci\u00f3n profesional en diversos aspectos (pol\u00edticos, sociales, econ\u00f3micos, jur\u00eddicos, etc.), y contemplan tres de los cuatro ciclos previstos por el Espacio Europeo de Educaci\u00f3n Superior (QF-EHEA):<\/p>\n\n\n<style>.wp-block-kadence-column.kb-section-dir-horizontal > .kt-inside-inner-col > .kt-info-box10403_c6a682-6c{max-width:95%;}.wp-block-kadence-column.kb-section-dir-horizontal > .kt-inside-inner-col > .kt-info-box10403_c6a682-6c .kt-blocks-info-box-link-wrap{max-width:unset;}.kt-info-box10403_c6a682-6c .kt-blocks-info-box-link-wrap{border-top:1px solid #eeeeee;border-right:1px solid #eeeeee;border-bottom:1px solid #eeeeee;border-left:1px solid #eeeeee;border-top-left-radius:20px;border-top-right-radius:20px;border-bottom-right-radius:20px;border-bottom-left-radius:20px;background:#ffffff;max-width:95%;padding-top:24px;padding-right:24px;padding-bottom:24px;padding-left:24px;}.kt-info-box10403_c6a682-6c .kt-blocks-info-box-media-align-top .kt-blocks-info-box-media-container{max-width:100%;}.kt-info-box10403_c6a682-6c .kt-blocks-info-box-link-wrap:hover{background:#ffffff;}.kt-info-box10403_c6a682-6c.wp-block-kadence-infobox{max-width:100%;}.kt-info-box10403_c6a682-6c .kadence-info-box-image-inner-intrisic-container{max-width:100px;}.kt-info-box10403_c6a682-6c .kadence-info-box-image-inner-intrisic-container .kadence-info-box-image-intrisic{padding-bottom:100%;width:75px;height:0px;max-width:100%;}.kt-info-box10403_c6a682-6c .kt-blocks-info-box-media .kt-info-box-image{width:100px;height:auto;}.kt-info-box10403_c6a682-6c .kt-blocks-info-box-media .kt-info-box-image, .kt-info-box10403_c6a682-6c .kt-blocks-info-box-media .kt-info-box-image path{fill:#444444;}.kt-info-box10403_c6a682-6c .kt-blocks-info-box-link-wrap:hover .kt-blocks-info-box-media .kt-info-box-image, .kt-info-box10403_c6a682-6c .kt-blocks-info-box-link-wrap:hover .kt-blocks-info-box-media .kt-info-box-image path{fill:#444444;}.kt-info-box10403_c6a682-6c .kadence-info-box-icon-container .kt-info-svg-icon, .kt-info-box10403_c6a682-6c .kt-info-svg-icon-flip, .kt-info-box10403_c6a682-6c .kt-blocks-info-box-number{font-size:50px;}.kt-info-box10403_c6a682-6c .kt-blocks-info-box-media{color:#444444;background:#ffffff;border-color:#eeeeee;border-radius:200px;overflow:hidden;border-top-width:0px;border-right-width:0px;border-bottom-width:0px;border-left-width:0px;padding-top:0px;padding-right:0px;padding-bottom:0px;padding-left:0px;margin-top:0px;margin-right:20px;margin-bottom:0px;margin-left:0px;}.kt-info-box10403_c6a682-6c .kt-blocks-info-box-link-wrap:hover .kt-blocks-info-box-media{color:#444444;background:#ffffff;border-color:#eeeeee;}.kt-info-box10403_c6a682-6c .kt-infobox-textcontent h2.kt-blocks-info-box-title{padding-top:0px;padding-right:0px;padding-bottom:0px;padding-left:0px;margin-top:5px;margin-right:0px;margin-bottom:10px;margin-left:0px;}.kt-info-box10403_c6a682-6c .kt-infobox-textcontent .kt-blocks-info-box-text{color:#555555;}.kt-info-box10403_c6a682-6c .kt-blocks-info-box-learnmore{background:transparent;border-color:#555555;border-width:0px 0px 0px 0px;padding-top:4px;padding-right:8px;padding-bottom:4px;padding-left:8px;margin-top:10px;margin-right:0px;margin-bottom:10px;margin-left:0px;}.kt-info-box10403_c6a682-6c .kt-blocks-info-box-link-wrap:hover .kt-blocks-info-box-learnmore,.kt-info-box10403_c6a682-6c .kt-blocks-info-box-link-wrap .kt-blocks-info-box-learnmore:focus{color:#ffffff;background:#444444;border-color:#444444;}@media all and (max-width: 1024px){.kt-info-box10403_c6a682-6c .kt-blocks-info-box-link-wrap{border-top:1px solid #eeeeee;border-right:1px solid #eeeeee;border-bottom:1px solid #eeeeee;border-left:1px solid #eeeeee;}}@media all and (max-width: 767px){.kt-info-box10403_c6a682-6c .kt-blocks-info-box-link-wrap{border-top:1px solid #eeeeee;border-right:1px solid #eeeeee;border-bottom:1px solid #eeeeee;border-left:1px solid #eeeeee;}}<\/style>\n<div class=\"wp-block-kadence-infobox kt-info-box10403_c6a682-6c list_ciclos comunicacio\"><a class=\"kt-blocks-info-box-link-wrap info-box-link kt-blocks-info-box-media-align-left kt-info-halign-left\" href=\"https:\/\/euniv.eu\/es\/ensenanzas\/ciencias-politicas\/bachelor-en-ciencias-politicas\/\"><div class=\"kt-blocks-info-box-media-container\"><div class=\"kt-blocks-info-box-media kt-info-media-animate-none\"><div class=\"kadence-info-box-image-inner-intrisic-container\"><div class=\"kadence-info-box-image-intrisic kt-info-animate-none kb-info-box-image-type-svg\"><div class=\"kadence-info-box-image-inner-intrisic\"><img loading=\"lazy\" decoding=\"async\" src=\"https:\/\/euniv.eu\/wp-content\/uploads\/2024\/02\/ico_politica_1.svg\" alt=\"1\" width=\"100\" height=\"75\" class=\"kt-info-box-image wp-image-10399 kt-info-svg-image\"\/><\/div><\/div><\/div><\/div><\/div><div class=\"kt-infobox-textcontent\"><h2 class=\"kt-blocks-info-box-title\">Bachelor en Ciencias pol\u00edticas<\/h2><p class=\"kt-blocks-info-box-text\"><strong>T\u00edtulo estatal andorrano del Primer Ciclo del QF-EHEA<\/strong>, creado por el Decreto del Gobierno 13 de julio de 2022. Su duraci\u00f3n es de 6 semestres (3 a\u00f1os), y la carga acad\u00e9mica es de 180 ECTS. El Bachelor es el equivalente al t\u00edtulo franc\u00e9s de <em>Licence <\/em>y al espa\u00f1ol de <em>Grado<\/em>.<\/p><\/div><\/a><\/div>\n\n\n\n<div style=\"height:100px\" aria-hidden=\"true\" class=\"wp-block-spacer\"><\/div>\n<\/div><\/div>\n\n<\/div><\/div>","protected":false},"excerpt":{"rendered":"<p>Cienciaspol\u00edticas La Universidad Europea ofrece ense\u00f1anzas del \u00e1mbito de las ciencias pol\u00edticas dise\u00f1adas en clave profesional, con el objetivo de formar a personas con una visi\u00f3n multidisciplinar que garantice la cualificaci\u00f3n profesional en diversos aspectos (pol\u00edticos, sociales, econ\u00f3micos, jur\u00eddicos, etc.), y contemplan tres de los cuatro ciclos previstos por el Espacio Europeo de Educaci\u00f3n Superior &hellip;<\/p>\n","protected":false},"author":3,"featured_media":0,"parent":1272,"menu_order":0,"comment_status":"closed","ping_status":"closed","template":"templates\/template-builder.php","meta":{"_editorskit_title_hidden":false,"_editorskit_reading_time":0,"_editorskit_is_block_options_detached":false,"_editorskit_block_options_position":"{}","inline_featured_image":false,"footnotes":""},"class_list":["post-10403","page","type-page","status-publish","hentry","post","without-featured-image"],"featured_image_src":null,"featured_image_src_square":null,"_links":{"self":[{"href":"https:\/\/euniv.eu\/es\/wp-json\/wp\/v2\/pages\/10403","targetHints":{"allow":["GET"]}}],"collection":[{"href":"https:\/\/euniv.eu\/es\/wp-json\/wp\/v2\/pages"}],"about":[{"href":"https:\/\/euniv.eu\/es\/wp-json\/wp\/v2\/types\/page"}],"author":[{"embeddable":true,"href":"https:\/\/euniv.eu\/es\/wp-json\/wp\/v2\/users\/3"}],"replies":[{"embeddable":true,"href":"https:\/\/euniv.eu\/es\/wp-json\/wp\/v2\/comments?post=10403"}],"version-history":[{"count":5,"href":"https:\/\/euniv.eu\/es\/wp-json\/wp\/v2\/pages\/10403\/revisions"}],"predecessor-version":[{"id":10726,"href":"https:\/\/euniv.eu\/es\/wp-json\/wp\/v2\/pages\/10403\/revisions\/10726"}],"up":[{"embeddable":true,"href":"https:\/\/euniv.eu\/es\/wp-json\/wp\/v2\/pages\/1272"}],"wp:attachment":[{"href":"https:\/\/euniv.eu\/es\/wp-json\/wp\/v2\/media?parent=10403"}],"curies":[{"name":"wp","href":"https:\/\/api.w.org\/{rel}","templated":true}]}}