{"id":1193,"date":"2020-10-29T12:26:47","date_gmt":"2020-10-29T12:26:47","guid":{"rendered":"https:\/\/euniv.eu\/?page_id=1193"},"modified":"2025-09-15T15:30:06","modified_gmt":"2025-09-15T13:30:06","slug":"universidad","status":"publish","type":"page","link":"https:\/\/euniv.eu\/es\/universidad\/","title":{"rendered":"Universidad"},"content":{"rendered":"<style>.kb-row-layout-id1193_0057ec-20 > .kt-row-column-wrap{align-content:start;}:where(.kb-row-layout-id1193_0057ec-20 > .kt-row-column-wrap) > .wp-block-kadence-column{justify-content:start;}.kb-row-layout-id1193_0057ec-20 > .kt-row-column-wrap{column-gap:var(--global-kb-gap-lg, 4rem);row-gap:var(--global-kb-gap-md, 2rem);max-width:1240px;margin-left:auto;margin-right:auto;padding-top:var(--global-kb-spacing-sm, 1.5rem);padding-bottom:var(--global-kb-spacing-sm, 1.5rem);grid-template-columns:minmax(0, calc(30% - ((var(--global-kb-gap-lg, 4rem) * 1 )\/2)))minmax(0, calc(70% - ((var(--global-kb-gap-lg, 4rem) * 1 )\/2)));}.kb-row-layout-id1193_0057ec-20 > .kt-row-layout-overlay{opacity:0.30;}@media all and (max-width: 1024px){.kb-row-layout-id1193_0057ec-20 > .kt-row-column-wrap{grid-template-columns:minmax(0, 1fr) minmax(0, 2fr);}}@media all and (max-width: 767px){.kb-row-layout-id1193_0057ec-20 > .kt-row-column-wrap{grid-template-columns:minmax(0, 1fr);}}<\/style><div class=\"kb-row-layout-wrap kb-row-layout-id1193_0057ec-20 alignnone wp-block-kadence-rowlayout\"><div class=\"kt-row-column-wrap kt-has-2-columns kt-row-layout-right-golden kt-tab-layout-inherit kt-mobile-layout-row kt-row-valign-top\">\n<style>.kadence-column1193_b1e54a-b4 > .kt-inside-inner-col,.kadence-column1193_b1e54a-b4 > .kt-inside-inner-col:before{border-top-left-radius:0px;border-top-right-radius:0px;border-bottom-right-radius:0px;border-bottom-left-radius:0px;}.kadence-column1193_b1e54a-b4 > .kt-inside-inner-col{column-gap:var(--global-kb-gap-sm, 1rem);}.kadence-column1193_b1e54a-b4 > .kt-inside-inner-col{flex-direction:column;}.kadence-column1193_b1e54a-b4 > .kt-inside-inner-col > .aligncenter{width:100%;}.kadence-column1193_b1e54a-b4 > .kt-inside-inner-col:before{opacity:0.3;}.kadence-column1193_b1e54a-b4{position:relative;}@media all and (max-width: 1024px){.kadence-column1193_b1e54a-b4 > .kt-inside-inner-col{flex-direction:column;justify-content:center;}}@media all and (max-width: 767px){.kadence-column1193_b1e54a-b4 > .kt-inside-inner-col{flex-direction:column;justify-content:center;}}<\/style>\n<div class=\"wp-block-kadence-column kadence-column1193_b1e54a-b4 inner-column-1 animated fadeInLeft\"><div class=\"kt-inside-inner-col\">Este men\u00fa no existe o no contiene elementos\n<\/div><\/div>\n\n\n<style>.kadence-column1193_bb03d2-b8 > .kt-inside-inner-col,.kadence-column1193_bb03d2-b8 > .kt-inside-inner-col:before{border-top-left-radius:0px;border-top-right-radius:0px;border-bottom-right-radius:0px;border-bottom-left-radius:0px;}.kadence-column1193_bb03d2-b8 > .kt-inside-inner-col{column-gap:var(--global-kb-gap-sm, 1rem);}.kadence-column1193_bb03d2-b8 > .kt-inside-inner-col{flex-direction:column;}.kadence-column1193_bb03d2-b8 > .kt-inside-inner-col > .aligncenter{width:100%;}.kadence-column1193_bb03d2-b8 > .kt-inside-inner-col:before{opacity:0.3;}.kadence-column1193_bb03d2-b8{position:relative;}@media all and (max-width: 1024px){.kadence-column1193_bb03d2-b8 > .kt-inside-inner-col{flex-direction:column;justify-content:center;}}@media all and (max-width: 767px){.kadence-column1193_bb03d2-b8 > .kt-inside-inner-col{flex-direction:column;justify-content:center;}}<\/style>\n<div class=\"wp-block-kadence-column kadence-column1193_bb03d2-b8 inner-column-2 animated fadeIn slow\"><div class=\"kt-inside-inner-col\"><style>.kb-row-layout-id1193_f5c3b8-34 > .kt-row-column-wrap{align-content:center;}:where(.kb-row-layout-id1193_f5c3b8-34 > .kt-row-column-wrap) > .wp-block-kadence-column{justify-content:center;}.kb-row-layout-id1193_f5c3b8-34 > .kt-row-column-wrap{column-gap:20px;row-gap:var(--global-kb-gap-md, 2rem);padding-top:var(--global-kb-spacing-sm, 1.5rem);padding-bottom:var(--global-kb-spacing-sm, 1.5rem);grid-template-columns:minmax(0, calc(15% - ((20px * 1 )\/2)))minmax(0, calc(85% - ((20px * 1 )\/2)));}.kb-row-layout-id1193_f5c3b8-34 > .kt-row-layout-overlay{opacity:0.30;}@media all and (max-width: 1024px){.kb-row-layout-id1193_f5c3b8-34 > .kt-row-column-wrap{grid-template-columns:minmax(0, 1fr) minmax(0, 2fr);}}@media all and (max-width: 767px){.kb-row-layout-id1193_f5c3b8-34 > .kt-row-column-wrap{grid-template-columns:minmax(0, 1fr);}}<\/style><div class=\"kb-row-layout-wrap kb-row-layout-id1193_f5c3b8-34 alignnone wp-block-kadence-rowlayout\"><div class=\"kt-row-column-wrap kt-has-2-columns kt-row-layout-right-golden kt-tab-layout-inherit kt-mobile-layout-row kt-row-valign-middle\">\n<style>.kadence-column1193_9beeb5-07 > .kt-inside-inner-col,.kadence-column1193_9beeb5-07 > .kt-inside-inner-col:before{border-top-left-radius:0px;border-top-right-radius:0px;border-bottom-right-radius:0px;border-bottom-left-radius:0px;}.kadence-column1193_9beeb5-07 > .kt-inside-inner-col{column-gap:var(--global-kb-gap-sm, 1rem);}.kadence-column1193_9beeb5-07 > .kt-inside-inner-col{flex-direction:column;}.kadence-column1193_9beeb5-07 > .kt-inside-inner-col > .aligncenter{width:100%;}.kadence-column1193_9beeb5-07 > .kt-inside-inner-col:before{opacity:0.3;}.kadence-column1193_9beeb5-07{position:relative;}@media all and (max-width: 1024px){.kadence-column1193_9beeb5-07 > .kt-inside-inner-col{flex-direction:column;justify-content:center;}}@media all and (max-width: 767px){.kadence-column1193_9beeb5-07 > .kt-inside-inner-col{flex-direction:column;justify-content:center;}}<\/style>\n<div class=\"wp-block-kadence-column kadence-column1193_9beeb5-07 inner-column-1\"><div class=\"kt-inside-inner-col\">\n<figure class=\"wp-block-image size-large\"><img decoding=\"async\" src=\"https:\/\/euniv.eu\/wp-content\/uploads\/\/2020\/09\/ico_europaea.svg\" alt=\"\" class=\"wp-image-1808\"\/><\/figure>\n<\/div><\/div>\n\n\n<style>.kadence-column1193_24becf-a7 > .kt-inside-inner-col,.kadence-column1193_24becf-a7 > .kt-inside-inner-col:before{border-top-left-radius:0px;border-top-right-radius:0px;border-bottom-right-radius:0px;border-bottom-left-radius:0px;}.kadence-column1193_24becf-a7 > .kt-inside-inner-col{column-gap:var(--global-kb-gap-sm, 1rem);}.kadence-column1193_24becf-a7 > .kt-inside-inner-col{flex-direction:column;}.kadence-column1193_24becf-a7 > .kt-inside-inner-col > .aligncenter{width:100%;}.kadence-column1193_24becf-a7 > .kt-inside-inner-col:before{opacity:0.3;}.kadence-column1193_24becf-a7{position:relative;}@media all and (max-width: 1024px){.kadence-column1193_24becf-a7 > .kt-inside-inner-col{flex-direction:column;justify-content:center;}}@media all and (max-width: 767px){.kadence-column1193_24becf-a7 > .kt-inside-inner-col{flex-direction:column;justify-content:center;}}<\/style>\n<div class=\"wp-block-kadence-column kadence-column1193_24becf-a7 inner-column-2\"><div class=\"kt-inside-inner-col\">\n<h1 class=\"wp-block-heading\">Noverint Universi<\/h1>\n\n\n\n<h1 class=\"wp-block-heading\"> Quod<\/h1>\n<\/div><\/div>\n\n<\/div><\/div>\n\n\n<p>La Universidad Europea es una instituci\u00f3n europea de ense\u00f1anza superior, promovida por la Fundaci\u00f3n Layret el a\u00f1o 2012 y establecida en el Principado de Andorra. El Gobierno andorrano autoriz\u00f3 su apertura por \u00a0<strong><a href=\"https:\/\/euniv.eu\/wp-content\/uploads\/2020\/11\/Certificat-Govern-obertura-IMF-1.pdf\" target=\"_blank\" rel=\"noreferrer noopener\">Acuerdo de Gobierno de 18 de diciembre de 2019<\/a><\/strong> y, al amparo de la ley andorrana de universidades, la eUniv puede impartir ense\u00f1anzas conducentes a la obtenci\u00f3n de t\u00edtulos estatales de los cuatro ciclos del Marco de Cualificaciones del Espacio Europeo de Educaci\u00f3n Superior (QF-EHEA).<\/p>\n\n\n\n<p>El Principado de Andorra forma parte del Espacio Europeo de Educaci\u00f3n Superior (EHEA) desde la Conferencia de Berl\u00edn (2003) y, en consecuencia, todos los t\u00edtulos estatales de su sistema universitario est\u00e1n plenamente adaptados a las exigencias de estructuraci\u00f3n en niveles, garant\u00eda interna de la calidad, transparencia y reconocimiento de los t\u00edtulos europeos.<\/p>\n\n\n\n<p>En consecuencia, la eUniv fue inscrita por el Gobierno de Andorra en los registros p\u00fablicos del espacio europeo de docencia superior:<\/p>\n\n\n<style>.wp-block-kadence-iconlist.kt-svg-icon-list-items1193_205f58-44:not(.this-stops-third-party-issues){margin-top:0px;margin-bottom:0px;}.wp-block-kadence-iconlist.kt-svg-icon-list-items1193_205f58-44 ul.kt-svg-icon-list:not(.this-prevents-issues):not(.this-stops-third-party-issues):not(.tijsloc){margin-top:0px;margin-right:0px;margin-bottom:23px;margin-left:23px;}.wp-block-kadence-iconlist.kt-svg-icon-list-items1193_205f58-44 ul.kt-svg-icon-list{grid-row-gap:5px;}.wp-block-kadence-iconlist.kt-svg-icon-list-items1193_205f58-44 ul.kt-svg-icon-list .kt-svg-icon-list-item-wrap .kt-svg-icon-list-single{margin-right:10px;}<\/style>\n<div class=\"wp-block-kadence-iconlist kt-svg-icon-list-items kt-svg-icon-list-items1193_205f58-44 kt-svg-icon-list-columns-1 alignnone list_text\"><ul class=\"kt-svg-icon-list\"><style>.kt-svg-icon-list-item-1193_112883-95 .kt-svg-icon-list-single{font-size:27px !important;color:#792140 !important;}.kt-svg-icon-list-item-1193_112883-95 .kt-svg-icon-list-text mark.kt-highlight{background-color:unset;font-style:normal;color:#f76a0c;-webkit-box-decoration-break:clone;box-decoration-break:clone;padding-top:0px;padding-right:0px;padding-bottom:0px;padding-left:0px;}<\/style>\n<li class=\"wp-block-kadence-listitem kt-svg-icon-list-item-wrap kt-svg-icon-list-item-1193_112883-95 kt-svg-icon-list-style-default\"><span class=\"kb-svg-icon-wrap kb-svg-icon-fe_arrowRight kt-svg-icon-list-single\"><svg viewBox=\"0 0 24 24\"  fill=\"none\" stroke=\"currentColor\" stroke-width=\"1.5\" stroke-linecap=\"round\" stroke-linejoin=\"round\" xmlns=\"http:\/\/www.w3.org\/2000\/svg\"  aria-hidden=\"true\"><line x1=\"5\" y1=\"12\" x2=\"19\" y2=\"12\"\/><polyline points=\"12 5 19 12 12 19\"\/><\/svg><\/span><span class=\"kt-svg-icon-list-text\"><a rel=\"noreferrer noopener\" href=\"https:\/\/www.enic-naric.net\/andorra.aspx?srcval=andorra#anc04\" target=\"_blank\">www.enic-naric.net<\/a><\/span><\/li>\n\n\n<style>.kt-svg-icon-list-item-1193_6669ac-0d .kt-svg-icon-list-single{font-size:27px !important;color:#792140 !important;}.kt-svg-icon-list-item-1193_6669ac-0d .kt-svg-icon-list-text mark.kt-highlight{background-color:unset;font-style:normal;color:#f76a0c;-webkit-box-decoration-break:clone;box-decoration-break:clone;padding-top:0px;padding-right:0px;padding-bottom:0px;padding-left:0px;}<\/style>\n<li class=\"wp-block-kadence-listitem kt-svg-icon-list-item-wrap kt-svg-icon-list-item-1193_6669ac-0d kt-svg-icon-list-style-default\"><span class=\"kb-svg-icon-wrap kb-svg-icon-fe_arrowRight kt-svg-icon-list-single\"><svg viewBox=\"0 0 24 24\"  fill=\"none\" stroke=\"currentColor\" stroke-width=\"1.5\" stroke-linecap=\"round\" stroke-linejoin=\"round\" xmlns=\"http:\/\/www.w3.org\/2000\/svg\"  aria-hidden=\"true\"><line x1=\"5\" y1=\"12\" x2=\"19\" y2=\"12\"\/><polyline points=\"12 5 19 12 12 19\"\/><\/svg><\/span><span class=\"kt-svg-icon-list-text\"><a rel=\"noreferrer noopener\" href=\"http:\/\/www.ehea.info\/page-andorra\" target=\"_blank\">www.ehea.info\/page-andorra<\/a><\/span><\/li>\n<\/ul><\/div>\n\n\n\n<p>La eUniv es una instituci\u00f3n comprometida con el logro de las finalidades asumidas por las directrices del Espacio Europeo de Educaci\u00f3n Superior, y sus Estatutos proclaman su voluntad de contribuir a la creaci\u00f3n y difusi\u00f3n de la cultura y el conocimiento como v\u00eda hacia la consecuci\u00f3n de una sociedad m\u00e1s justa. Asimismo, en tanto que Universidad andorrana, la eUniv pone atenci\u00f3n especial en la lengua, cultura y patrimonio del Principado, al tiempo que fomenta el esp\u00edritu de universalidad consustancial al concepto de Universidad.<\/p>\n<\/div><\/div>\n\n<\/div><\/div>\n\n\n<div style=\"height:100px\" aria-hidden=\"true\" class=\"wp-block-spacer\"><\/div>\n","protected":false},"excerpt":{"rendered":"<p>Noverint Universi Quod La Universidad Europea es una instituci\u00f3n europea de ense\u00f1anza superior, promovida por la Fundaci\u00f3n Layret el a\u00f1o 2012 y establecida en el Principado de Andorra. El Gobierno andorrano autoriz\u00f3 su apertura por \u00a0Acuerdo de Gobierno de 18 de diciembre de 2019 y, al amparo de la ley andorrana de universidades, la eUniv &hellip;<\/p>\n","protected":false},"author":3,"featured_media":0,"parent":0,"menu_order":0,"comment_status":"closed","ping_status":"closed","template":"templates\/template-builder.php","meta":{"_editorskit_title_hidden":false,"_editorskit_reading_time":1,"_editorskit_is_block_options_detached":false,"_editorskit_block_options_position":"{}","inline_featured_image":false,"footnotes":""},"class_list":["post-1193","page","type-page","status-publish","hentry","post","without-featured-image"],"featured_image_src":null,"featured_image_src_square":null,"_links":{"self":[{"href":"https:\/\/euniv.eu\/es\/wp-json\/wp\/v2\/pages\/1193","targetHints":{"allow":["GET"]}}],"collection":[{"href":"https:\/\/euniv.eu\/es\/wp-json\/wp\/v2\/pages"}],"about":[{"href":"https:\/\/euniv.eu\/es\/wp-json\/wp\/v2\/types\/page"}],"author":[{"embeddable":true,"href":"https:\/\/euniv.eu\/es\/wp-json\/wp\/v2\/users\/3"}],"replies":[{"embeddable":true,"href":"https:\/\/euniv.eu\/es\/wp-json\/wp\/v2\/comments?post=1193"}],"version-history":[{"count":8,"href":"https:\/\/euniv.eu\/es\/wp-json\/wp\/v2\/pages\/1193\/revisions"}],"predecessor-version":[{"id":18199,"href":"https:\/\/euniv.eu\/es\/wp-json\/wp\/v2\/pages\/1193\/revisions\/18199"}],"wp:attachment":[{"href":"https:\/\/euniv.eu\/es\/wp-json\/wp\/v2\/media?parent=1193"}],"curies":[{"name":"wp","href":"https:\/\/api.w.org\/{rel}","templated":true}]}}