{"id":1196,"date":"2020-10-29T12:30:57","date_gmt":"2020-10-29T12:30:57","guid":{"rendered":"https:\/\/euniv.eu\/?page_id=1196"},"modified":"2020-12-14T16:57:23","modified_gmt":"2020-12-14T16:57:23","slug":"modelo","status":"publish","type":"page","link":"https:\/\/euniv.eu\/es\/universidad\/modelo\/","title":{"rendered":"Modelo"},"content":{"rendered":"<style>#kt-layout-id_7ccb8f-8f > .kt-row-column-wrap{align-content:start;}:where(#kt-layout-id_7ccb8f-8f > .kt-row-column-wrap) > .wp-block-kadence-column{justify-content:start;}#kt-layout-id_7ccb8f-8f > .kt-row-column-wrap{column-gap:var(--global-kb-gap-lg, 4rem);row-gap:var(--global-kb-gap-md, 2rem);max-width:1240px;margin-left:auto;margin-right:auto;padding-top:var( --global-kb-row-default-top, 25px );padding-bottom:var( --global-kb-row-default-bottom, 25px );padding-top:var(--global-kb-spacing-sm, 1.5rem);padding-bottom:var(--global-kb-spacing-sm, 1.5rem);grid-template-columns:minmax(0, calc(30% - ((var(--global-kb-gap-lg, 4rem) * 1 )\/2)))minmax(0, calc(70% - ((var(--global-kb-gap-lg, 4rem) * 1 )\/2)));}#kt-layout-id_7ccb8f-8f > .kt-row-layout-overlay{opacity:0.30;}@media all and (max-width: 1024px){#kt-layout-id_7ccb8f-8f > .kt-row-column-wrap{grid-template-columns:minmax(0, 1fr) minmax(0, 2fr);}}@media all and (max-width: 767px){#kt-layout-id_7ccb8f-8f > .kt-row-column-wrap{grid-template-columns:minmax(0, 1fr);}}<\/style>\n<div class=\"wp-block-kadence-rowlayout alignnone\"><div id=\"kt-layout-id_7ccb8f-8f\" class=\"kt-row-layout-inner kt-layout-id_7ccb8f-8f\"><div class=\"kt-row-column-wrap kt-has-2-columns kt-gutter-wider kt-v-gutter-default kt-row-valign-top kt-row-layout-right-golden kt-tab-layout-inherit kt-m-colapse-left-to-right kt-mobile-layout-row  kt-custom-first-width-30  kt-custom-second-width-70\"><style>.kadence-column_70486e-0d > .kt-inside-inner-col{border-top-width:0px;border-right-width:0px;border-bottom-width:0px;border-left-width:0px;}.kadence-column_70486e-0d > .kt-inside-inner-col,.kadence-column_70486e-0d > .kt-inside-inner-col:before{border-top-left-radius:0px;border-top-right-radius:0px;border-bottom-right-radius:0px;border-bottom-left-radius:0px;}.kadence-column_70486e-0d > .kt-inside-inner-col{column-gap:var(--global-kb-gap-sm, 1rem);}.kadence-column_70486e-0d > .kt-inside-inner-col{flex-direction:column;}.kadence-column_70486e-0d > .kt-inside-inner-col > .aligncenter{width:100%;}.kadence-column_70486e-0d > .kt-inside-inner-col:before{opacity:0.3;}.kadence-column_70486e-0d{position:relative;}@media all and (max-width: 1024px){.kadence-column_70486e-0d > .kt-inside-inner-col{flex-direction:column;justify-content:center;}}@media all and (max-width: 767px){.kadence-column_70486e-0d > .kt-inside-inner-col{flex-direction:column;justify-content:center;}}<\/style>\n<div class=\"wp-block-kadence-column inner-column-1 kadence-column_70486e-0d animated fadeInLeft slow\"><div class=\"kt-inside-inner-col\">Este men\u00fa no existe o no contiene elementos\n<\/div><\/div>\n\n\n<style>.kadence-column_02f96e-3c > .kt-inside-inner-col{border-top-width:0px;border-right-width:0px;border-bottom-width:0px;border-left-width:0px;}.kadence-column_02f96e-3c > .kt-inside-inner-col,.kadence-column_02f96e-3c > .kt-inside-inner-col:before{border-top-left-radius:0px;border-top-right-radius:0px;border-bottom-right-radius:0px;border-bottom-left-radius:0px;}.kadence-column_02f96e-3c > .kt-inside-inner-col{column-gap:var(--global-kb-gap-sm, 1rem);}.kadence-column_02f96e-3c > .kt-inside-inner-col{flex-direction:column;}.kadence-column_02f96e-3c > .kt-inside-inner-col > .aligncenter{width:100%;}.kadence-column_02f96e-3c > .kt-inside-inner-col:before{opacity:0.3;}.kadence-column_02f96e-3c{position:relative;}@media all and (max-width: 1024px){.kadence-column_02f96e-3c > .kt-inside-inner-col{flex-direction:column;justify-content:center;}}@media all and (max-width: 767px){.kadence-column_02f96e-3c > .kt-inside-inner-col{flex-direction:column;justify-content:center;}}<\/style>\n<div class=\"wp-block-kadence-column inner-column-2 kadence-column_02f96e-3c animated fadeIn\"><div class=\"kt-inside-inner-col\"><style>#kt-layout-id_787e6d-1b > .kt-row-column-wrap{align-content:center;}:where(#kt-layout-id_787e6d-1b > .kt-row-column-wrap) > .wp-block-kadence-column{justify-content:center;}#kt-layout-id_787e6d-1b > .kt-row-column-wrap{column-gap:20px;row-gap:var(--global-kb-gap-md, 2rem);padding-top:var( --global-kb-row-default-top, 25px );padding-bottom:var( --global-kb-row-default-bottom, 25px );padding-top:var(--global-kb-spacing-sm, 1.5rem);padding-bottom:var(--global-kb-spacing-sm, 1.5rem);grid-template-columns:minmax(0, calc(15% - ((20px * 1 )\/2)))minmax(0, calc(85% - ((20px * 1 )\/2)));}#kt-layout-id_787e6d-1b > .kt-row-layout-overlay{opacity:0.30;}@media all and (max-width: 1024px){#kt-layout-id_787e6d-1b > .kt-row-column-wrap{grid-template-columns:minmax(0, 1fr) minmax(0, 2fr);}}@media all and (max-width: 767px){#kt-layout-id_787e6d-1b > .kt-row-column-wrap{grid-template-columns:minmax(0, 1fr);}}<\/style>\n<div class=\"wp-block-kadence-rowlayout alignnone\"><div id=\"kt-layout-id_787e6d-1b\" class=\"kt-row-layout-inner kt-layout-id_787e6d-1b\"><div class=\"kt-row-column-wrap kt-has-2-columns kt-gutter-narrow kt-v-gutter-default kt-row-valign-middle kt-row-layout-right-golden kt-tab-layout-inherit kt-m-colapse-left-to-right kt-mobile-layout-row  kt-custom-first-width-15  kt-custom-second-width-85\"><style>.kadence-column_915589-23 > .kt-inside-inner-col{border-top-width:0px;border-right-width:0px;border-bottom-width:0px;border-left-width:0px;}.kadence-column_915589-23 > .kt-inside-inner-col,.kadence-column_915589-23 > .kt-inside-inner-col:before{border-top-left-radius:0px;border-top-right-radius:0px;border-bottom-right-radius:0px;border-bottom-left-radius:0px;}.kadence-column_915589-23 > .kt-inside-inner-col{column-gap:var(--global-kb-gap-sm, 1rem);}.kadence-column_915589-23 > .kt-inside-inner-col{flex-direction:column;}.kadence-column_915589-23 > .kt-inside-inner-col > .aligncenter{width:100%;}.kadence-column_915589-23 > .kt-inside-inner-col:before{opacity:0.3;}.kadence-column_915589-23{position:relative;}@media all and (max-width: 1024px){.kadence-column_915589-23 > .kt-inside-inner-col{flex-direction:column;justify-content:center;}}@media all and (max-width: 767px){.kadence-column_915589-23 > .kt-inside-inner-col{flex-direction:column;justify-content:center;}}<\/style>\n<div class=\"wp-block-kadence-column inner-column-1 kadence-column_915589-23\"><div class=\"kt-inside-inner-col\">\n<figure class=\"wp-block-image size-large\"><img decoding=\"async\" src=\"https:\/\/euniv.eu\/wp-content\/uploads\/\/2020\/09\/ico_m.svg\" alt=\"\"\/><\/figure>\n<\/div><\/div>\n\n\n<style>.kadence-column_beffd6-4e > .kt-inside-inner-col{border-top-width:0px;border-right-width:0px;border-bottom-width:0px;border-left-width:0px;}.kadence-column_beffd6-4e > .kt-inside-inner-col,.kadence-column_beffd6-4e > .kt-inside-inner-col:before{border-top-left-radius:0px;border-top-right-radius:0px;border-bottom-right-radius:0px;border-bottom-left-radius:0px;}.kadence-column_beffd6-4e > .kt-inside-inner-col{column-gap:var(--global-kb-gap-sm, 1rem);}.kadence-column_beffd6-4e > .kt-inside-inner-col{flex-direction:column;}.kadence-column_beffd6-4e > .kt-inside-inner-col > .aligncenter{width:100%;}.kadence-column_beffd6-4e > .kt-inside-inner-col:before{opacity:0.3;}.kadence-column_beffd6-4e{position:relative;}@media all and (max-width: 1024px){.kadence-column_beffd6-4e > .kt-inside-inner-col{flex-direction:column;justify-content:center;}}@media all and (max-width: 767px){.kadence-column_beffd6-4e > .kt-inside-inner-col{flex-direction:column;justify-content:center;}}<\/style>\n<div class=\"wp-block-kadence-column inner-column-2 kadence-column_beffd6-4e\"><div class=\"kt-inside-inner-col\">\n<h1 class=\"wp-block-heading\"> Non multa <\/h1>\n\n\n\n<h1 class=\"wp-block-heading\">sed multum<\/h1>\n<\/div><\/div>\n<\/div><\/div><\/div>\n\n\n\n<p>La eUniv es un proyecto nacido a partir de una renovaci\u00f3n metodol\u00f3gica radical de la docencia universitaria. Su singularidad no se fundamenta en la modalidad o la tecnolog\u00eda sino en la organizaci\u00f3n \u00fanica de su docencia.<\/p>\n\n\n\n<p>El modelo eUniv parte de la constataci\u00f3n de que el perfil del alumnado de la ense\u00f1anza on-line se caracteriza mayoritariamente por ser el de personas con responsabilidades laborales, personales y sociales, que cuando acceden a la formaci\u00f3n continuada lo hacen de forma secuenciada, evitando cursar m\u00e1s de un programa a la vez.<\/p>\n\n\n\n<p>Siendo as\u00ed, la eUniv procedi\u00f3 a adaptarse a esta realidad y reformular \u00edntegramente la organizaci\u00f3n docente y las actividades formativas correspondientes. El resultado de esta opci\u00f3n es el marco de un modelo docente \u00fanico, que rompe con la tradici\u00f3n universitaria de una metodolog\u00eda pensada unidimensionalmente para atender al alumnado procedente de las ense\u00f1anzas secundarias.<\/p>\n\n\n\n<p>El alumnado de la eUniv no est\u00e1 obligado a cursar simult\u00e1neamente m\u00e1s de una materia. Tampoco a matricularse a m\u00e1s de una. Todo lo puede hacer progresivamente, a su ritmo, adaptando la formaci\u00f3n a sus circunstancias (incluidas las econ\u00f3micas). La flexibilidad en el acceso y en el seguimiento de los estudios es total. El modelo eUniv contempla todas las actividades formativas cl\u00e1sicas: te\u00f3ricas, pr\u00e1cticas, participativas y de investigaci\u00f3n, ya sea individual o colectivamente, y para desarrollarlas dispone de un amplio abanico de metodolog\u00edas a su alcance, as\u00ed como de la tecnolog\u00eda educativa dise\u00f1ada espec\u00edficamente para la ense\u00f1anza superior y universitaria.<\/p>\n<\/div><\/div>\n<\/div><\/div><\/div>\n\n\n\n<div style=\"height:100px\" aria-hidden=\"true\" class=\"wp-block-spacer\"><\/div>\n","protected":false},"excerpt":{"rendered":"<p>Non multa sed multum La eUniv es un proyecto nacido a partir de una renovaci\u00f3n metodol\u00f3gica radical de la docencia universitaria. Su singularidad no se fundamenta en la modalidad o la tecnolog\u00eda sino en la organizaci\u00f3n \u00fanica de su docencia. El modelo eUniv parte de la constataci\u00f3n de que el perfil del alumnado de la &hellip;<\/p>\n","protected":false},"author":3,"featured_media":0,"parent":1193,"menu_order":0,"comment_status":"closed","ping_status":"closed","template":"templates\/template-builder.php","meta":{"_editorskit_title_hidden":false,"_editorskit_reading_time":1,"_editorskit_is_block_options_detached":false,"_editorskit_block_options_position":"{}","inline_featured_image":false,"footnotes":""},"class_list":["post-1196","page","type-page","status-publish","hentry","post","without-featured-image"],"featured_image_src":null,"featured_image_src_square":null,"_links":{"self":[{"href":"https:\/\/euniv.eu\/es\/wp-json\/wp\/v2\/pages\/1196","targetHints":{"allow":["GET"]}}],"collection":[{"href":"https:\/\/euniv.eu\/es\/wp-json\/wp\/v2\/pages"}],"about":[{"href":"https:\/\/euniv.eu\/es\/wp-json\/wp\/v2\/types\/page"}],"author":[{"embeddable":true,"href":"https:\/\/euniv.eu\/es\/wp-json\/wp\/v2\/users\/3"}],"replies":[{"embeddable":true,"href":"https:\/\/euniv.eu\/es\/wp-json\/wp\/v2\/comments?post=1196"}],"version-history":[{"count":3,"href":"https:\/\/euniv.eu\/es\/wp-json\/wp\/v2\/pages\/1196\/revisions"}],"predecessor-version":[{"id":2813,"href":"https:\/\/euniv.eu\/es\/wp-json\/wp\/v2\/pages\/1196\/revisions\/2813"}],"up":[{"embeddable":true,"href":"https:\/\/euniv.eu\/es\/wp-json\/wp\/v2\/pages\/1193"}],"wp:attachment":[{"href":"https:\/\/euniv.eu\/es\/wp-json\/wp\/v2\/media?parent=1196"}],"curies":[{"name":"wp","href":"https:\/\/api.w.org\/{rel}","templated":true}]}}