{"id":1200,"date":"2020-10-29T16:06:23","date_gmt":"2020-10-29T16:06:23","guid":{"rendered":"https:\/\/euniv.eu\/?page_id=1200"},"modified":"2024-03-13T10:24:04","modified_gmt":"2024-03-13T10:24:04","slug":"normativa","status":"publish","type":"page","link":"https:\/\/euniv.eu\/es\/universidad\/normativa\/","title":{"rendered":"Normativa"},"content":{"rendered":"<style>.kb-row-layout-id1200_991288-64 > .kt-row-column-wrap{align-content:start;}:where(.kb-row-layout-id1200_991288-64 > .kt-row-column-wrap) > .wp-block-kadence-column{justify-content:start;}.kb-row-layout-id1200_991288-64 > .kt-row-column-wrap{column-gap:var(--global-kb-gap-lg, 4rem);row-gap:var(--global-kb-gap-md, 2rem);max-width:1240px;margin-left:auto;margin-right:auto;padding-top:var(--global-kb-spacing-sm, 1.5rem);padding-bottom:var(--global-kb-spacing-sm, 1.5rem);grid-template-columns:minmax(0, calc(30% - ((var(--global-kb-gap-lg, 4rem) * 1 )\/2)))minmax(0, calc(70% - ((var(--global-kb-gap-lg, 4rem) * 1 )\/2)));}.kb-row-layout-id1200_991288-64 > .kt-row-layout-overlay{opacity:0.30;}@media all and (max-width: 1024px){.kb-row-layout-id1200_991288-64 > .kt-row-column-wrap{grid-template-columns:minmax(0, 1fr) minmax(0, 2fr);}}@media all and (max-width: 767px){.kb-row-layout-id1200_991288-64 > .kt-row-column-wrap{grid-template-columns:minmax(0, 1fr);}}<\/style><div class=\"kb-row-layout-wrap kb-row-layout-id1200_991288-64 alignnone wp-block-kadence-rowlayout\"><div class=\"kt-row-column-wrap kt-has-2-columns kt-row-layout-right-golden kt-tab-layout-inherit kt-mobile-layout-row kt-row-valign-top\">\n<style>.kadence-column1200_8a4917-f4 > .kt-inside-inner-col,.kadence-column1200_8a4917-f4 > .kt-inside-inner-col:before{border-top-left-radius:0px;border-top-right-radius:0px;border-bottom-right-radius:0px;border-bottom-left-radius:0px;}.kadence-column1200_8a4917-f4 > .kt-inside-inner-col{column-gap:var(--global-kb-gap-sm, 1rem);}.kadence-column1200_8a4917-f4 > .kt-inside-inner-col{flex-direction:column;}.kadence-column1200_8a4917-f4 > .kt-inside-inner-col > .aligncenter{width:100%;}.kadence-column1200_8a4917-f4 > .kt-inside-inner-col:before{opacity:0.3;}.kadence-column1200_8a4917-f4{position:relative;}@media all and (max-width: 1024px){.kadence-column1200_8a4917-f4 > .kt-inside-inner-col{flex-direction:column;justify-content:center;}}@media all and (max-width: 767px){.kadence-column1200_8a4917-f4 > .kt-inside-inner-col{flex-direction:column;justify-content:center;}}<\/style>\n<div class=\"wp-block-kadence-column kadence-column1200_8a4917-f4 inner-column-1 animated fadeInLeft slow\"><div class=\"kt-inside-inner-col\">Este men\u00fa no existe o no contiene elementos\n<\/div><\/div>\n\n\n<style>.kadence-column1200_31a862-07 > .kt-inside-inner-col,.kadence-column1200_31a862-07 > .kt-inside-inner-col:before{border-top-left-radius:0px;border-top-right-radius:0px;border-bottom-right-radius:0px;border-bottom-left-radius:0px;}.kadence-column1200_31a862-07 > .kt-inside-inner-col{column-gap:var(--global-kb-gap-sm, 1rem);}.kadence-column1200_31a862-07 > .kt-inside-inner-col{flex-direction:column;}.kadence-column1200_31a862-07 > .kt-inside-inner-col > .aligncenter{width:100%;}.kadence-column1200_31a862-07 > .kt-inside-inner-col:before{opacity:0.3;}.kadence-column1200_31a862-07{position:relative;}@media all and (max-width: 1024px){.kadence-column1200_31a862-07 > .kt-inside-inner-col{flex-direction:column;justify-content:center;}}@media all and (max-width: 767px){.kadence-column1200_31a862-07 > .kt-inside-inner-col{flex-direction:column;justify-content:center;}}<\/style>\n<div class=\"wp-block-kadence-column kadence-column1200_31a862-07 inner-column-2 animated fadeIn\"><div class=\"kt-inside-inner-col\"><style>.kb-row-layout-id1200_3b913b-ae > .kt-row-column-wrap{align-content:center;}:where(.kb-row-layout-id1200_3b913b-ae > .kt-row-column-wrap) > .wp-block-kadence-column{justify-content:center;}.kb-row-layout-id1200_3b913b-ae > .kt-row-column-wrap{column-gap:20px;row-gap:var(--global-kb-gap-md, 2rem);padding-top:var(--global-kb-spacing-sm, 1.5rem);padding-bottom:var(--global-kb-spacing-sm, 1.5rem);grid-template-columns:minmax(0, calc(15% - ((20px * 1 )\/2)))minmax(0, calc(85% - ((20px * 1 )\/2)));}.kb-row-layout-id1200_3b913b-ae > .kt-row-layout-overlay{opacity:0.30;}@media all and (max-width: 1024px){.kb-row-layout-id1200_3b913b-ae > .kt-row-column-wrap{grid-template-columns:minmax(0, 1fr) minmax(0, 2fr);}}@media all and (max-width: 767px){.kb-row-layout-id1200_3b913b-ae > .kt-row-column-wrap{grid-template-columns:minmax(0, 1fr);}}<\/style><div class=\"kb-row-layout-wrap kb-row-layout-id1200_3b913b-ae alignnone wp-block-kadence-rowlayout\"><div class=\"kt-row-column-wrap kt-has-2-columns kt-row-layout-right-golden kt-tab-layout-inherit kt-mobile-layout-row kt-row-valign-middle\">\n<style>.kadence-column1200_0ba449-3c > .kt-inside-inner-col,.kadence-column1200_0ba449-3c > .kt-inside-inner-col:before{border-top-left-radius:0px;border-top-right-radius:0px;border-bottom-right-radius:0px;border-bottom-left-radius:0px;}.kadence-column1200_0ba449-3c > .kt-inside-inner-col{column-gap:var(--global-kb-gap-sm, 1rem);}.kadence-column1200_0ba449-3c > .kt-inside-inner-col{flex-direction:column;}.kadence-column1200_0ba449-3c > .kt-inside-inner-col > .aligncenter{width:100%;}.kadence-column1200_0ba449-3c > .kt-inside-inner-col:before{opacity:0.3;}.kadence-column1200_0ba449-3c{position:relative;}@media all and (max-width: 1024px){.kadence-column1200_0ba449-3c > .kt-inside-inner-col{flex-direction:column;justify-content:center;}}@media all and (max-width: 767px){.kadence-column1200_0ba449-3c > .kt-inside-inner-col{flex-direction:column;justify-content:center;}}<\/style>\n<div class=\"wp-block-kadence-column kadence-column1200_0ba449-3c inner-column-1\"><div class=\"kt-inside-inner-col\">\n<figure class=\"wp-block-image size-large\"><img decoding=\"async\" src=\"https:\/\/euniv.eu\/wp-content\/uploads\/\/2020\/09\/ico_e-1.svg\" alt=\"E\" class=\"wp-image-1847\"\/><\/figure>\n<\/div><\/div>\n\n\n<style>.kadence-column1200_4b844b-e2 > .kt-inside-inner-col,.kadence-column1200_4b844b-e2 > .kt-inside-inner-col:before{border-top-left-radius:0px;border-top-right-radius:0px;border-bottom-right-radius:0px;border-bottom-left-radius:0px;}.kadence-column1200_4b844b-e2 > .kt-inside-inner-col{column-gap:var(--global-kb-gap-sm, 1rem);}.kadence-column1200_4b844b-e2 > .kt-inside-inner-col{flex-direction:column;}.kadence-column1200_4b844b-e2 > .kt-inside-inner-col > .aligncenter{width:100%;}.kadence-column1200_4b844b-e2 > .kt-inside-inner-col:before{opacity:0.3;}.kadence-column1200_4b844b-e2{position:relative;}@media all and (max-width: 1024px){.kadence-column1200_4b844b-e2 > .kt-inside-inner-col{flex-direction:column;justify-content:center;}}@media all and (max-width: 767px){.kadence-column1200_4b844b-e2 > .kt-inside-inner-col{flex-direction:column;justify-content:center;}}<\/style>\n<div class=\"wp-block-kadence-column kadence-column1200_4b844b-e2 inner-column-2\"><div class=\"kt-inside-inner-col\">\n<h1 class=\"wp-block-heading\"><strong>Normativa:<\/strong> <br>estatutos y constituciones<\/h1>\n<\/div><\/div>\n\n<\/div><\/div>\n\n\n<p>La eUniv se ordena legalmente a partir del r\u00e9gimen jur\u00eddico universitario vigente en el Principado de Andorra, que se desarrolla a trav\u00e9s de las constituciones aprobadas por los \u00f3rganos correspondientes de la propia Universidad, en ejercicio de su potestad y autonom\u00eda autoorganizativa.<\/p>\n\n\n\n<p>La norma institucional b\u00e1sica de la Universidad Europea son sus Estatutos, aprobados por la Junta General el d\u00eda 25 de abril del 2019 y revisados \u200b\u200ben fecha 4 de mayo de 2020, donde se regulan los aspectos institucionales, organizativos y de funcionamiento, adem\u00e1s los elementos vinculados a los colectivos que constituyen la comunidad universitaria:<\/p>\n\n\n\n<p><\/p>\n\n\n<style>.wp-block-kadence-iconlist.kt-svg-icon-list-items1200_28b773-fd:not(.this-stops-third-party-issues){margin-top:0px;margin-bottom:0px;}.wp-block-kadence-iconlist.kt-svg-icon-list-items1200_28b773-fd ul.kt-svg-icon-list:not(.this-prevents-issues):not(.this-stops-third-party-issues):not(.tijsloc){margin-top:0px;margin-right:0px;margin-bottom:23px;margin-left:23px;}.wp-block-kadence-iconlist.kt-svg-icon-list-items1200_28b773-fd ul.kt-svg-icon-list{grid-row-gap:5px;}.wp-block-kadence-iconlist.kt-svg-icon-list-items1200_28b773-fd ul.kt-svg-icon-list .kt-svg-icon-list-item-wrap .kt-svg-icon-list-single{margin-right:10px;}<\/style>\n<div class=\"wp-block-kadence-iconlist kt-svg-icon-list-items kt-svg-icon-list-items1200_28b773-fd kt-svg-icon-list-columns-1 alignnone kt-list-icon-aligntop list_text\"><ul class=\"kt-svg-icon-list\"><style>.kt-svg-icon-list-item-1200_a09d24-fc .kt-svg-icon-list-single{font-size:27px !important;color:#792140 !important;}.kt-svg-icon-list-item-1200_a09d24-fc .kt-svg-icon-list-text mark.kt-highlight{background-color:unset;font-style:normal;color:#f76a0c;-webkit-box-decoration-break:clone;box-decoration-break:clone;padding-top:0px;padding-right:0px;padding-bottom:0px;padding-left:0px;}<\/style>\n<li class=\"wp-block-kadence-listitem kt-svg-icon-list-item-wrap kt-svg-icon-list-item-1200_a09d24-fc kt-svg-icon-list-style-default\"><span class=\"kb-svg-icon-wrap kb-svg-icon-fe_arrowRight kt-svg-icon-list-single\"><svg viewBox=\"0 0 24 24\"  fill=\"none\" stroke=\"currentColor\" stroke-width=\"1.5\" stroke-linecap=\"round\" stroke-linejoin=\"round\" xmlns=\"http:\/\/www.w3.org\/2000\/svg\"  aria-hidden=\"true\"><line x1=\"5\" y1=\"12\" x2=\"19\" y2=\"12\"\/><polyline points=\"12 5 19 12 12 19\"\/><\/svg><\/span><span class=\"kt-svg-icon-list-text\"><a href=\"https:\/\/euniv.eu\/wp-content\/uploads\/2024\/03\/Constitutio-I-CAST-.pdf\" target=\"_blank\" aria-label=\" (opens in a new tab)\" rel=\"noreferrer noopener\" class=\"ek-link\"><strong>Constitutio I<\/strong> \/ 2019, de 25 de abril, de aprobaci\u00f3n de los Estatutos de la Universidad<\/a><\/span><\/li>\n<\/ul><\/div>\n\n\n\n<p>La normativa acad\u00e9mica de la Universidad Europea se ordena a trav\u00e9s del Reglamento Acad\u00e9mico General, aprobado por la Junta Acad\u00e9mica el d\u00eda 16 de diciembre de 2019, que recoge las normas dedicadas al acceso y la admisi\u00f3n, la matriculaci\u00f3n y el r\u00e9gimen de estudios y permanencia, la acogida y atenci\u00f3n tutorial, y la gesti\u00f3n acad\u00e9mica y docente:<\/p>\n\n\n<style>.wp-block-kadence-iconlist.kt-svg-icon-list-items1200_5556ab-1f:not(.this-stops-third-party-issues){margin-top:0px;margin-bottom:0px;}.wp-block-kadence-iconlist.kt-svg-icon-list-items1200_5556ab-1f ul.kt-svg-icon-list:not(.this-prevents-issues):not(.this-stops-third-party-issues):not(.tijsloc){margin-top:0px;margin-right:0px;margin-bottom:23px;margin-left:23px;}.wp-block-kadence-iconlist.kt-svg-icon-list-items1200_5556ab-1f ul.kt-svg-icon-list{grid-row-gap:5px;}.wp-block-kadence-iconlist.kt-svg-icon-list-items1200_5556ab-1f ul.kt-svg-icon-list .kt-svg-icon-list-item-wrap .kt-svg-icon-list-single{margin-right:10px;}<\/style>\n<div class=\"wp-block-kadence-iconlist kt-svg-icon-list-items kt-svg-icon-list-items1200_5556ab-1f kt-svg-icon-list-columns-1 alignnone kt-list-icon-aligntop list_text\"><ul class=\"kt-svg-icon-list\"><style>.kt-svg-icon-list-item-1200_ff7472-25 .kt-svg-icon-list-single{font-size:27px !important;color:#792140 !important;}.kt-svg-icon-list-item-1200_ff7472-25 .kt-svg-icon-list-text mark.kt-highlight{background-color:unset;font-style:normal;color:#f76a0c;-webkit-box-decoration-break:clone;box-decoration-break:clone;padding-top:0px;padding-right:0px;padding-bottom:0px;padding-left:0px;}<\/style>\n<li class=\"wp-block-kadence-listitem kt-svg-icon-list-item-wrap kt-svg-icon-list-item-1200_ff7472-25 kt-svg-icon-list-style-default\"><span class=\"kb-svg-icon-wrap kb-svg-icon-fe_arrowRight kt-svg-icon-list-single\"><svg viewBox=\"0 0 24 24\"  fill=\"none\" stroke=\"currentColor\" stroke-width=\"1.5\" stroke-linecap=\"round\" stroke-linejoin=\"round\" xmlns=\"http:\/\/www.w3.org\/2000\/svg\"  aria-hidden=\"true\"><line x1=\"5\" y1=\"12\" x2=\"19\" y2=\"12\"\/><polyline points=\"12 5 19 12 12 19\"\/><\/svg><\/span><span class=\"kt-svg-icon-list-text\"><a href=\"https:\/\/euniv.eu\/wp-content\/uploads\/2024\/03\/Constitutio-II_CAST.pdf\" target=\"_blank\" aria-label=\" (opens in a new tab)\" rel=\"noreferrer noopener\" class=\"ek-link\"><strong><strong>Constitutio II<\/strong> <\/strong>\/ 2019, de 16 de diciembre, de aprobaci\u00f3n del Reglamento Acad\u00e9mico General<\/a><\/span><\/li>\n<\/ul><\/div>\n\n\n\n<p>Las constituciones de la eUniv regulan tambi\u00e9n aspectos espec\u00edficos, tales como la organizaci\u00f3n y funcionamiento de los centros y la normativa reguladora de los estudios de Doctorado:<\/p>\n\n\n<style>.wp-block-kadence-iconlist.kt-svg-icon-list-items1200_19ea31-e8:not(.this-stops-third-party-issues){margin-top:0px;margin-bottom:0px;}.wp-block-kadence-iconlist.kt-svg-icon-list-items1200_19ea31-e8 ul.kt-svg-icon-list:not(.this-prevents-issues):not(.this-stops-third-party-issues):not(.tijsloc){margin-top:0px;margin-right:0px;margin-bottom:23px;margin-left:23px;}.wp-block-kadence-iconlist.kt-svg-icon-list-items1200_19ea31-e8 ul.kt-svg-icon-list{grid-row-gap:5px;}.wp-block-kadence-iconlist.kt-svg-icon-list-items1200_19ea31-e8 ul.kt-svg-icon-list .kt-svg-icon-list-item-wrap .kt-svg-icon-list-single{margin-right:10px;}<\/style>\n<div class=\"wp-block-kadence-iconlist kt-svg-icon-list-items kt-svg-icon-list-items1200_19ea31-e8 kt-svg-icon-list-columns-1 alignnone kt-list-icon-aligntop list_text\"><ul class=\"kt-svg-icon-list\"><style>.kt-svg-icon-list-item-1200_eecdc9-43 .kt-svg-icon-list-single{font-size:27px !important;color:#792140 !important;}.kt-svg-icon-list-item-1200_eecdc9-43 .kt-svg-icon-list-text mark.kt-highlight{background-color:unset;font-style:normal;color:#f76a0c;-webkit-box-decoration-break:clone;box-decoration-break:clone;padding-top:0px;padding-right:0px;padding-bottom:0px;padding-left:0px;}<\/style>\n<li class=\"wp-block-kadence-listitem kt-svg-icon-list-item-wrap kt-svg-icon-list-item-1200_eecdc9-43 kt-svg-icon-list-style-default\"><span class=\"kb-svg-icon-wrap kb-svg-icon-fe_arrowRight kt-svg-icon-list-single\"><svg viewBox=\"0 0 24 24\"  fill=\"none\" stroke=\"currentColor\" stroke-width=\"1.5\" stroke-linecap=\"round\" stroke-linejoin=\"round\" xmlns=\"http:\/\/www.w3.org\/2000\/svg\"  aria-hidden=\"true\"><line x1=\"5\" y1=\"12\" x2=\"19\" y2=\"12\"\/><polyline points=\"12 5 19 12 12 19\"\/><\/svg><\/span><span class=\"kt-svg-icon-list-text\"><a href=\"https:\/\/euniv.eu\/wp-content\/uploads\/2024\/03\/Constitutio-III-RGC_ESP.pdf\" target=\"_blank\" aria-label=\" (opens in a new tab)\" rel=\"noreferrer noopener\" class=\"ek-link\"><strong><strong><strong>Constitutio III<\/strong> <\/strong><\/strong>\/ 2019, de 21 de junio, de aprobaci\u00f3n del Reglamento de los Centros<\/a><\/span><\/li>\n\n\n<style>.kt-svg-icon-list-item-1200_7343eb-e1 .kt-svg-icon-list-single{font-size:27px !important;color:#792140 !important;}.kt-svg-icon-list-item-1200_7343eb-e1 .kt-svg-icon-list-text mark.kt-highlight{background-color:unset;font-style:normal;color:#f76a0c;-webkit-box-decoration-break:clone;box-decoration-break:clone;padding-top:0px;padding-right:0px;padding-bottom:0px;padding-left:0px;}<\/style>\n<li class=\"wp-block-kadence-listitem kt-svg-icon-list-item-wrap kt-svg-icon-list-item-1200_7343eb-e1 kt-svg-icon-list-style-default\"><span class=\"kb-svg-icon-wrap kb-svg-icon-fe_arrowRight kt-svg-icon-list-single\"><svg viewBox=\"0 0 24 24\"  fill=\"none\" stroke=\"currentColor\" stroke-width=\"1.5\" stroke-linecap=\"round\" stroke-linejoin=\"round\" xmlns=\"http:\/\/www.w3.org\/2000\/svg\"  aria-hidden=\"true\"><line x1=\"5\" y1=\"12\" x2=\"19\" y2=\"12\"\/><polyline points=\"12 5 19 12 12 19\"\/><\/svg><\/span><span class=\"kt-svg-icon-list-text\"><a href=\"https:\/\/euniv.eu\/wp-content\/uploads\/2021\/09\/Constitutio-IV-CAST.pdf\" target=\"_blank\" aria-label=\"Constitutio IV \/ 2019, de 21 de junio, de aprobaci\u00f3n de la Normativa de Doctorado (opens in a new tab)\" rel=\"noreferrer noopener\" class=\"ek-link\"><strong>Constitutio IV<\/strong> \/ 2019, de 21 de junio, de aprobaci\u00f3n de la Normativa de Doctorado<\/a><\/span><\/li>\n<\/ul><\/div>\n<\/div><\/div>\n\n<\/div><\/div>\n\n\n<div style=\"height:100px\" aria-hidden=\"true\" class=\"wp-block-spacer\"><\/div>\n","protected":false},"excerpt":{"rendered":"<p>Normativa: estatutos y constituciones La eUniv se ordena legalmente a partir del r\u00e9gimen jur\u00eddico universitario vigente en el Principado de Andorra, que se desarrolla a trav\u00e9s de las constituciones aprobadas por los \u00f3rganos correspondientes de la propia Universidad, en ejercicio de su potestad y autonom\u00eda autoorganizativa. La norma institucional b\u00e1sica de la Universidad Europea son &hellip;<\/p>\n","protected":false},"author":3,"featured_media":0,"parent":1193,"menu_order":0,"comment_status":"closed","ping_status":"closed","template":"templates\/template-builder.php","meta":{"_editorskit_title_hidden":false,"_editorskit_reading_time":1,"_editorskit_is_block_options_detached":false,"_editorskit_block_options_position":"{}","inline_featured_image":false,"footnotes":""},"class_list":["post-1200","page","type-page","status-publish","hentry","post","without-featured-image"],"featured_image_src":null,"featured_image_src_square":null,"_links":{"self":[{"href":"https:\/\/euniv.eu\/es\/wp-json\/wp\/v2\/pages\/1200","targetHints":{"allow":["GET"]}}],"collection":[{"href":"https:\/\/euniv.eu\/es\/wp-json\/wp\/v2\/pages"}],"about":[{"href":"https:\/\/euniv.eu\/es\/wp-json\/wp\/v2\/types\/page"}],"author":[{"embeddable":true,"href":"https:\/\/euniv.eu\/es\/wp-json\/wp\/v2\/users\/3"}],"replies":[{"embeddable":true,"href":"https:\/\/euniv.eu\/es\/wp-json\/wp\/v2\/comments?post=1200"}],"version-history":[{"count":7,"href":"https:\/\/euniv.eu\/es\/wp-json\/wp\/v2\/pages\/1200\/revisions"}],"predecessor-version":[{"id":10837,"href":"https:\/\/euniv.eu\/es\/wp-json\/wp\/v2\/pages\/1200\/revisions\/10837"}],"up":[{"embeddable":true,"href":"https:\/\/euniv.eu\/es\/wp-json\/wp\/v2\/pages\/1193"}],"wp:attachment":[{"href":"https:\/\/euniv.eu\/es\/wp-json\/wp\/v2\/media?parent=1200"}],"curies":[{"name":"wp","href":"https:\/\/api.w.org\/{rel}","templated":true}]}}