{"id":1205,"date":"2020-10-29T16:19:42","date_gmt":"2020-10-29T16:19:42","guid":{"rendered":"https:\/\/euniv.eu\/?page_id=1205"},"modified":"2025-09-09T11:58:49","modified_gmt":"2025-09-09T09:58:49","slug":"colegio-universitario-f-layret","status":"publish","type":"page","link":"https:\/\/euniv.eu\/es\/organizacion-euniv\/centros-euniv\/colegio-universitario-f-layret\/","title":{"rendered":"Colegio Universitario F. Layret"},"content":{"rendered":"<style>.kb-row-layout-id1205_1cbc49-af > .kt-row-column-wrap{align-content:start;}:where(.kb-row-layout-id1205_1cbc49-af > .kt-row-column-wrap) > .wp-block-kadence-column{justify-content:start;}.kb-row-layout-id1205_1cbc49-af > .kt-row-column-wrap{column-gap:var(--global-kb-gap-lg, 4rem);row-gap:var(--global-kb-gap-md, 2rem);max-width:1240px;margin-left:auto;margin-right:auto;padding-top:var(--global-kb-spacing-sm, 1.5rem);padding-bottom:var(--global-kb-spacing-sm, 1.5rem);grid-template-columns:minmax(0, calc(30% - ((var(--global-kb-gap-lg, 4rem) * 1 )\/2)))minmax(0, calc(70% - ((var(--global-kb-gap-lg, 4rem) * 1 )\/2)));}.kb-row-layout-id1205_1cbc49-af > .kt-row-layout-overlay{opacity:0.30;}@media all and (max-width: 1024px){.kb-row-layout-id1205_1cbc49-af > .kt-row-column-wrap{grid-template-columns:minmax(0, 1fr) minmax(0, 2fr);}}@media all and (max-width: 767px){.kb-row-layout-id1205_1cbc49-af > .kt-row-column-wrap{grid-template-columns:minmax(0, 1fr);}}<\/style><div class=\"kb-row-layout-wrap kb-row-layout-id1205_1cbc49-af alignnone wp-block-kadence-rowlayout\"><div class=\"kt-row-column-wrap kt-has-2-columns kt-row-layout-right-golden kt-tab-layout-inherit kt-mobile-layout-row kt-row-valign-top\">\n<style>.kadence-column1205_4417c5-d1 > .kt-inside-inner-col,.kadence-column1205_4417c5-d1 > .kt-inside-inner-col:before{border-top-left-radius:0px;border-top-right-radius:0px;border-bottom-right-radius:0px;border-bottom-left-radius:0px;}.kadence-column1205_4417c5-d1 > .kt-inside-inner-col{column-gap:var(--global-kb-gap-sm, 1rem);}.kadence-column1205_4417c5-d1 > .kt-inside-inner-col{flex-direction:column;}.kadence-column1205_4417c5-d1 > .kt-inside-inner-col > .aligncenter{width:100%;}.kadence-column1205_4417c5-d1 > .kt-inside-inner-col:before{opacity:0.3;}.kadence-column1205_4417c5-d1{position:relative;}@media all and (max-width: 1024px){.kadence-column1205_4417c5-d1 > .kt-inside-inner-col{flex-direction:column;justify-content:center;}}@media all and (max-width: 767px){.kadence-column1205_4417c5-d1 > .kt-inside-inner-col{flex-direction:column;justify-content:center;}}<\/style>\n<div class=\"wp-block-kadence-column kadence-column1205_4417c5-d1 inner-column-1 animated fadeInLeft\"><div class=\"kt-inside-inner-col\"><ul id=\"menu-organizacion-es\" class=\"menu menu_left\"><li id=\"menu-item-11183\" class=\"menu-item menu-item-type-post_type menu-item-object-page menu-item-has-children menu-item-11183\"><a href=\"https:\/\/euniv.eu\/es\/organizacion-euniv\/centros-euniv\/\">Centros EUniv<\/a>\n<ul class=\"sub-menu\">\n\t<li id=\"menu-item-18903\" class=\"menu-item menu-item-type-post_type menu-item-object-page menu-item-18903\"><a href=\"https:\/\/euniv.eu\/es\/organizacion-euniv\/centros-euniv\/instituto-universitario-de-tecnologia-aplicada\/\">Instituto Universitario de Tecnolog\u00eda Aplicada<\/a><\/li>\n<\/ul>\n<\/li>\n<li id=\"menu-item-5706\" class=\"menu-item menu-item-type-post_type menu-item-object-page menu-item-has-children menu-item-5706\"><a href=\"https:\/\/euniv.eu\/es\/organizacion-euniv\/facultades-euniv\/\">Facultades EUniv<\/a>\n<ul class=\"sub-menu\">\n\t<li id=\"menu-item-11185\" class=\"menu-item menu-item-type-post_type menu-item-object-page menu-item-11185\"><a href=\"https:\/\/euniv.eu\/es\/organizacion-euniv\/facultades-euniv\/facultad-de-medicina-y-ciencias-de-la-salud\/\">Medicina y Ciencias de la Salud y Tecnolog\u00edas<\/a><\/li>\n\t<li id=\"menu-item-11186\" class=\"menu-item menu-item-type-post_type menu-item-object-page menu-item-11186\"><a href=\"https:\/\/euniv.eu\/es\/organizacion-euniv\/facultades-euniv\/facultad-de-teologia-y-estudios-de-la-religion\/\">Teolog\u00eda y Estudios de la Religi\u00f3n<\/a><\/li>\n<\/ul>\n<\/li>\n<\/ul>\n<\/div><\/div>\n\n\n<style>.kadence-column1205_9e1a1c-c6 > .kt-inside-inner-col,.kadence-column1205_9e1a1c-c6 > .kt-inside-inner-col:before{border-top-left-radius:0px;border-top-right-radius:0px;border-bottom-right-radius:0px;border-bottom-left-radius:0px;}.kadence-column1205_9e1a1c-c6 > .kt-inside-inner-col{column-gap:var(--global-kb-gap-sm, 1rem);}.kadence-column1205_9e1a1c-c6 > .kt-inside-inner-col{flex-direction:column;}.kadence-column1205_9e1a1c-c6 > .kt-inside-inner-col > .aligncenter{width:100%;}.kadence-column1205_9e1a1c-c6 > .kt-inside-inner-col:before{opacity:0.3;}.kadence-column1205_9e1a1c-c6{position:relative;}@media all and (max-width: 1024px){.kadence-column1205_9e1a1c-c6 > .kt-inside-inner-col{flex-direction:column;justify-content:center;}}@media all and (max-width: 767px){.kadence-column1205_9e1a1c-c6 > .kt-inside-inner-col{flex-direction:column;justify-content:center;}}<\/style>\n<div class=\"wp-block-kadence-column kadence-column1205_9e1a1c-c6 inner-column-2 animated fadeIn slow\"><div class=\"kt-inside-inner-col\"><style>.kb-row-layout-id1205_fd7246-dd > .kt-row-column-wrap{align-content:center;}:where(.kb-row-layout-id1205_fd7246-dd > .kt-row-column-wrap) > .wp-block-kadence-column{justify-content:center;}.kb-row-layout-id1205_fd7246-dd > .kt-row-column-wrap{column-gap:20px;row-gap:var(--global-kb-gap-md, 2rem);padding-top:var(--global-kb-spacing-sm, 1.5rem);padding-bottom:var(--global-kb-spacing-sm, 1.5rem);grid-template-columns:minmax(0, calc(15% - ((20px * 1 )\/2)))minmax(0, calc(85% - ((20px * 1 )\/2)));}.kb-row-layout-id1205_fd7246-dd > .kt-row-layout-overlay{opacity:0.30;}@media all and (max-width: 1024px){.kb-row-layout-id1205_fd7246-dd > .kt-row-column-wrap{grid-template-columns:minmax(0, 1fr) minmax(0, 2fr);}}@media all and (max-width: 767px){.kb-row-layout-id1205_fd7246-dd > .kt-row-column-wrap{grid-template-columns:minmax(0, 1fr);}}<\/style><div class=\"kb-row-layout-wrap kb-row-layout-id1205_fd7246-dd alignnone wp-block-kadence-rowlayout\"><div class=\"kt-row-column-wrap kt-has-2-columns kt-row-layout-right-golden kt-tab-layout-inherit kt-mobile-layout-row kt-row-valign-middle\">\n<style>.kadence-column1205_efeca8-0b > .kt-inside-inner-col,.kadence-column1205_efeca8-0b > .kt-inside-inner-col:before{border-top-left-radius:0px;border-top-right-radius:0px;border-bottom-right-radius:0px;border-bottom-left-radius:0px;}.kadence-column1205_efeca8-0b > .kt-inside-inner-col{column-gap:var(--global-kb-gap-sm, 1rem);}.kadence-column1205_efeca8-0b > .kt-inside-inner-col{flex-direction:column;}.kadence-column1205_efeca8-0b > .kt-inside-inner-col > .aligncenter{width:100%;}.kadence-column1205_efeca8-0b > .kt-inside-inner-col:before{opacity:0.3;}.kadence-column1205_efeca8-0b{position:relative;}@media all and (max-width: 1024px){.kadence-column1205_efeca8-0b > .kt-inside-inner-col{flex-direction:column;justify-content:center;}}@media all and (max-width: 767px){.kadence-column1205_efeca8-0b > .kt-inside-inner-col{flex-direction:column;justify-content:center;}}<\/style>\n<div class=\"wp-block-kadence-column kadence-column1205_efeca8-0b inner-column-1\"><div class=\"kt-inside-inner-col\">\n<figure class=\"wp-block-image size-large\"><img loading=\"lazy\" decoding=\"async\" width=\"105\" height=\"151\" src=\"https:\/\/euniv.eu\/wp-content\/uploads\/\/2020\/09\/ico_layret.svg\" alt=\"Col\u00b7legi Universitari F. Layret\" class=\"wp-image-1849\"\/><\/figure>\n<\/div><\/div>\n\n\n<style>.kadence-column1205_c28b36-79 > .kt-inside-inner-col,.kadence-column1205_c28b36-79 > .kt-inside-inner-col:before{border-top-left-radius:0px;border-top-right-radius:0px;border-bottom-right-radius:0px;border-bottom-left-radius:0px;}.kadence-column1205_c28b36-79 > .kt-inside-inner-col{column-gap:var(--global-kb-gap-sm, 1rem);}.kadence-column1205_c28b36-79 > .kt-inside-inner-col{flex-direction:column;}.kadence-column1205_c28b36-79 > .kt-inside-inner-col > .aligncenter{width:100%;}.kadence-column1205_c28b36-79 > .kt-inside-inner-col:before{opacity:0.3;}.kadence-column1205_c28b36-79{position:relative;}@media all and (max-width: 1024px){.kadence-column1205_c28b36-79 > .kt-inside-inner-col{flex-direction:column;justify-content:center;}}@media all and (max-width: 767px){.kadence-column1205_c28b36-79 > .kt-inside-inner-col{flex-direction:column;justify-content:center;}}<\/style>\n<div class=\"wp-block-kadence-column kadence-column1205_c28b36-79 inner-column-2\"><div class=\"kt-inside-inner-col\">\n<h1 class=\"wp-block-heading\">Colegio Universitario F. <strong>Layret<\/strong><\/h1>\n<\/div><\/div>\n\n<\/div><\/div>\n\n\n<p>El Colegio Universitario F. Layret (CUFL) es el centro de la eUniv estatutariamente encargado de implantar las ense\u00f1anzas del \u00e1mbito no tecnol\u00f3gico de los dos primeros ciclos del Marco de Calificaciones del Espacio Europeo de Educaci\u00f3n Superior (QF-EHEA):<\/p>\n\n\n\n<h2 class=\"wp-block-heading tipo_open\">I. Ense\u00f1anzas estatales de Primer Ciclo:<\/h2>\n\n\n\n<ul class=\"wp-block-list\">\n<li>01. <a class=\"ek-link rank-math-link\" href=\"https:\/\/euniv.eu\/es\/ensenanzas\/empresa\/bachelor-bba\/\">Bachelor en Administraci\u00f3n de Empresas<\/a><\/li>\n\n\n\n<li>02. <a class=\"rank-math-link\" href=\"https:\/\/euniv.eu\/es\/ensenanzas\/filologia\/bachelor\/\">Bachelor en Lengua Catalana<\/a><\/li>\n\n\n\n<li>03. <a class=\"rank-math-link\" href=\"https:\/\/euniv.eu\/es\/ensenanzas\/derecho\/bachelor\/\">Bachelor en Derecho<\/a><\/li>\n\n\n\n<li>04. <a class=\"rank-math-link\" href=\"https:\/\/euniv.eu\/es\/ensenanzas\/humanidades\/bachelor\/\">Bachelor en Humanidades<\/a><\/li>\n\n\n\n<li>05. <a href=\"https:\/\/euniv.eu\/es\/bachelor-en-psicologia\/\" class=\"ek-link\">Bachelor en Psicolog\u00eda<\/a><\/li>\n\n\n\n<li>06. <a href=\"https:\/\/euniv.eu\/es\/bachelor-en-comunicacion\/\" class=\"ek-link\">Bachelor en Comunicaci\u00f3n<\/a><\/li>\n\n\n\n<li>07. <a aria-label=\"Bachelor en Ciencias Pol\u00edticas (opens in a new tab)\" href=\"https:\/\/euniv.eu\/es\/ensenanzas\/ciencias-politicas\/bachelor-en-ciencias-politicas\/\" target=\"_blank\" rel=\"noreferrer noopener\" class=\"ek-link\">Bachelor en Ciencia Pol\u00edtica<\/a><\/li>\n\n\n\n<li>08. <a href=\"https:\/\/euniv.eu\/es\/ensenanzas\/empresa\/batxelor-marketing\/\" target=\"_blank\" rel=\"noreferrer noopener\">Bachelor en Marketing<\/a><\/li>\n<\/ul>\n\n\n\n<h2 class=\"wp-block-heading tipo_open\">II. Ense\u00f1anzas estatales de Segundo Ciclo:<\/h2>\n\n\n\n<ul class=\"wp-block-list\">\n<li>09. <a class=\"ek-link rank-math-link\" href=\"https:\/\/euniv.eu\/es\/ensenanzas\/empresa\/master-mba\/\">M\u00e1ster en Administraci\u00f3n de Empresas MBA<\/a><\/li>\n\n\n\n<li>10. <a class=\"rank-math-link\" href=\"https:\/\/euniv.eu\/es\/ensenanzas\/humanidades\/master\/\">M\u00e1ster en Humanidades<\/a><\/li>\n\n\n\n<li>11. <a class=\"ek-link rank-math-link\" href=\"https:\/\/euniv.eu\/es\/ensenanzas\/filologia\/master\/\">M\u00e1ster en Lengua y Literatura Catalanas<\/a><\/li>\n\n\n\n<li>12. <a aria-label=\"M\u00e1ster en Criminolog\u00eda (opens in a new tab)\" class=\"ek-link\" href=\"https:\/\/euniv.eu\/es\/master-en-criminologia\/\" target=\"_blank\" rel=\"noreferrer noopener\">M\u00e1ster en Criminolog\u00eda<\/a><\/li>\n<\/ul>\n\n\n<style>.kt-accordion-id1205_d1e4bf-12 .kt-accordion-inner-wrap{column-gap:var(--global-kb-gap-md, 2rem);row-gap:10px;}.kt-accordion-id1205_d1e4bf-12 .kt-accordion-panel-inner{border-top:0px solid transparent;border-right:1px solid transparent;border-bottom:1px solid transparent;border-left:1px solid transparent;background:#ffffff;padding-top:var(--global-kb-spacing-sm, 1.5rem);padding-right:var(--global-kb-spacing-sm, 1.5rem);padding-bottom:var(--global-kb-spacing-sm, 1.5rem);padding-left:var(--global-kb-spacing-sm, 1.5rem);}.kt-accordion-id1205_d1e4bf-12 > .kt-accordion-inner-wrap > .wp-block-kadence-pane > .kt-accordion-header-wrap > .kt-blocks-accordion-header{border-top:1px solid #eeeeee;border-right:1px solid #eeeeee;border-bottom:1px solid #eeeeee;border-left:2px solid #eeeeee;border-top-left-radius:0px;border-top-right-radius:0px;border-bottom-right-radius:0px;border-bottom-left-radius:0px;background:#ffffff;font-size:18px;line-height:24px;color:#444444;padding-top:14px;padding-right:16px;padding-bottom:14px;padding-left:16px;}.kt-accordion-id1205_d1e4bf-12:not( .kt-accodion-icon-style-basiccircle ):not( .kt-accodion-icon-style-xclosecircle ):not( .kt-accodion-icon-style-arrowcircle )  > .kt-accordion-inner-wrap > .wp-block-kadence-pane > .kt-accordion-header-wrap .kt-blocks-accordion-icon-trigger:after, .kt-accordion-id1205_d1e4bf-12:not( .kt-accodion-icon-style-basiccircle ):not( .kt-accodion-icon-style-xclosecircle ):not( .kt-accodion-icon-style-arrowcircle )  > .kt-accordion-inner-wrap > .wp-block-kadence-pane > .kt-accordion-header-wrap .kt-blocks-accordion-icon-trigger:before{background:#444444;}.kt-accordion-id1205_d1e4bf-12:not( .kt-accodion-icon-style-basic ):not( .kt-accodion-icon-style-xclose ):not( .kt-accodion-icon-style-arrow ) .kt-blocks-accordion-icon-trigger{background:#444444;}.kt-accordion-id1205_d1e4bf-12:not( .kt-accodion-icon-style-basic ):not( .kt-accodion-icon-style-xclose ):not( .kt-accodion-icon-style-arrow ) .kt-blocks-accordion-icon-trigger:after, .kt-accordion-id1205_d1e4bf-12:not( .kt-accodion-icon-style-basic ):not( .kt-accodion-icon-style-xclose ):not( .kt-accodion-icon-style-arrow ) .kt-blocks-accordion-icon-trigger:before{background:#ffffff;}.kt-accordion-id1205_d1e4bf-12 > .kt-accordion-inner-wrap > .wp-block-kadence-pane > .kt-accordion-header-wrap > .kt-blocks-accordion-header:hover, \n\t\t\t\tbody:not(.hide-focus-outline) .kt-accordion-id1205_d1e4bf-12 .kt-blocks-accordion-header:focus-visible{color:#444444;background:#ffffff;border-top:1px solid #d4d4d4;border-right:1px solid #d4d4d4;border-bottom:1px solid #d4d4d4;border-left:2px solid #d4d4d4;}.kt-accordion-id1205_d1e4bf-12:not( .kt-accodion-icon-style-basiccircle ):not( .kt-accodion-icon-style-xclosecircle ):not( .kt-accodion-icon-style-arrowcircle ) .kt-accordion-header-wrap .kt-blocks-accordion-header:hover .kt-blocks-accordion-icon-trigger:after, .kt-accordion-id1205_d1e4bf-12:not( .kt-accodion-icon-style-basiccircle ):not( .kt-accodion-icon-style-xclosecircle ):not( .kt-accodion-icon-style-arrowcircle ) .kt-accordion-header-wrap .kt-blocks-accordion-header:hover .kt-blocks-accordion-icon-trigger:before, body:not(.hide-focus-outline) .kt-accordion-id1205_d1e4bf-12:not( .kt-accodion-icon-style-basiccircle ):not( .kt-accodion-icon-style-xclosecircle ):not( .kt-accodion-icon-style-arrowcircle ) .kt-blocks-accordion--visible .kt-blocks-accordion-icon-trigger:after, body:not(.hide-focus-outline) .kt-accordion-id1205_d1e4bf-12:not( .kt-accodion-icon-style-basiccircle ):not( .kt-accodion-icon-style-xclosecircle ):not( .kt-accodion-icon-style-arrowcircle ) .kt-blocks-accordion-header:focus-visible .kt-blocks-accordion-icon-trigger:before{background:#444444;}.kt-accordion-id1205_d1e4bf-12:not( .kt-accodion-icon-style-basic ):not( .kt-accodion-icon-style-xclose ):not( .kt-accodion-icon-style-arrow ) .kt-accordion-header-wrap .kt-blocks-accordion-header:hover .kt-blocks-accordion-icon-trigger, body:not(.hide-focus-outline) .kt-accordion-id1205_d1e4bf-12:not( .kt-accodion-icon-style-basic ):not( .kt-accodion-icon-style-xclose ):not( .kt-accodion-icon-style-arrow ) .kt-accordion-header-wrap .kt-blocks-accordion-header:focus-visible .kt-blocks-accordion-icon-trigger{background:#444444;}.kt-accordion-id1205_d1e4bf-12:not( .kt-accodion-icon-style-basic ):not( .kt-accodion-icon-style-xclose ):not( .kt-accodion-icon-style-arrow ) .kt-accordion-header-wrap .kt-blocks-accordion-header:hover .kt-blocks-accordion-icon-trigger:after, .kt-accordion-id1205_d1e4bf-12:not( .kt-accodion-icon-style-basic ):not( .kt-accodion-icon-style-xclose ):not( .kt-accodion-icon-style-arrow ) .kt-accordion-header-wrap .kt-blocks-accordion-header:hover .kt-blocks-accordion-icon-trigger:before, body:not(.hide-focus-outline) .kt-accordion-id1205_d1e4bf-12:not( .kt-accodion-icon-style-basic ):not( .kt-accodion-icon-style-xclose ):not( .kt-accodion-icon-style-arrow ) .kt-accordion-header-wrap .kt-blocks-accordion-header:focus-visible .kt-blocks-accordion-icon-trigger:after, body:not(.hide-focus-outline) .kt-accordion-id1205_d1e4bf-12:not( .kt-accodion-icon-style-basic ):not( .kt-accodion-icon-style-xclose ):not( .kt-accodion-icon-style-arrow ) .kt-accordion-header-wrap .kt-blocks-accordion-header:focus-visible .kt-blocks-accordion-icon-trigger:before{background:#ffffff;}.kt-accordion-id1205_d1e4bf-12 .kt-accordion-header-wrap .kt-blocks-accordion-header:focus-visible,\n\t\t\t\t.kt-accordion-id1205_d1e4bf-12 > .kt-accordion-inner-wrap > .wp-block-kadence-pane > .kt-accordion-header-wrap > .kt-blocks-accordion-header.kt-accordion-panel-active{color:#444444;background:#ffffff;border-top:1px solid #eeeeee;border-right:1px solid #eeeeee;border-bottom:1px solid #eeeeee;border-left:2px solid #0e9cd1;}.kt-accordion-id1205_d1e4bf-12:not( .kt-accodion-icon-style-basiccircle ):not( .kt-accodion-icon-style-xclosecircle ):not( .kt-accodion-icon-style-arrowcircle )  > .kt-accordion-inner-wrap > .wp-block-kadence-pane > .kt-accordion-header-wrap > .kt-blocks-accordion-header.kt-accordion-panel-active .kt-blocks-accordion-icon-trigger:after, .kt-accordion-id1205_d1e4bf-12:not( .kt-accodion-icon-style-basiccircle ):not( .kt-accodion-icon-style-xclosecircle ):not( .kt-accodion-icon-style-arrowcircle )  > .kt-accordion-inner-wrap > .wp-block-kadence-pane > .kt-accordion-header-wrap > .kt-blocks-accordion-header.kt-accordion-panel-active .kt-blocks-accordion-icon-trigger:before{background:#444444;}.kt-accordion-id1205_d1e4bf-12:not( .kt-accodion-icon-style-basic ):not( .kt-accodion-icon-style-xclose ):not( .kt-accodion-icon-style-arrow ) .kt-blocks-accordion-header.kt-accordion-panel-active .kt-blocks-accordion-icon-trigger{background:#444444;}.kt-accordion-id1205_d1e4bf-12:not( .kt-accodion-icon-style-basic ):not( .kt-accodion-icon-style-xclose ):not( .kt-accodion-icon-style-arrow ) .kt-blocks-accordion-header.kt-accordion-panel-active .kt-blocks-accordion-icon-trigger:after, .kt-accordion-id1205_d1e4bf-12:not( .kt-accodion-icon-style-basic ):not( .kt-accodion-icon-style-xclose ):not( .kt-accodion-icon-style-arrow ) .kt-blocks-accordion-header.kt-accordion-panel-active .kt-blocks-accordion-icon-trigger:before{background:#ffffff;}@media all and (max-width: 1024px){.kt-accordion-id1205_d1e4bf-12 .kt-accordion-panel-inner{border-top:0px solid transparent;border-right:1px solid transparent;border-bottom:1px solid transparent;border-left:1px solid transparent;}}@media all and (max-width: 1024px){.kt-accordion-id1205_d1e4bf-12 > .kt-accordion-inner-wrap > .wp-block-kadence-pane > .kt-accordion-header-wrap > .kt-blocks-accordion-header{border-top:1px solid #eeeeee;border-right:1px solid #eeeeee;border-bottom:1px solid #eeeeee;border-left:2px solid #eeeeee;}}@media all and (max-width: 1024px){.kt-accordion-id1205_d1e4bf-12 > .kt-accordion-inner-wrap > .wp-block-kadence-pane > .kt-accordion-header-wrap > .kt-blocks-accordion-header:hover, \n\t\t\t\tbody:not(.hide-focus-outline) .kt-accordion-id1205_d1e4bf-12 .kt-blocks-accordion-header:focus-visible{border-top:1px solid #d4d4d4;border-right:1px solid #d4d4d4;border-bottom:1px solid #d4d4d4;border-left:2px solid #d4d4d4;}}@media all and (max-width: 1024px){.kt-accordion-id1205_d1e4bf-12 .kt-accordion-header-wrap .kt-blocks-accordion-header:focus-visible,\n\t\t\t\t.kt-accordion-id1205_d1e4bf-12 > .kt-accordion-inner-wrap > .wp-block-kadence-pane > .kt-accordion-header-wrap > .kt-blocks-accordion-header.kt-accordion-panel-active{border-top:1px solid #eeeeee;border-right:1px solid #eeeeee;border-bottom:1px solid #eeeeee;border-left:2px solid #0e9cd1;}}@media all and (max-width: 767px){.kt-accordion-id1205_d1e4bf-12 .kt-accordion-inner-wrap{display:block;}.kt-accordion-id1205_d1e4bf-12 .kt-accordion-inner-wrap .kt-accordion-pane:not(:first-child){margin-top:10px;}.kt-accordion-id1205_d1e4bf-12 .kt-accordion-panel-inner{border-top:0px solid transparent;border-right:1px solid transparent;border-bottom:1px solid transparent;border-left:1px solid transparent;}.kt-accordion-id1205_d1e4bf-12 > .kt-accordion-inner-wrap > .wp-block-kadence-pane > .kt-accordion-header-wrap > .kt-blocks-accordion-header{border-top:1px solid #eeeeee;border-right:1px solid #eeeeee;border-bottom:1px solid #eeeeee;border-left:2px solid #eeeeee;}.kt-accordion-id1205_d1e4bf-12 > .kt-accordion-inner-wrap > .wp-block-kadence-pane > .kt-accordion-header-wrap > .kt-blocks-accordion-header:hover, \n\t\t\t\tbody:not(.hide-focus-outline) .kt-accordion-id1205_d1e4bf-12 .kt-blocks-accordion-header:focus-visible{border-top:1px solid #d4d4d4;border-right:1px solid #d4d4d4;border-bottom:1px solid #d4d4d4;border-left:2px solid #d4d4d4;}.kt-accordion-id1205_d1e4bf-12 .kt-accordion-header-wrap .kt-blocks-accordion-header:focus-visible,\n\t\t\t\t.kt-accordion-id1205_d1e4bf-12 > .kt-accordion-inner-wrap > .wp-block-kadence-pane > .kt-accordion-header-wrap > .kt-blocks-accordion-header.kt-accordion-panel-active{border-top:1px solid #eeeeee;border-right:1px solid #eeeeee;border-bottom:1px solid #eeeeee;border-left:2px solid #0e9cd1;}}<\/style>\n<div class=\"wp-block-kadence-accordion alignnone\"><div class=\"kt-accordion-wrap kt-accordion-id1205_d1e4bf-12 kt-accordion-has-3-panes kt-active-pane-0 kt-accordion-block kt-pane-header-alignment-left kt-accodion-icon-style-arrow kt-accodion-icon-side-right\" style=\"max-width:none\"><div class=\"kt-accordion-inner-wrap\" data-allow-multiple-open=\"false\" data-start-open=\"none\">\n<div class=\"wp-block-kadence-pane kt-accordion-pane kt-accordion-pane-1 kt-pane1205_d7915c-cd\"><div class=\"kt-accordion-header-wrap\"><button class=\"kt-blocks-accordion-header kt-acccordion-button-label-show\" type=\"button\"><span class=\"kt-blocks-accordion-title-wrap\"><span class=\"kt-blocks-accordion-title\">Direcci\u00f3n<\/span><\/span><span class=\"kt-blocks-accordion-icon-trigger\"><\/span><\/button><\/div><div class=\"kt-accordion-panel kt-accordion-panel-hidden\"><div class=\"kt-accordion-panel-inner\">\n<p>La <strong>Direcci\u00f3n<\/strong> es el \u00f3rgano acad\u00e9mico superior del CUFL que ostenta su representaci\u00f3n ante terceros, y ejerce las funciones de coordinaci\u00f3n general y supervisi\u00f3n de las actividades cient\u00edficas. <\/p>\n\n\n\n<p class=\"txt_nota\">El Director del Colegio Universitario F. Layret es el <strong>Dr. Jordi Sauret<\/strong>, profesor de la Facultad de Ciencias Econ\u00f3micas y Sociales incorporado el curso 2019-20. Su mandato finaliza el d\u00eda 31 de agosto de 2027. <a class=\"rank-math-link\" href=\"mailto:director.cufl@euniv.eu\">director.cufl@euniv.eu<\/a><\/p>\n<\/div><\/div><\/div>\n\n\n\n<div class=\"wp-block-kadence-pane kt-accordion-pane kt-accordion-pane-2 kt-pane1205_2b7fb7-a7\"><div class=\"kt-accordion-header-wrap\"><button class=\"kt-blocks-accordion-header kt-acccordion-button-label-show\" type=\"button\"><span class=\"kt-blocks-accordion-title-wrap\"><span class=\"kt-blocks-accordion-title\">Secretar\u00eda T\u00e9cnica<\/span><\/span><span class=\"kt-blocks-accordion-icon-trigger\"><\/span><\/button><\/div><div class=\"kt-accordion-panel kt-accordion-panel-hidden\"><div class=\"kt-accordion-panel-inner\">\n<p>La <strong>Secretar\u00eda T\u00e9cnica<\/strong> es el \u00f3rgano acad\u00e9mico del CUFL responsable de la gesti\u00f3n acad\u00e9mica del centro, del seguimiento de la garant\u00eda de calidad del centro.<\/p>\n\n\n\n<p class=\"txt_nota\">La Secretaria T\u00e9cnica del Colegio Universitario F. Layret es el <strong>Sr. Xavier Fantova<\/strong>. Su mandato finaliza el d\u00eda 31 de agosto de 2027. <a class=\"rank-math-link\" href=\"mailto:secretaria.cufl@euniv.eu\">secretaria.cufl@euniv.eu<\/a><\/p>\n<\/div><\/div><\/div>\n<\/div><\/div><\/div>\n<\/div><\/div>\n\n<\/div><\/div>\n\n\n<div style=\"height:100px\" aria-hidden=\"true\" class=\"wp-block-spacer\"><\/div>\n","protected":false},"excerpt":{"rendered":"<p>Colegio Universitario F. Layret El Colegio Universitario F. Layret (CUFL) es el centro de la eUniv estatutariamente encargado de implantar las ense\u00f1anzas del \u00e1mbito no tecnol\u00f3gico de los dos primeros ciclos del Marco de Calificaciones del Espacio Europeo de Educaci\u00f3n Superior (QF-EHEA): I. Ense\u00f1anzas estatales de Primer Ciclo: II. Ense\u00f1anzas estatales de Segundo Ciclo:<\/p>\n","protected":false},"author":3,"featured_media":0,"parent":5688,"menu_order":0,"comment_status":"closed","ping_status":"closed","template":"templates\/template-builder.php","meta":{"_editorskit_title_hidden":false,"_editorskit_reading_time":1,"_editorskit_is_block_options_detached":false,"_editorskit_block_options_position":"{}","inline_featured_image":false,"footnotes":""},"class_list":["post-1205","page","type-page","status-publish","hentry","post","without-featured-image"],"featured_image_src":null,"featured_image_src_square":null,"_links":{"self":[{"href":"https:\/\/euniv.eu\/es\/wp-json\/wp\/v2\/pages\/1205","targetHints":{"allow":["GET"]}}],"collection":[{"href":"https:\/\/euniv.eu\/es\/wp-json\/wp\/v2\/pages"}],"about":[{"href":"https:\/\/euniv.eu\/es\/wp-json\/wp\/v2\/types\/page"}],"author":[{"embeddable":true,"href":"https:\/\/euniv.eu\/es\/wp-json\/wp\/v2\/users\/3"}],"replies":[{"embeddable":true,"href":"https:\/\/euniv.eu\/es\/wp-json\/wp\/v2\/comments?post=1205"}],"version-history":[{"count":17,"href":"https:\/\/euniv.eu\/es\/wp-json\/wp\/v2\/pages\/1205\/revisions"}],"predecessor-version":[{"id":17997,"href":"https:\/\/euniv.eu\/es\/wp-json\/wp\/v2\/pages\/1205\/revisions\/17997"}],"up":[{"embeddable":true,"href":"https:\/\/euniv.eu\/es\/wp-json\/wp\/v2\/pages\/5688"}],"wp:attachment":[{"href":"https:\/\/euniv.eu\/es\/wp-json\/wp\/v2\/media?parent=1205"}],"curies":[{"name":"wp","href":"https:\/\/api.w.org\/{rel}","templated":true}]}}