{"id":1210,"date":"2020-09-15T11:30:59","date_gmt":"2020-09-15T11:30:59","guid":{"rendered":"https:\/\/euniv.eu\/universidad\/centros\/escola-de-llengues-classiques\/"},"modified":"2023-11-06T09:51:47","modified_gmt":"2023-11-06T09:51:47","slug":"escuela-lenguas-clasicas","status":"publish","type":"page","link":"https:\/\/euniv.eu\/es\/organizacion-euniv\/centros-euniv\/escuela-lenguas-clasicas\/","title":{"rendered":"Escuela de Lenguas Cl\u00e1sicas"},"content":{"rendered":"<style>.kb-row-layout-id1210_46131c-94 > .kt-row-column-wrap{align-content:start;}:where(.kb-row-layout-id1210_46131c-94 > .kt-row-column-wrap) > .wp-block-kadence-column{justify-content:start;}.kb-row-layout-id1210_46131c-94 > .kt-row-column-wrap{column-gap:var(--global-kb-gap-lg, 4rem);row-gap:var(--global-kb-gap-md, 2rem);max-width:1240px;margin-left:auto;margin-right:auto;padding-top:var(--global-kb-spacing-sm, 1.5rem);padding-bottom:var(--global-kb-spacing-sm, 1.5rem);grid-template-columns:minmax(0, calc(30% - ((var(--global-kb-gap-lg, 4rem) * 1 )\/2)))minmax(0, calc(70% - ((var(--global-kb-gap-lg, 4rem) * 1 )\/2)));}.kb-row-layout-id1210_46131c-94 > .kt-row-layout-overlay{opacity:0.30;}@media all and (max-width: 1024px){.kb-row-layout-id1210_46131c-94 > .kt-row-column-wrap{grid-template-columns:minmax(0, 1fr) minmax(0, 2fr);}}@media all and (max-width: 767px){.kb-row-layout-id1210_46131c-94 > .kt-row-column-wrap{grid-template-columns:minmax(0, 1fr);}}<\/style><div class=\"kb-row-layout-wrap kb-row-layout-id1210_46131c-94 alignnone wp-block-kadence-rowlayout\"><div class=\"kt-row-column-wrap kt-has-2-columns kt-row-layout-right-golden kt-tab-layout-inherit kt-mobile-layout-row kt-row-valign-top\">\n<style>.kadence-column1210_b7cc3f-3e > .kt-inside-inner-col,.kadence-column1210_b7cc3f-3e > .kt-inside-inner-col:before{border-top-left-radius:0px;border-top-right-radius:0px;border-bottom-right-radius:0px;border-bottom-left-radius:0px;}.kadence-column1210_b7cc3f-3e > .kt-inside-inner-col{column-gap:var(--global-kb-gap-sm, 1rem);}.kadence-column1210_b7cc3f-3e > .kt-inside-inner-col{flex-direction:column;}.kadence-column1210_b7cc3f-3e > .kt-inside-inner-col > .aligncenter{width:100%;}.kadence-column1210_b7cc3f-3e > .kt-inside-inner-col:before{opacity:0.3;}.kadence-column1210_b7cc3f-3e{position:relative;}@media all and (max-width: 1024px){.kadence-column1210_b7cc3f-3e > .kt-inside-inner-col{flex-direction:column;justify-content:center;}}@media all and (max-width: 767px){.kadence-column1210_b7cc3f-3e > .kt-inside-inner-col{flex-direction:column;justify-content:center;}}<\/style>\n<div class=\"wp-block-kadence-column kadence-column1210_b7cc3f-3e inner-column-1 animated fadeInLeft\"><div class=\"kt-inside-inner-col\"><ul id=\"menu-organizacion-es\" class=\"menu menu_left\"><li id=\"menu-item-11183\" class=\"menu-item menu-item-type-post_type menu-item-object-page menu-item-has-children menu-item-11183\"><a href=\"https:\/\/euniv.eu\/es\/organizacion-euniv\/centros-euniv\/\">Centros EUniv<\/a>\n<ul class=\"sub-menu\">\n\t<li id=\"menu-item-18903\" class=\"menu-item menu-item-type-post_type menu-item-object-page menu-item-18903\"><a href=\"https:\/\/euniv.eu\/es\/organizacion-euniv\/centros-euniv\/instituto-universitario-de-tecnologia-aplicada\/\">Instituto Universitario de Tecnolog\u00eda Aplicada<\/a><\/li>\n<\/ul>\n<\/li>\n<li id=\"menu-item-5706\" class=\"menu-item menu-item-type-post_type menu-item-object-page menu-item-has-children menu-item-5706\"><a href=\"https:\/\/euniv.eu\/es\/organizacion-euniv\/facultades-euniv\/\">Facultades EUniv<\/a>\n<ul class=\"sub-menu\">\n\t<li id=\"menu-item-11185\" class=\"menu-item menu-item-type-post_type menu-item-object-page menu-item-11185\"><a href=\"https:\/\/euniv.eu\/es\/organizacion-euniv\/facultades-euniv\/facultad-de-medicina-y-ciencias-de-la-salud\/\">Medicina y Ciencias de la Salud y Tecnolog\u00edas<\/a><\/li>\n\t<li id=\"menu-item-11186\" class=\"menu-item menu-item-type-post_type menu-item-object-page menu-item-11186\"><a href=\"https:\/\/euniv.eu\/es\/organizacion-euniv\/facultades-euniv\/facultad-de-teologia-y-estudios-de-la-religion\/\">Teolog\u00eda y Estudios de la Religi\u00f3n<\/a><\/li>\n<\/ul>\n<\/li>\n<\/ul>\n<\/div><\/div>\n\n\n<style>.kadence-column1210_03823e-f2 > .kt-inside-inner-col,.kadence-column1210_03823e-f2 > .kt-inside-inner-col:before{border-top-left-radius:0px;border-top-right-radius:0px;border-bottom-right-radius:0px;border-bottom-left-radius:0px;}.kadence-column1210_03823e-f2 > .kt-inside-inner-col{column-gap:var(--global-kb-gap-sm, 1rem);}.kadence-column1210_03823e-f2 > .kt-inside-inner-col{flex-direction:column;}.kadence-column1210_03823e-f2 > .kt-inside-inner-col > .aligncenter{width:100%;}.kadence-column1210_03823e-f2 > .kt-inside-inner-col:before{opacity:0.3;}.kadence-column1210_03823e-f2{position:relative;}@media all and (max-width: 1024px){.kadence-column1210_03823e-f2 > .kt-inside-inner-col{flex-direction:column;justify-content:center;}}@media all and (max-width: 767px){.kadence-column1210_03823e-f2 > .kt-inside-inner-col{flex-direction:column;justify-content:center;}}<\/style>\n<div class=\"wp-block-kadence-column kadence-column1210_03823e-f2 inner-column-2 animated fadeIn slow\"><div class=\"kt-inside-inner-col\"><style>.kb-row-layout-id1210_ef8082-ea > .kt-row-column-wrap{align-content:center;}:where(.kb-row-layout-id1210_ef8082-ea > .kt-row-column-wrap) > .wp-block-kadence-column{justify-content:center;}.kb-row-layout-id1210_ef8082-ea > .kt-row-column-wrap{column-gap:20px;row-gap:var(--global-kb-gap-md, 2rem);padding-top:var(--global-kb-spacing-sm, 1.5rem);padding-bottom:var(--global-kb-spacing-sm, 1.5rem);grid-template-columns:minmax(0, calc(15% - ((20px * 1 )\/2)))minmax(0, calc(85% - ((20px * 1 )\/2)));}.kb-row-layout-id1210_ef8082-ea > .kt-row-layout-overlay{opacity:0.30;}@media all and (max-width: 1024px){.kb-row-layout-id1210_ef8082-ea > .kt-row-column-wrap{grid-template-columns:minmax(0, 1fr) minmax(0, 2fr);}}@media all and (max-width: 767px){.kb-row-layout-id1210_ef8082-ea > .kt-row-column-wrap{grid-template-columns:minmax(0, 1fr);}}<\/style><div class=\"kb-row-layout-wrap kb-row-layout-id1210_ef8082-ea alignnone wp-block-kadence-rowlayout\"><div class=\"kt-row-column-wrap kt-has-2-columns kt-row-layout-right-golden kt-tab-layout-inherit kt-mobile-layout-row kt-row-valign-middle\">\n<style>.kadence-column1210_c97be9-22 > .kt-inside-inner-col,.kadence-column1210_c97be9-22 > .kt-inside-inner-col:before{border-top-left-radius:0px;border-top-right-radius:0px;border-bottom-right-radius:0px;border-bottom-left-radius:0px;}.kadence-column1210_c97be9-22 > .kt-inside-inner-col{column-gap:var(--global-kb-gap-sm, 1rem);}.kadence-column1210_c97be9-22 > .kt-inside-inner-col{flex-direction:column;}.kadence-column1210_c97be9-22 > .kt-inside-inner-col > .aligncenter{width:100%;}.kadence-column1210_c97be9-22 > .kt-inside-inner-col:before{opacity:0.3;}.kadence-column1210_c97be9-22{position:relative;}@media all and (max-width: 1024px){.kadence-column1210_c97be9-22 > .kt-inside-inner-col{flex-direction:column;justify-content:center;}}@media all and (max-width: 767px){.kadence-column1210_c97be9-22 > .kt-inside-inner-col{flex-direction:column;justify-content:center;}}<\/style>\n<div class=\"wp-block-kadence-column kadence-column1210_c97be9-22 inner-column-1\"><div class=\"kt-inside-inner-col\">\n<figure class=\"wp-block-image size-large\"><img loading=\"lazy\" decoding=\"async\" width=\"99\" height=\"150\" src=\"https:\/\/euniv.eu\/wp-content\/uploads\/\/2020\/09\/ico_classiques.svg\" alt=\"Escola de Lleng\u00fces Cl\u00e0ssiques\" class=\"wp-image-1211\"\/><\/figure>\n<\/div><\/div>\n\n\n<style>.kadence-column1210_8a0669-b4 > .kt-inside-inner-col,.kadence-column1210_8a0669-b4 > .kt-inside-inner-col:before{border-top-left-radius:0px;border-top-right-radius:0px;border-bottom-right-radius:0px;border-bottom-left-radius:0px;}.kadence-column1210_8a0669-b4 > .kt-inside-inner-col{column-gap:var(--global-kb-gap-sm, 1rem);}.kadence-column1210_8a0669-b4 > .kt-inside-inner-col{flex-direction:column;}.kadence-column1210_8a0669-b4 > .kt-inside-inner-col > .aligncenter{width:100%;}.kadence-column1210_8a0669-b4 > .kt-inside-inner-col:before{opacity:0.3;}.kadence-column1210_8a0669-b4{position:relative;}@media all and (max-width: 1024px){.kadence-column1210_8a0669-b4 > .kt-inside-inner-col{flex-direction:column;justify-content:center;}}@media all and (max-width: 767px){.kadence-column1210_8a0669-b4 > .kt-inside-inner-col{flex-direction:column;justify-content:center;}}<\/style>\n<div class=\"wp-block-kadence-column kadence-column1210_8a0669-b4 inner-column-2\"><div class=\"kt-inside-inner-col\">\n<h1 class=\"wp-block-heading\">Escuela de <strong>Lenguas Cl\u00e1sicas<\/strong><\/h1>\n<\/div><\/div>\n\n<\/div><\/div>\n\n\n<p><a href=\"https:\/\/elc.euniv.eu\/inicio\" target=\"_blank\" aria-label=\" (opens in a new tab)\" rel=\"noreferrer noopener\" class=\"ek-link\">La Escuela de Lenguas Cl\u00e1sicas (ELC)<\/a> es el centro de la eUniv encargado de implantar los programas especializados en lenguas cl\u00e1sicas (Lat\u00edn, Griego, \u00c1rabe, Egipcio y S\u00e1nscrito), y otorgar los correspondientes t\u00edtulos propios acreditativos.<\/p>\n\n\n<style>.kt-accordion-id1210_f0ff39-d4 .kt-accordion-inner-wrap{column-gap:var(--global-kb-gap-md, 2rem);row-gap:10px;}.kt-accordion-id1210_f0ff39-d4 .kt-accordion-panel-inner{border-top:0px solid transparent;border-right:1px solid transparent;border-bottom:1px solid transparent;border-left:1px solid transparent;background:#ffffff;padding-top:var(--global-kb-spacing-sm, 1.5rem);padding-right:var(--global-kb-spacing-sm, 1.5rem);padding-bottom:var(--global-kb-spacing-sm, 1.5rem);padding-left:var(--global-kb-spacing-sm, 1.5rem);}.kt-accordion-id1210_f0ff39-d4 > .kt-accordion-inner-wrap > .wp-block-kadence-pane > .kt-accordion-header-wrap > .kt-blocks-accordion-header{border-top:1px solid #eeeeee;border-right:1px solid #eeeeee;border-bottom:1px solid #eeeeee;border-left:2px solid #eeeeee;border-top-left-radius:0px;border-top-right-radius:0px;border-bottom-right-radius:0px;border-bottom-left-radius:0px;background:#ffffff;font-size:18px;line-height:24px;color:#444444;padding-top:14px;padding-right:16px;padding-bottom:14px;padding-left:16px;}.kt-accordion-id1210_f0ff39-d4:not( .kt-accodion-icon-style-basiccircle ):not( .kt-accodion-icon-style-xclosecircle ):not( .kt-accodion-icon-style-arrowcircle )  > .kt-accordion-inner-wrap > .wp-block-kadence-pane > .kt-accordion-header-wrap .kt-blocks-accordion-icon-trigger:after, .kt-accordion-id1210_f0ff39-d4:not( .kt-accodion-icon-style-basiccircle ):not( .kt-accodion-icon-style-xclosecircle ):not( .kt-accodion-icon-style-arrowcircle )  > .kt-accordion-inner-wrap > .wp-block-kadence-pane > .kt-accordion-header-wrap .kt-blocks-accordion-icon-trigger:before{background:#444444;}.kt-accordion-id1210_f0ff39-d4:not( .kt-accodion-icon-style-basic ):not( .kt-accodion-icon-style-xclose ):not( .kt-accodion-icon-style-arrow ) .kt-blocks-accordion-icon-trigger{background:#444444;}.kt-accordion-id1210_f0ff39-d4:not( .kt-accodion-icon-style-basic ):not( .kt-accodion-icon-style-xclose ):not( .kt-accodion-icon-style-arrow ) .kt-blocks-accordion-icon-trigger:after, .kt-accordion-id1210_f0ff39-d4:not( .kt-accodion-icon-style-basic ):not( .kt-accodion-icon-style-xclose ):not( .kt-accodion-icon-style-arrow ) .kt-blocks-accordion-icon-trigger:before{background:#ffffff;}.kt-accordion-id1210_f0ff39-d4 > .kt-accordion-inner-wrap > .wp-block-kadence-pane > .kt-accordion-header-wrap > .kt-blocks-accordion-header:hover, \n\t\t\t\tbody:not(.hide-focus-outline) .kt-accordion-id1210_f0ff39-d4 .kt-blocks-accordion-header:focus-visible{color:#444444;background:#ffffff;border-top:1px solid #d4d4d4;border-right:1px solid #d4d4d4;border-bottom:1px solid #d4d4d4;border-left:2px solid #d4d4d4;}.kt-accordion-id1210_f0ff39-d4:not( .kt-accodion-icon-style-basiccircle ):not( .kt-accodion-icon-style-xclosecircle ):not( .kt-accodion-icon-style-arrowcircle ) .kt-accordion-header-wrap .kt-blocks-accordion-header:hover .kt-blocks-accordion-icon-trigger:after, .kt-accordion-id1210_f0ff39-d4:not( .kt-accodion-icon-style-basiccircle ):not( .kt-accodion-icon-style-xclosecircle ):not( .kt-accodion-icon-style-arrowcircle ) .kt-accordion-header-wrap .kt-blocks-accordion-header:hover .kt-blocks-accordion-icon-trigger:before, body:not(.hide-focus-outline) .kt-accordion-id1210_f0ff39-d4:not( .kt-accodion-icon-style-basiccircle ):not( .kt-accodion-icon-style-xclosecircle ):not( .kt-accodion-icon-style-arrowcircle ) .kt-blocks-accordion--visible .kt-blocks-accordion-icon-trigger:after, body:not(.hide-focus-outline) .kt-accordion-id1210_f0ff39-d4:not( .kt-accodion-icon-style-basiccircle ):not( .kt-accodion-icon-style-xclosecircle ):not( .kt-accodion-icon-style-arrowcircle ) .kt-blocks-accordion-header:focus-visible .kt-blocks-accordion-icon-trigger:before{background:#444444;}.kt-accordion-id1210_f0ff39-d4:not( .kt-accodion-icon-style-basic ):not( .kt-accodion-icon-style-xclose ):not( .kt-accodion-icon-style-arrow ) .kt-accordion-header-wrap .kt-blocks-accordion-header:hover .kt-blocks-accordion-icon-trigger, body:not(.hide-focus-outline) .kt-accordion-id1210_f0ff39-d4:not( .kt-accodion-icon-style-basic ):not( .kt-accodion-icon-style-xclose ):not( .kt-accodion-icon-style-arrow ) .kt-accordion-header-wrap .kt-blocks-accordion-header:focus-visible .kt-blocks-accordion-icon-trigger{background:#444444;}.kt-accordion-id1210_f0ff39-d4:not( .kt-accodion-icon-style-basic ):not( .kt-accodion-icon-style-xclose ):not( .kt-accodion-icon-style-arrow ) .kt-accordion-header-wrap .kt-blocks-accordion-header:hover .kt-blocks-accordion-icon-trigger:after, .kt-accordion-id1210_f0ff39-d4:not( .kt-accodion-icon-style-basic ):not( .kt-accodion-icon-style-xclose ):not( .kt-accodion-icon-style-arrow ) .kt-accordion-header-wrap .kt-blocks-accordion-header:hover .kt-blocks-accordion-icon-trigger:before, body:not(.hide-focus-outline) .kt-accordion-id1210_f0ff39-d4:not( .kt-accodion-icon-style-basic ):not( .kt-accodion-icon-style-xclose ):not( .kt-accodion-icon-style-arrow ) .kt-accordion-header-wrap .kt-blocks-accordion-header:focus-visible .kt-blocks-accordion-icon-trigger:after, body:not(.hide-focus-outline) .kt-accordion-id1210_f0ff39-d4:not( .kt-accodion-icon-style-basic ):not( .kt-accodion-icon-style-xclose ):not( .kt-accodion-icon-style-arrow ) .kt-accordion-header-wrap .kt-blocks-accordion-header:focus-visible .kt-blocks-accordion-icon-trigger:before{background:#ffffff;}.kt-accordion-id1210_f0ff39-d4 .kt-accordion-header-wrap .kt-blocks-accordion-header:focus-visible,\n\t\t\t\t.kt-accordion-id1210_f0ff39-d4 > .kt-accordion-inner-wrap > .wp-block-kadence-pane > .kt-accordion-header-wrap > .kt-blocks-accordion-header.kt-accordion-panel-active{color:#444444;background:#ffffff;border-top:1px solid #eeeeee;border-right:1px solid #eeeeee;border-bottom:1px solid #eeeeee;border-left:2px solid #0e9cd1;}.kt-accordion-id1210_f0ff39-d4:not( .kt-accodion-icon-style-basiccircle ):not( .kt-accodion-icon-style-xclosecircle ):not( .kt-accodion-icon-style-arrowcircle )  > .kt-accordion-inner-wrap > .wp-block-kadence-pane > .kt-accordion-header-wrap > .kt-blocks-accordion-header.kt-accordion-panel-active .kt-blocks-accordion-icon-trigger:after, .kt-accordion-id1210_f0ff39-d4:not( .kt-accodion-icon-style-basiccircle ):not( .kt-accodion-icon-style-xclosecircle ):not( .kt-accodion-icon-style-arrowcircle )  > .kt-accordion-inner-wrap > .wp-block-kadence-pane > .kt-accordion-header-wrap > .kt-blocks-accordion-header.kt-accordion-panel-active .kt-blocks-accordion-icon-trigger:before{background:#444444;}.kt-accordion-id1210_f0ff39-d4:not( .kt-accodion-icon-style-basic ):not( .kt-accodion-icon-style-xclose ):not( .kt-accodion-icon-style-arrow ) .kt-blocks-accordion-header.kt-accordion-panel-active .kt-blocks-accordion-icon-trigger{background:#444444;}.kt-accordion-id1210_f0ff39-d4:not( .kt-accodion-icon-style-basic ):not( .kt-accodion-icon-style-xclose ):not( .kt-accodion-icon-style-arrow ) .kt-blocks-accordion-header.kt-accordion-panel-active .kt-blocks-accordion-icon-trigger:after, .kt-accordion-id1210_f0ff39-d4:not( .kt-accodion-icon-style-basic ):not( .kt-accodion-icon-style-xclose ):not( .kt-accodion-icon-style-arrow ) .kt-blocks-accordion-header.kt-accordion-panel-active .kt-blocks-accordion-icon-trigger:before{background:#ffffff;}@media all and (max-width: 1024px){.kt-accordion-id1210_f0ff39-d4 .kt-accordion-panel-inner{border-top:0px solid transparent;border-right:1px solid transparent;border-bottom:1px solid transparent;border-left:1px solid transparent;}}@media all and (max-width: 1024px){.kt-accordion-id1210_f0ff39-d4 > .kt-accordion-inner-wrap > .wp-block-kadence-pane > .kt-accordion-header-wrap > .kt-blocks-accordion-header{border-top:1px solid #eeeeee;border-right:1px solid #eeeeee;border-bottom:1px solid #eeeeee;border-left:2px solid #eeeeee;}}@media all and (max-width: 1024px){.kt-accordion-id1210_f0ff39-d4 > .kt-accordion-inner-wrap > .wp-block-kadence-pane > .kt-accordion-header-wrap > .kt-blocks-accordion-header:hover, \n\t\t\t\tbody:not(.hide-focus-outline) .kt-accordion-id1210_f0ff39-d4 .kt-blocks-accordion-header:focus-visible{border-top:1px solid #d4d4d4;border-right:1px solid #d4d4d4;border-bottom:1px solid #d4d4d4;border-left:2px solid #d4d4d4;}}@media all and (max-width: 1024px){.kt-accordion-id1210_f0ff39-d4 .kt-accordion-header-wrap .kt-blocks-accordion-header:focus-visible,\n\t\t\t\t.kt-accordion-id1210_f0ff39-d4 > .kt-accordion-inner-wrap > .wp-block-kadence-pane > .kt-accordion-header-wrap > .kt-blocks-accordion-header.kt-accordion-panel-active{border-top:1px solid #eeeeee;border-right:1px solid #eeeeee;border-bottom:1px solid #eeeeee;border-left:2px solid #0e9cd1;}}@media all and (max-width: 767px){.kt-accordion-id1210_f0ff39-d4 .kt-accordion-inner-wrap{display:block;}.kt-accordion-id1210_f0ff39-d4 .kt-accordion-inner-wrap .kt-accordion-pane:not(:first-child){margin-top:10px;}.kt-accordion-id1210_f0ff39-d4 .kt-accordion-panel-inner{border-top:0px solid transparent;border-right:1px solid transparent;border-bottom:1px solid transparent;border-left:1px solid transparent;}.kt-accordion-id1210_f0ff39-d4 > .kt-accordion-inner-wrap > .wp-block-kadence-pane > .kt-accordion-header-wrap > .kt-blocks-accordion-header{border-top:1px solid #eeeeee;border-right:1px solid #eeeeee;border-bottom:1px solid #eeeeee;border-left:2px solid #eeeeee;}.kt-accordion-id1210_f0ff39-d4 > .kt-accordion-inner-wrap > .wp-block-kadence-pane > .kt-accordion-header-wrap > .kt-blocks-accordion-header:hover, \n\t\t\t\tbody:not(.hide-focus-outline) .kt-accordion-id1210_f0ff39-d4 .kt-blocks-accordion-header:focus-visible{border-top:1px solid #d4d4d4;border-right:1px solid #d4d4d4;border-bottom:1px solid #d4d4d4;border-left:2px solid #d4d4d4;}.kt-accordion-id1210_f0ff39-d4 .kt-accordion-header-wrap .kt-blocks-accordion-header:focus-visible,\n\t\t\t\t.kt-accordion-id1210_f0ff39-d4 > .kt-accordion-inner-wrap > .wp-block-kadence-pane > .kt-accordion-header-wrap > .kt-blocks-accordion-header.kt-accordion-panel-active{border-top:1px solid #eeeeee;border-right:1px solid #eeeeee;border-bottom:1px solid #eeeeee;border-left:2px solid #0e9cd1;}}<\/style>\n<div class=\"wp-block-kadence-accordion alignnone\"><div class=\"kt-accordion-wrap kt-accordion-id1210_f0ff39-d4 kt-accordion-has-5-panes kt-active-pane-0 kt-accordion-block kt-pane-header-alignment-left kt-accodion-icon-style-arrow kt-accodion-icon-side-right\" style=\"max-width:none\"><div class=\"kt-accordion-inner-wrap\" data-allow-multiple-open=\"false\" data-start-open=\"none\">\n<div class=\"wp-block-kadence-pane kt-accordion-pane kt-accordion-pane-1 kt-pane1210_0b6608-26\"><div class=\"kt-accordion-header-wrap\"><button class=\"kt-blocks-accordion-header kt-acccordion-button-label-show\"><span class=\"kt-blocks-accordion-title-wrap\"><span class=\"kt-blocks-accordion-title\">Direcci\u00f3n<\/span><\/span><span class=\"kt-blocks-accordion-icon-trigger\"><\/span><\/button><\/div><div class=\"kt-accordion-panel kt-accordion-panel-hidden\"><div class=\"kt-accordion-panel-inner\">\n<p>La <strong>Direcci\u00f3n<\/strong> es el \u00f3rgano acad\u00e9mico superior del ELC; ostenta su representaci\u00f3n ante terceros, ejerce las funciones de coordinaci\u00f3n general y supervisi\u00f3n de las actividades cient\u00edficas.<\/p>\n\n\n\n<p class=\"txt_nota\">El Director de la Escuela de Lenguas Cl\u00e1sicas es el <strong>Dr. Ramon Batlle<\/strong>, profesor de la Facultad de Artes y Humanidades incorporado el curso 2019-20. Su mandato finaliza el d\u00eda 31 de agosto de 2027. <a class=\"rank-math-link\" href=\"mailto:director.elc@euniv.eu\">director.elc@euniv.eu<\/a><\/p>\n<\/div><\/div><\/div>\n\n\n\n<div class=\"wp-block-kadence-pane kt-accordion-pane kt-accordion-pane-2 kt-pane1210_013206-19\"><div class=\"kt-accordion-header-wrap\"><button class=\"kt-blocks-accordion-header kt-acccordion-button-label-show\"><span class=\"kt-blocks-accordion-title-wrap\"><span class=\"kt-blocks-accordion-title\">Secretar\u00eda T\u00e9cnica<\/span><\/span><span class=\"kt-blocks-accordion-icon-trigger\"><\/span><\/button><\/div><div class=\"kt-accordion-panel kt-accordion-panel-hidden\"><div class=\"kt-accordion-panel-inner\">\n<p>La <strong>Secretar\u00eda T\u00e9cnica<\/strong> es el \u00f3rgano acad\u00e9mico del ELC responsable de la gesti\u00f3n acad\u00e9mica del centro, del seguimiento de la garant\u00eda de calidad del centro, de ordenar los procesos acad\u00e9micos.<\/p>\n\n\n\n<p class=\"txt_nota\">La Secretaria T\u00e9cnica de la Escuela de Lenguas Cl\u00e1sicas es la <strong>Dra. N\u00faria Caum, <\/strong>profesora de la Facultad de Artes y Humanidades incorporada el curso 2019-20. Su mandato finaliza el d\u00eda 31 de agosto de 2027. <a class=\"rank-math-link\" href=\"mailto:secretaria.elc@euniv.eu\">secretaria.elc@euniv.eu<\/a><\/p>\n<\/div><\/div><\/div>\n<\/div><\/div><\/div>\n\n\n\n<h2 class=\"wp-block-heading\">I. Ense\u00f1anzas estatales de Primer Ciclo:<\/h2>\n\n\n\n<ul class=\"wp-block-list\">\n<li>01. Bachelor en Lenguas Cl\u00e1sicas<\/li>\n<\/ul>\n\n\n\n<h2 class=\"wp-block-heading\">II. Ense\u00f1anzas Especializadas y T\u00edtulos Propios:<\/h2>\n\n\n\n<ul class=\"wp-block-list\">\n<li>1. <a aria-label=\"Grec cl\u00e0ssic (koin\u00e9) (opens in a new tab)\" class=\"ek-link rank-math-link\" rel=\"noreferrer noopener\" href=\"https:\/\/elc.euniv.eu\/ca\/grec-per-semestres\" target=\"_blank\">Griego cl\u00e1sico (<em>koin\u00e9<\/em>)<\/a><\/li>\n\n\n\n<li>2. <a aria-label=\"Hebreu (b\u00edblic) (opens in a new tab)\" rel=\"noreferrer noopener\" href=\"https:\/\/elc.euniv.eu\/ca\/hebreu-per-semestres\" target=\"_blank\" class=\"ek-link\">Hebreo (b\u00edblico)<\/a><\/li>\n\n\n\n<li>3. <a aria-label=\"Llat\u00ed (cl\u00e0ssic) (opens in a new tab)\" rel=\"noreferrer noopener\" href=\"https:\/\/elc.euniv.eu\/ca\/llati-per-semestres\" target=\"_blank\" class=\"rank-math-link\">Lat\u00edn (cl\u00e1sico)<\/a><\/li>\n\n\n\n<li>4. <a aria-label=\"Egipci cl\u00e0ssic (jerogl\u00edfic) (opens in a new tab)\" rel=\"noreferrer noopener\" href=\"https:\/\/elc.euniv.eu\/ca\/egipci-per-semestres\" target=\"_blank\" class=\"rank-math-link\">Egipcio cl\u00e1sico (jerogl\u00edfico)<\/a><\/li>\n\n\n\n<li>5. <a aria-label=\"\u00c0rab (cor\u00e0nic) (opens in a new tab)\" rel=\"noreferrer noopener\" href=\"https:\/\/elc.euniv.eu\/ca\/arab-per-semestres\" target=\"_blank\" class=\"rank-math-link\">\u00c1rabe (cor\u00e1nico)<\/a><\/li>\n\n\n\n<li>6. <a aria-label=\"S\u00e0nscrit (opens in a new tab)\" rel=\"noreferrer noopener\" href=\"https:\/\/elc.euniv.eu\/ca\/sanscrit-per-semestres\" target=\"_blank\" class=\"ek-link\">S\u00e1nscrito<\/a><\/li>\n<\/ul>\n<\/div><\/div>\n\n<\/div><\/div>\n\n\n<div style=\"height:100px\" aria-hidden=\"true\" class=\"wp-block-spacer\"><\/div>\n","protected":false},"excerpt":{"rendered":"<p>Escuela de Lenguas Cl\u00e1sicas La Escuela de Lenguas Cl\u00e1sicas (ELC) es el centro de la eUniv encargado de implantar los programas especializados en lenguas cl\u00e1sicas (Lat\u00edn, Griego, \u00c1rabe, Egipcio y S\u00e1nscrito), y otorgar los correspondientes t\u00edtulos propios acreditativos. I. Ense\u00f1anzas estatales de Primer Ciclo: II. Ense\u00f1anzas Especializadas y T\u00edtulos Propios:<\/p>\n","protected":false},"author":3,"featured_media":0,"parent":5688,"menu_order":0,"comment_status":"closed","ping_status":"closed","template":"templates\/template-builder.php","meta":{"_editorskit_title_hidden":false,"_editorskit_reading_time":1,"_editorskit_is_block_options_detached":false,"_editorskit_block_options_position":"{}","inline_featured_image":false,"footnotes":""},"class_list":["post-1210","page","type-page","status-publish","hentry","post","without-featured-image"],"featured_image_src":null,"featured_image_src_square":null,"_links":{"self":[{"href":"https:\/\/euniv.eu\/es\/wp-json\/wp\/v2\/pages\/1210","targetHints":{"allow":["GET"]}}],"collection":[{"href":"https:\/\/euniv.eu\/es\/wp-json\/wp\/v2\/pages"}],"about":[{"href":"https:\/\/euniv.eu\/es\/wp-json\/wp\/v2\/types\/page"}],"author":[{"embeddable":true,"href":"https:\/\/euniv.eu\/es\/wp-json\/wp\/v2\/users\/3"}],"replies":[{"embeddable":true,"href":"https:\/\/euniv.eu\/es\/wp-json\/wp\/v2\/comments?post=1210"}],"version-history":[{"count":7,"href":"https:\/\/euniv.eu\/es\/wp-json\/wp\/v2\/pages\/1210\/revisions"}],"predecessor-version":[{"id":9724,"href":"https:\/\/euniv.eu\/es\/wp-json\/wp\/v2\/pages\/1210\/revisions\/9724"}],"up":[{"embeddable":true,"href":"https:\/\/euniv.eu\/es\/wp-json\/wp\/v2\/pages\/5688"}],"wp:attachment":[{"href":"https:\/\/euniv.eu\/es\/wp-json\/wp\/v2\/media?parent=1210"}],"curies":[{"name":"wp","href":"https:\/\/api.w.org\/{rel}","templated":true}]}}