{"id":1239,"date":"2020-10-29T17:36:12","date_gmt":"2020-10-29T17:36:12","guid":{"rendered":"https:\/\/euniv.eu\/?page_id=1239"},"modified":"2023-11-06T10:45:57","modified_gmt":"2023-11-06T10:45:57","slug":"protonotariales","status":"publish","type":"page","link":"https:\/\/euniv.eu\/es\/servicios\/protonotariales\/","title":{"rendered":"Protonotariales"},"content":{"rendered":"<style>.kb-row-layout-id1239_4a5995-34 > .kt-row-column-wrap{align-content:start;}:where(.kb-row-layout-id1239_4a5995-34 > .kt-row-column-wrap) > .wp-block-kadence-column{justify-content:start;}.kb-row-layout-id1239_4a5995-34 > .kt-row-column-wrap{column-gap:var(--global-kb-gap-lg, 4rem);row-gap:var(--global-kb-gap-md, 2rem);max-width:1240px;margin-left:auto;margin-right:auto;padding-top:var(--global-kb-spacing-sm, 1.5rem);padding-bottom:var(--global-kb-spacing-sm, 1.5rem);grid-template-columns:minmax(0, calc(30% - ((var(--global-kb-gap-lg, 4rem) * 1 )\/2)))minmax(0, calc(70% - ((var(--global-kb-gap-lg, 4rem) * 1 )\/2)));}.kb-row-layout-id1239_4a5995-34 > .kt-row-layout-overlay{opacity:0.30;}@media all and (max-width: 1024px){.kb-row-layout-id1239_4a5995-34 > .kt-row-column-wrap{grid-template-columns:minmax(0, 1fr) minmax(0, 2fr);}}@media all and (max-width: 767px){.kb-row-layout-id1239_4a5995-34 > .kt-row-column-wrap{grid-template-columns:minmax(0, 1fr);}}<\/style><div class=\"kb-row-layout-wrap kb-row-layout-id1239_4a5995-34 alignnone wp-block-kadence-rowlayout\"><div class=\"kt-row-column-wrap kt-has-2-columns kt-row-layout-right-golden kt-tab-layout-inherit kt-mobile-layout-row kt-row-valign-top\">\n<style>.kadence-column1239_56e4e0-8d > .kt-inside-inner-col,.kadence-column1239_56e4e0-8d > .kt-inside-inner-col:before{border-top-left-radius:0px;border-top-right-radius:0px;border-bottom-right-radius:0px;border-bottom-left-radius:0px;}.kadence-column1239_56e4e0-8d > .kt-inside-inner-col{column-gap:var(--global-kb-gap-sm, 1rem);}.kadence-column1239_56e4e0-8d > .kt-inside-inner-col{flex-direction:column;}.kadence-column1239_56e4e0-8d > .kt-inside-inner-col > .aligncenter{width:100%;}.kadence-column1239_56e4e0-8d > .kt-inside-inner-col:before{opacity:0.3;}.kadence-column1239_56e4e0-8d{position:relative;}@media all and (max-width: 1024px){.kadence-column1239_56e4e0-8d > .kt-inside-inner-col{flex-direction:column;justify-content:center;}}@media all and (max-width: 767px){.kadence-column1239_56e4e0-8d > .kt-inside-inner-col{flex-direction:column;justify-content:center;}}<\/style>\n<div class=\"wp-block-kadence-column kadence-column1239_56e4e0-8d inner-column-1 animated fadeInLeft\"><div class=\"kt-inside-inner-col\">Este men\u00fa no existe o no contiene elementos\n<\/div><\/div>\n\n\n<style>.kadence-column1239_97a6bb-e5 > .kt-inside-inner-col,.kadence-column1239_97a6bb-e5 > .kt-inside-inner-col:before{border-top-left-radius:0px;border-top-right-radius:0px;border-bottom-right-radius:0px;border-bottom-left-radius:0px;}.kadence-column1239_97a6bb-e5 > .kt-inside-inner-col{column-gap:var(--global-kb-gap-sm, 1rem);}.kadence-column1239_97a6bb-e5 > .kt-inside-inner-col{flex-direction:column;}.kadence-column1239_97a6bb-e5 > .kt-inside-inner-col > .aligncenter{width:100%;}.kadence-column1239_97a6bb-e5 > .kt-inside-inner-col:before{opacity:0.3;}.kadence-column1239_97a6bb-e5{position:relative;}@media all and (max-width: 1024px){.kadence-column1239_97a6bb-e5 > .kt-inside-inner-col{flex-direction:column;justify-content:center;}}@media all and (max-width: 767px){.kadence-column1239_97a6bb-e5 > .kt-inside-inner-col{flex-direction:column;justify-content:center;}}<\/style>\n<div class=\"wp-block-kadence-column kadence-column1239_97a6bb-e5 inner-column-2 animated fadeIn slow\"><div class=\"kt-inside-inner-col\"><style>.kb-row-layout-id1239_0205de-64 > .kt-row-column-wrap{align-content:center;}:where(.kb-row-layout-id1239_0205de-64 > .kt-row-column-wrap) > .wp-block-kadence-column{justify-content:center;}.kb-row-layout-id1239_0205de-64 > .kt-row-column-wrap{column-gap:20px;row-gap:var(--global-kb-gap-md, 2rem);padding-top:var(--global-kb-spacing-sm, 1.5rem);padding-bottom:var(--global-kb-spacing-sm, 1.5rem);grid-template-columns:minmax(0, calc(15% - ((20px * 1 )\/2)))minmax(0, calc(85% - ((20px * 1 )\/2)));}.kb-row-layout-id1239_0205de-64 > .kt-row-layout-overlay{opacity:0.30;}@media all and (max-width: 1024px){.kb-row-layout-id1239_0205de-64 > .kt-row-column-wrap{grid-template-columns:minmax(0, 1fr) minmax(0, 2fr);}}@media all and (max-width: 767px){.kb-row-layout-id1239_0205de-64 > .kt-row-column-wrap{grid-template-columns:minmax(0, 1fr);}}<\/style><div class=\"kb-row-layout-wrap kb-row-layout-id1239_0205de-64 alignnone wp-block-kadence-rowlayout\"><div class=\"kt-row-column-wrap kt-has-2-columns kt-row-layout-right-golden kt-tab-layout-inherit kt-mobile-layout-row kt-row-valign-middle\">\n<style>.kadence-column1239_4b5855-70 > .kt-inside-inner-col,.kadence-column1239_4b5855-70 > .kt-inside-inner-col:before{border-top-left-radius:0px;border-top-right-radius:0px;border-bottom-right-radius:0px;border-bottom-left-radius:0px;}.kadence-column1239_4b5855-70 > .kt-inside-inner-col{column-gap:var(--global-kb-gap-sm, 1rem);}.kadence-column1239_4b5855-70 > .kt-inside-inner-col{flex-direction:column;}.kadence-column1239_4b5855-70 > .kt-inside-inner-col > .aligncenter{width:100%;}.kadence-column1239_4b5855-70 > .kt-inside-inner-col:before{opacity:0.3;}.kadence-column1239_4b5855-70{position:relative;}@media all and (max-width: 1024px){.kadence-column1239_4b5855-70 > .kt-inside-inner-col{flex-direction:column;justify-content:center;}}@media all and (max-width: 767px){.kadence-column1239_4b5855-70 > .kt-inside-inner-col{flex-direction:column;justify-content:center;}}<\/style>\n<div class=\"wp-block-kadence-column kadence-column1239_4b5855-70 inner-column-1\"><div class=\"kt-inside-inner-col\">\n<figure class=\"wp-block-image size-large\"><img loading=\"lazy\" decoding=\"async\" width=\"112\" height=\"150\" src=\"https:\/\/euniv.eu\/wp-content\/uploads\/\/2020\/09\/ico_s.svg\" alt=\"S\" class=\"wp-image-447\"\/><\/figure>\n<\/div><\/div>\n\n\n<style>.kadence-column1239_7ca7dd-ca > .kt-inside-inner-col,.kadence-column1239_7ca7dd-ca > .kt-inside-inner-col:before{border-top-left-radius:0px;border-top-right-radius:0px;border-bottom-right-radius:0px;border-bottom-left-radius:0px;}.kadence-column1239_7ca7dd-ca > .kt-inside-inner-col{column-gap:var(--global-kb-gap-sm, 1rem);}.kadence-column1239_7ca7dd-ca > .kt-inside-inner-col{flex-direction:column;}.kadence-column1239_7ca7dd-ca > .kt-inside-inner-col > .aligncenter{width:100%;}.kadence-column1239_7ca7dd-ca > .kt-inside-inner-col:before{opacity:0.3;}.kadence-column1239_7ca7dd-ca{position:relative;}@media all and (max-width: 1024px){.kadence-column1239_7ca7dd-ca > .kt-inside-inner-col{flex-direction:column;justify-content:center;}}@media all and (max-width: 767px){.kadence-column1239_7ca7dd-ca > .kt-inside-inner-col{flex-direction:column;justify-content:center;}}<\/style>\n<div class=\"wp-block-kadence-column kadence-column1239_7ca7dd-ca inner-column-2\"><div class=\"kt-inside-inner-col\">\n<h1 class=\"wp-block-heading\"><strong>Servicios protonotariales: <\/strong>docencia y alumnado<\/h1>\n<\/div><\/div>\n\n<\/div><\/div>\n\n\n<p>El Protonotariado Acad\u00e9mico de la eUniv, adem\u00e1s de las funciones propias asignadas por los Estatutos, tiene adscritos los tres servicios universitarios que re\u00fanen el conjunto de la gesti\u00f3n implicada en la vida ordinaria del alumnado universitario, que comienza con su primera matriculaci\u00f3n en un ense\u00f1anza y culmina con el procedimiento de emisi\u00f3n del t\u00edtulo correspondiente:<\/p>\n\n\n\n<p>En ejercicio de sus funciones, el Protonotariado Acad\u00e9mico de la eUniv coordina los servicios universitarios dedicados a la gesti\u00f3n y administraci\u00f3n y el soporte t\u00e9cnico de la comunidad universitaria y nombra y cesar a las personas responsables de sus prefecturas:<\/p>\n\n\n<style>.kt-accordion-id1239_818122-ca .kt-accordion-inner-wrap{column-gap:var(--global-kb-gap-md, 2rem);row-gap:10px;}.kt-accordion-id1239_818122-ca .kt-accordion-panel-inner{border-top:0px solid transparent;border-right:1px solid transparent;border-bottom:1px solid transparent;border-left:1px solid transparent;background:#ffffff;padding-top:var(--global-kb-spacing-sm, 1.5rem);padding-right:var(--global-kb-spacing-sm, 1.5rem);padding-bottom:var(--global-kb-spacing-sm, 1.5rem);padding-left:var(--global-kb-spacing-sm, 1.5rem);}.kt-accordion-id1239_818122-ca > .kt-accordion-inner-wrap > .wp-block-kadence-pane > .kt-accordion-header-wrap > .kt-blocks-accordion-header{border-top:1px solid #eeeeee;border-right:1px solid #eeeeee;border-bottom:1px solid #eeeeee;border-left:2px solid #eeeeee;border-top-left-radius:0px;border-top-right-radius:0px;border-bottom-right-radius:0px;border-bottom-left-radius:0px;background:#ffffff;font-size:18px;line-height:24px;color:#444444;padding-top:14px;padding-right:16px;padding-bottom:14px;padding-left:16px;}.kt-accordion-id1239_818122-ca:not( .kt-accodion-icon-style-basiccircle ):not( .kt-accodion-icon-style-xclosecircle ):not( .kt-accodion-icon-style-arrowcircle )  > .kt-accordion-inner-wrap > .wp-block-kadence-pane > .kt-accordion-header-wrap .kt-blocks-accordion-icon-trigger:after, .kt-accordion-id1239_818122-ca:not( .kt-accodion-icon-style-basiccircle ):not( .kt-accodion-icon-style-xclosecircle ):not( .kt-accodion-icon-style-arrowcircle )  > .kt-accordion-inner-wrap > .wp-block-kadence-pane > .kt-accordion-header-wrap .kt-blocks-accordion-icon-trigger:before{background:#444444;}.kt-accordion-id1239_818122-ca:not( .kt-accodion-icon-style-basic ):not( .kt-accodion-icon-style-xclose ):not( .kt-accodion-icon-style-arrow ) .kt-blocks-accordion-icon-trigger{background:#444444;}.kt-accordion-id1239_818122-ca:not( .kt-accodion-icon-style-basic ):not( .kt-accodion-icon-style-xclose ):not( .kt-accodion-icon-style-arrow ) .kt-blocks-accordion-icon-trigger:after, .kt-accordion-id1239_818122-ca:not( .kt-accodion-icon-style-basic ):not( .kt-accodion-icon-style-xclose ):not( .kt-accodion-icon-style-arrow ) .kt-blocks-accordion-icon-trigger:before{background:#ffffff;}.kt-accordion-id1239_818122-ca > .kt-accordion-inner-wrap > .wp-block-kadence-pane > .kt-accordion-header-wrap > .kt-blocks-accordion-header:hover, \n\t\t\t\tbody:not(.hide-focus-outline) .kt-accordion-id1239_818122-ca .kt-blocks-accordion-header:focus-visible{color:#444444;background:#ffffff;border-top:1px solid #d4d4d4;border-right:1px solid #d4d4d4;border-bottom:1px solid #d4d4d4;border-left:2px solid #d4d4d4;}.kt-accordion-id1239_818122-ca:not( .kt-accodion-icon-style-basiccircle ):not( .kt-accodion-icon-style-xclosecircle ):not( .kt-accodion-icon-style-arrowcircle ) .kt-accordion-header-wrap .kt-blocks-accordion-header:hover .kt-blocks-accordion-icon-trigger:after, .kt-accordion-id1239_818122-ca:not( .kt-accodion-icon-style-basiccircle ):not( .kt-accodion-icon-style-xclosecircle ):not( .kt-accodion-icon-style-arrowcircle ) .kt-accordion-header-wrap .kt-blocks-accordion-header:hover .kt-blocks-accordion-icon-trigger:before, body:not(.hide-focus-outline) .kt-accordion-id1239_818122-ca:not( .kt-accodion-icon-style-basiccircle ):not( .kt-accodion-icon-style-xclosecircle ):not( .kt-accodion-icon-style-arrowcircle ) .kt-blocks-accordion--visible .kt-blocks-accordion-icon-trigger:after, body:not(.hide-focus-outline) .kt-accordion-id1239_818122-ca:not( .kt-accodion-icon-style-basiccircle ):not( .kt-accodion-icon-style-xclosecircle ):not( .kt-accodion-icon-style-arrowcircle ) .kt-blocks-accordion-header:focus-visible .kt-blocks-accordion-icon-trigger:before{background:#444444;}.kt-accordion-id1239_818122-ca:not( .kt-accodion-icon-style-basic ):not( .kt-accodion-icon-style-xclose ):not( .kt-accodion-icon-style-arrow ) .kt-accordion-header-wrap .kt-blocks-accordion-header:hover .kt-blocks-accordion-icon-trigger, body:not(.hide-focus-outline) .kt-accordion-id1239_818122-ca:not( .kt-accodion-icon-style-basic ):not( .kt-accodion-icon-style-xclose ):not( .kt-accodion-icon-style-arrow ) .kt-accordion-header-wrap .kt-blocks-accordion-header:focus-visible .kt-blocks-accordion-icon-trigger{background:#444444;}.kt-accordion-id1239_818122-ca:not( .kt-accodion-icon-style-basic ):not( .kt-accodion-icon-style-xclose ):not( .kt-accodion-icon-style-arrow ) .kt-accordion-header-wrap .kt-blocks-accordion-header:hover .kt-blocks-accordion-icon-trigger:after, .kt-accordion-id1239_818122-ca:not( .kt-accodion-icon-style-basic ):not( .kt-accodion-icon-style-xclose ):not( .kt-accodion-icon-style-arrow ) .kt-accordion-header-wrap .kt-blocks-accordion-header:hover .kt-blocks-accordion-icon-trigger:before, body:not(.hide-focus-outline) .kt-accordion-id1239_818122-ca:not( .kt-accodion-icon-style-basic ):not( .kt-accodion-icon-style-xclose ):not( .kt-accodion-icon-style-arrow ) .kt-accordion-header-wrap .kt-blocks-accordion-header:focus-visible .kt-blocks-accordion-icon-trigger:after, body:not(.hide-focus-outline) .kt-accordion-id1239_818122-ca:not( .kt-accodion-icon-style-basic ):not( .kt-accodion-icon-style-xclose ):not( .kt-accodion-icon-style-arrow ) .kt-accordion-header-wrap .kt-blocks-accordion-header:focus-visible .kt-blocks-accordion-icon-trigger:before{background:#ffffff;}.kt-accordion-id1239_818122-ca .kt-accordion-header-wrap .kt-blocks-accordion-header:focus-visible,\n\t\t\t\t.kt-accordion-id1239_818122-ca > .kt-accordion-inner-wrap > .wp-block-kadence-pane > .kt-accordion-header-wrap > .kt-blocks-accordion-header.kt-accordion-panel-active{color:#444444;background:#ffffff;border-top:1px solid #eeeeee;border-right:1px solid #eeeeee;border-bottom:1px solid #eeeeee;border-left:2px solid #0e9cd1;}.kt-accordion-id1239_818122-ca:not( .kt-accodion-icon-style-basiccircle ):not( .kt-accodion-icon-style-xclosecircle ):not( .kt-accodion-icon-style-arrowcircle )  > .kt-accordion-inner-wrap > .wp-block-kadence-pane > .kt-accordion-header-wrap > .kt-blocks-accordion-header.kt-accordion-panel-active .kt-blocks-accordion-icon-trigger:after, .kt-accordion-id1239_818122-ca:not( .kt-accodion-icon-style-basiccircle ):not( .kt-accodion-icon-style-xclosecircle ):not( .kt-accodion-icon-style-arrowcircle )  > .kt-accordion-inner-wrap > .wp-block-kadence-pane > .kt-accordion-header-wrap > .kt-blocks-accordion-header.kt-accordion-panel-active .kt-blocks-accordion-icon-trigger:before{background:#444444;}.kt-accordion-id1239_818122-ca:not( .kt-accodion-icon-style-basic ):not( .kt-accodion-icon-style-xclose ):not( .kt-accodion-icon-style-arrow ) .kt-blocks-accordion-header.kt-accordion-panel-active .kt-blocks-accordion-icon-trigger{background:#444444;}.kt-accordion-id1239_818122-ca:not( .kt-accodion-icon-style-basic ):not( .kt-accodion-icon-style-xclose ):not( .kt-accodion-icon-style-arrow ) .kt-blocks-accordion-header.kt-accordion-panel-active .kt-blocks-accordion-icon-trigger:after, .kt-accordion-id1239_818122-ca:not( .kt-accodion-icon-style-basic ):not( .kt-accodion-icon-style-xclose ):not( .kt-accodion-icon-style-arrow ) .kt-blocks-accordion-header.kt-accordion-panel-active .kt-blocks-accordion-icon-trigger:before{background:#ffffff;}@media all and (max-width: 1024px){.kt-accordion-id1239_818122-ca .kt-accordion-panel-inner{border-top:0px solid transparent;border-right:1px solid transparent;border-bottom:1px solid transparent;border-left:1px solid transparent;}}@media all and (max-width: 1024px){.kt-accordion-id1239_818122-ca > .kt-accordion-inner-wrap > .wp-block-kadence-pane > .kt-accordion-header-wrap > .kt-blocks-accordion-header{border-top:1px solid #eeeeee;border-right:1px solid #eeeeee;border-bottom:1px solid #eeeeee;border-left:2px solid #eeeeee;}}@media all and (max-width: 1024px){.kt-accordion-id1239_818122-ca > .kt-accordion-inner-wrap > .wp-block-kadence-pane > .kt-accordion-header-wrap > .kt-blocks-accordion-header:hover, \n\t\t\t\tbody:not(.hide-focus-outline) .kt-accordion-id1239_818122-ca .kt-blocks-accordion-header:focus-visible{border-top:1px solid #d4d4d4;border-right:1px solid #d4d4d4;border-bottom:1px solid #d4d4d4;border-left:2px solid #d4d4d4;}}@media all and (max-width: 1024px){.kt-accordion-id1239_818122-ca .kt-accordion-header-wrap .kt-blocks-accordion-header:focus-visible,\n\t\t\t\t.kt-accordion-id1239_818122-ca > .kt-accordion-inner-wrap > .wp-block-kadence-pane > .kt-accordion-header-wrap > .kt-blocks-accordion-header.kt-accordion-panel-active{border-top:1px solid #eeeeee;border-right:1px solid #eeeeee;border-bottom:1px solid #eeeeee;border-left:2px solid #0e9cd1;}}@media all and (max-width: 767px){.kt-accordion-id1239_818122-ca .kt-accordion-inner-wrap{display:block;}.kt-accordion-id1239_818122-ca .kt-accordion-inner-wrap .kt-accordion-pane:not(:first-child){margin-top:10px;}.kt-accordion-id1239_818122-ca .kt-accordion-panel-inner{border-top:0px solid transparent;border-right:1px solid transparent;border-bottom:1px solid transparent;border-left:1px solid transparent;}.kt-accordion-id1239_818122-ca > .kt-accordion-inner-wrap > .wp-block-kadence-pane > .kt-accordion-header-wrap > .kt-blocks-accordion-header{border-top:1px solid #eeeeee;border-right:1px solid #eeeeee;border-bottom:1px solid #eeeeee;border-left:2px solid #eeeeee;}.kt-accordion-id1239_818122-ca > .kt-accordion-inner-wrap > .wp-block-kadence-pane > .kt-accordion-header-wrap > .kt-blocks-accordion-header:hover, \n\t\t\t\tbody:not(.hide-focus-outline) .kt-accordion-id1239_818122-ca .kt-blocks-accordion-header:focus-visible{border-top:1px solid #d4d4d4;border-right:1px solid #d4d4d4;border-bottom:1px solid #d4d4d4;border-left:2px solid #d4d4d4;}.kt-accordion-id1239_818122-ca .kt-accordion-header-wrap .kt-blocks-accordion-header:focus-visible,\n\t\t\t\t.kt-accordion-id1239_818122-ca > .kt-accordion-inner-wrap > .wp-block-kadence-pane > .kt-accordion-header-wrap > .kt-blocks-accordion-header.kt-accordion-panel-active{border-top:1px solid #eeeeee;border-right:1px solid #eeeeee;border-bottom:1px solid #eeeeee;border-left:2px solid #0e9cd1;}}<\/style>\n<div class=\"wp-block-kadence-accordion alignnone\"><div class=\"kt-accordion-wrap kt-accordion-id1239_818122-ca kt-accordion-has-5-panes kt-active-pane-0 kt-accordion-block kt-pane-header-alignment-left kt-accodion-icon-style-arrow kt-accodion-icon-side-right\" style=\"max-width:none\"><div class=\"kt-accordion-inner-wrap\" data-allow-multiple-open=\"false\" data-start-open=\"none\">\n<div class=\"wp-block-kadence-pane kt-accordion-pane kt-accordion-pane-1 kt-pane1239_021021-66\"><div class=\"kt-accordion-header-wrap\"><button class=\"kt-blocks-accordion-header kt-acccordion-button-label-show\"><span class=\"kt-blocks-accordion-title-wrap\"><span class=\"kt-blocks-accordion-title\">1. Gesti\u00f3n Acad\u00e9mica: matr\u00edculas y expedientes<\/span><\/span><span class=\"kt-blocks-accordion-icon-trigger\"><\/span><\/button><\/div><div class=\"kt-accordion-panel kt-accordion-panel-hidden\"><div class=\"kt-accordion-panel-inner\">\n<p>El Servicio Universitario de Gesti\u00f3n Acad\u00e9mica es el encargado de ejecutar los procedimientos de admisi\u00f3n del alumnado, de su matriculaci\u00f3n progresiva, del mantenimiento de los correspondientes expedientes acad\u00e9micos, de la certificaci\u00f3n acad\u00e9mica, y de la tramitaci\u00f3n de las expediciones de t\u00edtulos estatales ante el Ministerio de Educaci\u00f3n del Gobierno de Andorra.<\/p>\n\n\n\n<p>Asimismo, el Servicio de Gesti\u00f3n Acad\u00e9mica es el responsable de gestionar la estad\u00edstica universitaria, de acuerdo con las indicaciones de las administraciones p\u00fablicas andorranas, as\u00ed como de la gesti\u00f3n y custodia del Registro y el Archivo General de la eUniv.<\/p>\n\n\n\n<p>La persona titular de su jefatura es el Praelector de la Universidad, nombrado por el Protonotariado Acad\u00e9mico entre los miembros de su personal con formaci\u00f3n superior especializada, es el \u00f3rgano responsable del funcionamiento y la calidad del servicio.<\/p>\n\n\n\n<p class=\"txt_nota\">Las funciones de Prefecto del Servicio de Gesti\u00f3n Acad\u00e9mica de la eUniv las ejerce el <strong>Sr. Llu\u00eds S. Ser\u00e9s<\/strong>, por delegaci\u00f3n expresa del Protonotario Acad\u00e9mico de 25 de abril del 2019. Su mandato finaliza el d\u00eda 31 de agosto de 2027. <a class=\"rank-math-link\" href=\"mailto:praelector@euniv.eu\">praelector@euniv.eu<\/a><\/p>\n<\/div><\/div><\/div>\n\n\n\n<div class=\"wp-block-kadence-pane kt-accordion-pane kt-accordion-pane-2 kt-pane1239_9698ce-1c\"><div class=\"kt-accordion-header-wrap\"><button class=\"kt-blocks-accordion-header kt-acccordion-button-label-show\"><span class=\"kt-blocks-accordion-title-wrap\"><span class=\"kt-blocks-accordion-title\">2. Gesti\u00f3n Docente: e-learning<\/span><\/span><span class=\"kt-blocks-accordion-icon-trigger\"><\/span><\/button><\/div><div class=\"kt-accordion-panel kt-accordion-panel-hidden\"><div class=\"kt-accordion-panel-inner\">\n<p>El Servicio Universitario de Gesti\u00f3n Docente es el \u00f3rgano encargado de la gesti\u00f3n de HELDA, la plataforma LCMS de propia de la eUNIV, lo que conlleva, adem\u00e1s de la coordinaci\u00f3n con el software de gesti\u00f3n acad\u00e9mica, la actualizaci\u00f3n y control de calidad de los contenidos, actividades formativas y metodolog\u00edas docentes de las ense\u00f1anzas implantadas en la eUniv.<\/p>\n\n\n\n<p>Asimismo, el Servicio de Gesti\u00f3n Docente es responsable de la gesti\u00f3n del Programa de Formaci\u00f3n Continua del Profesorado (PFCP), y tambi\u00e9n del funcionamiento del Laboratorio de Innovaci\u00f3n Docente, para lo que cuenta con \u00f3rganos espec\u00edficos de coordinaci\u00f3n.<\/p>\n\n\n\n<p>La Prefectura del Servicio, nombrada por el Protonotariado Acad\u00e9mico entre los miembros de su personal con formaci\u00f3n superior especializada, es el \u00f3rgano responsable del funcionamiento y la calidad del servicio.<\/p>\n\n\n\n<p class=\"txt_nota\">Las funciones de Prefecto del Servicio de Gesti\u00f3n Docente de la eUniv las ejerce la <strong>Sra. Maria A. Corredor<\/strong>, por delegaci\u00f3n expresa del Protonotario Acad\u00e9mico de 25 de abril del 2019. Su mandato finaliza el d\u00eda 31 de agosto de 2027.  <a class=\"rank-math-link\" href=\"mailto:helda@euniv.eu\">helda@euniv.eu<\/a><\/p>\n<\/div><\/div><\/div>\n\n\n\n<div class=\"wp-block-kadence-pane kt-accordion-pane kt-accordion-pane-3 kt-pane1239_c39141-92\"><div class=\"kt-accordion-header-wrap\"><button class=\"kt-blocks-accordion-header kt-acccordion-button-label-show\"><span class=\"kt-blocks-accordion-title-wrap\"><span class=\"kt-blocks-accordion-title\">3. Gesti\u00f3n Tutorial: atenci\u00f3n y orientaci\u00f3n<\/span><\/span><span class=\"kt-blocks-accordion-icon-trigger\"><\/span><\/button><\/div><div class=\"kt-accordion-panel kt-accordion-panel-hidden\"><div class=\"kt-accordion-panel-inner\">\n<p>El Servicio Universitario de Gesti\u00f3n Tutorial y Orientaci\u00f3n es el \u00f3rgano encargado de organizar los siguientes planes y programas especializados:<\/p>\n\n\n\n<ol class=\"wp-block-list\">\n<li>El Plan de Acogida del nuevo alumnado a las ense\u00f1anzas de la Universidad.<\/li>\n\n\n\n<li>El Plan de Acci\u00f3n Tutorial del alumnado matriculado.<\/li>\n\n\n\n<li>El Programa de Orientaci\u00f3n del alumnado titulado.<\/li>\n\n\n\n<li>El Programa de Formaci\u00f3n Tutorial para el profesorado.<\/li>\n<\/ol>\n\n\n\n<p>La persona titular de su prefectura es el Tutor Mayor de la Universidad, nombrado por el Protonotariado Acad\u00e9mico entre los miembros de su personal con formaci\u00f3n superior especializada, es el \u00f3rgano responsable del funcionamiento y la calidad del servicio.<\/p>\n\n\n\n<p class=\"txt_nota\">Las funciones de Prefecto del Servicio de Gesti\u00f3n Tutorial y Orientaci\u00f3n de la eUniv las ejerce el <strong>Sr. Miquel Trilla<\/strong>, por delegaci\u00f3n expresa del Protonotario Acad\u00e9mico de 25 de abril del 2019. Su mandato finaliza el d\u00eda 31 de agosto de 2027. <a class=\"rank-math-link\" href=\"mailto:tutormajor@euniv.eu\">tutormajor@euniv.eu<\/a>.<\/p>\n<\/div><\/div><\/div>\n<\/div><\/div><\/div>\n<\/div><\/div>\n\n<\/div><\/div>\n\n\n<div style=\"height:100px\" aria-hidden=\"true\" class=\"wp-block-spacer\"><\/div>\n","protected":false},"excerpt":{"rendered":"<p>Servicios protonotariales: docencia y alumnado El Protonotariado Acad\u00e9mico de la eUniv, adem\u00e1s de las funciones propias asignadas por los Estatutos, tiene adscritos los tres servicios universitarios que re\u00fanen el conjunto de la gesti\u00f3n implicada en la vida ordinaria del alumnado universitario, que comienza con su primera matriculaci\u00f3n en un ense\u00f1anza y culmina con el procedimiento &hellip;<\/p>\n","protected":false},"author":3,"featured_media":0,"parent":1235,"menu_order":0,"comment_status":"closed","ping_status":"closed","template":"templates\/template-builder.php","meta":{"_editorskit_title_hidden":false,"_editorskit_reading_time":2,"_editorskit_is_block_options_detached":false,"_editorskit_block_options_position":"{}","inline_featured_image":false,"footnotes":""},"class_list":["post-1239","page","type-page","status-publish","hentry","post","without-featured-image"],"featured_image_src":null,"featured_image_src_square":null,"_links":{"self":[{"href":"https:\/\/euniv.eu\/es\/wp-json\/wp\/v2\/pages\/1239","targetHints":{"allow":["GET"]}}],"collection":[{"href":"https:\/\/euniv.eu\/es\/wp-json\/wp\/v2\/pages"}],"about":[{"href":"https:\/\/euniv.eu\/es\/wp-json\/wp\/v2\/types\/page"}],"author":[{"embeddable":true,"href":"https:\/\/euniv.eu\/es\/wp-json\/wp\/v2\/users\/3"}],"replies":[{"embeddable":true,"href":"https:\/\/euniv.eu\/es\/wp-json\/wp\/v2\/comments?post=1239"}],"version-history":[{"count":3,"href":"https:\/\/euniv.eu\/es\/wp-json\/wp\/v2\/pages\/1239\/revisions"}],"predecessor-version":[{"id":9741,"href":"https:\/\/euniv.eu\/es\/wp-json\/wp\/v2\/pages\/1239\/revisions\/9741"}],"up":[{"embeddable":true,"href":"https:\/\/euniv.eu\/es\/wp-json\/wp\/v2\/pages\/1235"}],"wp:attachment":[{"href":"https:\/\/euniv.eu\/es\/wp-json\/wp\/v2\/media?parent=1239"}],"curies":[{"name":"wp","href":"https:\/\/api.w.org\/{rel}","templated":true}]}}