{"id":1241,"date":"2020-10-29T17:42:23","date_gmt":"2020-10-29T17:42:23","guid":{"rendered":"https:\/\/euniv.eu\/?page_id=1241"},"modified":"2026-02-09T18:10:36","modified_gmt":"2026-02-09T17:10:36","slug":"vicerrectorales","status":"publish","type":"page","link":"https:\/\/euniv.eu\/es\/servicios\/vicerrectorales\/","title":{"rendered":"Vicerrectorales"},"content":{"rendered":"<style>.kb-row-layout-id1241_b6d2ac-fe > .kt-row-column-wrap{align-content:start;}:where(.kb-row-layout-id1241_b6d2ac-fe > .kt-row-column-wrap) > .wp-block-kadence-column{justify-content:start;}.kb-row-layout-id1241_b6d2ac-fe > .kt-row-column-wrap{column-gap:var(--global-kb-gap-lg, 4rem);row-gap:var(--global-kb-gap-md, 2rem);max-width:1240px;margin-left:auto;margin-right:auto;padding-top:var(--global-kb-spacing-sm, 1.5rem);padding-bottom:var(--global-kb-spacing-sm, 1.5rem);grid-template-columns:minmax(0, calc(30% - ((var(--global-kb-gap-lg, 4rem) * 1 )\/2)))minmax(0, calc(70% - ((var(--global-kb-gap-lg, 4rem) * 1 )\/2)));}.kb-row-layout-id1241_b6d2ac-fe > .kt-row-layout-overlay{opacity:0.30;}@media all and (max-width: 1024px){.kb-row-layout-id1241_b6d2ac-fe > .kt-row-column-wrap{grid-template-columns:minmax(0, 1fr) minmax(0, 2fr);}}@media all and (max-width: 767px){.kb-row-layout-id1241_b6d2ac-fe > .kt-row-column-wrap{grid-template-columns:minmax(0, 1fr);}}<\/style><div class=\"kb-row-layout-wrap kb-row-layout-id1241_b6d2ac-fe alignnone wp-block-kadence-rowlayout\"><div class=\"kt-row-column-wrap kt-has-2-columns kt-row-layout-right-golden kt-tab-layout-inherit kt-mobile-layout-row kt-row-valign-top\">\n<style>.kadence-column1241_5e43e3-b3 > .kt-inside-inner-col,.kadence-column1241_5e43e3-b3 > .kt-inside-inner-col:before{border-top-left-radius:0px;border-top-right-radius:0px;border-bottom-right-radius:0px;border-bottom-left-radius:0px;}.kadence-column1241_5e43e3-b3 > .kt-inside-inner-col{column-gap:var(--global-kb-gap-sm, 1rem);}.kadence-column1241_5e43e3-b3 > .kt-inside-inner-col{flex-direction:column;}.kadence-column1241_5e43e3-b3 > .kt-inside-inner-col > .aligncenter{width:100%;}.kadence-column1241_5e43e3-b3 > .kt-inside-inner-col:before{opacity:0.3;}.kadence-column1241_5e43e3-b3{position:relative;}@media all and (max-width: 1024px){.kadence-column1241_5e43e3-b3 > .kt-inside-inner-col{flex-direction:column;justify-content:center;}}@media all and (max-width: 767px){.kadence-column1241_5e43e3-b3 > .kt-inside-inner-col{flex-direction:column;justify-content:center;}}<\/style>\n<div class=\"wp-block-kadence-column kadence-column1241_5e43e3-b3 inner-column-1 animated fadeInLeft\"><div class=\"kt-inside-inner-col\">Este men\u00fa no existe o no contiene elementos\n<\/div><\/div>\n\n\n<style>.kadence-column1241_24f8ba-46 > .kt-inside-inner-col,.kadence-column1241_24f8ba-46 > .kt-inside-inner-col:before{border-top-left-radius:0px;border-top-right-radius:0px;border-bottom-right-radius:0px;border-bottom-left-radius:0px;}.kadence-column1241_24f8ba-46 > .kt-inside-inner-col{column-gap:var(--global-kb-gap-sm, 1rem);}.kadence-column1241_24f8ba-46 > .kt-inside-inner-col{flex-direction:column;}.kadence-column1241_24f8ba-46 > .kt-inside-inner-col > .aligncenter{width:100%;}.kadence-column1241_24f8ba-46 > .kt-inside-inner-col:before{opacity:0.3;}.kadence-column1241_24f8ba-46{position:relative;}@media all and (max-width: 1024px){.kadence-column1241_24f8ba-46 > .kt-inside-inner-col{flex-direction:column;justify-content:center;}}@media all and (max-width: 767px){.kadence-column1241_24f8ba-46 > .kt-inside-inner-col{flex-direction:column;justify-content:center;}}<\/style>\n<div class=\"wp-block-kadence-column kadence-column1241_24f8ba-46 inner-column-2 animated fadeIn slow\"><div class=\"kt-inside-inner-col\"><style>.kb-row-layout-id1241_6e81df-f9 > .kt-row-column-wrap{align-content:center;}:where(.kb-row-layout-id1241_6e81df-f9 > .kt-row-column-wrap) > .wp-block-kadence-column{justify-content:center;}.kb-row-layout-id1241_6e81df-f9 > .kt-row-column-wrap{column-gap:20px;row-gap:var(--global-kb-gap-md, 2rem);padding-top:var(--global-kb-spacing-sm, 1.5rem);padding-bottom:var(--global-kb-spacing-sm, 1.5rem);grid-template-columns:minmax(0, calc(15% - ((20px * 1 )\/2)))minmax(0, calc(85% - ((20px * 1 )\/2)));}.kb-row-layout-id1241_6e81df-f9 > .kt-row-layout-overlay{opacity:0.30;}@media all and (max-width: 1024px){.kb-row-layout-id1241_6e81df-f9 > .kt-row-column-wrap{grid-template-columns:minmax(0, 1fr) minmax(0, 2fr);}}@media all and (max-width: 767px){.kb-row-layout-id1241_6e81df-f9 > .kt-row-column-wrap{grid-template-columns:minmax(0, 1fr);}}<\/style><div class=\"kb-row-layout-wrap kb-row-layout-id1241_6e81df-f9 alignnone wp-block-kadence-rowlayout\"><div class=\"kt-row-column-wrap kt-has-2-columns kt-row-layout-right-golden kt-tab-layout-inherit kt-mobile-layout-row kt-row-valign-middle\">\n<style>.kadence-column1241_d5ddaf-33 > .kt-inside-inner-col,.kadence-column1241_d5ddaf-33 > .kt-inside-inner-col:before{border-top-left-radius:0px;border-top-right-radius:0px;border-bottom-right-radius:0px;border-bottom-left-radius:0px;}.kadence-column1241_d5ddaf-33 > .kt-inside-inner-col{column-gap:var(--global-kb-gap-sm, 1rem);}.kadence-column1241_d5ddaf-33 > .kt-inside-inner-col{flex-direction:column;}.kadence-column1241_d5ddaf-33 > .kt-inside-inner-col > .aligncenter{width:100%;}.kadence-column1241_d5ddaf-33 > .kt-inside-inner-col:before{opacity:0.3;}.kadence-column1241_d5ddaf-33{position:relative;}@media all and (max-width: 1024px){.kadence-column1241_d5ddaf-33 > .kt-inside-inner-col{flex-direction:column;justify-content:center;}}@media all and (max-width: 767px){.kadence-column1241_d5ddaf-33 > .kt-inside-inner-col{flex-direction:column;justify-content:center;}}<\/style>\n<div class=\"wp-block-kadence-column kadence-column1241_d5ddaf-33 inner-column-1\"><div class=\"kt-inside-inner-col\">\n<figure class=\"wp-block-image size-large\"><img loading=\"lazy\" decoding=\"async\" width=\"112\" height=\"150\" src=\"https:\/\/euniv.eu\/wp-content\/uploads\/\/2020\/09\/ico_s.svg\" alt=\"S\" class=\"wp-image-1826\"\/><\/figure>\n<\/div><\/div>\n\n\n<style>.kadence-column1241_5a6612-02 > .kt-inside-inner-col,.kadence-column1241_5a6612-02 > .kt-inside-inner-col:before{border-top-left-radius:0px;border-top-right-radius:0px;border-bottom-right-radius:0px;border-bottom-left-radius:0px;}.kadence-column1241_5a6612-02 > .kt-inside-inner-col{column-gap:var(--global-kb-gap-sm, 1rem);}.kadence-column1241_5a6612-02 > .kt-inside-inner-col{flex-direction:column;}.kadence-column1241_5a6612-02 > .kt-inside-inner-col > .aligncenter{width:100%;}.kadence-column1241_5a6612-02 > .kt-inside-inner-col:before{opacity:0.3;}.kadence-column1241_5a6612-02{position:relative;}@media all and (max-width: 1024px){.kadence-column1241_5a6612-02 > .kt-inside-inner-col{flex-direction:column;justify-content:center;}}@media all and (max-width: 767px){.kadence-column1241_5a6612-02 > .kt-inside-inner-col{flex-direction:column;justify-content:center;}}<\/style>\n<div class=\"wp-block-kadence-column kadence-column1241_5a6612-02 inner-column-2\"><div class=\"kt-inside-inner-col\">\n<h1 class=\"wp-block-heading\"><strong>Servicios vicerrectorales: <\/strong>espec\u00edficos y fonamentales<\/h1>\n<\/div><\/div>\n\n<\/div><\/div>\n\n\n<p>El Rectorado de la eUniv, de acuerdo con los Estatutos de la Universidad, puede nombrar entre los miembros de la Junta Acad\u00e9mica dos vicerrectorados, los cuales, adem\u00e1s de las funciones ordinarias de sustituci\u00f3n del titular del Rectorado en los casos previstos estatutariamente, pueden recibir una delegaci\u00f3n de funciones espec\u00edfica sobre un \u00e1mbito acad\u00e9mico determinado de la gesti\u00f3n universitaria.<\/p>\n\n\n\n<p>El <strong>Vicerrectorado<\/strong> primero es el responsable de la pol\u00edtica de investigaci\u00f3n de la Universidad y, adem\u00e1s de presidir la Comisi\u00f3n de Investigaci\u00f3n y dirigir el Plan Director de Investigaci\u00f3n de la eUniv, tiene adscrito el siguiente servicio universitario:<\/p>\n\n\n\n<ol class=\"wp-block-list\">\n<li>Servicio Universitario de Gesti\u00f3n de la Investigaci\u00f3n y del Centro de Recursos para el Aprendizaje (CRA)<\/li>\n<\/ol>\n\n\n\n<p>El <strong>Vicerrectorado segundo<\/strong> es el responsable del Sistema de Garant\u00eda Interna de la Calidad de la Universidad y, adem\u00e1s de presidir la Comisi\u00f3n de Calidad, tiene adscritos los siguientes servicios universitarios:<\/p>\n\n\n\n<ol class=\"wp-block-list\">\n<li>Servicio Universitario de Garant\u00eda de la Calidad<\/li>\n\n\n\n<li>Servicio Universitario de Idiomas<\/li>\n<\/ol>\n\n\n\n<p><\/p>\n\n\n<style>.kt-accordion-id1241_e562ad-11 .kt-accordion-inner-wrap{column-gap:var(--global-kb-gap-md, 2rem);row-gap:10px;}.kt-accordion-id1241_e562ad-11 .kt-accordion-panel-inner{border-top:0px solid transparent;border-right:1px solid transparent;border-bottom:1px solid transparent;border-left:1px solid transparent;background:#ffffff;padding-top:var(--global-kb-spacing-sm, 1.5rem);padding-right:var(--global-kb-spacing-sm, 1.5rem);padding-bottom:var(--global-kb-spacing-sm, 1.5rem);padding-left:var(--global-kb-spacing-sm, 1.5rem);}.kt-accordion-id1241_e562ad-11 > .kt-accordion-inner-wrap > .wp-block-kadence-pane > .kt-accordion-header-wrap > .kt-blocks-accordion-header{border-top:1px solid #eeeeee;border-right:1px solid #eeeeee;border-bottom:1px solid #eeeeee;border-left:2px solid #eeeeee;border-top-left-radius:0px;border-top-right-radius:0px;border-bottom-right-radius:0px;border-bottom-left-radius:0px;background:#ffffff;font-size:18px;line-height:24px;color:#444444;padding-top:14px;padding-right:16px;padding-bottom:14px;padding-left:16px;}.kt-accordion-id1241_e562ad-11:not( .kt-accodion-icon-style-basiccircle ):not( .kt-accodion-icon-style-xclosecircle ):not( .kt-accodion-icon-style-arrowcircle )  > .kt-accordion-inner-wrap > .wp-block-kadence-pane > .kt-accordion-header-wrap .kt-blocks-accordion-icon-trigger:after, .kt-accordion-id1241_e562ad-11:not( .kt-accodion-icon-style-basiccircle ):not( .kt-accodion-icon-style-xclosecircle ):not( .kt-accodion-icon-style-arrowcircle )  > .kt-accordion-inner-wrap > .wp-block-kadence-pane > .kt-accordion-header-wrap .kt-blocks-accordion-icon-trigger:before{background:#444444;}.kt-accordion-id1241_e562ad-11:not( .kt-accodion-icon-style-basic ):not( .kt-accodion-icon-style-xclose ):not( .kt-accodion-icon-style-arrow ) .kt-blocks-accordion-icon-trigger{background:#444444;}.kt-accordion-id1241_e562ad-11:not( .kt-accodion-icon-style-basic ):not( .kt-accodion-icon-style-xclose ):not( .kt-accodion-icon-style-arrow ) .kt-blocks-accordion-icon-trigger:after, .kt-accordion-id1241_e562ad-11:not( .kt-accodion-icon-style-basic ):not( .kt-accodion-icon-style-xclose ):not( .kt-accodion-icon-style-arrow ) .kt-blocks-accordion-icon-trigger:before{background:#ffffff;}.kt-accordion-id1241_e562ad-11 > .kt-accordion-inner-wrap > .wp-block-kadence-pane > .kt-accordion-header-wrap > .kt-blocks-accordion-header:hover, \n\t\t\t\tbody:not(.hide-focus-outline) .kt-accordion-id1241_e562ad-11 .kt-blocks-accordion-header:focus-visible{color:#444444;background:#ffffff;border-top:1px solid #d4d4d4;border-right:1px solid #d4d4d4;border-bottom:1px solid #d4d4d4;border-left:2px solid #d4d4d4;}.kt-accordion-id1241_e562ad-11:not( .kt-accodion-icon-style-basiccircle ):not( .kt-accodion-icon-style-xclosecircle ):not( .kt-accodion-icon-style-arrowcircle ) .kt-accordion-header-wrap .kt-blocks-accordion-header:hover .kt-blocks-accordion-icon-trigger:after, .kt-accordion-id1241_e562ad-11:not( .kt-accodion-icon-style-basiccircle ):not( .kt-accodion-icon-style-xclosecircle ):not( .kt-accodion-icon-style-arrowcircle ) .kt-accordion-header-wrap .kt-blocks-accordion-header:hover .kt-blocks-accordion-icon-trigger:before, body:not(.hide-focus-outline) .kt-accordion-id1241_e562ad-11:not( .kt-accodion-icon-style-basiccircle ):not( .kt-accodion-icon-style-xclosecircle ):not( .kt-accodion-icon-style-arrowcircle ) .kt-blocks-accordion--visible .kt-blocks-accordion-icon-trigger:after, body:not(.hide-focus-outline) .kt-accordion-id1241_e562ad-11:not( .kt-accodion-icon-style-basiccircle ):not( .kt-accodion-icon-style-xclosecircle ):not( .kt-accodion-icon-style-arrowcircle ) .kt-blocks-accordion-header:focus-visible .kt-blocks-accordion-icon-trigger:before{background:#444444;}.kt-accordion-id1241_e562ad-11:not( .kt-accodion-icon-style-basic ):not( .kt-accodion-icon-style-xclose ):not( .kt-accodion-icon-style-arrow ) .kt-accordion-header-wrap .kt-blocks-accordion-header:hover .kt-blocks-accordion-icon-trigger, body:not(.hide-focus-outline) .kt-accordion-id1241_e562ad-11:not( .kt-accodion-icon-style-basic ):not( .kt-accodion-icon-style-xclose ):not( .kt-accodion-icon-style-arrow ) .kt-accordion-header-wrap .kt-blocks-accordion-header:focus-visible .kt-blocks-accordion-icon-trigger{background:#444444;}.kt-accordion-id1241_e562ad-11:not( .kt-accodion-icon-style-basic ):not( .kt-accodion-icon-style-xclose ):not( .kt-accodion-icon-style-arrow ) .kt-accordion-header-wrap .kt-blocks-accordion-header:hover .kt-blocks-accordion-icon-trigger:after, .kt-accordion-id1241_e562ad-11:not( .kt-accodion-icon-style-basic ):not( .kt-accodion-icon-style-xclose ):not( .kt-accodion-icon-style-arrow ) .kt-accordion-header-wrap .kt-blocks-accordion-header:hover .kt-blocks-accordion-icon-trigger:before, body:not(.hide-focus-outline) .kt-accordion-id1241_e562ad-11:not( .kt-accodion-icon-style-basic ):not( .kt-accodion-icon-style-xclose ):not( .kt-accodion-icon-style-arrow ) .kt-accordion-header-wrap .kt-blocks-accordion-header:focus-visible .kt-blocks-accordion-icon-trigger:after, body:not(.hide-focus-outline) .kt-accordion-id1241_e562ad-11:not( .kt-accodion-icon-style-basic ):not( .kt-accodion-icon-style-xclose ):not( .kt-accodion-icon-style-arrow ) .kt-accordion-header-wrap .kt-blocks-accordion-header:focus-visible .kt-blocks-accordion-icon-trigger:before{background:#ffffff;}.kt-accordion-id1241_e562ad-11 .kt-accordion-header-wrap .kt-blocks-accordion-header:focus-visible,\n\t\t\t\t.kt-accordion-id1241_e562ad-11 > .kt-accordion-inner-wrap > .wp-block-kadence-pane > .kt-accordion-header-wrap > .kt-blocks-accordion-header.kt-accordion-panel-active{color:#444444;background:#ffffff;border-top:1px solid #eeeeee;border-right:1px solid #eeeeee;border-bottom:1px solid #eeeeee;border-left:2px solid #0e9cd1;}.kt-accordion-id1241_e562ad-11:not( .kt-accodion-icon-style-basiccircle ):not( .kt-accodion-icon-style-xclosecircle ):not( .kt-accodion-icon-style-arrowcircle )  > .kt-accordion-inner-wrap > .wp-block-kadence-pane > .kt-accordion-header-wrap > .kt-blocks-accordion-header.kt-accordion-panel-active .kt-blocks-accordion-icon-trigger:after, .kt-accordion-id1241_e562ad-11:not( .kt-accodion-icon-style-basiccircle ):not( .kt-accodion-icon-style-xclosecircle ):not( .kt-accodion-icon-style-arrowcircle )  > .kt-accordion-inner-wrap > .wp-block-kadence-pane > .kt-accordion-header-wrap > .kt-blocks-accordion-header.kt-accordion-panel-active .kt-blocks-accordion-icon-trigger:before{background:#444444;}.kt-accordion-id1241_e562ad-11:not( .kt-accodion-icon-style-basic ):not( .kt-accodion-icon-style-xclose ):not( .kt-accodion-icon-style-arrow ) .kt-blocks-accordion-header.kt-accordion-panel-active .kt-blocks-accordion-icon-trigger{background:#444444;}.kt-accordion-id1241_e562ad-11:not( .kt-accodion-icon-style-basic ):not( .kt-accodion-icon-style-xclose ):not( .kt-accodion-icon-style-arrow ) .kt-blocks-accordion-header.kt-accordion-panel-active .kt-blocks-accordion-icon-trigger:after, .kt-accordion-id1241_e562ad-11:not( .kt-accodion-icon-style-basic ):not( .kt-accodion-icon-style-xclose ):not( .kt-accodion-icon-style-arrow ) .kt-blocks-accordion-header.kt-accordion-panel-active .kt-blocks-accordion-icon-trigger:before{background:#ffffff;}@media all and (max-width: 1024px){.kt-accordion-id1241_e562ad-11 .kt-accordion-panel-inner{border-top:0px solid transparent;border-right:1px solid transparent;border-bottom:1px solid transparent;border-left:1px solid transparent;}}@media all and (max-width: 1024px){.kt-accordion-id1241_e562ad-11 > .kt-accordion-inner-wrap > .wp-block-kadence-pane > .kt-accordion-header-wrap > .kt-blocks-accordion-header{border-top:1px solid #eeeeee;border-right:1px solid #eeeeee;border-bottom:1px solid #eeeeee;border-left:2px solid #eeeeee;}}@media all and (max-width: 1024px){.kt-accordion-id1241_e562ad-11 > .kt-accordion-inner-wrap > .wp-block-kadence-pane > .kt-accordion-header-wrap > .kt-blocks-accordion-header:hover, \n\t\t\t\tbody:not(.hide-focus-outline) .kt-accordion-id1241_e562ad-11 .kt-blocks-accordion-header:focus-visible{border-top:1px solid #d4d4d4;border-right:1px solid #d4d4d4;border-bottom:1px solid #d4d4d4;border-left:2px solid #d4d4d4;}}@media all and (max-width: 1024px){.kt-accordion-id1241_e562ad-11 .kt-accordion-header-wrap .kt-blocks-accordion-header:focus-visible,\n\t\t\t\t.kt-accordion-id1241_e562ad-11 > .kt-accordion-inner-wrap > .wp-block-kadence-pane > .kt-accordion-header-wrap > .kt-blocks-accordion-header.kt-accordion-panel-active{border-top:1px solid #eeeeee;border-right:1px solid #eeeeee;border-bottom:1px solid #eeeeee;border-left:2px solid #0e9cd1;}}@media all and (max-width: 767px){.kt-accordion-id1241_e562ad-11 .kt-accordion-inner-wrap{display:block;}.kt-accordion-id1241_e562ad-11 .kt-accordion-inner-wrap .kt-accordion-pane:not(:first-child){margin-top:10px;}.kt-accordion-id1241_e562ad-11 .kt-accordion-panel-inner{border-top:0px solid transparent;border-right:1px solid transparent;border-bottom:1px solid transparent;border-left:1px solid transparent;}.kt-accordion-id1241_e562ad-11 > .kt-accordion-inner-wrap > .wp-block-kadence-pane > .kt-accordion-header-wrap > .kt-blocks-accordion-header{border-top:1px solid #eeeeee;border-right:1px solid #eeeeee;border-bottom:1px solid #eeeeee;border-left:2px solid #eeeeee;}.kt-accordion-id1241_e562ad-11 > .kt-accordion-inner-wrap > .wp-block-kadence-pane > .kt-accordion-header-wrap > .kt-blocks-accordion-header:hover, \n\t\t\t\tbody:not(.hide-focus-outline) .kt-accordion-id1241_e562ad-11 .kt-blocks-accordion-header:focus-visible{border-top:1px solid #d4d4d4;border-right:1px solid #d4d4d4;border-bottom:1px solid #d4d4d4;border-left:2px solid #d4d4d4;}.kt-accordion-id1241_e562ad-11 .kt-accordion-header-wrap .kt-blocks-accordion-header:focus-visible,\n\t\t\t\t.kt-accordion-id1241_e562ad-11 > .kt-accordion-inner-wrap > .wp-block-kadence-pane > .kt-accordion-header-wrap > .kt-blocks-accordion-header.kt-accordion-panel-active{border-top:1px solid #eeeeee;border-right:1px solid #eeeeee;border-bottom:1px solid #eeeeee;border-left:2px solid #0e9cd1;}}<\/style>\n<div class=\"wp-block-kadence-accordion alignnone\"><div class=\"kt-accordion-wrap kt-accordion-id1241_e562ad-11 kt-accordion-has-7-panes kt-active-pane-0 kt-accordion-block kt-pane-header-alignment-left kt-accodion-icon-style-arrow kt-accodion-icon-side-right\" style=\"max-width:none\"><div class=\"kt-accordion-inner-wrap\" data-allow-multiple-open=\"false\" data-start-open=\"none\">\n<div class=\"wp-block-kadence-pane kt-accordion-pane kt-accordion-pane-6 kt-pane1241_0d186f-2e\"><div class=\"kt-accordion-header-wrap\"><button class=\"kt-blocks-accordion-header kt-acccordion-button-label-show\" type=\"button\"><span class=\"kt-blocks-accordion-title-wrap\"><span class=\"kt-blocks-accordion-title\">1. Idiomas: la competencia ling\u00fc\u00edstica<\/span><\/span><span class=\"kt-blocks-accordion-icon-trigger\"><\/span><\/button><\/div><div class=\"kt-accordion-panel kt-accordion-panel-hidden\"><div class=\"kt-accordion-panel-inner\">\n<p>El Servicio Universitario de Idiomas es el \u00f3rgano responsable de organizar la oferta de formaci\u00f3n ling\u00fc\u00edstica dirigida a la consecuci\u00f3n del nivel de competencia del Marco Europeo Com\u00fan de Referencia para las Lenguas (MECR), recomendado en cada una de las lenguas utilizadas en las ense\u00f1anzas implantadas: catal\u00e1n, espa\u00f1ol e ingl\u00e9s.<\/p>\n\n\n\n<p>El Servicio de Idiomas organiza, adem\u00e1s de la formaci\u00f3n, los procesos evaluadores para obtener la certificaci\u00f3n del nivel recomendado, de acuerdo con el modelo MECR. La formaci\u00f3n se puede seguir en modalidad no presencial a trav\u00e9s del Aula de Autoaprendizaje y, en algunos niveles, se ofrecen sesiones presenciales en los campus de Sant Juli\u00e0 de L\u00f2ria y de Barcelona.<\/p>\n\n\n\n<p>La Prefectura del Servicio, nombrada por el Vicerrectorado segundo entre los miembros de su personal con formaci\u00f3n superior especializada, es el \u00f3rgano responsable del funcionamiento y de la calidad del servicio.<\/p>\n\n\n\n<p class=\"txt_nota\">Les funciones de Prefecto del Servicio de Idiomas de la eUniv las ejerce la <strong>Sra. Clara O. Ser\u00e9s<\/strong>, por delegaci\u00f3n expresa del Vicerector primero de 25 de abril del 2019. El seu mandat finalitza el dia 31 d\u2019agost del 2027. <a href=\"mailto:lingua@euniv.eu\" class=\"ek-link\">lingua@euniv.eu<\/a><\/p>\n<\/div><\/div><\/div>\n\n\n\n<div class=\"wp-block-kadence-pane kt-accordion-pane kt-accordion-pane-2 kt-pane1241_d846f5-35\"><div class=\"kt-accordion-header-wrap\"><button class=\"kt-blocks-accordion-header kt-acccordion-button-label-show\" type=\"button\"><span class=\"kt-blocks-accordion-title-wrap\"><span class=\"kt-blocks-accordion-title\">2. Calidad: autoavaluaci\u00f3n y mejora<\/span><\/span><span class=\"kt-blocks-accordion-icon-trigger\"><\/span><\/button><\/div><div class=\"kt-accordion-panel kt-accordion-panel-hidden\"><div class=\"kt-accordion-panel-inner\">\n<p>El Servicio Universitario de Garant\u00eda de la Calidad es el \u00f3rgano encargado de la gesti\u00f3n de los procedimientos vinculados al Sistema de Garant\u00eda Interna de la Calidad (SGIC) de la eUniv.<\/p>\n\n\n\n<p>La Prefectura del Servicio, nombrada por el Vicerrectorado segundo entre los miembros de su personal con formaci\u00f3n superior especializada, es el \u00f3rgano responsable del funcionamiento y la calidad del servicio.<\/p>\n\n\n\n<p>Este \u00f3rgano ejerce las funciones de secretar\u00eda de la Comisi\u00f3n de Calidad de la Universidad, as\u00ed como de las comisiones de centros y de seguimiento de las ense\u00f1anzas implantadas. Su responsabilidad incluye la elaboraci\u00f3n de los informes t\u00e9cnicos de calidad, as\u00ed como la labor de informar y asesorar a todos los \u00f3rganos acad\u00e9micos en el conocimiento y aplicaci\u00f3n del SGIC.<\/p>\n\n\n\n<p class=\"txt_nota\">Las funciones de Prefecto del Servicio de Garant\u00eda de la Calidad de la universidad las ejerce la <strong>Sr. A. M. Gallifa<\/strong>, por delegaci\u00f3n expresa del Vicerector primero de 25 de abril del 2019. El seu mandat finalitza el dia 31 d\u2019agost del 2027. <a class=\"rank-math-link\" href=\"mailto:qualitas@euniv.eu\">qualitas@euniv.eu<\/a><\/p>\n<\/div><\/div><\/div>\n\n\n\n<div class=\"wp-block-kadence-pane kt-accordion-pane kt-accordion-pane-7 kt-pane1241_a82568-56\"><div class=\"kt-accordion-header-wrap\"><button class=\"kt-blocks-accordion-header kt-acccordion-button-label-show\" type=\"button\"><span class=\"kt-blocks-accordion-title-wrap\"><span class=\"kt-blocks-accordion-title\">3. Investigaci\u00f3n: programaci\u00f3n y recursos<\/span><\/span><span class=\"kt-blocks-accordion-icon-trigger\"><\/span><\/button><\/div><div class=\"kt-accordion-panel kt-accordion-panel-hidden\"><div class=\"kt-accordion-panel-inner\">\n<p>El Servicio Universitario de Gesti\u00f3n de la Investigaci\u00f3n y del Centro de Recursos para el Aprendizaje es el \u00f3rgano encargado de gestionar tanto la programaci\u00f3n de la investigaci\u00f3n, como el Laboratorio de Investigaci\u00f3n y el Centro de Recursos para el Aprendizaje y la Investigaci\u00f3n de la Universidad.<\/p>\n\n\n\n<p>La Prefectura del Servicio, nombrada por el Vicerrectorado primero entre los miembros de su personal con formaci\u00f3n superior especializada, es el \u00f3rgano responsable del funcionamiento y la calidad del servicio.<\/p>\n\n\n\n<p>Este \u00f3rgano ejerce las funciones de secretar\u00eda de la Comisi\u00f3n de Investigaci\u00f3n de la Universidad, y forma parte de las comisiones de los institutos de investigaci\u00f3n de la Universidad. Su responsabilidad incluye la labor de informar y asesorar a todos los \u00f3rganos acad\u00e9micos sobre las convocatorias cient\u00edficas de investigaci\u00f3n y los procedimientos para su aplicaci\u00f3n..<\/p>\n\n\n\n<p class=\"txt_nota\">Las funciones de Prefecto del Servicio de Investigaci\u00f3n y del Centro de Recursos para el Aprendizaje de la eUniv las ejerce el <strong>Sr. Xavier Isern<\/strong>, por delegaci\u00f3n expresa del Vicerector primero de 25 de abril del 2019. El seu mandat finalitza el dia 31 d\u2019agost del 2027.  <a class=\"rank-math-link\" href=\"mailto:recerca@euniv.eu\">recerca@euniv.eu<\/a><\/p>\n<\/div><\/div><\/div>\n<\/div><\/div><\/div>\n<\/div><\/div>\n\n<\/div><\/div>\n\n\n<div style=\"height:100px\" aria-hidden=\"true\" class=\"wp-block-spacer\"><\/div>\n","protected":false},"excerpt":{"rendered":"<p>Servicios vicerrectorales: espec\u00edficos y fonamentales El Rectorado de la eUniv, de acuerdo con los Estatutos de la Universidad, puede nombrar entre los miembros de la Junta Acad\u00e9mica dos vicerrectorados, los cuales, adem\u00e1s de las funciones ordinarias de sustituci\u00f3n del titular del Rectorado en los casos previstos estatutariamente, pueden recibir una delegaci\u00f3n de funciones espec\u00edfica sobre &hellip;<\/p>\n","protected":false},"author":3,"featured_media":0,"parent":1235,"menu_order":0,"comment_status":"closed","ping_status":"closed","template":"templates\/template-builder.php","meta":{"_editorskit_title_hidden":false,"_editorskit_reading_time":3,"_editorskit_is_block_options_detached":false,"_editorskit_block_options_position":"{}","inline_featured_image":false,"footnotes":""},"class_list":["post-1241","page","type-page","status-publish","hentry","post","without-featured-image"],"featured_image_src":null,"featured_image_src_square":null,"_links":{"self":[{"href":"https:\/\/euniv.eu\/es\/wp-json\/wp\/v2\/pages\/1241","targetHints":{"allow":["GET"]}}],"collection":[{"href":"https:\/\/euniv.eu\/es\/wp-json\/wp\/v2\/pages"}],"about":[{"href":"https:\/\/euniv.eu\/es\/wp-json\/wp\/v2\/types\/page"}],"author":[{"embeddable":true,"href":"https:\/\/euniv.eu\/es\/wp-json\/wp\/v2\/users\/3"}],"replies":[{"embeddable":true,"href":"https:\/\/euniv.eu\/es\/wp-json\/wp\/v2\/comments?post=1241"}],"version-history":[{"count":5,"href":"https:\/\/euniv.eu\/es\/wp-json\/wp\/v2\/pages\/1241\/revisions"}],"predecessor-version":[{"id":19889,"href":"https:\/\/euniv.eu\/es\/wp-json\/wp\/v2\/pages\/1241\/revisions\/19889"}],"up":[{"embeddable":true,"href":"https:\/\/euniv.eu\/es\/wp-json\/wp\/v2\/pages\/1235"}],"wp:attachment":[{"href":"https:\/\/euniv.eu\/es\/wp-json\/wp\/v2\/media?parent=1241"}],"curies":[{"name":"wp","href":"https:\/\/api.w.org\/{rel}","templated":true}]}}