{"id":1245,"date":"2020-11-02T11:40:18","date_gmt":"2020-11-02T11:40:18","guid":{"rendered":"https:\/\/euniv.eu\/?page_id=1245"},"modified":"2020-11-02T11:40:26","modified_gmt":"2020-11-02T11:40:26","slug":"investigacion","status":"publish","type":"page","link":"https:\/\/euniv.eu\/es\/investigacion\/","title":{"rendered":"Investigaci\u00f3n"},"content":{"rendered":"<style>#kt-layout-id_7ccb8f-8f > .kt-row-column-wrap{align-content:start;}:where(#kt-layout-id_7ccb8f-8f > .kt-row-column-wrap) > .wp-block-kadence-column{justify-content:start;}#kt-layout-id_7ccb8f-8f > .kt-row-column-wrap{column-gap:var(--global-kb-gap-lg, 4rem);row-gap:var(--global-kb-gap-md, 2rem);max-width:1240px;margin-left:auto;margin-right:auto;padding-top:var( --global-kb-row-default-top, 25px );padding-bottom:var( --global-kb-row-default-bottom, 25px );padding-top:var(--global-kb-spacing-sm, 1.5rem);padding-bottom:var(--global-kb-spacing-sm, 1.5rem);grid-template-columns:minmax(0, calc(30% - ((var(--global-kb-gap-lg, 4rem) * 1 )\/2)))minmax(0, calc(70% - ((var(--global-kb-gap-lg, 4rem) * 1 )\/2)));}#kt-layout-id_7ccb8f-8f > .kt-row-layout-overlay{opacity:0.30;}@media all and (max-width: 1024px){#kt-layout-id_7ccb8f-8f > .kt-row-column-wrap{grid-template-columns:minmax(0, 1fr) minmax(0, 2fr);}}@media all and (max-width: 767px){#kt-layout-id_7ccb8f-8f > .kt-row-column-wrap{grid-template-columns:minmax(0, 1fr);}}<\/style>\n<div class=\"wp-block-kadence-rowlayout alignnone\"><div id=\"kt-layout-id_7ccb8f-8f\" class=\"kt-row-layout-inner kt-layout-id_7ccb8f-8f\"><div class=\"kt-row-column-wrap kt-has-2-columns kt-gutter-wider kt-v-gutter-default kt-row-valign-top kt-row-layout-right-golden kt-tab-layout-inherit kt-m-colapse-left-to-right kt-mobile-layout-row  kt-custom-first-width-30  kt-custom-second-width-70\"><style>.kadence-column_70486e-0d > .kt-inside-inner-col{border-top-width:0px;border-right-width:0px;border-bottom-width:0px;border-left-width:0px;}.kadence-column_70486e-0d > .kt-inside-inner-col,.kadence-column_70486e-0d > .kt-inside-inner-col:before{border-top-left-radius:0px;border-top-right-radius:0px;border-bottom-right-radius:0px;border-bottom-left-radius:0px;}.kadence-column_70486e-0d > .kt-inside-inner-col{column-gap:var(--global-kb-gap-sm, 1rem);}.kadence-column_70486e-0d > .kt-inside-inner-col{flex-direction:column;}.kadence-column_70486e-0d > .kt-inside-inner-col > .aligncenter{width:100%;}.kadence-column_70486e-0d > .kt-inside-inner-col:before{opacity:0.3;}.kadence-column_70486e-0d{position:relative;}@media all and (max-width: 1024px){.kadence-column_70486e-0d > .kt-inside-inner-col{flex-direction:column;justify-content:center;}}@media all and (max-width: 767px){.kadence-column_70486e-0d > .kt-inside-inner-col{flex-direction:column;justify-content:center;}}<\/style>\n<div class=\"wp-block-kadence-column inner-column-1 kadence-column_70486e-0d animated fadeInLeft\"><div class=\"kt-inside-inner-col\"><ul id=\"menu-investigacion-es\" class=\"menu menu_left\"><li id=\"menu-item-5660\" class=\"menu-item menu-item-type-custom menu-item-object-custom menu-item-has-children menu-item-5660\"><a href=\"#nogo\">L\u00edneas de Investigaci\u00f3n Doctoral<\/a>\n<ul class=\"sub-menu\">\n\t<li id=\"menu-item-5670\" class=\"menu-item menu-item-type-post_type menu-item-object-page menu-item-5670\"><a href=\"https:\/\/euniv.eu\/es\/investigacion\/universidades-y-pais-las-universidades-en-la-historia-catalana\/\">Universidades y Pa\u00eds<\/a><\/li>\n\t<li id=\"menu-item-5664\" class=\"menu-item menu-item-type-post_type menu-item-object-page menu-item-5664\"><a href=\"https:\/\/euniv.eu\/es\/investigacion\/la-gestion-de-la-comunicacion-en-el-siglo-xxi-el-tercer-sector\/\">La gesti\u00f3n de la comunicaci\u00f3n en el siglo XXI<\/a><\/li>\n\t<li id=\"menu-item-13648\" class=\"menu-item menu-item-type-post_type menu-item-object-page menu-item-13648\"><a href=\"https:\/\/euniv.eu\/es\/investigacion\/representacion-simbolica-de-marca\/\">Representaci\u00f3n Simb\u00f3lica de Marca<\/a><\/li>\n<\/ul>\n<\/li>\n<li id=\"menu-item-5671\" class=\"menu-item menu-item-type-post_type menu-item-object-page menu-item-has-children menu-item-5671\"><a href=\"https:\/\/euniv.eu\/es\/investigacion\/observatorio-europeo-de-la-comunicacion\/\">Observatorio Europeo de la Comunicaci\u00f3n<\/a>\n<ul class=\"sub-menu\">\n\t<li id=\"menu-item-14538\" class=\"menu-item menu-item-type-post_type menu-item-object-page menu-item-14538\"><a href=\"https:\/\/euniv.eu\/es\/symposium-grafica\/\">Symposium Grafica<\/a><\/li>\n<\/ul>\n<\/li>\n<li id=\"menu-item-11230\" class=\"menu-item menu-item-type-post_type menu-item-object-page menu-item-11230\"><a href=\"https:\/\/euniv.eu\/es\/investigacion\/instituto-universitario-alma-mater\/\">Alma Mater<\/a><\/li>\n<li id=\"menu-item-11233\" class=\"menu-item menu-item-type-post_type menu-item-object-page menu-item-11233\"><a href=\"https:\/\/euniv.eu\/es\/investigacion\/instituto-universitario-nextg\/\">NEXTG<\/a><\/li>\n<li id=\"menu-item-11231\" class=\"menu-item menu-item-type-post_type menu-item-object-page menu-item-11231\"><a href=\"https:\/\/euniv.eu\/es\/investigacion\/instituto-universitario-iurnat\/\">IURNAT<\/a><\/li>\n<li id=\"menu-item-11232\" class=\"menu-item menu-item-type-post_type menu-item-object-page menu-item-11232\"><a href=\"https:\/\/euniv.eu\/es\/investigacion\/instituto-universitario-laurentia\/\">Lafayette<\/a><\/li>\n<\/ul>\n<\/div><\/div>\n\n\n<style>.kadence-column_02f96e-3c > .kt-inside-inner-col{border-top-width:0px;border-right-width:0px;border-bottom-width:0px;border-left-width:0px;}.kadence-column_02f96e-3c > .kt-inside-inner-col,.kadence-column_02f96e-3c > .kt-inside-inner-col:before{border-top-left-radius:0px;border-top-right-radius:0px;border-bottom-right-radius:0px;border-bottom-left-radius:0px;}.kadence-column_02f96e-3c > .kt-inside-inner-col{column-gap:var(--global-kb-gap-sm, 1rem);}.kadence-column_02f96e-3c > .kt-inside-inner-col{flex-direction:column;}.kadence-column_02f96e-3c > .kt-inside-inner-col > .aligncenter{width:100%;}.kadence-column_02f96e-3c > .kt-inside-inner-col:before{opacity:0.3;}.kadence-column_02f96e-3c{position:relative;}@media all and (max-width: 1024px){.kadence-column_02f96e-3c > .kt-inside-inner-col{flex-direction:column;justify-content:center;}}@media all and (max-width: 767px){.kadence-column_02f96e-3c > .kt-inside-inner-col{flex-direction:column;justify-content:center;}}<\/style>\n<div class=\"wp-block-kadence-column inner-column-2 kadence-column_02f96e-3c animated fadeIn slow\"><div class=\"kt-inside-inner-col\"><style>#kt-layout-id_787e6d-1b > .kt-row-column-wrap{align-content:center;}:where(#kt-layout-id_787e6d-1b > .kt-row-column-wrap) > .wp-block-kadence-column{justify-content:center;}#kt-layout-id_787e6d-1b > .kt-row-column-wrap{column-gap:20px;row-gap:var(--global-kb-gap-md, 2rem);padding-top:var( --global-kb-row-default-top, 25px );padding-bottom:var( --global-kb-row-default-bottom, 25px );padding-top:var(--global-kb-spacing-sm, 1.5rem);padding-bottom:var(--global-kb-spacing-sm, 1.5rem);grid-template-columns:minmax(0, calc(15% - ((20px * 1 )\/2)))minmax(0, calc(85% - ((20px * 1 )\/2)));}#kt-layout-id_787e6d-1b > .kt-row-layout-overlay{opacity:0.30;}@media all and (max-width: 1024px){#kt-layout-id_787e6d-1b > .kt-row-column-wrap{grid-template-columns:minmax(0, 1fr) minmax(0, 2fr);}}@media all and (max-width: 767px){#kt-layout-id_787e6d-1b > .kt-row-column-wrap{grid-template-columns:minmax(0, 1fr);}}<\/style>\n<div class=\"wp-block-kadence-rowlayout alignnone\"><div id=\"kt-layout-id_787e6d-1b\" class=\"kt-row-layout-inner kt-layout-id_787e6d-1b\"><div class=\"kt-row-column-wrap kt-has-2-columns kt-gutter-narrow kt-v-gutter-default kt-row-valign-middle kt-row-layout-right-golden kt-tab-layout-inherit kt-m-colapse-left-to-right kt-mobile-layout-row  kt-custom-first-width-15  kt-custom-second-width-85\"><style>.kadence-column_915589-23 > .kt-inside-inner-col{border-top-width:0px;border-right-width:0px;border-bottom-width:0px;border-left-width:0px;}.kadence-column_915589-23 > .kt-inside-inner-col,.kadence-column_915589-23 > .kt-inside-inner-col:before{border-top-left-radius:0px;border-top-right-radius:0px;border-bottom-right-radius:0px;border-bottom-left-radius:0px;}.kadence-column_915589-23 > .kt-inside-inner-col{column-gap:var(--global-kb-gap-sm, 1rem);}.kadence-column_915589-23 > .kt-inside-inner-col{flex-direction:column;}.kadence-column_915589-23 > .kt-inside-inner-col > .aligncenter{width:100%;}.kadence-column_915589-23 > .kt-inside-inner-col:before{opacity:0.3;}.kadence-column_915589-23{position:relative;}@media all and (max-width: 1024px){.kadence-column_915589-23 > .kt-inside-inner-col{flex-direction:column;justify-content:center;}}@media all and (max-width: 767px){.kadence-column_915589-23 > .kt-inside-inner-col{flex-direction:column;justify-content:center;}}<\/style>\n<div class=\"wp-block-kadence-column inner-column-1 kadence-column_915589-23\"><div class=\"kt-inside-inner-col\">\n<figure class=\"wp-block-image size-large\"><img loading=\"lazy\" decoding=\"async\" width=\"112\" height=\"151\" src=\"https:\/\/euniv.eu\/wp-content\/uploads\/2020\/09\/ico_europaea.svg\" alt=\"\" class=\"wp-image-314\"\/><\/figure>\n<\/div><\/div>\n\n\n<style>.kadence-column_beffd6-4e > .kt-inside-inner-col{border-top-width:0px;border-right-width:0px;border-bottom-width:0px;border-left-width:0px;}.kadence-column_beffd6-4e > .kt-inside-inner-col,.kadence-column_beffd6-4e > .kt-inside-inner-col:before{border-top-left-radius:0px;border-top-right-radius:0px;border-bottom-right-radius:0px;border-bottom-left-radius:0px;}.kadence-column_beffd6-4e > .kt-inside-inner-col{column-gap:var(--global-kb-gap-sm, 1rem);}.kadence-column_beffd6-4e > .kt-inside-inner-col{flex-direction:column;}.kadence-column_beffd6-4e > .kt-inside-inner-col > .aligncenter{width:100%;}.kadence-column_beffd6-4e > .kt-inside-inner-col:before{opacity:0.3;}.kadence-column_beffd6-4e{position:relative;}@media all and (max-width: 1024px){.kadence-column_beffd6-4e > .kt-inside-inner-col{flex-direction:column;justify-content:center;}}@media all and (max-width: 767px){.kadence-column_beffd6-4e > .kt-inside-inner-col{flex-direction:column;justify-content:center;}}<\/style>\n<div class=\"wp-block-kadence-column inner-column-2 kadence-column_beffd6-4e\"><div class=\"kt-inside-inner-col\">\n<h1 class=\"wp-block-heading\"><strong>Orientaci\u00f3n integradora<\/strong><\/h1>\n<\/div><\/div>\n<\/div><\/div><\/div>\n\n\n\n<p>Para la eUniv es un objetivo estrat\u00e9gico fundamental religar el alumnado, desde los estudios de Bachelor hasta los de Doctorado, con aquella investigaci\u00f3n que, por su tem\u00e1tica y metodolog\u00eda, permita su participaci\u00f3n a trav\u00e9s de los trabajos previstos en los planes de estudios . Esta capacidad de inserci\u00f3n del alumnado es la que gu\u00eda el impulso de investigaci\u00f3n, y eso le obliga a tener siempre presente las ense\u00f1anzas implantadas y los resultados de aprendizaje previstos en sus planes de estudio.<\/p>\n\n\n\n<p>El planteamiento de la investigaci\u00f3n universitaria puede tener orientaciones muy diversas, como es bien natural. En el caso de la eUniv, sin embargo, la investigaci\u00f3n no tiene como destinatario principal externo la industria, el gobierno o cualquier otro agente, sino su propio alumnado. Las posibilidades de que un alumno universitario entre en contacto con el mundo de la investigaci\u00f3n superior son muy limitadas, especialmente si el alumnado sigue la modalidad on-line. Esta din\u00e1mica es la que queremos revertir.<\/p>\n\n\n\n<p>Plantear la elaboraci\u00f3n de los trabajos acad\u00e9micos de las materias como una oportunidad de participar directamente en una investigaci\u00f3n es una decisi\u00f3n que requiere un gran compromiso institucional. Para empezar, las l\u00edneas de investigaci\u00f3n deben ser dise\u00f1adas en funci\u00f3n de las ense\u00f1anzas implantadas, tanto en su tem\u00e1tica como en su metodolog\u00eda (conceptualizaci\u00f3n, enfoque te\u00f3rico, metodolog\u00eda, fuentes, documentaci\u00f3n, etc &#8230;). Esta auto-imposici\u00f3n se traslada al Instituto responsable de la coordinaci\u00f3n investigadora y, de paso, a sus unidades de especializaci\u00f3n y a todo el personal investigador. As\u00ed pues, la aplicaci\u00f3n de este criterio sobre la actividad de investigaci\u00f3n conlleva el establecimiento de un modelo integrado de participaci\u00f3n.<\/p>\n<\/div><\/div>\n<\/div><\/div><\/div>\n\n\n\n<div style=\"height:100px\" aria-hidden=\"true\" class=\"wp-block-spacer\"><\/div>\n","protected":false},"excerpt":{"rendered":"<p>Orientaci\u00f3n integradora Para la eUniv es un objetivo estrat\u00e9gico fundamental religar el alumnado, desde los estudios de Bachelor hasta los de Doctorado, con aquella investigaci\u00f3n que, por su tem\u00e1tica y metodolog\u00eda, permita su participaci\u00f3n a trav\u00e9s de los trabajos previstos en los planes de estudios . Esta capacidad de inserci\u00f3n del alumnado es la que &hellip;<\/p>\n","protected":false},"author":3,"featured_media":0,"parent":0,"menu_order":0,"comment_status":"closed","ping_status":"closed","template":"templates\/template-builder.php","meta":{"_editorskit_title_hidden":false,"_editorskit_reading_time":1,"_editorskit_is_block_options_detached":false,"_editorskit_block_options_position":"{}","inline_featured_image":false,"footnotes":""},"class_list":["post-1245","page","type-page","status-publish","hentry","post","without-featured-image"],"featured_image_src":null,"featured_image_src_square":null,"_links":{"self":[{"href":"https:\/\/euniv.eu\/es\/wp-json\/wp\/v2\/pages\/1245","targetHints":{"allow":["GET"]}}],"collection":[{"href":"https:\/\/euniv.eu\/es\/wp-json\/wp\/v2\/pages"}],"about":[{"href":"https:\/\/euniv.eu\/es\/wp-json\/wp\/v2\/types\/page"}],"author":[{"embeddable":true,"href":"https:\/\/euniv.eu\/es\/wp-json\/wp\/v2\/users\/3"}],"replies":[{"embeddable":true,"href":"https:\/\/euniv.eu\/es\/wp-json\/wp\/v2\/comments?post=1245"}],"version-history":[{"count":1,"href":"https:\/\/euniv.eu\/es\/wp-json\/wp\/v2\/pages\/1245\/revisions"}],"predecessor-version":[{"id":1246,"href":"https:\/\/euniv.eu\/es\/wp-json\/wp\/v2\/pages\/1245\/revisions\/1246"}],"wp:attachment":[{"href":"https:\/\/euniv.eu\/es\/wp-json\/wp\/v2\/media?parent=1245"}],"curies":[{"name":"wp","href":"https:\/\/api.w.org\/{rel}","templated":true}]}}