{"id":1247,"date":"2020-11-02T11:43:30","date_gmt":"2020-11-02T11:43:30","guid":{"rendered":"https:\/\/euniv.eu\/?page_id=1247"},"modified":"2020-11-02T11:43:46","modified_gmt":"2020-11-02T11:43:46","slug":"plan-director","status":"publish","type":"page","link":"https:\/\/euniv.eu\/es\/investigacion\/plan-director\/","title":{"rendered":"Plan Director"},"content":{"rendered":"<style>#kt-layout-id_7ccb8f-8f > .kt-row-column-wrap{align-content:start;}:where(#kt-layout-id_7ccb8f-8f > .kt-row-column-wrap) > .wp-block-kadence-column{justify-content:start;}#kt-layout-id_7ccb8f-8f > .kt-row-column-wrap{column-gap:var(--global-kb-gap-lg, 4rem);row-gap:var(--global-kb-gap-md, 2rem);max-width:1240px;margin-left:auto;margin-right:auto;padding-top:var( --global-kb-row-default-top, 25px );padding-bottom:var( --global-kb-row-default-bottom, 25px );padding-top:var(--global-kb-spacing-sm, 1.5rem);padding-bottom:var(--global-kb-spacing-sm, 1.5rem);grid-template-columns:minmax(0, calc(30% - ((var(--global-kb-gap-lg, 4rem) * 1 )\/2)))minmax(0, calc(70% - ((var(--global-kb-gap-lg, 4rem) * 1 )\/2)));}#kt-layout-id_7ccb8f-8f > .kt-row-layout-overlay{opacity:0.30;}@media all and (max-width: 1024px){#kt-layout-id_7ccb8f-8f > .kt-row-column-wrap{grid-template-columns:minmax(0, 1fr) minmax(0, 2fr);}}@media all and (max-width: 767px){#kt-layout-id_7ccb8f-8f > .kt-row-column-wrap{grid-template-columns:minmax(0, 1fr);}}<\/style>\n<div class=\"wp-block-kadence-rowlayout alignnone\"><div id=\"kt-layout-id_7ccb8f-8f\" class=\"kt-row-layout-inner kt-layout-id_7ccb8f-8f\"><div class=\"kt-row-column-wrap kt-has-2-columns kt-gutter-wider kt-v-gutter-default kt-row-valign-top kt-row-layout-right-golden kt-tab-layout-inherit kt-m-colapse-left-to-right kt-mobile-layout-row  kt-custom-first-width-30  kt-custom-second-width-70\"><style>.kadence-column_70486e-0d > .kt-inside-inner-col{border-top-width:0px;border-right-width:0px;border-bottom-width:0px;border-left-width:0px;}.kadence-column_70486e-0d > .kt-inside-inner-col,.kadence-column_70486e-0d > .kt-inside-inner-col:before{border-top-left-radius:0px;border-top-right-radius:0px;border-bottom-right-radius:0px;border-bottom-left-radius:0px;}.kadence-column_70486e-0d > .kt-inside-inner-col{column-gap:var(--global-kb-gap-sm, 1rem);}.kadence-column_70486e-0d > .kt-inside-inner-col{flex-direction:column;}.kadence-column_70486e-0d > .kt-inside-inner-col > .aligncenter{width:100%;}.kadence-column_70486e-0d > .kt-inside-inner-col:before{opacity:0.3;}.kadence-column_70486e-0d{position:relative;}@media all and (max-width: 1024px){.kadence-column_70486e-0d > .kt-inside-inner-col{flex-direction:column;justify-content:center;}}@media all and (max-width: 767px){.kadence-column_70486e-0d > .kt-inside-inner-col{flex-direction:column;justify-content:center;}}<\/style>\n<div class=\"wp-block-kadence-column inner-column-1 kadence-column_70486e-0d animated fadeInLeft\"><div class=\"kt-inside-inner-col\"><ul id=\"menu-investigacion-es\" class=\"menu menu_left\"><li id=\"menu-item-5660\" class=\"menu-item menu-item-type-custom menu-item-object-custom menu-item-has-children menu-item-5660\"><a href=\"#nogo\">L\u00edneas de Investigaci\u00f3n Doctoral<\/a>\n<ul class=\"sub-menu\">\n\t<li id=\"menu-item-5670\" class=\"menu-item menu-item-type-post_type menu-item-object-page menu-item-5670\"><a href=\"https:\/\/euniv.eu\/es\/investigacion\/universidades-y-pais-las-universidades-en-la-historia-catalana\/\">Universidades y Pa\u00eds<\/a><\/li>\n\t<li id=\"menu-item-5664\" class=\"menu-item menu-item-type-post_type menu-item-object-page menu-item-5664\"><a href=\"https:\/\/euniv.eu\/es\/investigacion\/la-gestion-de-la-comunicacion-en-el-siglo-xxi-el-tercer-sector\/\">La gesti\u00f3n de la comunicaci\u00f3n en el siglo XXI<\/a><\/li>\n\t<li id=\"menu-item-13648\" class=\"menu-item menu-item-type-post_type menu-item-object-page menu-item-13648\"><a href=\"https:\/\/euniv.eu\/es\/investigacion\/representacion-simbolica-de-marca\/\">Representaci\u00f3n Simb\u00f3lica de Marca<\/a><\/li>\n<\/ul>\n<\/li>\n<li id=\"menu-item-5671\" class=\"menu-item menu-item-type-post_type menu-item-object-page menu-item-has-children menu-item-5671\"><a href=\"https:\/\/euniv.eu\/es\/investigacion\/observatorio-europeo-de-la-comunicacion\/\">Observatorio Europeo de la Comunicaci\u00f3n<\/a>\n<ul class=\"sub-menu\">\n\t<li id=\"menu-item-14538\" class=\"menu-item menu-item-type-post_type menu-item-object-page menu-item-14538\"><a href=\"https:\/\/euniv.eu\/es\/symposium-grafica\/\">Symposium Grafica<\/a><\/li>\n<\/ul>\n<\/li>\n<li id=\"menu-item-11230\" class=\"menu-item menu-item-type-post_type menu-item-object-page menu-item-11230\"><a href=\"https:\/\/euniv.eu\/es\/investigacion\/instituto-universitario-alma-mater\/\">Alma Mater<\/a><\/li>\n<li id=\"menu-item-11233\" class=\"menu-item menu-item-type-post_type menu-item-object-page menu-item-11233\"><a href=\"https:\/\/euniv.eu\/es\/investigacion\/instituto-universitario-nextg\/\">NEXTG<\/a><\/li>\n<li id=\"menu-item-11231\" class=\"menu-item menu-item-type-post_type menu-item-object-page menu-item-11231\"><a href=\"https:\/\/euniv.eu\/es\/investigacion\/instituto-universitario-iurnat\/\">IURNAT<\/a><\/li>\n<li id=\"menu-item-11232\" class=\"menu-item menu-item-type-post_type menu-item-object-page menu-item-11232\"><a href=\"https:\/\/euniv.eu\/es\/investigacion\/instituto-universitario-laurentia\/\">Lafayette<\/a><\/li>\n<\/ul>\n<\/div><\/div>\n\n\n<style>.kadence-column_02f96e-3c > .kt-inside-inner-col{border-top-width:0px;border-right-width:0px;border-bottom-width:0px;border-left-width:0px;}.kadence-column_02f96e-3c > .kt-inside-inner-col,.kadence-column_02f96e-3c > .kt-inside-inner-col:before{border-top-left-radius:0px;border-top-right-radius:0px;border-bottom-right-radius:0px;border-bottom-left-radius:0px;}.kadence-column_02f96e-3c > .kt-inside-inner-col{column-gap:var(--global-kb-gap-sm, 1rem);}.kadence-column_02f96e-3c > .kt-inside-inner-col{flex-direction:column;}.kadence-column_02f96e-3c > .kt-inside-inner-col > .aligncenter{width:100%;}.kadence-column_02f96e-3c > .kt-inside-inner-col:before{opacity:0.3;}.kadence-column_02f96e-3c{position:relative;}@media all and (max-width: 1024px){.kadence-column_02f96e-3c > .kt-inside-inner-col{flex-direction:column;justify-content:center;}}@media all and (max-width: 767px){.kadence-column_02f96e-3c > .kt-inside-inner-col{flex-direction:column;justify-content:center;}}<\/style>\n<div class=\"wp-block-kadence-column inner-column-2 kadence-column_02f96e-3c animated fadeIn slow\"><div class=\"kt-inside-inner-col\"><style>#kt-layout-id_787e6d-1b > .kt-row-column-wrap{align-content:center;}:where(#kt-layout-id_787e6d-1b > .kt-row-column-wrap) > .wp-block-kadence-column{justify-content:center;}#kt-layout-id_787e6d-1b > .kt-row-column-wrap{column-gap:20px;row-gap:var(--global-kb-gap-md, 2rem);padding-top:var( --global-kb-row-default-top, 25px );padding-bottom:var( --global-kb-row-default-bottom, 25px );padding-top:var(--global-kb-spacing-sm, 1.5rem);padding-bottom:var(--global-kb-spacing-sm, 1.5rem);grid-template-columns:minmax(0, calc(15% - ((20px * 1 )\/2)))minmax(0, calc(85% - ((20px * 1 )\/2)));}#kt-layout-id_787e6d-1b > .kt-row-layout-overlay{opacity:0.30;}@media all and (max-width: 1024px){#kt-layout-id_787e6d-1b > .kt-row-column-wrap{grid-template-columns:minmax(0, 1fr) minmax(0, 2fr);}}@media all and (max-width: 767px){#kt-layout-id_787e6d-1b > .kt-row-column-wrap{grid-template-columns:minmax(0, 1fr);}}<\/style>\n<div class=\"wp-block-kadence-rowlayout alignnone\"><div id=\"kt-layout-id_787e6d-1b\" class=\"kt-row-layout-inner kt-layout-id_787e6d-1b\"><div class=\"kt-row-column-wrap kt-has-2-columns kt-gutter-narrow kt-v-gutter-default kt-row-valign-middle kt-row-layout-right-golden kt-tab-layout-inherit kt-m-colapse-left-to-right kt-mobile-layout-row  kt-custom-first-width-15  kt-custom-second-width-85\"><style>.kadence-column_915589-23 > .kt-inside-inner-col{border-top-width:0px;border-right-width:0px;border-bottom-width:0px;border-left-width:0px;}.kadence-column_915589-23 > .kt-inside-inner-col,.kadence-column_915589-23 > .kt-inside-inner-col:before{border-top-left-radius:0px;border-top-right-radius:0px;border-bottom-right-radius:0px;border-bottom-left-radius:0px;}.kadence-column_915589-23 > .kt-inside-inner-col{column-gap:var(--global-kb-gap-sm, 1rem);}.kadence-column_915589-23 > .kt-inside-inner-col{flex-direction:column;}.kadence-column_915589-23 > .kt-inside-inner-col > .aligncenter{width:100%;}.kadence-column_915589-23 > .kt-inside-inner-col:before{opacity:0.3;}.kadence-column_915589-23{position:relative;}@media all and (max-width: 1024px){.kadence-column_915589-23 > .kt-inside-inner-col{flex-direction:column;justify-content:center;}}@media all and (max-width: 767px){.kadence-column_915589-23 > .kt-inside-inner-col{flex-direction:column;justify-content:center;}}<\/style>\n<div class=\"wp-block-kadence-column inner-column-1 kadence-column_915589-23\"><div class=\"kt-inside-inner-col\">\n<figure class=\"wp-block-image size-large\"><img loading=\"lazy\" decoding=\"async\" width=\"129\" height=\"171\" src=\"https:\/\/euniv.eu\/wp-content\/uploads\/2020\/10\/icono_doctorat_general.svg\" alt=\"Pla Director de la Recerca: PDR\" class=\"wp-image-1062\"\/><\/figure>\n<\/div><\/div>\n\n\n<style>.kadence-column_beffd6-4e > .kt-inside-inner-col{border-top-width:0px;border-right-width:0px;border-bottom-width:0px;border-left-width:0px;}.kadence-column_beffd6-4e > .kt-inside-inner-col,.kadence-column_beffd6-4e > .kt-inside-inner-col:before{border-top-left-radius:0px;border-top-right-radius:0px;border-bottom-right-radius:0px;border-bottom-left-radius:0px;}.kadence-column_beffd6-4e > .kt-inside-inner-col{column-gap:var(--global-kb-gap-sm, 1rem);}.kadence-column_beffd6-4e > .kt-inside-inner-col{flex-direction:column;}.kadence-column_beffd6-4e > .kt-inside-inner-col > .aligncenter{width:100%;}.kadence-column_beffd6-4e > .kt-inside-inner-col:before{opacity:0.3;}.kadence-column_beffd6-4e{position:relative;}@media all and (max-width: 1024px){.kadence-column_beffd6-4e > .kt-inside-inner-col{flex-direction:column;justify-content:center;}}@media all and (max-width: 767px){.kadence-column_beffd6-4e > .kt-inside-inner-col{flex-direction:column;justify-content:center;}}<\/style>\n<div class=\"wp-block-kadence-column inner-column-2 kadence-column_beffd6-4e\"><div class=\"kt-inside-inner-col\">\n<h1 class=\"wp-block-heading\"><strong>Plan Director de la Investigaci\u00f3n: <\/strong>PDI<\/h1>\n<\/div><\/div>\n<\/div><\/div><\/div>\n\n\n\n<p>La activitad acad\u00e9mica de investigaci\u00f3n se ordena a la eUniv a partir del <strong>Plan Director de Investigaci\u00f3n (PDI)<\/strong>. Este instrumento, que se elabora bajo la Direcci\u00f3n de la IFIA, sirve para hacer converger los intereses y necesidades de las ense\u00f1anzas implantadas y de la investigaci\u00f3n aplicada.<\/p>\n\n\n\n<p>El PDI es quinquenal y recoge toda la oferta de l\u00edneas de investigaci\u00f3n impulsadas \u200b\u200bdesde el IUFIA al alcance del alumnado que debe elaborar los trabajos obligatorios de cada materia de sus estudios. Las l\u00edneas se presentan distribuidas en bloques dirigidos a cada una de las ense\u00f1anzas, y dentro de cada bloque se diferencia, por su nivel de complejidad, los proyectos en que pueden participar los estudiantes de Bachelor y en los que lo pueden hacer los estudiantes de M\u00e1ster.<\/p>\n\n\n\n<p>El PDI informa tambi\u00e9n de las unidades de investigaci\u00f3n que dentro del IUFIA organizan las l\u00edneas de investigaci\u00f3n, con la descripci\u00f3n de los objetivos, metodolog\u00edas, estado, publicaciones y personal que colabora. El PDI lo aprueba la Junta Acad\u00e9mica y su presupuesto se integra dentro del presupuesto general del IUFIA. Cualquier modificaci\u00f3n que pueda producirse durante el periodo de vigencia establecido para el Plan, requiere del informe previo de evaluaci\u00f3n del impacto econ\u00f3mico del Clavario de la eUniv. La actividad de investigaci\u00f3n doctoral impulsada desde la Escuela de Doctorado J. H. Newman constituye un cap\u00edtulo propio dentro del Plan Director, en atenci\u00f3n a sus singularidades. Las l\u00edneas de investigaci\u00f3n doctoral, sin embargo, pueden integrar alumnado de otros niveles para la realizaci\u00f3n de investigaciones coadyuvantes si estas tienen una justificaci\u00f3n te\u00f3rica o permiten el ejercicio de metodolog\u00edas provechosas para la formaci\u00f3n de este alumnado.<\/p>\n<\/div><\/div>\n<\/div><\/div><\/div>\n\n\n\n<div style=\"height:100px\" aria-hidden=\"true\" class=\"wp-block-spacer\"><\/div>\n","protected":false},"excerpt":{"rendered":"<p>Plan Director de la Investigaci\u00f3n: PDI La activitad acad\u00e9mica de investigaci\u00f3n se ordena a la eUniv a partir del Plan Director de Investigaci\u00f3n (PDI). Este instrumento, que se elabora bajo la Direcci\u00f3n de la IFIA, sirve para hacer converger los intereses y necesidades de las ense\u00f1anzas implantadas y de la investigaci\u00f3n aplicada. El PDI es &hellip;<\/p>\n","protected":false},"author":3,"featured_media":0,"parent":1245,"menu_order":0,"comment_status":"closed","ping_status":"closed","template":"templates\/template-builder.php","meta":{"_editorskit_title_hidden":false,"_editorskit_reading_time":1,"_editorskit_is_block_options_detached":false,"_editorskit_block_options_position":"{}","inline_featured_image":false,"footnotes":""},"class_list":["post-1247","page","type-page","status-publish","hentry","post","without-featured-image"],"featured_image_src":null,"featured_image_src_square":null,"_links":{"self":[{"href":"https:\/\/euniv.eu\/es\/wp-json\/wp\/v2\/pages\/1247","targetHints":{"allow":["GET"]}}],"collection":[{"href":"https:\/\/euniv.eu\/es\/wp-json\/wp\/v2\/pages"}],"about":[{"href":"https:\/\/euniv.eu\/es\/wp-json\/wp\/v2\/types\/page"}],"author":[{"embeddable":true,"href":"https:\/\/euniv.eu\/es\/wp-json\/wp\/v2\/users\/3"}],"replies":[{"embeddable":true,"href":"https:\/\/euniv.eu\/es\/wp-json\/wp\/v2\/comments?post=1247"}],"version-history":[{"count":1,"href":"https:\/\/euniv.eu\/es\/wp-json\/wp\/v2\/pages\/1247\/revisions"}],"predecessor-version":[{"id":1248,"href":"https:\/\/euniv.eu\/es\/wp-json\/wp\/v2\/pages\/1247\/revisions\/1248"}],"up":[{"embeddable":true,"href":"https:\/\/euniv.eu\/es\/wp-json\/wp\/v2\/pages\/1245"}],"wp:attachment":[{"href":"https:\/\/euniv.eu\/es\/wp-json\/wp\/v2\/media?parent=1247"}],"curies":[{"name":"wp","href":"https:\/\/api.w.org\/{rel}","templated":true}]}}