{"id":1263,"date":"2020-11-02T12:36:12","date_gmt":"2020-11-02T12:36:12","guid":{"rendered":"https:\/\/euniv.eu\/?page_id=1263"},"modified":"2025-11-13T10:58:12","modified_gmt":"2025-11-13T09:58:12","slug":"institutos-universitarios","status":"publish","type":"page","link":"https:\/\/euniv.eu\/es\/investigacion\/institutos-universitarios\/","title":{"rendered":"Institutos Universitarios"},"content":{"rendered":"<style>.kb-row-layout-id1263_26aa70-23 > .kt-row-column-wrap{align-content:start;}:where(.kb-row-layout-id1263_26aa70-23 > .kt-row-column-wrap) > .wp-block-kadence-column{justify-content:start;}.kb-row-layout-id1263_26aa70-23 > .kt-row-column-wrap{column-gap:var(--global-kb-gap-lg, 4rem);row-gap:var(--global-kb-gap-md, 2rem);max-width:1240px;margin-left:auto;margin-right:auto;padding-top:var(--global-kb-spacing-sm, 1.5rem);padding-bottom:var(--global-kb-spacing-sm, 1.5rem);grid-template-columns:minmax(0, calc(30% - ((var(--global-kb-gap-lg, 4rem) * 1 )\/2)))minmax(0, calc(70% - ((var(--global-kb-gap-lg, 4rem) * 1 )\/2)));}.kb-row-layout-id1263_26aa70-23 > .kt-row-layout-overlay{opacity:0.30;}@media all and (max-width: 1024px){.kb-row-layout-id1263_26aa70-23 > .kt-row-column-wrap{grid-template-columns:minmax(0, 1fr) minmax(0, 2fr);}}@media all and (max-width: 767px){.kb-row-layout-id1263_26aa70-23 > .kt-row-column-wrap{grid-template-columns:minmax(0, 1fr);}}<\/style><div class=\"kb-row-layout-wrap kb-row-layout-id1263_26aa70-23 alignnone wp-block-kadence-rowlayout\"><div class=\"kt-row-column-wrap kt-has-2-columns kt-row-layout-right-golden kt-tab-layout-inherit kt-mobile-layout-row kt-row-valign-top\">\n<style>.kadence-column1263_aff32d-a1 > .kt-inside-inner-col{border-top-width:0px;border-right-width:0px;border-bottom-width:0px;border-left-width:0px;}.kadence-column1263_aff32d-a1 > .kt-inside-inner-col,.kadence-column1263_aff32d-a1 > .kt-inside-inner-col:before{border-top-left-radius:0px;border-top-right-radius:0px;border-bottom-right-radius:0px;border-bottom-left-radius:0px;}.kadence-column1263_aff32d-a1 > .kt-inside-inner-col{column-gap:var(--global-kb-gap-sm, 1rem);}.kadence-column1263_aff32d-a1 > .kt-inside-inner-col{flex-direction:column;}.kadence-column1263_aff32d-a1 > .kt-inside-inner-col > .aligncenter{width:100%;}.kadence-column1263_aff32d-a1 > .kt-inside-inner-col:before{opacity:0.3;}.kadence-column1263_aff32d-a1{position:relative;}@media all and (max-width: 1024px){.kadence-column1263_aff32d-a1 > .kt-inside-inner-col{flex-direction:column;justify-content:center;}}@media all and (max-width: 767px){.kadence-column1263_aff32d-a1 > .kt-inside-inner-col{flex-direction:column;justify-content:center;}}<\/style>\n<div class=\"wp-block-kadence-column kadence-column1263_aff32d-a1 inner-column-1 animated fadeInLeft\"><div class=\"kt-inside-inner-col\"><ul id=\"menu-investigacion-es\" class=\"menu menu_left\"><li id=\"menu-item-5660\" class=\"menu-item menu-item-type-custom menu-item-object-custom menu-item-has-children menu-item-5660\"><a href=\"#nogo\">L\u00edneas de Investigaci\u00f3n Doctoral<\/a>\n<ul class=\"sub-menu\">\n\t<li id=\"menu-item-5670\" class=\"menu-item menu-item-type-post_type menu-item-object-page menu-item-5670\"><a href=\"https:\/\/euniv.eu\/es\/investigacion\/universidades-y-pais-las-universidades-en-la-historia-catalana\/\">Universidades y Pa\u00eds<\/a><\/li>\n\t<li id=\"menu-item-5664\" class=\"menu-item menu-item-type-post_type menu-item-object-page menu-item-5664\"><a href=\"https:\/\/euniv.eu\/es\/investigacion\/la-gestion-de-la-comunicacion-en-el-siglo-xxi-el-tercer-sector\/\">La gesti\u00f3n de la comunicaci\u00f3n en el siglo XXI<\/a><\/li>\n\t<li id=\"menu-item-13648\" class=\"menu-item menu-item-type-post_type menu-item-object-page menu-item-13648\"><a href=\"https:\/\/euniv.eu\/es\/investigacion\/representacion-simbolica-de-marca\/\">Representaci\u00f3n Simb\u00f3lica de Marca<\/a><\/li>\n<\/ul>\n<\/li>\n<li id=\"menu-item-5671\" class=\"menu-item menu-item-type-post_type menu-item-object-page menu-item-has-children menu-item-5671\"><a href=\"https:\/\/euniv.eu\/es\/investigacion\/observatorio-europeo-de-la-comunicacion\/\">Observatorio Europeo de la Comunicaci\u00f3n<\/a>\n<ul class=\"sub-menu\">\n\t<li id=\"menu-item-14538\" class=\"menu-item menu-item-type-post_type menu-item-object-page menu-item-14538\"><a href=\"https:\/\/euniv.eu\/es\/symposium-grafica\/\">Symposium Grafica<\/a><\/li>\n<\/ul>\n<\/li>\n<li id=\"menu-item-11230\" class=\"menu-item menu-item-type-post_type menu-item-object-page menu-item-11230\"><a href=\"https:\/\/euniv.eu\/es\/investigacion\/instituto-universitario-alma-mater\/\">Alma Mater<\/a><\/li>\n<li id=\"menu-item-11233\" class=\"menu-item menu-item-type-post_type menu-item-object-page menu-item-11233\"><a href=\"https:\/\/euniv.eu\/es\/investigacion\/instituto-universitario-nextg\/\">NEXTG<\/a><\/li>\n<li id=\"menu-item-11231\" class=\"menu-item menu-item-type-post_type menu-item-object-page menu-item-11231\"><a href=\"https:\/\/euniv.eu\/es\/investigacion\/instituto-universitario-iurnat\/\">IURNAT<\/a><\/li>\n<li id=\"menu-item-11232\" class=\"menu-item menu-item-type-post_type menu-item-object-page menu-item-11232\"><a href=\"https:\/\/euniv.eu\/es\/investigacion\/instituto-universitario-laurentia\/\">Lafayette<\/a><\/li>\n<\/ul>\n<\/div><\/div>\n\n\n<style>.kadence-column1263_e82858-0b > .kt-inside-inner-col{border-top-width:0px;border-right-width:0px;border-bottom-width:0px;border-left-width:0px;}.kadence-column1263_e82858-0b > .kt-inside-inner-col,.kadence-column1263_e82858-0b > .kt-inside-inner-col:before{border-top-left-radius:0px;border-top-right-radius:0px;border-bottom-right-radius:0px;border-bottom-left-radius:0px;}.kadence-column1263_e82858-0b > .kt-inside-inner-col{column-gap:var(--global-kb-gap-sm, 1rem);}.kadence-column1263_e82858-0b > .kt-inside-inner-col{flex-direction:column;}.kadence-column1263_e82858-0b > .kt-inside-inner-col > .aligncenter{width:100%;}.kadence-column1263_e82858-0b > .kt-inside-inner-col:before{opacity:0.3;}.kadence-column1263_e82858-0b{position:relative;}@media all and (max-width: 1024px){.kadence-column1263_e82858-0b > .kt-inside-inner-col{flex-direction:column;justify-content:center;}}@media all and (max-width: 767px){.kadence-column1263_e82858-0b > .kt-inside-inner-col{flex-direction:column;justify-content:center;}}<\/style>\n<div class=\"wp-block-kadence-column kadence-column1263_e82858-0b inner-column-2 animated fadeIn slow\"><div class=\"kt-inside-inner-col\"><style>.kb-row-layout-id1263_3045a5-d5 > .kt-row-column-wrap{align-content:center;}:where(.kb-row-layout-id1263_3045a5-d5 > .kt-row-column-wrap) > .wp-block-kadence-column{justify-content:center;}.kb-row-layout-id1263_3045a5-d5 > .kt-row-column-wrap{column-gap:20px;row-gap:var(--global-kb-gap-md, 2rem);padding-top:var(--global-kb-spacing-sm, 1.5rem);padding-bottom:var(--global-kb-spacing-sm, 1.5rem);grid-template-columns:minmax(0, calc(15% - ((20px * 1 )\/2)))minmax(0, calc(85% - ((20px * 1 )\/2)));}.kb-row-layout-id1263_3045a5-d5 > .kt-row-layout-overlay{opacity:0.30;}@media all and (max-width: 1024px){.kb-row-layout-id1263_3045a5-d5 > .kt-row-column-wrap{grid-template-columns:minmax(0, 1fr) minmax(0, 2fr);}}@media all and (max-width: 767px){.kb-row-layout-id1263_3045a5-d5 > .kt-row-column-wrap{grid-template-columns:minmax(0, 1fr);}}<\/style><div class=\"kb-row-layout-wrap kb-row-layout-id1263_3045a5-d5 alignnone wp-block-kadence-rowlayout\"><div class=\"kt-row-column-wrap kt-has-2-columns kt-row-layout-right-golden kt-tab-layout-inherit kt-mobile-layout-row kt-row-valign-middle\">\n<style>.kadence-column1263_4d3c3d-29 > .kt-inside-inner-col{border-top-width:0px;border-right-width:0px;border-bottom-width:0px;border-left-width:0px;}.kadence-column1263_4d3c3d-29 > .kt-inside-inner-col,.kadence-column1263_4d3c3d-29 > .kt-inside-inner-col:before{border-top-left-radius:0px;border-top-right-radius:0px;border-bottom-right-radius:0px;border-bottom-left-radius:0px;}.kadence-column1263_4d3c3d-29 > .kt-inside-inner-col{column-gap:var(--global-kb-gap-sm, 1rem);}.kadence-column1263_4d3c3d-29 > .kt-inside-inner-col{flex-direction:column;}.kadence-column1263_4d3c3d-29 > .kt-inside-inner-col > .aligncenter{width:100%;}.kadence-column1263_4d3c3d-29 > .kt-inside-inner-col:before{opacity:0.3;}.kadence-column1263_4d3c3d-29{position:relative;}@media all and (max-width: 1024px){.kadence-column1263_4d3c3d-29 > .kt-inside-inner-col{flex-direction:column;justify-content:center;}}@media all and (max-width: 767px){.kadence-column1263_4d3c3d-29 > .kt-inside-inner-col{flex-direction:column;justify-content:center;}}<\/style>\n<div class=\"wp-block-kadence-column kadence-column1263_4d3c3d-29 inner-column-1\"><div class=\"kt-inside-inner-col\">\n<figure class=\"wp-block-image size-large\"><img loading=\"lazy\" decoding=\"async\" width=\"140\" height=\"189\" src=\"https:\/\/euniv.eu\/wp-content\/uploads\/\/2020\/09\/logo_catala.svg\" alt=\"Facultat de Filologia\" class=\"wp-image-1795\"\/><\/figure>\n<\/div><\/div>\n\n\n<style>.kadence-column1263_b72c16-bb > .kt-inside-inner-col{border-top-width:0px;border-right-width:0px;border-bottom-width:0px;border-left-width:0px;}.kadence-column1263_b72c16-bb > .kt-inside-inner-col,.kadence-column1263_b72c16-bb > .kt-inside-inner-col:before{border-top-left-radius:0px;border-top-right-radius:0px;border-bottom-right-radius:0px;border-bottom-left-radius:0px;}.kadence-column1263_b72c16-bb > .kt-inside-inner-col{column-gap:var(--global-kb-gap-sm, 1rem);}.kadence-column1263_b72c16-bb > .kt-inside-inner-col{flex-direction:column;}.kadence-column1263_b72c16-bb > .kt-inside-inner-col > .aligncenter{width:100%;}.kadence-column1263_b72c16-bb > .kt-inside-inner-col:before{opacity:0.3;}.kadence-column1263_b72c16-bb{position:relative;}@media all and (max-width: 1024px){.kadence-column1263_b72c16-bb > .kt-inside-inner-col{flex-direction:column;justify-content:center;}}@media all and (max-width: 767px){.kadence-column1263_b72c16-bb > .kt-inside-inner-col{flex-direction:column;justify-content:center;}}<\/style>\n<div class=\"wp-block-kadence-column kadence-column1263_b72c16-bb inner-column-2\"><div class=\"kt-inside-inner-col\">\n<h1 class=\"wp-block-heading\"><strong>Institutos Universitarios: <\/strong>la cooperaci\u00f3n necesaria<\/h1>\n<\/div><\/div>\n\n<\/div><\/div>\n\n\n<p>La La eUniv es plenamente consciente de que hoy en d\u00eda las instituciones de ense\u00f1anza superior no pueden plantearse una estrategia de desarrollo de la investigaci\u00f3n en solitario. La multiplicidad de objetos de estudio, fruto de la eclosi\u00f3n imparable de las especializaciones cient\u00edficas hacen impensable una actividad de investigaci\u00f3n rigurosa y continuada sin el apoyo de los agentes sociales y econ\u00f3micos.<\/p>\n\n\n\n<p>Siendo as\u00ed, la estrategia institucional de la eUniv consiste en impulsar la creaci\u00f3n de institutos universitarios especializados en \u00e1mbitos de inter\u00e9s para la Universidad, y posteriormente ofrecer la posibilidad de integrarse a aquellas personas o entidades que tengan intereses convergentes con el \u00e1mbito de estudio e investigaci\u00f3n de cada instituto. Esta estrategia conlleva el otorgamiento de personalidad jur\u00eddica propia a los institutos para hacer posible la integraci\u00f3n de los socios interesados, as\u00ed como el establecimiento de un modelo de convenio que vincule a los institutos con la Universidad y regule su organizaci\u00f3n acad\u00e9mica, su participaci\u00f3n en el Plan Director de Investigaci\u00f3n y, muy especialmente, la relaci\u00f3n con la Escuela de Doctorado JH Newman y su Programa de Doctorado.<\/p>\n\n\n\n<p>De este modo, la eUniv ha constituido jur\u00eddicamente cuatro institutos: el <strong>Instituto Universitario Alma Mater<\/strong>, dedicado a la investigaci\u00f3n en el \u00e1mbito de las Artes y Humanidades y organizador de la l\u00ednea de investigaci\u00f3n doctoral <em>Universidades y Pa\u00eds<\/em>; el <strong>Instituto Universitario NextG<\/strong>, creado como <em>Think Tank<\/em> o Laboratorio de ideas para desarrollar y organizar actividades de debate y divulgaci\u00f3n en el \u00e1mbito de la ciencia y la tecnolog\u00eda; el <strong>Instituto Universitario Lafayette<\/strong>, dedicado a la investigaci\u00f3n en el \u00e1mbito de la seguridad y organizador de la l\u00ednea de investigaci\u00f3n doctoral sobre la <em>Formaci\u00f3n universitaria en ciencias de la seguridad<\/em>; y por \u00faltimo el <strong>Instituto Universitario IURNAT<\/strong>, creado para el estudio de los comportamientos psicosociales de la demanda de formaci\u00f3n universitaria.<\/p>\n\n\n\n<p><\/p>\n<\/div><\/div>\n\n<\/div><\/div>\n\n\n<div style=\"height:100px\" aria-hidden=\"true\" class=\"wp-block-spacer\"><\/div>\n","protected":false},"excerpt":{"rendered":"<p>Institutos Universitarios: la cooperaci\u00f3n necesaria La La eUniv es plenamente consciente de que hoy en d\u00eda las instituciones de ense\u00f1anza superior no pueden plantearse una estrategia de desarrollo de la investigaci\u00f3n en solitario. La multiplicidad de objetos de estudio, fruto de la eclosi\u00f3n imparable de las especializaciones cient\u00edficas hacen impensable una actividad de investigaci\u00f3n rigurosa &hellip;<\/p>\n","protected":false},"author":3,"featured_media":0,"parent":1245,"menu_order":0,"comment_status":"closed","ping_status":"closed","template":"templates\/template-builder.php","meta":{"_editorskit_title_hidden":false,"_editorskit_reading_time":1,"_editorskit_is_block_options_detached":false,"_editorskit_block_options_position":"{}","inline_featured_image":false,"footnotes":""},"class_list":["post-1263","page","type-page","status-publish","hentry","post","without-featured-image"],"featured_image_src":null,"featured_image_src_square":null,"_links":{"self":[{"href":"https:\/\/euniv.eu\/es\/wp-json\/wp\/v2\/pages\/1263","targetHints":{"allow":["GET"]}}],"collection":[{"href":"https:\/\/euniv.eu\/es\/wp-json\/wp\/v2\/pages"}],"about":[{"href":"https:\/\/euniv.eu\/es\/wp-json\/wp\/v2\/types\/page"}],"author":[{"embeddable":true,"href":"https:\/\/euniv.eu\/es\/wp-json\/wp\/v2\/users\/3"}],"replies":[{"embeddable":true,"href":"https:\/\/euniv.eu\/es\/wp-json\/wp\/v2\/comments?post=1263"}],"version-history":[{"count":5,"href":"https:\/\/euniv.eu\/es\/wp-json\/wp\/v2\/pages\/1263\/revisions"}],"predecessor-version":[{"id":18845,"href":"https:\/\/euniv.eu\/es\/wp-json\/wp\/v2\/pages\/1263\/revisions\/18845"}],"up":[{"embeddable":true,"href":"https:\/\/euniv.eu\/es\/wp-json\/wp\/v2\/pages\/1245"}],"wp:attachment":[{"href":"https:\/\/euniv.eu\/es\/wp-json\/wp\/v2\/media?parent=1263"}],"curies":[{"name":"wp","href":"https:\/\/api.w.org\/{rel}","templated":true}]}}