{"id":1272,"date":"2020-11-02T12:56:06","date_gmt":"2020-11-02T12:56:06","guid":{"rendered":"https:\/\/euniv.eu\/?page_id=1272"},"modified":"2022-03-16T15:40:49","modified_gmt":"2022-03-16T15:40:49","slug":"ensenanzas","status":"publish","type":"page","link":"https:\/\/euniv.eu\/es\/ensenanzas\/","title":{"rendered":"Ense\u00f1anzas"},"content":{"rendered":"<ul id=\"menu-ensenanza-es\" class=\"menu menu_top\"><li id=\"menu-item-5585\" class=\"main_colour menu-item menu-item-type-custom menu-item-object-custom menu-item-has-children menu-item-5585\"><a href=\"#nogo\">Bachelores<\/a>\n<ul class=\"sub-menu\">\n\t<li id=\"menu-item-10644\" class=\"menu_top_beig menu-item menu-item-type-post_type menu-item-object-page menu-item-10644\"><a href=\"https:\/\/euniv.eu\/es\/ensenanzas\/empresa\/bachelor-bba\/\">BBA<\/a><\/li>\n\t<li id=\"menu-item-19370\" class=\"menu_top_blue menu-item menu-item-type-post_type menu-item-object-page menu-item-19370\"><a href=\"https:\/\/euniv.eu\/es\/ensenanzas\/humanidades\/bachelor\/\">Humanidades<\/a><\/li>\n\t<li id=\"menu-item-19367\" class=\"menu_top_green menu-item menu-item-type-post_type menu-item-object-page menu-item-19367\"><a href=\"https:\/\/euniv.eu\/es\/ensenanzas\/filologia\/bachelor\/\">Catal\u00e1n<\/a><\/li>\n\t<li id=\"menu-item-19368\" class=\"menu_top_red menu-item menu-item-type-post_type menu-item-object-page menu-item-19368\"><a href=\"https:\/\/euniv.eu\/es\/ensenanzas\/derecho\/bachelor\/\">Derecho<\/a><\/li>\n\t<li id=\"menu-item-14290\" class=\"menu_top_violet menu-item menu-item-type-post_type menu-item-object-page menu-item-14290\"><a href=\"https:\/\/euniv.eu\/es\/bachelor-en-psicologia\/\">Psicolog\u00eda<\/a><\/li>\n\t<li id=\"menu-item-14289\" class=\"menu_top_ocre menu-item menu-item-type-post_type menu-item-object-page menu-item-14289\"><a href=\"https:\/\/euniv.eu\/es\/bachelor-en-comunicacion\/\">Comunicaci\u00f3n<\/a><\/li>\n\t<li id=\"menu-item-10617\" class=\"menu_top_ocre menu-item menu-item-type-post_type menu-item-object-page menu-item-10617\"><a href=\"https:\/\/euniv.eu\/es\/ensenanzas\/ciencias-politicas\/bachelor-en-ciencias-politicas\/\">Ciencia pol\u00edtica<\/a><\/li>\n\t<li id=\"menu-item-15492\" class=\"menu_top_marino menu-item menu-item-type-post_type menu-item-object-page menu-item-15492\"><a href=\"https:\/\/euniv.eu\/es\/bachelor-en-ciencia-de-datos-ia\/\">Ciencia de Datos-IA<\/a><\/li>\n\t<li id=\"menu-item-10618\" class=\"menu_top_marino menu-item menu-item-type-post_type menu-item-object-page menu-item-10618\"><a href=\"https:\/\/euniv.eu\/es\/ensenanzas\/ingenieria-industrial\/bachelor-en-ingenieria-industrial\/\">Ingenier\u00eda de Organizaci\u00f3n Industrial<\/a><\/li>\n\t<li id=\"menu-item-19369\" class=\"menu_top_beig menu-item menu-item-type-post_type menu-item-object-page menu-item-19369\"><a href=\"https:\/\/euniv.eu\/es\/ensenanzas\/empresa\/batxelor-marketing\/\">Marketing<\/a><\/li>\n<\/ul>\n<\/li>\n<li id=\"menu-item-5586\" class=\"main_colour menu-item menu-item-type-custom menu-item-object-custom menu-item-has-children menu-item-5586\"><a href=\"#nogo\">M\u00e1sters<\/a>\n<ul class=\"sub-menu\">\n\t<li id=\"menu-item-10734\" class=\"menu_top_beig menu-item menu-item-type-post_type menu-item-object-page menu-item-10734\"><a href=\"https:\/\/euniv.eu\/es\/ensenanzas\/empresa\/master-mba\/\">MBA<\/a><\/li>\n\t<li id=\"menu-item-19372\" class=\"menu_top_blue menu-item menu-item-type-post_type menu-item-object-page menu-item-19372\"><a href=\"https:\/\/euniv.eu\/es\/ensenanzas\/humanidades\/master\/\">Humanidades<\/a><\/li>\n\t<li id=\"menu-item-10621\" class=\"menu_top_red menu-item menu-item-type-post_type menu-item-object-page menu-item-10621\"><a href=\"https:\/\/euniv.eu\/es\/master-en-criminologia\/\">Criminolog\u00eda<\/a><\/li>\n\t<li id=\"menu-item-11253\" class=\"menu_top_marino menu-item menu-item-type-post_type menu-item-object-page menu-item-11253\"><a href=\"https:\/\/euniv.eu\/es\/ensenanzas\/informatica\/master\/\">Ingenier\u00eda Inform\u00e1tica<\/a><\/li>\n<\/ul>\n<\/li>\n<li id=\"menu-item-5587\" class=\"main_colour menu-item menu-item-type-custom menu-item-object-custom menu-item-has-children menu-item-5587\"><a href=\"#nogo\">Doctorado<\/a>\n<ul class=\"sub-menu\">\n\t<li id=\"menu-item-19375\" class=\"menu_top_yellow menu-item menu-item-type-post_type menu-item-object-page menu-item-19375\"><a href=\"https:\/\/euniv.eu\/es\/programa-interdisciplinario-de-doctorado\/\">Programa Interdisciplinario de Doctorado<\/a><\/li>\n<\/ul>\n<\/li>\n<\/ul>\n\n\n\n<h1 class=\"has-text-align-center wp-block-heading\"><strong>Ense\u00f1anzas:<\/strong><\/h1>\n\n\n\n<h1 class=\"has-text-align-center wp-block-heading\">Una oferta completa de formaci\u00f3n<\/h1>\n\n\n\n<div class=\"wp-block-atomic-blocks-ab-container box_star animated fadeIn ab-block-container\"><div class=\"ab-container-inside\"><div class=\"ab-container-content\">\n<div class=\"circle_box_star_inside circle_01\">\n<a href=\"#nogo\" title=\"M\u00e9todo \u00fanico\"> \n<h2>M\u00e9todo<br>\u00fanico<\/h2>\n<p>La metodolog\u00eda docente de la eUniv se aplica por igual a todas las ense\u00f1anzas. El alumnado matr\u00edcula y carrera siempre una sola materia. Puede detenerse y reingresar en todo momento, y la carga de ajusta a los cr\u00e9ditos. Sin sorpresas.<\/p>\n<\/a>\n<\/div>\n\n\n\n<div class=\"circle_box_star_inside circle_02\">\n<a href=\"#nogo\" title=\"\u00c1mbitos completos\"> \n<h2>\u00c1mbitos completos<\/h2>\n<p>La eUniv ordena su oferta de ense\u00f1anzas universitarias estatales en tres grandes \u00e1mbitos: las Artes y Humanidades, las Ciencias Jur\u00eddicas y Pol\u00edticas y las Ciencias Econ\u00f3micas y Sociales. Los alumnos pueden completar, siguiendo la metodolog\u00eda eUniv, todos los ciclos europeos de su<br>\u00e1mbito acad\u00e9mico.<\/p>\n<\/a>\n<\/div>\n\n\n\n<div class=\"circle_box_star_inside circle_03\">\n<a href=\"#nogo\" title=\"Continuidad asegurada\"> \n<h2>Continuidad asegurada<\/h2>\n<p>El alumnado que se grad\u00faa en la eUniv tiene garantizada la continuidad autom\u00e1tica a la ense\u00f1anza del ciclo posterior que corresponda al se \u00e1mbito acad\u00e9mico, sin necesidad de someterse a ning\u00fan proceso de admisi\u00f3n.<\/p>\n<\/a>\n<\/div>\n\n\n\n<div class=\"circle_box_star_inside circle_04\">\n<a href=\"#nogo\" title=\"Investigaci\u00f3n vinculada\"> \n<h2>Investigaci\u00f3n vinculada<\/h2>\n<p>La b\u00fasqueda de las c\u00e1tedras especializadas ordena en funci\u00f3n de los cuatro \u00e1mbitos, dado que el alumnado debe participar en actividades de investigaci\u00f3n con el fin de alcanzar los resultados de aprendizaje y las competencias previstas en su<br>plan de estudios.<\/p>\n<\/a>\n<\/div>\n\n\n\n<div class=\"circle_box_star_inside circle_05\">\n<a href=\"#nogo\" title=\"Profesorado especializado\"> \n<h2>Profesorado especializado<\/h2>\n<p>El profesorado de la eUniv ordena tambi\u00e9n en funci\u00f3n de los mismos \u00e1mbitos acad\u00e9micos, y las diferentes \u00e1reas de conocimiento cient\u00edfico se agregan en funci\u00f3n de su afinidad constituyendo cuatro facultades.<\/p>\n<\/a>\n<\/div>\n<\/div><\/div><\/div>\n\n\n\n<div style=\"height:100px\" aria-hidden=\"true\" class=\"wp-block-spacer\"><\/div>\n","protected":false},"excerpt":{"rendered":"<p>Ense\u00f1anzas: Una oferta completa de formaci\u00f3n<\/p>\n","protected":false},"author":3,"featured_media":0,"parent":0,"menu_order":0,"comment_status":"closed","ping_status":"closed","template":"templates\/template-builder.php","meta":{"_editorskit_title_hidden":false,"_editorskit_reading_time":1,"_editorskit_is_block_options_detached":false,"_editorskit_block_options_position":"{}","inline_featured_image":false,"footnotes":""},"class_list":["post-1272","page","type-page","status-publish","hentry","post","without-featured-image"],"featured_image_src":null,"featured_image_src_square":null,"_links":{"self":[{"href":"https:\/\/euniv.eu\/es\/wp-json\/wp\/v2\/pages\/1272","targetHints":{"allow":["GET"]}}],"collection":[{"href":"https:\/\/euniv.eu\/es\/wp-json\/wp\/v2\/pages"}],"about":[{"href":"https:\/\/euniv.eu\/es\/wp-json\/wp\/v2\/types\/page"}],"author":[{"embeddable":true,"href":"https:\/\/euniv.eu\/es\/wp-json\/wp\/v2\/users\/3"}],"replies":[{"embeddable":true,"href":"https:\/\/euniv.eu\/es\/wp-json\/wp\/v2\/comments?post=1272"}],"version-history":[{"count":8,"href":"https:\/\/euniv.eu\/es\/wp-json\/wp\/v2\/pages\/1272\/revisions"}],"predecessor-version":[{"id":5383,"href":"https:\/\/euniv.eu\/es\/wp-json\/wp\/v2\/pages\/1272\/revisions\/5383"}],"wp:attachment":[{"href":"https:\/\/euniv.eu\/es\/wp-json\/wp\/v2\/media?parent=1272"}],"curies":[{"name":"wp","href":"https:\/\/api.w.org\/{rel}","templated":true}]}}