{"id":1274,"date":"2020-11-02T13:00:41","date_gmt":"2020-11-02T13:00:41","guid":{"rendered":"https:\/\/euniv.eu\/?page_id=1274"},"modified":"2022-10-28T14:17:44","modified_gmt":"2022-10-28T14:17:44","slug":"empresa","status":"publish","type":"page","link":"https:\/\/euniv.eu\/es\/ensenanzas\/empresa\/","title":{"rendered":"Empresa"},"content":{"rendered":"<ul id=\"menu-ensenanza-es\" class=\"menu menu_top\"><li id=\"menu-item-5585\" class=\"main_colour menu-item menu-item-type-custom menu-item-object-custom menu-item-has-children menu-item-5585\"><a href=\"#nogo\">Bachelores<\/a>\n<ul class=\"sub-menu\">\n\t<li id=\"menu-item-10644\" class=\"menu_top_beig menu-item menu-item-type-post_type menu-item-object-page menu-item-10644\"><a href=\"https:\/\/euniv.eu\/es\/ensenanzas\/empresa\/bachelor-bba\/\">BBA<\/a><\/li>\n\t<li id=\"menu-item-19370\" class=\"menu_top_blue menu-item menu-item-type-post_type menu-item-object-page menu-item-19370\"><a href=\"https:\/\/euniv.eu\/es\/ensenanzas\/humanidades\/bachelor\/\">Humanidades<\/a><\/li>\n\t<li id=\"menu-item-19367\" class=\"menu_top_green menu-item menu-item-type-post_type menu-item-object-page menu-item-19367\"><a href=\"https:\/\/euniv.eu\/es\/ensenanzas\/filologia\/bachelor\/\">Catal\u00e1n<\/a><\/li>\n\t<li id=\"menu-item-19368\" class=\"menu_top_red menu-item menu-item-type-post_type menu-item-object-page menu-item-19368\"><a href=\"https:\/\/euniv.eu\/es\/ensenanzas\/derecho\/bachelor\/\">Derecho<\/a><\/li>\n\t<li id=\"menu-item-14290\" class=\"menu_top_violet menu-item menu-item-type-post_type menu-item-object-page menu-item-14290\"><a href=\"https:\/\/euniv.eu\/es\/bachelor-en-psicologia\/\">Psicolog\u00eda<\/a><\/li>\n\t<li id=\"menu-item-14289\" class=\"menu_top_ocre menu-item menu-item-type-post_type menu-item-object-page menu-item-14289\"><a href=\"https:\/\/euniv.eu\/es\/bachelor-en-comunicacion\/\">Comunicaci\u00f3n<\/a><\/li>\n\t<li id=\"menu-item-10617\" class=\"menu_top_ocre menu-item menu-item-type-post_type menu-item-object-page menu-item-10617\"><a href=\"https:\/\/euniv.eu\/es\/ensenanzas\/ciencias-politicas\/bachelor-en-ciencias-politicas\/\">Ciencia pol\u00edtica<\/a><\/li>\n\t<li id=\"menu-item-15492\" class=\"menu_top_marino menu-item menu-item-type-post_type menu-item-object-page menu-item-15492\"><a href=\"https:\/\/euniv.eu\/es\/bachelor-en-ciencia-de-datos-ia\/\">Ciencia de Datos-IA<\/a><\/li>\n\t<li id=\"menu-item-10618\" class=\"menu_top_marino menu-item menu-item-type-post_type menu-item-object-page menu-item-10618\"><a href=\"https:\/\/euniv.eu\/es\/ensenanzas\/ingenieria-industrial\/bachelor-en-ingenieria-industrial\/\">Ingenier\u00eda de Organizaci\u00f3n Industrial<\/a><\/li>\n\t<li id=\"menu-item-19369\" class=\"menu_top_beig menu-item menu-item-type-post_type menu-item-object-page menu-item-19369\"><a href=\"https:\/\/euniv.eu\/es\/ensenanzas\/empresa\/batxelor-marketing\/\">Marketing<\/a><\/li>\n<\/ul>\n<\/li>\n<li id=\"menu-item-5586\" class=\"main_colour menu-item menu-item-type-custom menu-item-object-custom menu-item-has-children menu-item-5586\"><a href=\"#nogo\">M\u00e1sters<\/a>\n<ul class=\"sub-menu\">\n\t<li id=\"menu-item-10734\" class=\"menu_top_beig menu-item menu-item-type-post_type menu-item-object-page menu-item-10734\"><a href=\"https:\/\/euniv.eu\/es\/ensenanzas\/empresa\/master-mba\/\">MBA<\/a><\/li>\n\t<li id=\"menu-item-19372\" class=\"menu_top_blue menu-item menu-item-type-post_type menu-item-object-page menu-item-19372\"><a href=\"https:\/\/euniv.eu\/es\/ensenanzas\/humanidades\/master\/\">Humanidades<\/a><\/li>\n\t<li id=\"menu-item-10621\" class=\"menu_top_red menu-item menu-item-type-post_type menu-item-object-page menu-item-10621\"><a href=\"https:\/\/euniv.eu\/es\/master-en-criminologia\/\">Criminolog\u00eda<\/a><\/li>\n\t<li id=\"menu-item-11253\" class=\"menu_top_marino menu-item menu-item-type-post_type menu-item-object-page menu-item-11253\"><a href=\"https:\/\/euniv.eu\/es\/ensenanzas\/informatica\/master\/\">Ingenier\u00eda Inform\u00e1tica<\/a><\/li>\n<\/ul>\n<\/li>\n<li id=\"menu-item-5587\" class=\"main_colour menu-item menu-item-type-custom menu-item-object-custom menu-item-has-children menu-item-5587\"><a href=\"#nogo\">Doctorado<\/a>\n<ul class=\"sub-menu\">\n\t<li id=\"menu-item-19375\" class=\"menu_top_yellow menu-item menu-item-type-post_type menu-item-object-page menu-item-19375\"><a href=\"https:\/\/euniv.eu\/es\/programa-interdisciplinario-de-doctorado\/\">Programa Interdisciplinario de Doctorado<\/a><\/li>\n<\/ul>\n<\/li>\n<\/ul>\n\n\n<style>#kt-layout-id_83839b-72 > .kt-row-column-wrap{align-content:start;}:where(#kt-layout-id_83839b-72 > .kt-row-column-wrap) > .wp-block-kadence-column{justify-content:start;}#kt-layout-id_83839b-72 > .kt-row-column-wrap{column-gap:var(--global-kb-gap-md, 2rem);row-gap:var(--global-kb-gap-md, 2rem);max-width:1240px;margin-left:auto;margin-right:auto;padding-top:var( --global-kb-row-default-top, 25px );padding-bottom:var( --global-kb-row-default-bottom, 25px );padding-top:var(--global-kb-spacing-sm, 1.5rem);padding-bottom:var(--global-kb-spacing-sm, 1.5rem);grid-template-columns:minmax(0, calc(30% - ((var(--global-kb-gap-md, 2rem) * 1 )\/2)))minmax(0, calc(70% - ((var(--global-kb-gap-md, 2rem) * 1 )\/2)));}#kt-layout-id_83839b-72 > .kt-row-layout-overlay{opacity:0.30;}@media all and (max-width: 1024px){#kt-layout-id_83839b-72 > .kt-row-column-wrap{grid-template-columns:minmax(0, 1fr) minmax(0, 2fr);}}@media all and (max-width: 767px){#kt-layout-id_83839b-72 > .kt-row-column-wrap{grid-template-columns:minmax(0, 1fr);}}<\/style>\n<div class=\"wp-block-kadence-rowlayout alignnone\"><div id=\"kt-layout-id_83839b-72\" class=\"kt-row-layout-inner kt-layout-id_83839b-72\"><div class=\"kt-row-column-wrap kt-has-2-columns kt-gutter-default kt-v-gutter-default kt-row-valign-top kt-row-layout-right-golden kt-tab-layout-inherit kt-m-colapse-left-to-right kt-mobile-layout-row  kt-custom-first-width-30  kt-custom-second-width-70\"><style>.kadence-column_1bc46b-1f > .kt-inside-inner-col{border-top-width:0px;border-right-width:0px;border-bottom-width:0px;border-left-width:0px;}.kadence-column_1bc46b-1f > .kt-inside-inner-col,.kadence-column_1bc46b-1f > .kt-inside-inner-col:before{border-top-left-radius:0px;border-top-right-radius:0px;border-bottom-right-radius:0px;border-bottom-left-radius:0px;}.kadence-column_1bc46b-1f > .kt-inside-inner-col{column-gap:var(--global-kb-gap-sm, 1rem);}.kadence-column_1bc46b-1f > .kt-inside-inner-col{flex-direction:column;}.kadence-column_1bc46b-1f > .kt-inside-inner-col > .aligncenter{width:100%;}.kadence-column_1bc46b-1f > .kt-inside-inner-col:before{opacity:0.3;}.kadence-column_1bc46b-1f{text-align:right;}.kadence-column_1bc46b-1f{position:relative;}@media all and (max-width: 1024px){.kadence-column_1bc46b-1f > .kt-inside-inner-col{flex-direction:column;justify-content:center;}}@media all and (max-width: 767px){.kadence-column_1bc46b-1f > .kt-inside-inner-col{flex-direction:column;justify-content:center;}}<\/style>\n<div class=\"wp-block-kadence-column inner-column-1 kadence-column_1bc46b-1f\"><div class=\"kt-inside-inner-col\">\n<h1 class=\"has-text-align-right empresa wp-block-heading\">La naturaleza del Management: <strong>Empresa<\/strong> <\/h1>\n\n\n\n<figure class=\"wp-block-image size-large\"><img loading=\"lazy\" decoding=\"async\" width=\"164\" height=\"189\" src=\"https:\/\/euniv.eu\/wp-content\/uploads\/\/2020\/10\/ico_seccion_economia_orange.svg\" alt=\"\" class=\"wp-image-533\"\/><\/figure>\n<\/div><\/div>\n\n\n<style>.kadence-column_9e3441-60 > .kt-inside-inner-col{border-top-width:0px;border-right-width:0px;border-bottom-width:0px;border-left-width:0px;}.kadence-column_9e3441-60 > .kt-inside-inner-col,.kadence-column_9e3441-60 > .kt-inside-inner-col:before{border-top-left-radius:0px;border-top-right-radius:0px;border-bottom-right-radius:0px;border-bottom-left-radius:0px;}.kadence-column_9e3441-60 > .kt-inside-inner-col{column-gap:var(--global-kb-gap-sm, 1rem);}.kadence-column_9e3441-60 > .kt-inside-inner-col{flex-direction:column;}.kadence-column_9e3441-60 > .kt-inside-inner-col > .aligncenter{width:100%;}.kadence-column_9e3441-60 > .kt-inside-inner-col:before{opacity:0.3;}.kadence-column_9e3441-60{position:relative;}@media all and (max-width: 1024px){.kadence-column_9e3441-60 > .kt-inside-inner-col{flex-direction:column;justify-content:center;}}@media all and (max-width: 767px){.kadence-column_9e3441-60 > .kt-inside-inner-col{flex-direction:column;justify-content:center;}}<\/style>\n<div class=\"wp-block-kadence-column inner-column-2 kadence-column_9e3441-60\"><div class=\"kt-inside-inner-col\">\n<figure class=\"wp-block-image size-large\"><img loading=\"lazy\" decoding=\"async\" width=\"922\" height=\"461\" src=\"https:\/\/euniv.eu\/wp-content\/uploads\/2020\/09\/ilustracion_empresa_03.png\" alt=\"Imatge Doctorat en Economia i Societat\" class=\"wp-image-344\" srcset=\"https:\/\/euniv.eu\/wp-content\/uploads\/2020\/09\/ilustracion_empresa_03.png 922w, https:\/\/euniv.eu\/wp-content\/uploads\/2020\/09\/ilustracion_empresa_03-300x150.png 300w, https:\/\/euniv.eu\/wp-content\/uploads\/2020\/09\/ilustracion_empresa_03-768x384.png 768w\" sizes=\"auto, (max-width: 922px) 100vw, 922px\" \/><\/figure>\n<\/div><\/div>\n<\/div><\/div><\/div>\n\n\n<style>#kt-layout-id_b0d6b2-ef > .kt-row-column-wrap{align-content:start;}:where(#kt-layout-id_b0d6b2-ef > .kt-row-column-wrap) > .wp-block-kadence-column{justify-content:start;}#kt-layout-id_b0d6b2-ef > .kt-row-column-wrap{column-gap:var(--global-kb-gap-md, 2rem);row-gap:var(--global-kb-gap-md, 2rem);padding-top:var( --global-kb-row-default-top, 25px );padding-bottom:var( --global-kb-row-default-bottom, 25px );padding-top:var(--global-kb-spacing-sm, 1.5rem);padding-bottom:var(--global-kb-spacing-sm, 1.5rem);grid-template-columns:minmax(0, 1fr);}#kt-layout-id_b0d6b2-ef > .kt-row-layout-overlay{opacity:0.30;}@media all and (max-width: 1024px){#kt-layout-id_b0d6b2-ef > .kt-row-column-wrap{grid-template-columns:minmax(0, 1fr);}}@media all and (max-width: 767px){#kt-layout-id_b0d6b2-ef > .kt-row-column-wrap{grid-template-columns:minmax(0, 1fr);}}<\/style>\n<div class=\"wp-block-kadence-rowlayout alignnone\"><div id=\"kt-layout-id_b0d6b2-ef\" class=\"kt-row-layout-inner kt-layout-id_b0d6b2-ef\"><div class=\"kt-row-column-wrap kt-has-1-columns kt-gutter-default kt-v-gutter-default kt-row-valign-top kt-row-layout-equal kt-tab-layout-inherit kt-m-colapse-left-to-right kt-mobile-layout-row\"><style>.kadence-column_6b7761-c4 > .kt-inside-inner-col{border-top-width:0px;border-right-width:0px;border-bottom-width:0px;border-left-width:0px;}.kadence-column_6b7761-c4 > .kt-inside-inner-col,.kadence-column_6b7761-c4 > .kt-inside-inner-col:before{border-top-left-radius:0px;border-top-right-radius:0px;border-bottom-right-radius:0px;border-bottom-left-radius:0px;}.kadence-column_6b7761-c4 > .kt-inside-inner-col{column-gap:var(--global-kb-gap-sm, 1rem);}.kadence-column_6b7761-c4 > .kt-inside-inner-col{flex-direction:column;}.kadence-column_6b7761-c4 > .kt-inside-inner-col > .aligncenter{width:100%;}.kadence-column_6b7761-c4 > .kt-inside-inner-col:before{opacity:0.3;}.kadence-column_6b7761-c4{position:relative;}@media all and (max-width: 1024px){.kadence-column_6b7761-c4 > .kt-inside-inner-col{flex-direction:column;justify-content:center;}}@media all and (max-width: 767px){.kadence-column_6b7761-c4 > .kt-inside-inner-col{flex-direction:column;justify-content:center;}}<\/style>\n<div class=\"wp-block-kadence-column inner-column-1 kadence-column_6b7761-c4\"><div class=\"kt-inside-inner-col\">\n<p class=\"txt_empresa\">La Universidad Europea ofrece ense\u00f1anzas del \u00e1mbito de las Ciencias Econ\u00f3micas y Sociales centrados en la gesti\u00f3n de las empresas en todas sus dimensiones funcionales, siguiendo la tradici\u00f3n te\u00f3rica ya cl\u00e1sica sobre la naturaleza del <em>management<\/em>, y contemplan tres de los cuatro ciclos previstos por el Espacio Europeo de Educaci\u00f3n Superior (QF-EHEA):<\/p>\n\n\n<style>.wp-block-kadence-column.kb-section-dir-horizontal > .kt-inside-inner-col > #kt-info-box_2bc368-ed{max-width:95%;}.wp-block-kadence-column.kb-section-dir-horizontal > .kt-inside-inner-col > #kt-info-box_2bc368-ed .kt-blocks-info-box-link-wrap{max-width:unset;}#kt-info-box_2bc368-ed .kt-blocks-info-box-link-wrap{border-radius:20px;border-top-width:1px;border-right-width:1px;border-bottom-width:1px;border-left-width:1px;background:#ffffff;max-width:95%;padding-top:24px;padding-right:24px;padding-bottom:24px;padding-left:24px;}#kt-info-box_2bc368-ed .kt-blocks-info-box-media-align-top .kt-blocks-info-box-media-container{max-width:100%;}#kt-info-box_2bc368-ed .kt-blocks-info-box-link-wrap:hover{background:#ffffff;}#kt-info-box_2bc368-ed.wp-block-kadence-infobox{max-width:100%;}#kt-info-box_2bc368-ed .kadence-info-box-image-inner-intrisic-container{max-width:100px;}#kt-info-box_2bc368-ed .kadence-info-box-image-inner-intrisic-container .kadence-info-box-image-intrisic{padding-bottom:100%;width:75px;height:0px;max-width:100%;}#kt-info-box_2bc368-ed .kt-blocks-info-box-media .kt-info-box-image{width:100px;height:auto;}#kt-info-box_2bc368-ed .kt-blocks-info-box-media .kt-info-box-image, #kt-info-box_2bc368-ed .kt-blocks-info-box-media .kt-info-box-image path{fill:#444444;}#kt-info-box_2bc368-ed .kt-blocks-info-box-link-wrap:hover .kt-blocks-info-box-media .kt-info-box-image, #kt-info-box_2bc368-ed .kt-blocks-info-box-link-wrap:hover .kt-blocks-info-box-media .kt-info-box-image path{fill:#444444;}#kt-info-box_2bc368-ed .kadence-info-box-icon-container .kt-info-svg-icon, #kt-info-box_2bc368-ed .kt-info-svg-icon-flip, #kt-info-box_2bc368-ed .kt-blocks-info-box-number{font-size:50px;}#kt-info-box_2bc368-ed .kt-blocks-info-box-media{color:#444444;background:#ffffff;border-color:#eeeeee;border-radius:200px;overflow:hidden;border-top-width:0px;border-right-width:0px;border-bottom-width:0px;border-left-width:0px;padding-top:0px;padding-right:0px;padding-bottom:0px;padding-left:0px;margin-top:0px;margin-right:20px;margin-bottom:0px;margin-left:0px;}#kt-info-box_2bc368-ed .kt-blocks-info-box-link-wrap:hover .kt-blocks-info-box-media{color:#444444;background:#ffffff;border-color:#eeeeee;}#kt-info-box_2bc368-ed .kt-infobox-textcontent h2.kt-blocks-info-box-title{padding-top:0px;padding-right:0px;padding-bottom:0px;padding-left:0px;margin-top:5px;margin-right:0px;margin-bottom:10px;margin-left:0px;}#kt-info-box_2bc368-ed .kt-blocks-info-box-learnmore{background:transparent;border-width:0px 0px 0px 0px;padding-top:4px;padding-right:8px;padding-bottom:4px;padding-left:8px;margin-top:10px;margin-right:0px;margin-bottom:10px;margin-left:0px;}<\/style>\n<div id=\"kt-info-box_2bc368-ed\" class=\"wp-block-kadence-infobox list_ciclos orange\"><a class=\"kt-blocks-info-box-link-wrap info-box-link kt-blocks-info-box-media-align-left kt-info-halign-left\" href=\"https:\/\/euniv.eu\/es\/ensenanzas\/empresa\/bachelor-bba\/\"><div class=\"kt-blocks-info-box-media-container\"><div class=\"kt-blocks-info-box-media kt-info-media-animate-none\"><div class=\"kadence-info-box-image-inner-intrisic-container\"><div class=\"kadence-info-box-image-intrisic kt-info-animate-none kb-info-box-image-type-svg\"><div class=\"kadence-info-box-image-inner-intrisic\"><img loading=\"lazy\" decoding=\"async\" src=\"https:\/\/euniv.eu\/wp-content\/uploads\/\/2020\/10\/ico_one-1.svg\" alt=\"Facultat de Ci\u00e8ncies Econ\u00f2miques i Socials\" width=\"100\" height=\"75\" class=\"kt-info-box-image wp-image-544 kt-info-svg-image\"\/><\/div><\/div><\/div><\/div><\/div><div class=\"kt-infobox-textcontent\"><h2 class=\"kt-blocks-info-box-title\">Bachelor en Administraci\u00f3n de Empresas<\/h2><p class=\"kt-blocks-info-box-text\"><strong>T\u00edtulo estatal andorrano del Primer Ciclo del QF-EHEA<\/strong>. Su duraci\u00f3n es de 6 semestres (3 a\u00f1os), y la carga acad\u00e9mica es de 180 ECTS. El t\u00edtulo de Bachelor andorrano es el equivalente al t\u00edtulo franc\u00e9s de <em>Licence<\/em>, al espa\u00f1ol de Grado, y al portugu\u00e9s de <em>Licenciatura<\/em>.<\/p><\/div><\/a><\/div>\n\n\n<style>.wp-block-kadence-column.kb-section-dir-horizontal > .kt-inside-inner-col > #kt-info-box_d2da0d-d1{max-width:95%;}.wp-block-kadence-column.kb-section-dir-horizontal > .kt-inside-inner-col > #kt-info-box_d2da0d-d1 .kt-blocks-info-box-link-wrap{max-width:unset;}#kt-info-box_d2da0d-d1 .kt-blocks-info-box-link-wrap{border-radius:20px;border-top-width:1px;border-right-width:1px;border-bottom-width:1px;border-left-width:1px;background:#ffffff;max-width:95%;padding-top:24px;padding-right:24px;padding-bottom:24px;padding-left:24px;}#kt-info-box_d2da0d-d1 .kt-blocks-info-box-media-align-top .kt-blocks-info-box-media-container{max-width:100%;}#kt-info-box_d2da0d-d1 .kt-blocks-info-box-link-wrap:hover{background:#ffffff;}#kt-info-box_d2da0d-d1.wp-block-kadence-infobox{max-width:100%;}#kt-info-box_d2da0d-d1 .kadence-info-box-image-inner-intrisic-container{max-width:100px;}#kt-info-box_d2da0d-d1 .kadence-info-box-image-inner-intrisic-container .kadence-info-box-image-intrisic{padding-bottom:100%;width:75px;height:0px;max-width:100%;}#kt-info-box_d2da0d-d1 .kt-blocks-info-box-media .kt-info-box-image{width:100px;height:auto;}#kt-info-box_d2da0d-d1 .kt-blocks-info-box-media .kt-info-box-image, #kt-info-box_d2da0d-d1 .kt-blocks-info-box-media .kt-info-box-image path{fill:#444444;}#kt-info-box_d2da0d-d1 .kt-blocks-info-box-link-wrap:hover .kt-blocks-info-box-media .kt-info-box-image, #kt-info-box_d2da0d-d1 .kt-blocks-info-box-link-wrap:hover .kt-blocks-info-box-media .kt-info-box-image path{fill:#444444;}#kt-info-box_d2da0d-d1 .kadence-info-box-icon-container .kt-info-svg-icon, #kt-info-box_d2da0d-d1 .kt-info-svg-icon-flip, #kt-info-box_d2da0d-d1 .kt-blocks-info-box-number{font-size:50px;}#kt-info-box_d2da0d-d1 .kt-blocks-info-box-media{color:#444444;background:#ffffff;border-color:#eeeeee;border-radius:200px;overflow:hidden;border-top-width:0px;border-right-width:0px;border-bottom-width:0px;border-left-width:0px;padding-top:0px;padding-right:0px;padding-bottom:0px;padding-left:0px;margin-top:0px;margin-right:20px;margin-bottom:0px;margin-left:0px;}#kt-info-box_d2da0d-d1 .kt-blocks-info-box-link-wrap:hover .kt-blocks-info-box-media{color:#444444;background:#ffffff;border-color:#eeeeee;}#kt-info-box_d2da0d-d1 .kt-infobox-textcontent h2.kt-blocks-info-box-title{padding-top:0px;padding-right:0px;padding-bottom:0px;padding-left:0px;margin-top:5px;margin-right:0px;margin-bottom:10px;margin-left:0px;}#kt-info-box_d2da0d-d1 .kt-blocks-info-box-learnmore{background:transparent;border-width:0px 0px 0px 0px;padding-top:4px;padding-right:8px;padding-bottom:4px;padding-left:8px;margin-top:10px;margin-right:0px;margin-bottom:10px;margin-left:0px;}<\/style>\n<div id=\"kt-info-box_d2da0d-d1\" class=\"wp-block-kadence-infobox list_ciclos orange\"><a class=\"kt-blocks-info-box-link-wrap info-box-link kt-blocks-info-box-media-align-left kt-info-halign-left\" href=\"https:\/\/euniv.eu\/es\/ensenanzas\/empresa\/master-mba\/\"><div class=\"kt-blocks-info-box-media-container\"><div class=\"kt-blocks-info-box-media kt-info-media-animate-none\"><div class=\"kadence-info-box-image-inner-intrisic-container\"><div class=\"kadence-info-box-image-intrisic kt-info-animate-none kb-info-box-image-type-svg\"><div class=\"kadence-info-box-image-inner-intrisic\"><img loading=\"lazy\" decoding=\"async\" src=\"https:\/\/euniv.eu\/wp-content\/uploads\/\/2020\/10\/ico_two-1.svg\" alt=\"Facultat de Ci\u00e8ncies Econ\u00f2miques i Socials\" width=\"100\" height=\"75\" class=\"kt-info-box-image wp-image-545 kt-info-svg-image\"\/><\/div><\/div><\/div><\/div><\/div><div class=\"kt-infobox-textcontent\"><h2 class=\"kt-blocks-info-box-title\">M\u00e1ster en Administraci\u00f3n de Empresas MBA<\/h2><p class=\"kt-blocks-info-box-text\"><strong>T\u00edtulo estatal andorrano del Segundo Ciclo del QF-EHEA<\/strong>. Su duraci\u00f3n es de 4 semestres (2 a\u00f1os), y la carga acad\u00e9mica es de 120 ECTS. El t\u00edtulo de M\u00e1ster andorrano es el equivalente al t\u00edtulo franc\u00e9s de Maitrise, al t\u00edtulo espa\u00f1ol de <em>M\u00e1ster Universitario<\/em>, y al portugu\u00e9s de <em>Mestrado<\/em><\/p><\/div><\/a><\/div>\n\n\n<style>.wp-block-kadence-column.kb-section-dir-horizontal > .kt-inside-inner-col > #kt-info-box_9bb578-ab{max-width:95%;}.wp-block-kadence-column.kb-section-dir-horizontal > .kt-inside-inner-col > #kt-info-box_9bb578-ab .kt-blocks-info-box-link-wrap{max-width:unset;}#kt-info-box_9bb578-ab .kt-blocks-info-box-link-wrap{border-radius:20px;border-top-width:1px;border-right-width:1px;border-bottom-width:1px;border-left-width:1px;background:#ffffff;max-width:95%;padding-top:24px;padding-right:24px;padding-bottom:24px;padding-left:24px;}#kt-info-box_9bb578-ab .kt-blocks-info-box-media-align-top .kt-blocks-info-box-media-container{max-width:100%;}#kt-info-box_9bb578-ab .kt-blocks-info-box-link-wrap:hover{background:#ffffff;}#kt-info-box_9bb578-ab.wp-block-kadence-infobox{max-width:100%;}#kt-info-box_9bb578-ab .kadence-info-box-image-inner-intrisic-container{max-width:100px;}#kt-info-box_9bb578-ab .kadence-info-box-image-inner-intrisic-container .kadence-info-box-image-intrisic{padding-bottom:100%;width:75px;height:0px;max-width:100%;}#kt-info-box_9bb578-ab .kt-blocks-info-box-media .kt-info-box-image{width:100px;height:auto;}#kt-info-box_9bb578-ab .kt-blocks-info-box-media .kt-info-box-image, #kt-info-box_9bb578-ab .kt-blocks-info-box-media .kt-info-box-image path{fill:#444444;}#kt-info-box_9bb578-ab .kt-blocks-info-box-link-wrap:hover .kt-blocks-info-box-media .kt-info-box-image, #kt-info-box_9bb578-ab .kt-blocks-info-box-link-wrap:hover .kt-blocks-info-box-media .kt-info-box-image path{fill:#444444;}#kt-info-box_9bb578-ab .kadence-info-box-icon-container .kt-info-svg-icon, #kt-info-box_9bb578-ab .kt-info-svg-icon-flip, #kt-info-box_9bb578-ab .kt-blocks-info-box-number{font-size:50px;}#kt-info-box_9bb578-ab .kt-blocks-info-box-media{color:#444444;background:#ffffff;border-color:#eeeeee;border-radius:200px;overflow:hidden;border-top-width:0px;border-right-width:0px;border-bottom-width:0px;border-left-width:0px;padding-top:0px;padding-right:0px;padding-bottom:0px;padding-left:0px;margin-top:0px;margin-right:20px;margin-bottom:0px;margin-left:0px;}#kt-info-box_9bb578-ab .kt-blocks-info-box-link-wrap:hover .kt-blocks-info-box-media{color:#444444;background:#ffffff;border-color:#eeeeee;}#kt-info-box_9bb578-ab .kt-infobox-textcontent h2.kt-blocks-info-box-title{padding-top:0px;padding-right:0px;padding-bottom:0px;padding-left:0px;margin-top:5px;margin-right:0px;margin-bottom:10px;margin-left:0px;}#kt-info-box_9bb578-ab .kt-blocks-info-box-learnmore{background:transparent;border-width:0px 0px 0px 0px;padding-top:4px;padding-right:8px;padding-bottom:4px;padding-left:8px;margin-top:10px;margin-right:0px;margin-bottom:10px;margin-left:0px;}<\/style>\n<div id=\"kt-info-box_9bb578-ab\" class=\"wp-block-kadence-infobox list_ciclos orange\"><a class=\"kt-blocks-info-box-link-wrap info-box-link kt-blocks-info-box-media-align-left kt-info-halign-left\" href=\"https:\/\/euniv.eu\/es\/programa-interdisciplinario-de-doctorado\/\"><div class=\"kt-blocks-info-box-media-container\"><div class=\"kt-blocks-info-box-media kt-info-media-animate-none\"><div class=\"kadence-info-box-image-inner-intrisic-container\"><div class=\"kadence-info-box-image-intrisic kt-info-animate-none kb-info-box-image-type-svg\"><div class=\"kadence-info-box-image-inner-intrisic\"><img loading=\"lazy\" decoding=\"async\" src=\"https:\/\/euniv.eu\/wp-content\/uploads\/\/2020\/10\/ico_three-1.svg\" alt=\"Facultat de Ci\u00e8ncies Econ\u00f2miques i Socials\" width=\"100\" height=\"75\" class=\"kt-info-box-image wp-image-546 kt-info-svg-image\"\/><\/div><\/div><\/div><\/div><\/div><div class=\"kt-infobox-textcontent\"><h2 class=\"kt-blocks-info-box-title\">Programa de Doctorado<\/h2><p class=\"kt-blocks-info-box-text\"><strong>T\u00edtulo estatal andorrano del Tercer Ciclo del QF-EHEA<\/strong>. Su duraci\u00f3n es de tres a\u00f1os. El t\u00edtulo de Doctorado andorrano es equivalente al t\u00edtulo franc\u00e9s de <em>Doctorat<\/em>, al t\u00edtulo espa\u00f1ol de <em>Doctorado<\/em>, y al portugu\u00e9s de <em>Doutoramento<\/em>.<\/p><\/div><\/a><\/div>\n\n\n\n<div style=\"height:100px\" aria-hidden=\"true\" class=\"wp-block-spacer\"><\/div>\n<\/div><\/div>\n<\/div><\/div><\/div>\n","protected":false},"excerpt":{"rendered":"<p>La naturaleza del Management: Empresa La Universidad Europea ofrece ense\u00f1anzas del \u00e1mbito de las Ciencias Econ\u00f3micas y Sociales centrados en la gesti\u00f3n de las empresas en todas sus dimensiones funcionales, siguiendo la tradici\u00f3n te\u00f3rica ya cl\u00e1sica sobre la naturaleza del management, y contemplan tres de los cuatro ciclos previstos por el Espacio Europeo de Educaci\u00f3n &hellip;<\/p>\n","protected":false},"author":3,"featured_media":0,"parent":1272,"menu_order":0,"comment_status":"closed","ping_status":"closed","template":"templates\/template-builder.php","meta":{"_editorskit_title_hidden":false,"_editorskit_reading_time":1,"_editorskit_is_block_options_detached":false,"_editorskit_block_options_position":"{}","inline_featured_image":false,"footnotes":""},"class_list":["post-1274","page","type-page","status-publish","hentry","post","without-featured-image"],"featured_image_src":null,"featured_image_src_square":null,"_links":{"self":[{"href":"https:\/\/euniv.eu\/es\/wp-json\/wp\/v2\/pages\/1274","targetHints":{"allow":["GET"]}}],"collection":[{"href":"https:\/\/euniv.eu\/es\/wp-json\/wp\/v2\/pages"}],"about":[{"href":"https:\/\/euniv.eu\/es\/wp-json\/wp\/v2\/types\/page"}],"author":[{"embeddable":true,"href":"https:\/\/euniv.eu\/es\/wp-json\/wp\/v2\/users\/3"}],"replies":[{"embeddable":true,"href":"https:\/\/euniv.eu\/es\/wp-json\/wp\/v2\/comments?post=1274"}],"version-history":[{"count":4,"href":"https:\/\/euniv.eu\/es\/wp-json\/wp\/v2\/pages\/1274\/revisions"}],"predecessor-version":[{"id":19331,"href":"https:\/\/euniv.eu\/es\/wp-json\/wp\/v2\/pages\/1274\/revisions\/19331"}],"up":[{"embeddable":true,"href":"https:\/\/euniv.eu\/es\/wp-json\/wp\/v2\/pages\/1272"}],"wp:attachment":[{"href":"https:\/\/euniv.eu\/es\/wp-json\/wp\/v2\/media?parent=1274"}],"curies":[{"name":"wp","href":"https:\/\/api.w.org\/{rel}","templated":true}]}}