{"id":1463,"date":"2020-11-03T11:48:04","date_gmt":"2020-11-03T11:48:04","guid":{"rendered":"https:\/\/euniv.eu\/?page_id=1463"},"modified":"2026-03-11T14:58:35","modified_gmt":"2026-03-11T13:58:35","slug":"preinscripcion","status":"publish","type":"page","link":"https:\/\/euniv.eu\/es\/preinscripcion\/","title":{"rendered":"Solicitud de Admisi\u00f3n"},"content":{"rendered":"\n<h1 class=\"wp-block-heading\">Solicitud de Admisi\u00f3n<\/h1>\n\n\n\n<p>Selecciona la solicitud de admisi\u00f3n en que est\u00e1s interesado<\/p>\n\n\n<style>.kb-row-layout-id1463_80b0bb-f1 > .kt-row-column-wrap{align-content:start;}:where(.kb-row-layout-id1463_80b0bb-f1 > .kt-row-column-wrap) > .wp-block-kadence-column{justify-content:start;}.kb-row-layout-id1463_80b0bb-f1 > .kt-row-column-wrap{column-gap:var(--global-kb-gap-md, 2rem);row-gap:var(--global-kb-gap-md, 2rem);padding-top:var(--global-kb-spacing-sm, 1.5rem);padding-bottom:var(--global-kb-spacing-sm, 1.5rem);}.kb-row-layout-id1463_80b0bb-f1 > .kt-row-column-wrap > div:not(.added-for-specificity){grid-column:initial;}.kb-row-layout-id1463_80b0bb-f1 > .kt-row-column-wrap{grid-template-columns:repeat(3, minmax(0, 1fr));}.kb-row-layout-id1463_80b0bb-f1 > .kt-row-layout-overlay{opacity:0.30;}@media all and (max-width: 1024px){.kb-row-layout-id1463_80b0bb-f1 > .kt-row-column-wrap > div:not(.added-for-specificity){grid-column:initial;}}@media all and (max-width: 1024px){.kb-row-layout-id1463_80b0bb-f1 > .kt-row-column-wrap{grid-template-columns:repeat(3, minmax(0, 1fr));}}@media all and (max-width: 767px){.kb-row-layout-id1463_80b0bb-f1 > .kt-row-column-wrap > div:not(.added-for-specificity){grid-column:initial;}.kb-row-layout-id1463_80b0bb-f1 > .kt-row-column-wrap{grid-template-columns:minmax(0, 1fr);}}<\/style><div class=\"kb-row-layout-wrap kb-row-layout-id1463_80b0bb-f1 alignnone wp-block-kadence-rowlayout\"><div class=\"kt-row-column-wrap kt-has-3-columns kt-row-layout-equal kt-tab-layout-inherit kt-mobile-layout-row kt-row-valign-top\">\n<style>.kadence-column1463_77cb1e-96 > .kt-inside-inner-col,.kadence-column1463_77cb1e-96 > .kt-inside-inner-col:before{border-top-left-radius:0px;border-top-right-radius:0px;border-bottom-right-radius:0px;border-bottom-left-radius:0px;}.kadence-column1463_77cb1e-96 > .kt-inside-inner-col{column-gap:var(--global-kb-gap-sm, 1rem);}.kadence-column1463_77cb1e-96 > .kt-inside-inner-col{flex-direction:column;}.kadence-column1463_77cb1e-96 > .kt-inside-inner-col > .aligncenter{width:100%;}.kadence-column1463_77cb1e-96 > .kt-inside-inner-col:before{opacity:0.3;}.kadence-column1463_77cb1e-96{text-align:right;}.kadence-column1463_77cb1e-96{position:relative;}@media all and (max-width: 1024px){.kadence-column1463_77cb1e-96 > .kt-inside-inner-col{flex-direction:column;justify-content:center;}}@media all and (max-width: 767px){.kadence-column1463_77cb1e-96 > .kt-inside-inner-col{flex-direction:column;justify-content:center;}}<\/style>\n<div class=\"wp-block-kadence-column kadence-column1463_77cb1e-96 inner-column-1\"><div class=\"kt-inside-inner-col\">\n<div class=\"wp-block-buttons is-content-justification-center is-layout-flex wp-container-core-buttons-is-layout-16018d1d wp-block-buttons-is-layout-flex\">\n<div class=\"wp-block-button boton_01\"><a class=\"wp-block-button__link wp-element-button\" href=\"https:\/\/eunivportal.euniv.eu\/index.php?lang=es\" target=\"_blank\" rel=\"noreferrer noopener\">Solicitud de Admisi\u00f3n Bachelor<\/a><\/div>\n<\/div>\n<\/div><\/div>\n\n\n<style>.kadence-column1463_f59a6a-0d > .kt-inside-inner-col,.kadence-column1463_f59a6a-0d > .kt-inside-inner-col:before{border-top-left-radius:0px;border-top-right-radius:0px;border-bottom-right-radius:0px;border-bottom-left-radius:0px;}.kadence-column1463_f59a6a-0d > .kt-inside-inner-col{column-gap:var(--global-kb-gap-sm, 1rem);}.kadence-column1463_f59a6a-0d > .kt-inside-inner-col{flex-direction:column;}.kadence-column1463_f59a6a-0d > .kt-inside-inner-col > .aligncenter{width:100%;}.kadence-column1463_f59a6a-0d > .kt-inside-inner-col:before{opacity:0.3;}.kadence-column1463_f59a6a-0d{text-align:left;}.kadence-column1463_f59a6a-0d{position:relative;}@media all and (max-width: 1024px){.kadence-column1463_f59a6a-0d > .kt-inside-inner-col{flex-direction:column;justify-content:center;}}@media all and (max-width: 767px){.kadence-column1463_f59a6a-0d > .kt-inside-inner-col{flex-direction:column;justify-content:center;}}<\/style>\n<div class=\"wp-block-kadence-column kadence-column1463_f59a6a-0d inner-column-2\"><div class=\"kt-inside-inner-col\">\n<div class=\"wp-block-buttons is-content-justification-center is-layout-flex wp-container-core-buttons-is-layout-16018d1d wp-block-buttons-is-layout-flex\">\n<div class=\"wp-block-button boton_01\"><a class=\"wp-block-button__link wp-element-button\" href=\"https:\/\/euniv.eu\/es\/preinscripcion\/solicitud-de-admision-de-master\/\" rel=\"\">Solicitud de Admisi\u00f3n M\u00e1ster<\/a><\/div>\n<\/div>\n<\/div><\/div>\n\n\n<style>.kadence-column1463_af74f4-3b > .kt-inside-inner-col,.kadence-column1463_af74f4-3b > .kt-inside-inner-col:before{border-top-left-radius:0px;border-top-right-radius:0px;border-bottom-right-radius:0px;border-bottom-left-radius:0px;}.kadence-column1463_af74f4-3b > .kt-inside-inner-col{column-gap:var(--global-kb-gap-sm, 1rem);}.kadence-column1463_af74f4-3b > .kt-inside-inner-col{flex-direction:column;}.kadence-column1463_af74f4-3b > .kt-inside-inner-col > .aligncenter{width:100%;}.kadence-column1463_af74f4-3b > .kt-inside-inner-col:before{opacity:0.3;}.kadence-column1463_af74f4-3b{position:relative;}@media all and (max-width: 1024px){.kadence-column1463_af74f4-3b > .kt-inside-inner-col{flex-direction:column;justify-content:center;}}@media all and (max-width: 767px){.kadence-column1463_af74f4-3b > .kt-inside-inner-col{flex-direction:column;justify-content:center;}}<\/style>\n<div class=\"wp-block-kadence-column kadence-column1463_af74f4-3b\"><div class=\"kt-inside-inner-col\">\n<div class=\"wp-block-buttons is-content-justification-center is-layout-flex wp-container-core-buttons-is-layout-16018d1d wp-block-buttons-is-layout-flex\">\n<div class=\"wp-block-button boton_01\"><a class=\"wp-block-button__link wp-element-button\" href=\"https:\/\/euniv.eu\/es\/preinscripcion\/preinscipcion-doctorado\/\" rel=\"\">Solicitud de Admisi\u00f3n Doctorado<\/a><\/div>\n<\/div>\n<\/div><\/div>\n\n<\/div><\/div>\n\n<style>.kb-row-layout-id1463_2ac104-a4 > .kt-row-column-wrap{align-content:start;}:where(.kb-row-layout-id1463_2ac104-a4 > .kt-row-column-wrap) > .wp-block-kadence-column{justify-content:start;}.kb-row-layout-id1463_2ac104-a4 > .kt-row-column-wrap{column-gap:var(--global-kb-gap-lg, 4rem);row-gap:var(--global-kb-gap-md, 2rem);padding-top:var(--global-kb-spacing-sm, 1.5rem);padding-bottom:var(--global-kb-spacing-sm, 1.5rem);grid-template-columns:minmax(0, 1fr);}.kb-row-layout-id1463_2ac104-a4 > .kt-row-layout-overlay{opacity:0.30;}@media all and (max-width: 1024px){.kb-row-layout-id1463_2ac104-a4 > .kt-row-column-wrap{grid-template-columns:minmax(0, 1fr);}}@media all and (max-width: 767px){.kb-row-layout-id1463_2ac104-a4 > .kt-row-column-wrap{grid-template-columns:minmax(0, 1fr);}}<\/style><div class=\"kb-row-layout-wrap kb-row-layout-id1463_2ac104-a4 alignnone wp-block-kadence-rowlayout\"><div class=\"kt-row-column-wrap kt-has-1-columns kt-row-layout-equal kt-tab-layout-inherit kt-mobile-layout-row kt-row-valign-top\">\n<style>.kadence-column1463_3cece3-0c > .kt-inside-inner-col,.kadence-column1463_3cece3-0c > .kt-inside-inner-col:before{border-top-left-radius:0px;border-top-right-radius:0px;border-bottom-right-radius:0px;border-bottom-left-radius:0px;}.kadence-column1463_3cece3-0c > .kt-inside-inner-col{column-gap:var(--global-kb-gap-sm, 1rem);}.kadence-column1463_3cece3-0c > .kt-inside-inner-col{flex-direction:column;}.kadence-column1463_3cece3-0c > .kt-inside-inner-col > .aligncenter{width:100%;}.kadence-column1463_3cece3-0c > .kt-inside-inner-col:before{opacity:0.3;}.kadence-column1463_3cece3-0c{position:relative;}@media all and (max-width: 1024px){.kadence-column1463_3cece3-0c > .kt-inside-inner-col{flex-direction:column;justify-content:center;}}@media all and (max-width: 767px){.kadence-column1463_3cece3-0c > .kt-inside-inner-col{flex-direction:column;justify-content:center;}}<\/style>\n<div class=\"wp-block-kadence-column kadence-column1463_3cece3-0c inner-column-1 border_right\"><div class=\"kt-inside-inner-col\"><\/div><\/div>\n\n<\/div><\/div>","protected":false},"excerpt":{"rendered":"<p>Solicitud de Admisi\u00f3n Selecciona la solicitud de admisi\u00f3n en que est\u00e1s interesado<\/p>\n","protected":false},"author":3,"featured_media":0,"parent":0,"menu_order":0,"comment_status":"closed","ping_status":"closed","template":"templates\/template-builder.php","meta":{"_editorskit_title_hidden":false,"_editorskit_reading_time":1,"_editorskit_is_block_options_detached":false,"_editorskit_block_options_position":"{}","inline_featured_image":false,"footnotes":""},"class_list":["post-1463","page","type-page","status-publish","hentry","post","without-featured-image"],"featured_image_src":null,"featured_image_src_square":null,"_links":{"self":[{"href":"https:\/\/euniv.eu\/es\/wp-json\/wp\/v2\/pages\/1463","targetHints":{"allow":["GET"]}}],"collection":[{"href":"https:\/\/euniv.eu\/es\/wp-json\/wp\/v2\/pages"}],"about":[{"href":"https:\/\/euniv.eu\/es\/wp-json\/wp\/v2\/types\/page"}],"author":[{"embeddable":true,"href":"https:\/\/euniv.eu\/es\/wp-json\/wp\/v2\/users\/3"}],"replies":[{"embeddable":true,"href":"https:\/\/euniv.eu\/es\/wp-json\/wp\/v2\/comments?post=1463"}],"version-history":[{"count":8,"href":"https:\/\/euniv.eu\/es\/wp-json\/wp\/v2\/pages\/1463\/revisions"}],"predecessor-version":[{"id":20175,"href":"https:\/\/euniv.eu\/es\/wp-json\/wp\/v2\/pages\/1463\/revisions\/20175"}],"wp:attachment":[{"href":"https:\/\/euniv.eu\/es\/wp-json\/wp\/v2\/media?parent=1463"}],"curies":[{"name":"wp","href":"https:\/\/api.w.org\/{rel}","templated":true}]}}