{"id":14729,"date":"2025-03-03T11:42:27","date_gmt":"2025-03-03T11:42:27","guid":{"rendered":"https:\/\/euniv.eu\/?page_id=14729"},"modified":"2026-02-26T11:29:49","modified_gmt":"2026-02-26T10:29:49","slug":"euniv-academia","status":"publish","type":"page","link":"https:\/\/euniv.eu\/es\/organizacion-euniv\/euniv-academia\/","title":{"rendered":"eUniv Academia"},"content":{"rendered":"<style>.kb-row-layout-id14729_3ca444-32 > .kt-row-column-wrap{align-content:start;}:where(.kb-row-layout-id14729_3ca444-32 > .kt-row-column-wrap) > .wp-block-kadence-column{justify-content:start;}.kb-row-layout-id14729_3ca444-32 > .kt-row-column-wrap{column-gap:var(--global-kb-gap-lg, 4rem);row-gap:var(--global-kb-gap-md, 2rem);max-width:1240px;margin-left:auto;margin-right:auto;padding-top:var(--global-kb-spacing-sm, 1.5rem);padding-bottom:var(--global-kb-spacing-sm, 1.5rem);grid-template-columns:minmax(0, calc(30% - ((var(--global-kb-gap-lg, 4rem) * 1 )\/2)))minmax(0, calc(70% - ((var(--global-kb-gap-lg, 4rem) * 1 )\/2)));}.kb-row-layout-id14729_3ca444-32 > .kt-row-layout-overlay{opacity:0.30;}@media all and (max-width: 1024px){.kb-row-layout-id14729_3ca444-32 > .kt-row-column-wrap{grid-template-columns:minmax(0, 1fr) minmax(0, 2fr);}}@media all and (max-width: 767px){.kb-row-layout-id14729_3ca444-32 > .kt-row-column-wrap{grid-template-columns:minmax(0, 1fr);}}<\/style><div class=\"kb-row-layout-wrap kb-row-layout-id14729_3ca444-32 alignnone wp-block-kadence-rowlayout\"><div class=\"kt-row-column-wrap kt-has-2-columns kt-row-layout-right-golden kt-tab-layout-inherit kt-mobile-layout-row kt-row-valign-top\">\n<style>.kadence-column14729_324de8-69 > .kt-inside-inner-col,.kadence-column14729_324de8-69 > .kt-inside-inner-col:before{border-top-left-radius:0px;border-top-right-radius:0px;border-bottom-right-radius:0px;border-bottom-left-radius:0px;}.kadence-column14729_324de8-69 > .kt-inside-inner-col{column-gap:var(--global-kb-gap-sm, 1rem);}.kadence-column14729_324de8-69 > .kt-inside-inner-col{flex-direction:column;}.kadence-column14729_324de8-69 > .kt-inside-inner-col > .aligncenter{width:100%;}.kadence-column14729_324de8-69 > .kt-inside-inner-col:before{opacity:0.3;}.kadence-column14729_324de8-69{position:relative;}@media all and (max-width: 1024px){.kadence-column14729_324de8-69 > .kt-inside-inner-col{flex-direction:column;justify-content:center;}}@media all and (max-width: 767px){.kadence-column14729_324de8-69 > .kt-inside-inner-col{flex-direction:column;justify-content:center;}}<\/style>\n<div class=\"wp-block-kadence-column kadence-column14729_324de8-69 inner-column-1 animated fadeInLeft\"><div class=\"kt-inside-inner-col\"><ul id=\"menu-organizacion-es\" class=\"menu menu_left\"><li id=\"menu-item-11183\" class=\"menu-item menu-item-type-post_type menu-item-object-page menu-item-has-children menu-item-11183\"><a href=\"https:\/\/euniv.eu\/es\/organizacion-euniv\/centros-euniv\/\">Centros EUniv<\/a>\n<ul class=\"sub-menu\">\n\t<li id=\"menu-item-18903\" class=\"menu-item menu-item-type-post_type menu-item-object-page menu-item-18903\"><a href=\"https:\/\/euniv.eu\/es\/organizacion-euniv\/centros-euniv\/instituto-universitario-de-tecnologia-aplicada\/\">Instituto Universitario de Tecnolog\u00eda Aplicada<\/a><\/li>\n<\/ul>\n<\/li>\n<li id=\"menu-item-5706\" class=\"menu-item menu-item-type-post_type menu-item-object-page menu-item-has-children menu-item-5706\"><a href=\"https:\/\/euniv.eu\/es\/organizacion-euniv\/facultades-euniv\/\">Facultades EUniv<\/a>\n<ul class=\"sub-menu\">\n\t<li id=\"menu-item-11185\" class=\"menu-item menu-item-type-post_type menu-item-object-page menu-item-11185\"><a href=\"https:\/\/euniv.eu\/es\/organizacion-euniv\/facultades-euniv\/facultad-de-medicina-y-ciencias-de-la-salud\/\">Medicina y Ciencias de la Salud y Tecnolog\u00edas<\/a><\/li>\n\t<li id=\"menu-item-11186\" class=\"menu-item menu-item-type-post_type menu-item-object-page menu-item-11186\"><a href=\"https:\/\/euniv.eu\/es\/organizacion-euniv\/facultades-euniv\/facultad-de-teologia-y-estudios-de-la-religion\/\">Teolog\u00eda y Estudios de la Religi\u00f3n<\/a><\/li>\n<\/ul>\n<\/li>\n<\/ul>\n<\/div><\/div>\n\n\n<style>.kadence-column14729_414fb6-3e > .kt-inside-inner-col,.kadence-column14729_414fb6-3e > .kt-inside-inner-col:before{border-top-left-radius:0px;border-top-right-radius:0px;border-bottom-right-radius:0px;border-bottom-left-radius:0px;}.kadence-column14729_414fb6-3e > .kt-inside-inner-col{column-gap:var(--global-kb-gap-sm, 1rem);}.kadence-column14729_414fb6-3e > .kt-inside-inner-col{flex-direction:column;}.kadence-column14729_414fb6-3e > .kt-inside-inner-col > .aligncenter{width:100%;}.kadence-column14729_414fb6-3e > .kt-inside-inner-col:before{opacity:0.3;}.kadence-column14729_414fb6-3e{position:relative;}@media all and (max-width: 1024px){.kadence-column14729_414fb6-3e > .kt-inside-inner-col{flex-direction:column;justify-content:center;}}@media all and (max-width: 767px){.kadence-column14729_414fb6-3e > .kt-inside-inner-col{flex-direction:column;justify-content:center;}}<\/style>\n<div class=\"wp-block-kadence-column kadence-column14729_414fb6-3e inner-column-2 animated fadeIn slow\"><div class=\"kt-inside-inner-col\"><style>.kb-row-layout-id14729_650920-bb > .kt-row-column-wrap{align-content:center;}:where(.kb-row-layout-id14729_650920-bb > .kt-row-column-wrap) > .wp-block-kadence-column{justify-content:center;}.kb-row-layout-id14729_650920-bb > .kt-row-column-wrap{column-gap:20px;row-gap:var(--global-kb-gap-md, 2rem);padding-top:var(--global-kb-spacing-sm, 1.5rem);padding-bottom:var(--global-kb-spacing-sm, 1.5rem);grid-template-columns:minmax(0, calc(15% - ((20px * 1 )\/2)))minmax(0, calc(85% - ((20px * 1 )\/2)));}.kb-row-layout-id14729_650920-bb > .kt-row-layout-overlay{opacity:0.30;}@media all and (max-width: 1024px){.kb-row-layout-id14729_650920-bb > .kt-row-column-wrap{grid-template-columns:minmax(0, 1fr) minmax(0, 2fr);}}@media all and (max-width: 767px){.kb-row-layout-id14729_650920-bb > .kt-row-column-wrap{grid-template-columns:minmax(0, 1fr);}}<\/style><div class=\"kb-row-layout-wrap kb-row-layout-id14729_650920-bb alignnone wp-block-kadence-rowlayout\"><div class=\"kt-row-column-wrap kt-has-2-columns kt-row-layout-right-golden kt-tab-layout-inherit kt-mobile-layout-row kt-row-valign-middle\">\n<style>.kadence-column14729_b45786-30 > .kt-inside-inner-col,.kadence-column14729_b45786-30 > .kt-inside-inner-col:before{border-top-left-radius:0px;border-top-right-radius:0px;border-bottom-right-radius:0px;border-bottom-left-radius:0px;}.kadence-column14729_b45786-30 > .kt-inside-inner-col{column-gap:var(--global-kb-gap-sm, 1rem);}.kadence-column14729_b45786-30 > .kt-inside-inner-col{flex-direction:column;}.kadence-column14729_b45786-30 > .kt-inside-inner-col > .aligncenter{width:100%;}.kadence-column14729_b45786-30 > .kt-inside-inner-col:before{opacity:0.3;}.kadence-column14729_b45786-30{position:relative;}@media all and (max-width: 1024px){.kadence-column14729_b45786-30 > .kt-inside-inner-col{flex-direction:column;justify-content:center;}}@media all and (max-width: 767px){.kadence-column14729_b45786-30 > .kt-inside-inner-col{flex-direction:column;justify-content:center;}}<\/style>\n<div class=\"wp-block-kadence-column kadence-column14729_b45786-30 inner-column-1\"><div class=\"kt-inside-inner-col\">\n<figure class=\"wp-block-gallery has-nested-images columns-default is-cropped wp-block-gallery-1 is-layout-flex wp-block-gallery-is-layout-flex\">\n<figure class=\"wp-block-image size-large\"><img loading=\"lazy\" decoding=\"async\" width=\"112\" height=\"151\" data-id=\"455\" src=\"https:\/\/euniv.eu\/wp-content\/uploads\/\/2020\/09\/ico_e.svg\" alt=\"\" class=\"wp-image-455\"\/><\/figure>\n<\/figure>\n<\/div><\/div>\n\n\n<style>.kadence-column14729_3b38f7-96 > .kt-inside-inner-col,.kadence-column14729_3b38f7-96 > .kt-inside-inner-col:before{border-top-left-radius:0px;border-top-right-radius:0px;border-bottom-right-radius:0px;border-bottom-left-radius:0px;}.kadence-column14729_3b38f7-96 > .kt-inside-inner-col{column-gap:var(--global-kb-gap-sm, 1rem);}.kadence-column14729_3b38f7-96 > .kt-inside-inner-col{flex-direction:column;}.kadence-column14729_3b38f7-96 > .kt-inside-inner-col > .aligncenter{width:100%;}.kadence-column14729_3b38f7-96 > .kt-inside-inner-col:before{opacity:0.3;}.kadence-column14729_3b38f7-96{position:relative;}@media all and (max-width: 1024px){.kadence-column14729_3b38f7-96 > .kt-inside-inner-col{flex-direction:column;justify-content:center;}}@media all and (max-width: 767px){.kadence-column14729_3b38f7-96 > .kt-inside-inner-col{flex-direction:column;justify-content:center;}}<\/style>\n<div class=\"wp-block-kadence-column kadence-column14729_3b38f7-96 inner-column-2\"><div class=\"kt-inside-inner-col\">\n<h1 class=\"wp-block-heading\"><br>eUniv Academia<\/h1>\n<\/div><\/div>\n\n<\/div><\/div>\n\n\n<p>Siguiendo con el compromiso con el conocimiento y su traslado al mundo laboral, la eUniv (Universidad Europea) organiza el ciclo de conferencias eUniv Academia, una serie de masterclass vinculadas a la aplicaci\u00f3n pr\u00e1ctica y transversal de los conocimientos impartidos en las distintas titulaciones que se ofrecen en los centros universitarios de la universidad.<\/p>\n\n\n\n<p>As\u00ed, tanto el alumnado del Colegio Universitario Francesc Layret como el del Instituto Universitario de Tecnolog\u00eda Aplicada, la Escuela de Lenguas Cl\u00e1sicas o la Escuela de Doctorado J.H. Newman puede encontrar elementos de inter\u00e9s que complementen su formaci\u00f3n acad\u00e9mica.<\/p>\n\n\n\n<p>De este modo, la eUniv quiere contribuir al conocimiento y, a trav\u00e9s de las nuevas formas multimedia, dejar constancia de ello con la grabaci\u00f3n de las distintas masterclass de eUniv Academia que se ofrecen a continuaci\u00f3n.<\/p>\n\n\n\n<h2 class=\"wp-block-heading\">9\u00aaMASTERCLASS: Imagen pol\u00edtica y escenografia con el Dr. Xavier Peytibi<\/h2>\n\n\n\n<figure class=\"wp-block-embed is-type-video is-provider-youtube wp-block-embed-youtube wp-embed-aspect-16-9 wp-has-aspect-ratio\"><div class=\"wp-block-embed__wrapper\">\n<iframe loading=\"lazy\" title=\"9\u00aaEUNIV MASTERCLASS: Imagen Pol\u00edtica y escenografia\" width=\"905\" height=\"509\" src=\"https:\/\/www.youtube.com\/embed\/JEOE07szsag?feature=oembed\" frameborder=\"0\" allow=\"accelerometer; autoplay; clipboard-write; encrypted-media; gyroscope; picture-in-picture; web-share\" referrerpolicy=\"strict-origin-when-cross-origin\" allowfullscreen><\/iframe>\n<\/div><\/figure>\n\n\n\n<p><strong>Descripci\u00f3n:<\/strong><\/p>\n\n\n\n<p>Esta charla, a cargo del Dr. Xavier Peytibi, explora c\u00f3mo la comunicaci\u00f3n pol\u00edtica no depende solo del discurso, sino tambi\u00e9n de todo aquello que lo hace visible y memorable. La sesi\u00f3n pone el foco en la imagen pol\u00edtica y en la escenograf\u00eda como herramientas clave para construir percepciones: el escenario, la composici\u00f3n visual, los s\u00edmbolos, los colores, la puesta en escena e incluso el plano de c\u00e1mara pueden reforzar o debilitar el relato de un l\u00edder o de una organizaci\u00f3n. A partir de ejemplos reales, Peytibi muestra c\u00f3mo cada detalle comunica y condiciona la manera en que la ciudadan\u00eda interpreta autenticidad, liderazgo, cercan\u00eda o autoridad. La charla invita a entender la pol\u00edtica como un espacio en el que el mensaje verbal y el mensaje visual act\u00faan conjuntamente, y donde la coherencia entre relato, gestos y entorno es determinante. En definitiva, es una reflexi\u00f3n muy \u00fatil para entender por qu\u00e9, en pol\u00edtica, no basta con tener un buen mensaje: hay que saber escenificarlo para que conecte, genere recuerdo y transmita credibilidad.<\/p>\n\n\n\n<h2 class=\"wp-block-heading\">8\u00aaMASTERCLASS: <em>Digital mindset: c\u00f3mo pensar, actuar y ser digitales <\/em>con Ignasi Mart\u00edn<\/h2>\n\n\n\n<figure class=\"wp-block-embed is-type-video is-provider-youtube wp-block-embed-youtube wp-embed-aspect-16-9 wp-has-aspect-ratio\"><div class=\"wp-block-embed__wrapper\">\n<iframe loading=\"lazy\" title=\"8\u00aa EUNIV MASTERCLASS: Digital mindset: com pensar, actuar i ser digitals\" width=\"905\" height=\"509\" src=\"https:\/\/www.youtube.com\/embed\/FmHJQfMOQps?feature=oembed\" frameborder=\"0\" allow=\"accelerometer; autoplay; clipboard-write; encrypted-media; gyroscope; picture-in-picture; web-share\" referrerpolicy=\"strict-origin-when-cross-origin\" allowfullscreen><\/iframe>\n<\/div><\/figure>\n\n\n\n<p><strong>Descripci\u00f3n:<\/strong><\/p>\n\n\n\n<p>Esta sesi\u00f3n forma parte del ciclo eUniv Academia y es una masterclass sobre \u201cDigital mindset\u201d: c\u00f3mo pensar, actuar y ser digitales\u00bb. En un contexto dominado por la tecnolog\u00eda, Ignasi Martin (CEO y fundador de Whoop Coaching &amp; Consulting), explica por qu\u00e9 la transformaci\u00f3n digital no consiste solo en adoptar herramientas, sino en cambiar h\u00e1bitos, cultura y criterios de decisi\u00f3n. La charla pone el foco en la adaptaci\u00f3n continua, el aprendizaje permanente y la experimentaci\u00f3n para responder a clientes y mercados que evolucionan a gran velocidad. Tambi\u00e9n repasa competencias clave para trabajar en digital (colaboraci\u00f3n, comunicaci\u00f3n, mentalidad de prueba-error y orientaci\u00f3n a datos) y c\u00f3mo los equipos pueden impulsar el cambio desde dentro. Un contenido \u00fatil para profesionales y estudiantes que quieran aterrizar la digitalizaci\u00f3n en su d\u00eda a d\u00eda.<\/p>\n\n\n\n<h2 class=\"wp-block-heading has--font-size\">7\u00aaMASTERCLASS: <em>Entiende el Panorma de la IA Generativa en 60 segundos sin la necesidadd e ser programador <\/em>con Armand Pujad\u00f3<\/h2>\n\n\n\n<figure class=\"wp-block-embed is-type-video is-provider-youtube wp-block-embed-youtube wp-embed-aspect-16-9 wp-has-aspect-ratio\"><div class=\"wp-block-embed__wrapper\">\n<iframe loading=\"lazy\" title=\"Entiende el Panorma de la IA Generativa en 60 segundos sin la necesidadd e ser programador\" width=\"905\" height=\"509\" src=\"https:\/\/www.youtube.com\/embed\/SKaAOQ2-hyg?feature=oembed\" frameborder=\"0\" allow=\"accelerometer; autoplay; clipboard-write; encrypted-media; gyroscope; picture-in-picture; web-share\" referrerpolicy=\"strict-origin-when-cross-origin\" allowfullscreen><\/iframe>\n<\/div><\/figure>\n\n\n\n<p><strong>Descripci\u00f3n:<\/strong><\/p>\n\n\n\n<p>En esta masterclass de 60 minutos, <strong>Armand Pujad\u00f3 (<a href=\"https:\/\/centeia.com\/\" target=\"_blank\" rel=\"noreferrer noopener\">CenteIA<\/a>)<\/strong> te ayuda a entender el panorama actual de la <em>IA generativa<\/em> <strong>sin necesidad de saber programar<\/strong>. Armand es un profesional de CenteIA especializado en proyectos de inteligencia artificial aplicada, y se dedica a acercar esta tecnolog\u00eda a empresas y profesionales que quieren empezar a utilizarla en su d\u00eda a d\u00eda.<\/p>\n\n\n\n<p>A lo largo de la sesi\u00f3n, Armand explica de forma clara y pr\u00e1ctica:<\/p>\n\n\n\n<ul class=\"wp-block-list\">\n<li>qu\u00e9 es exactamente la IA generativa y c\u00f3mo funcionan herramientas como los modelos de lenguaje o los generadores de im\u00e1genes;<\/li>\n\n\n\n<li>cu\u00e1les son las principales plataformas y aplicaciones disponibles (chatbots, generadores de texto, imagen, v\u00eddeo, audio\u2026) y para qu\u00e9 sirve cada una;<\/li>\n\n\n\n<li>casos de uso concretos en marketing, comunicaci\u00f3n, educaci\u00f3n y gesti\u00f3n de negocios, con ejemplos que se pueden aplicar de inmediato;<\/li>\n\n\n\n<li>buenas pr\u00e1cticas, l\u00edmites y riesgos (sesgos, privacidad, calidad de la informaci\u00f3n) y c\u00f3mo utilizar la IA de forma responsable;<\/li>\n\n\n\n<li>recomendaciones para empezar paso a paso: c\u00f3mo probar estas herramientas, c\u00f3mo integrarlas en tu flujo de trabajo y c\u00f3mo sacarles valor aunque no tengas un perfil t\u00e9cnico.<\/li>\n<\/ul>\n\n\n\n<p>Si quieres ponerte al d\u00eda de la IA generativa y empezar a usarla de forma pr\u00e1ctica en tu d\u00eda a d\u00eda, esta masterclass es para ti.<\/p>\n\n\n\n<h2 class=\"wp-block-heading\">6\u00aaMASTERCLASS: <em>El futuro hoy<\/em> con el Sr. Eudald Parera<\/h2>\n\n\n\n<figure class=\"wp-block-embed is-type-video is-provider-youtube wp-block-embed-youtube wp-embed-aspect-16-9 wp-has-aspect-ratio\"><div class=\"wp-block-embed__wrapper\">\n<iframe loading=\"lazy\" title=\"6\u00aaEUNIV MASTERCLASS: El futuro hoy\" width=\"905\" height=\"509\" src=\"https:\/\/www.youtube.com\/embed\/fsq6Xjj-w38?feature=oembed\" frameborder=\"0\" allow=\"accelerometer; autoplay; clipboard-write; encrypted-media; gyroscope; picture-in-picture; web-share\" referrerpolicy=\"strict-origin-when-cross-origin\" allowfullscreen><\/iframe>\n<\/div><\/figure>\n\n\n\n<p><strong>Descripci\u00f3n:<\/strong><\/p>\n\n\n\n<p>Descubre c\u00f3mo convertir la disrupci\u00f3n tecnol\u00f3gica en <strong>resultados tangibles<\/strong>. El <strong>Sr. Eudald Parera<\/strong> presenta un marco pr\u00e1ctico para aplicar <strong>IA, automatizaci\u00f3n y datos<\/strong> a tu negocio, hoy mismo.<\/p>\n\n\n\n<p><strong>Qu\u00e9 te llevas<\/strong><\/p>\n\n\n\n<ul class=\"wp-block-list\">\n<li>\ud83d\udd2d <strong>Visi\u00f3n clara<\/strong> de las tendencias que ya impactan mercados y equipos.<\/li>\n\n\n\n<li>\ud83e\udde9 <strong>Casos reales<\/strong>: atenci\u00f3n al cliente con IA, automatizaci\u00f3n de back-office y soporte a ventas basado en datos.<\/li>\n\n\n\n<li>\ud83d\uddfa\ufe0f <strong>Hoja de ruta de 90 d\u00edas<\/strong> para pasar de idea a piloto y escalar.<\/li>\n\n\n\n<li>\ud83d\udcca <strong>M\u00e9tricas de negocio<\/strong> (ingresos, eficiencia, riesgo) y gobernanza de datos.<\/li>\n<\/ul>\n\n\n\n<p><strong>Puntos clave<\/strong><\/p>\n\n\n\n<ul class=\"wp-block-list\">\n<li>\ud83c\udfaf Prioriza iniciativas por <strong>retorno<\/strong> e <strong>impacto operativo<\/strong>.<\/li>\n\n\n\n<li>\ud83e\udde0 Recualifica equipos: <strong>pensamiento con datos<\/strong>, <strong>prompts efectivos<\/strong>, <strong>dise\u00f1o de procesos<\/strong>.<\/li>\n\n\n\n<li>\ud83d\udee1\ufe0f Gobernanza: privacidad, seguridad y sesgos con controles graduales.<\/li>\n\n\n\n<li>\u26a0\ufe0f Evita errores: proyectos sin due\u00f1o, buscar \u201cla herramienta perfecta\u201d, medir solo ahorros.<\/li>\n<\/ul>\n\n\n\n<p><strong>Para qui\u00e9n<\/strong><\/p>\n\n\n\n<ul class=\"wp-block-list\">\n<li>\ud83d\udc69\u200d\ud83d\udcbc\ud83d\udc68\u200d\ud83d\udcbc Directivos, l\u00edderes de proyecto y equipos que buscan <strong>resultados r\u00e1pidos y medibles<\/strong>.<\/li>\n<\/ul>\n\n\n\n<p>Una sesi\u00f3n del Sr. Eudald Parera para convertir la tecnolog\u00eda en ventaja competitiva. \ud83d\udca1<\/p>\n\n\n\n<h2 class=\"wp-block-heading\">5\u00aaMASTERCLASS: <em>Habilidades de futuro<\/em> con el Sr. Eudald Parera<\/h2>\n\n\n\n<figure class=\"wp-block-embed is-type-video is-provider-youtube wp-block-embed-youtube wp-embed-aspect-16-9 wp-has-aspect-ratio\"><div class=\"wp-block-embed__wrapper\">\n<iframe loading=\"lazy\" title=\"5\u00aaEUNIV MASTERCLASS: Habilidades de futuro\" width=\"905\" height=\"509\" src=\"https:\/\/www.youtube.com\/embed\/HLlSn2wQWqg?feature=oembed\" frameborder=\"0\" allow=\"accelerometer; autoplay; clipboard-write; encrypted-media; gyroscope; picture-in-picture; web-share\" referrerpolicy=\"strict-origin-when-cross-origin\" allowfullscreen><\/iframe>\n<\/div><\/figure>\n\n\n\n<p><strong>Descripci\u00f3n:<\/strong><\/p>\n\n\n\n<p>En esta <strong>5.\u00aa Masterclass de la EUNIV Academia<\/strong>, el Sr. <strong>Eudald Parera<\/strong> nos introduce en las <strong>habilidades clave para afrontar el futuro profesional<\/strong> con \u00e9xito.<\/p>\n\n\n\n<p>\ud83d\udca1 <em>Adaptabilidad, colaboraci\u00f3n, trabajo en equipo y resoluci\u00f3n de problemas<\/em> son competencias cada vez m\u00e1s valoradas en un entorno laboral en constante transformaci\u00f3n.<\/p>\n\n\n\n<p>Durante la sesi\u00f3n, exploraremos:<br>\u2705 Por qu\u00e9 estas habilidades son esenciales en el mundo laboral actual.<br>\u2705 C\u00f3mo desarrollarlas de forma pr\u00e1ctica en el d\u00eda a d\u00eda.<br>\u2705 Ejemplos y reflexiones para prepararnos mejor ante nuevos retos profesionales.<\/p>\n\n\n\n<p>Una masterclass pensada para estudiantes, j\u00f3venes profesionales y cualquier persona interesada en potenciar su perfil competencial.<\/p>\n\n\n\n<h2 class=\"wp-block-heading has--font-size\">4\u00aaMASTERCLASS: <em>La inteligencia emocional en las organizaciones<\/em> con la Sra. Sara Castells<\/h2>\n\n\n\n<figure class=\"wp-block-embed is-type-video is-provider-youtube wp-block-embed-youtube wp-embed-aspect-16-9 wp-has-aspect-ratio\"><div class=\"wp-block-embed__wrapper\">\n<iframe loading=\"lazy\" title=\"4a EUNIV MASTERCLASS: La inteligencia emocional en las organizaciones\" width=\"905\" height=\"509\" src=\"https:\/\/www.youtube.com\/embed\/wq9stomioS0?feature=oembed\" frameborder=\"0\" allow=\"accelerometer; autoplay; clipboard-write; encrypted-media; gyroscope; picture-in-picture; web-share\" referrerpolicy=\"strict-origin-when-cross-origin\" allowfullscreen><\/iframe>\n<\/div><\/figure>\n\n\n\n<p><strong>Descripci\u00f3n:<\/strong><\/p>\n\n\n\n<p>En esta masterclass organizada por la universidad online eUniv, la psic\u00f3loga Sra. Sara Castells nos ofrece una ponencia titulada \u00abInteligencia emocional en las organizaciones\u00bb, en la que analiza el impacto de la gesti\u00f3n emocional en los entornos laborales, el liderazgo y el bienestar organizacional. <\/p>\n\n\n\n<p>La sesi\u00f3n cuenta con la moderaci\u00f3n de la tambi\u00e9n psic\u00f3loga Sra. Elisa Fit\u00e9, quien gu\u00eda el debate y plantea cuestiones clave para profundizar en el tema. <\/p>\n\n\n\n<p>Una oportunidad \u00fanica para descubrir herramientas pr\u00e1cticas y reflexionar sobre c\u00f3mo la inteligencia emocional puede transformar positivamente la cultura de las empresas.<\/p>\n\n\n\n<h2 class=\"wp-block-heading has--font-size\">3\u00aaMASTERCLASS: <em>De la idea al mercado; el plan de marketing efectivo<\/em> con el Dr. Josep Llu\u00eds del Olmo<\/h2>\n\n\n\n<figure class=\"wp-block-embed is-type-video is-provider-youtube wp-block-embed-youtube wp-embed-aspect-16-9 wp-has-aspect-ratio\"><div class=\"wp-block-embed__wrapper\">\n<iframe loading=\"lazy\" title=\"3\u00aaEUNIV MASTERCLASS: De la idea al mercado; el plan de marketing efectivo\" width=\"905\" height=\"509\" src=\"https:\/\/www.youtube.com\/embed\/4it4olxsYAM?list=PL18WtP9ISUwh5CHhXibWieA1Pbxw7Yhwz\" frameborder=\"0\" allow=\"accelerometer; autoplay; clipboard-write; encrypted-media; gyroscope; picture-in-picture; web-share\" referrerpolicy=\"strict-origin-when-cross-origin\" allowfullscreen><\/iframe>\n<\/div><\/figure>\n\n\n\n<p><\/p>\n\n\n\n<p><strong>Descripci\u00f3n:<\/strong><\/p>\n\n\n\n<p style=\"font-size:17px\">En esta sesi\u00f3n se aborda la importancia estrat\u00e9gica del plan de marketing para cualquier organizaci\u00f3n y se profundiza en los diferentes puntos que se deben tener en cuenta, as\u00ed como en varios casos pr\u00e1cticos que ilustran la necesidad de abordar un plan de marketing de forma integral.<\/p>\n\n\n\n<p><\/p>\n\n\n\n<h2 class=\"wp-block-heading\">2\u00aaMASTERCLASS: <em>Transformar una obligaci\u00f3n legal en una ventaja para la organizaci\u00f3<\/em>n con Marisol Hern\u00e1ndez<\/h2>\n\n\n\n<figure class=\"wp-block-embed is-type-video is-provider-youtube wp-block-embed-youtube wp-embed-aspect-16-9 wp-has-aspect-ratio\"><div class=\"wp-block-embed__wrapper\">\n<iframe loading=\"lazy\" title=\"2\u00aaEUNIV MASTERCLASS: Transformar una obligaci\u00f3n legal en una ventaja para la organizaci\u00f3n\" width=\"905\" height=\"509\" src=\"https:\/\/www.youtube.com\/embed\/mvEqE7DXuRo?list=PL18WtP9ISUwh5CHhXibWieA1Pbxw7Yhwz\" frameborder=\"0\" allow=\"accelerometer; autoplay; clipboard-write; encrypted-media; gyroscope; picture-in-picture; web-share\" referrerpolicy=\"strict-origin-when-cross-origin\" allowfullscreen><\/iframe>\n<\/div><\/figure>\n\n\n\n<p><\/p>\n\n\n\n<p><strong>Descripci\u00f3n:<\/strong><\/p>\n\n\n\n<p style=\"font-size:17px\">En esta sesi\u00f3n se aborda c\u00f3mo las organizaciones deben saber adaptarse a los cambios repentinos que implican las modificaciones legislativas y, al mismo tiempo, c\u00f3mo pueden aprovechar estas situaciones de incertidumbre para generar una ventaja competitiva.<\/p>\n\n\n\n<p><\/p>\n\n\n\n<h2 class=\"wp-block-heading\">1\u00aaMASTERCLASS: <em>C\u00f3mo hablar en p\u00fablic<\/em>o con Josep Maria Brugu\u00e9s<\/h2>\n\n\n\n<figure class=\"wp-block-embed is-type-video is-provider-youtube wp-block-embed-youtube wp-embed-aspect-16-9 wp-has-aspect-ratio\"><div class=\"wp-block-embed__wrapper\">\n<iframe loading=\"lazy\" title=\"1\u00aaEUNIV MASTERCLASS: C\u00f3mo hablar en P\u00fablico\" width=\"905\" height=\"509\" src=\"https:\/\/www.youtube.com\/embed\/T80hf0EVQpQ?list=PL18WtP9ISUwh5CHhXibWieA1Pbxw7Yhwz\" frameborder=\"0\" allow=\"accelerometer; autoplay; clipboard-write; encrypted-media; gyroscope; picture-in-picture; web-share\" referrerpolicy=\"strict-origin-when-cross-origin\" allowfullscreen><\/iframe>\n<\/div><\/figure>\n\n\n\n<p><\/p>\n\n\n\n<p><strong>Descripci\u00f3n:<\/strong><\/p>\n\n\n\n<p style=\"font-size:17px\">El objetivo de esta sesi\u00f3n es proporcionar a los participantes las herramientas y estrategias fundamentales para mejorar su habilidad para hablar en p\u00fablico, generando confianza, claridad y capacidad para transmitir ideas con eficacia frente a diferentes audiencias.<\/p>\n<\/div><\/div>\n\n<\/div><\/div>","protected":false},"excerpt":{"rendered":"<p>eUniv Academia Siguiendo con el compromiso con el conocimiento y su traslado al mundo laboral, la eUniv (Universidad Europea) organiza el ciclo de conferencias eUniv Academia, una serie de masterclass vinculadas a la aplicaci\u00f3n pr\u00e1ctica y transversal de los conocimientos impartidos en las distintas titulaciones que se ofrecen en los centros universitarios de la universidad. &hellip;<\/p>\n","protected":false},"author":2,"featured_media":0,"parent":5699,"menu_order":0,"comment_status":"closed","ping_status":"closed","template":"","meta":{"_editorskit_title_hidden":false,"_editorskit_reading_time":0,"_editorskit_is_block_options_detached":false,"_editorskit_block_options_position":"{}","inline_featured_image":false,"footnotes":""},"class_list":["post-14729","page","type-page","status-publish","hentry","post","without-featured-image"],"featured_image_src":null,"featured_image_src_square":null,"_links":{"self":[{"href":"https:\/\/euniv.eu\/es\/wp-json\/wp\/v2\/pages\/14729","targetHints":{"allow":["GET"]}}],"collection":[{"href":"https:\/\/euniv.eu\/es\/wp-json\/wp\/v2\/pages"}],"about":[{"href":"https:\/\/euniv.eu\/es\/wp-json\/wp\/v2\/types\/page"}],"author":[{"embeddable":true,"href":"https:\/\/euniv.eu\/es\/wp-json\/wp\/v2\/users\/2"}],"replies":[{"embeddable":true,"href":"https:\/\/euniv.eu\/es\/wp-json\/wp\/v2\/comments?post=14729"}],"version-history":[{"count":9,"href":"https:\/\/euniv.eu\/es\/wp-json\/wp\/v2\/pages\/14729\/revisions"}],"predecessor-version":[{"id":20024,"href":"https:\/\/euniv.eu\/es\/wp-json\/wp\/v2\/pages\/14729\/revisions\/20024"}],"up":[{"embeddable":true,"href":"https:\/\/euniv.eu\/es\/wp-json\/wp\/v2\/pages\/5699"}],"wp:attachment":[{"href":"https:\/\/euniv.eu\/es\/wp-json\/wp\/v2\/media?parent=14729"}],"curies":[{"name":"wp","href":"https:\/\/api.w.org\/{rel}","templated":true}]}}