{"id":15893,"date":"2025-06-11T17:40:05","date_gmt":"2025-06-11T15:40:05","guid":{"rendered":"https:\/\/euniv.eu\/?page_id=15893"},"modified":"2025-06-16T09:46:24","modified_gmt":"2025-06-16T07:46:24","slug":"programa-de-becas-euniv","status":"publish","type":"page","link":"https:\/\/euniv.eu\/es\/programa-de-becas-euniv\/","title":{"rendered":"Programa de Becas eUniv"},"content":{"rendered":"<style>.kb-row-layout-id15893_116178-c4 > .kt-row-column-wrap{align-content:start;}:where(.kb-row-layout-id15893_116178-c4 > .kt-row-column-wrap) > .wp-block-kadence-column{justify-content:start;}.kb-row-layout-id15893_116178-c4 > .kt-row-column-wrap{column-gap:var(--global-kb-gap-lg, 4rem);row-gap:var(--global-kb-gap-md, 2rem);max-width:1240px;margin-left:auto;margin-right:auto;padding-top:var(--global-kb-spacing-sm, 1.5rem);padding-bottom:var(--global-kb-spacing-sm, 1.5rem);grid-template-columns:minmax(0, 1fr);}.kb-row-layout-id15893_116178-c4 > .kt-row-layout-overlay{opacity:0.30;}@media all and (max-width: 1024px){.kb-row-layout-id15893_116178-c4 > .kt-row-column-wrap{grid-template-columns:minmax(0, 1fr);}}@media all and (max-width: 767px){.kb-row-layout-id15893_116178-c4 > .kt-row-column-wrap{grid-template-columns:minmax(0, 1fr);}}<\/style><div class=\"kb-row-layout-wrap kb-row-layout-id15893_116178-c4 alignnone wp-block-kadence-rowlayout\"><div class=\"kt-row-column-wrap kt-has-1-columns kt-row-layout-equal kt-tab-layout-inherit kt-mobile-layout-row kt-row-valign-top\">\n<style>.kadence-column15893_4475d3-9f > .kt-inside-inner-col,.kadence-column15893_4475d3-9f > .kt-inside-inner-col:before{border-top-left-radius:0px;border-top-right-radius:0px;border-bottom-right-radius:0px;border-bottom-left-radius:0px;}.kadence-column15893_4475d3-9f > .kt-inside-inner-col{column-gap:var(--global-kb-gap-sm, 1rem);}.kadence-column15893_4475d3-9f > .kt-inside-inner-col{flex-direction:column;}.kadence-column15893_4475d3-9f > .kt-inside-inner-col > .aligncenter{width:100%;}.kadence-column15893_4475d3-9f > .kt-inside-inner-col:before{opacity:0.3;}.kadence-column15893_4475d3-9f{position:relative;}@media all and (max-width: 1024px){.kadence-column15893_4475d3-9f > .kt-inside-inner-col{flex-direction:column;justify-content:center;}}@media all and (max-width: 767px){.kadence-column15893_4475d3-9f > .kt-inside-inner-col{flex-direction:column;justify-content:center;}}<\/style>\n<div class=\"wp-block-kadence-column kadence-column15893_4475d3-9f inner-column-1 animated fadeInLeft\"><div class=\"kt-inside-inner-col\"><style>.kb-row-layout-id15893_42c267-39 > .kt-row-column-wrap{align-content:center;}:where(.kb-row-layout-id15893_42c267-39 > .kt-row-column-wrap) > .wp-block-kadence-column{justify-content:center;}.kb-row-layout-id15893_42c267-39 > .kt-row-column-wrap{column-gap:20px;row-gap:var(--global-kb-gap-md, 2rem);padding-top:var(--global-kb-spacing-sm, 1.5rem);padding-bottom:var(--global-kb-spacing-sm, 1.5rem);grid-template-columns:minmax(0, calc(10% - ((20px * 1 )\/2)))minmax(0, calc(90% - ((20px * 1 )\/2)));}.kb-row-layout-id15893_42c267-39 > .kt-row-layout-overlay{opacity:0.30;}@media all and (max-width: 1024px){.kb-row-layout-id15893_42c267-39 > .kt-row-column-wrap{grid-template-columns:minmax(0, 1fr) minmax(0, 2fr);}}@media all and (max-width: 767px){.kb-row-layout-id15893_42c267-39 > .kt-row-column-wrap{grid-template-columns:minmax(0, 1fr);}}<\/style><div class=\"kb-row-layout-wrap kb-row-layout-id15893_42c267-39 alignnone wp-block-kadence-rowlayout\"><div class=\"kt-row-column-wrap kt-has-2-columns kt-row-layout-right-golden kt-tab-layout-inherit kt-mobile-layout-row kt-row-valign-middle\">\n<style>.kadence-column15893_602cc2-d5 > .kt-inside-inner-col,.kadence-column15893_602cc2-d5 > .kt-inside-inner-col:before{border-top-left-radius:0px;border-top-right-radius:0px;border-bottom-right-radius:0px;border-bottom-left-radius:0px;}.kadence-column15893_602cc2-d5 > .kt-inside-inner-col{column-gap:var(--global-kb-gap-sm, 1rem);}.kadence-column15893_602cc2-d5 > .kt-inside-inner-col{flex-direction:column;}.kadence-column15893_602cc2-d5 > .kt-inside-inner-col > .aligncenter{width:100%;}.kadence-column15893_602cc2-d5 > .kt-inside-inner-col:before{opacity:0.3;}.kadence-column15893_602cc2-d5{position:relative;}@media all and (max-width: 1024px){.kadence-column15893_602cc2-d5 > .kt-inside-inner-col{flex-direction:column;justify-content:center;}}@media all and (max-width: 767px){.kadence-column15893_602cc2-d5 > .kt-inside-inner-col{flex-direction:column;justify-content:center;}}<\/style>\n<div class=\"wp-block-kadence-column kadence-column15893_602cc2-d5 inner-column-1\"><div class=\"kt-inside-inner-col\">\n<figure class=\"wp-block-image size-large\"><img loading=\"lazy\" decoding=\"async\" width=\"112\" height=\"150\" src=\"https:\/\/euniv.eu\/wp-content\/uploads\/\/2020\/09\/ico_p.svg\" alt=\"P\" class=\"wp-image-449\"\/><\/figure>\n<\/div><\/div>\n\n\n<style>.kadence-column15893_8e640f-a2 > .kt-inside-inner-col,.kadence-column15893_8e640f-a2 > .kt-inside-inner-col:before{border-top-left-radius:0px;border-top-right-radius:0px;border-bottom-right-radius:0px;border-bottom-left-radius:0px;}.kadence-column15893_8e640f-a2 > .kt-inside-inner-col{column-gap:var(--global-kb-gap-sm, 1rem);}.kadence-column15893_8e640f-a2 > .kt-inside-inner-col{flex-direction:column;}.kadence-column15893_8e640f-a2 > .kt-inside-inner-col > .aligncenter{width:100%;}.kadence-column15893_8e640f-a2 > .kt-inside-inner-col:before{opacity:0.3;}.kadence-column15893_8e640f-a2{position:relative;}@media all and (max-width: 1024px){.kadence-column15893_8e640f-a2 > .kt-inside-inner-col{flex-direction:column;justify-content:center;}}@media all and (max-width: 767px){.kadence-column15893_8e640f-a2 > .kt-inside-inner-col{flex-direction:column;justify-content:center;}}<\/style>\n<div class=\"wp-block-kadence-column kadence-column15893_8e640f-a2 inner-column-2\"><div class=\"kt-inside-inner-col\">\n<h1 class=\"wp-block-heading\">Programa de Becas eUniv<\/h1>\n<\/div><\/div>\n\n<\/div><\/div>\n\n\n<p>De acuerdo <strong>con la misi\u00f3n de la eUniv de acercar el conocimiento a la sociedad y ayudar a las personas a alcanzar sus objetivos acad\u00e9micos<\/strong>, la universidad facilita un programa de becas para ayudar a las personas que, por diversas causas, tengan dificultades para poder cursar sus estudios universitarios.<\/p>\n\n\n\n<p>En este sentido, la eUniv concibe la educaci\u00f3n como una v\u00eda para <strong>conseguir una sociedad m\u00e1s justa<\/strong> y, por este motivo, el programa de becas es amplio y reconoce situaciones de distinta \u00edndole para cubrir necesidades transversales.<\/p>\n\n\n\n<h2 class=\"wp-block-heading\">Dentro del Programa de Becas eUniv hay <strong>cuatro tipos de becas<\/strong> disponibles:<\/h2>\n\n\n<style>.wp-block-kadence-column.kb-section-dir-horizontal > .kt-inside-inner-col > .kt-info-box15893_498c2e-eb{max-width:95%;}.wp-block-kadence-column.kb-section-dir-horizontal > .kt-inside-inner-col > .kt-info-box15893_498c2e-eb .kt-blocks-info-box-link-wrap{max-width:unset;}.kt-info-box15893_498c2e-eb .kt-blocks-info-box-link-wrap{border-top-left-radius:0px;border-top-right-radius:0px;border-bottom-right-radius:0px;border-bottom-left-radius:0px;background:#ffffff;max-width:95%;padding-top:0px;padding-right:0px;padding-bottom:20px;padding-left:0px;margin-left:0px;}.kt-info-box15893_498c2e-eb .kt-blocks-info-box-media-align-top .kt-blocks-info-box-media-container{max-width:100%;}.kt-info-box15893_498c2e-eb .kt-blocks-info-box-link-wrap:hover{background:#ffffff;}.kt-info-box15893_498c2e-eb .kt-blocks-info-box-media .kt-info-box-image{width:87px;height:auto;}.kt-info-box15893_498c2e-eb .kt-blocks-info-box-media .kt-info-box-image, .kt-info-box15893_498c2e-eb .kt-blocks-info-box-media .kt-info-box-image path{fill:#792140;}.kt-info-box15893_498c2e-eb .kt-blocks-info-box-link-wrap:hover .kt-blocks-info-box-media .kt-info-box-image, .kt-info-box15893_498c2e-eb .kt-blocks-info-box-link-wrap:hover .kt-blocks-info-box-media .kt-info-box-image path{fill:#792140;}.kt-info-box15893_498c2e-eb .kadence-info-box-icon-container .kt-info-svg-icon, .kt-info-box15893_498c2e-eb .kt-info-svg-icon-flip, .kt-info-box15893_498c2e-eb .kt-blocks-info-box-number{font-size:50px;}.kt-info-box15893_498c2e-eb .kt-blocks-info-box-media{color:#792140;background:#ffffff;border-color:#eeeeee;border-top-width:0px;border-right-width:0px;border-bottom-width:0px;border-left-width:0px;padding-top:8px;padding-right:8px;padding-bottom:8px;padding-left:8px;margin-top:0px;margin-right:20px;margin-bottom:0px;margin-left:0px;}.kt-info-box15893_498c2e-eb .kt-blocks-info-box-link-wrap:hover .kt-blocks-info-box-media{color:#792140;background:#ffffff;border-color:#eeeeee;}.kt-info-box15893_498c2e-eb .kt-infobox-textcontent h3.kt-blocks-info-box-title{padding-top:0px;padding-right:0px;padding-bottom:0px;padding-left:0px;margin-top:5px;margin-right:0px;margin-bottom:10px;margin-left:0px;}.kt-info-box15893_498c2e-eb .kt-infobox-textcontent .kt-blocks-info-box-text{color:#555555;}.kt-info-box15893_498c2e-eb .kt-blocks-info-box-learnmore{background:transparent;border-color:#555555;border-width:0px 0px 0px 0px;padding-top:4px;padding-right:8px;padding-bottom:4px;padding-left:8px;margin-top:10px;margin-right:0px;margin-bottom:10px;margin-left:0px;}.kt-info-box15893_498c2e-eb .kt-blocks-info-box-link-wrap:hover .kt-blocks-info-box-learnmore,.kt-info-box15893_498c2e-eb .kt-blocks-info-box-link-wrap .kt-blocks-info-box-learnmore:focus{color:#ffffff;background:#444444;border-color:#444444;}<\/style>\n<div class=\"wp-block-kadence-infobox kt-info-box15893_498c2e-eb\"><span class=\"kt-blocks-info-box-link-wrap info-box-link kt-blocks-info-box-media-align-left kt-info-halign-left kb-info-box-vertical-media-align-top\"><div class=\"kt-blocks-info-box-media-container\"><div class=\"kt-blocks-info-box-media kt-info-media-animate-none\"><div class=\"kadence-info-box-icon-container kt-info-icon-animate-none\"><div class=\"kadence-info-box-icon-inner-container\"><span class=\"kb-svg-icon-wrap kb-svg-icon-fe_userCheck kt-info-svg-icon\"><svg viewBox=\"0 0 24 24\"  fill=\"none\" stroke=\"currentColor\" stroke-width=\"2\" stroke-linecap=\"round\" stroke-linejoin=\"round\" xmlns=\"http:\/\/www.w3.org\/2000\/svg\"  aria-hidden=\"true\"><path d=\"M16 21v-2a4 4 0 0 0-4-4H5a4 4 0 0 0-4 4v2\"\/><circle cx=\"8.5\" cy=\"7\" r=\"4\"\/><polyline points=\"17 11 19 13 23 9\"\/><\/svg><\/span><\/div><\/div><\/div><\/div><div class=\"kt-infobox-textcontent\"><h3 class=\"kt-blocks-info-box-title\">Beca Campus de Pau:<\/h3><p class=\"kt-blocks-info-box-text\">Destinada a personas que han sido v\u00edctimas de violencia de g\u00e9nero o terrorismo. El descuento en la matr\u00edcula es del 10%.<\/p><\/div><\/span><\/div>\n\n\n<style>.wp-block-kadence-column.kb-section-dir-horizontal > .kt-inside-inner-col > .kt-info-box15893_f7ea81-f2{max-width:95%;}.wp-block-kadence-column.kb-section-dir-horizontal > .kt-inside-inner-col > .kt-info-box15893_f7ea81-f2 .kt-blocks-info-box-link-wrap{max-width:unset;}.kt-info-box15893_f7ea81-f2 .kt-blocks-info-box-link-wrap{border-top-left-radius:0px;border-top-right-radius:0px;border-bottom-right-radius:0px;border-bottom-left-radius:0px;background:#ffffff;max-width:95%;padding-top:0px;padding-right:0px;padding-bottom:20px;padding-left:0px;margin-left:0px;}.kt-info-box15893_f7ea81-f2 .kt-blocks-info-box-media-align-top .kt-blocks-info-box-media-container{max-width:100%;}.kt-info-box15893_f7ea81-f2 .kt-blocks-info-box-link-wrap:hover{background:#ffffff;}.kt-info-box15893_f7ea81-f2 .kt-blocks-info-box-media .kt-info-box-image{width:87px;height:auto;}.kt-info-box15893_f7ea81-f2 .kt-blocks-info-box-media .kt-info-box-image, .kt-info-box15893_f7ea81-f2 .kt-blocks-info-box-media .kt-info-box-image path{fill:#792140;}.kt-info-box15893_f7ea81-f2 .kt-blocks-info-box-link-wrap:hover .kt-blocks-info-box-media .kt-info-box-image, .kt-info-box15893_f7ea81-f2 .kt-blocks-info-box-link-wrap:hover .kt-blocks-info-box-media .kt-info-box-image path{fill:#792140;}.kt-info-box15893_f7ea81-f2 .kadence-info-box-icon-container .kt-info-svg-icon, .kt-info-box15893_f7ea81-f2 .kt-info-svg-icon-flip, .kt-info-box15893_f7ea81-f2 .kt-blocks-info-box-number{font-size:50px;}.kt-info-box15893_f7ea81-f2 .kt-blocks-info-box-media{color:#792140;background:#ffffff;border-color:#eeeeee;border-top-width:0px;border-right-width:0px;border-bottom-width:0px;border-left-width:0px;padding-top:8px;padding-right:8px;padding-bottom:8px;padding-left:8px;margin-top:0px;margin-right:20px;margin-bottom:0px;margin-left:0px;}.kt-info-box15893_f7ea81-f2 .kt-blocks-info-box-link-wrap:hover .kt-blocks-info-box-media{color:#792140;background:#ffffff;border-color:#eeeeee;}.kt-info-box15893_f7ea81-f2 .kt-infobox-textcontent h3.kt-blocks-info-box-title{padding-top:0px;padding-right:0px;padding-bottom:0px;padding-left:0px;margin-top:5px;margin-right:0px;margin-bottom:10px;margin-left:0px;}.kt-info-box15893_f7ea81-f2 .kt-infobox-textcontent .kt-blocks-info-box-text{color:#555555;}.kt-info-box15893_f7ea81-f2 .kt-blocks-info-box-learnmore{background:transparent;border-color:#555555;border-width:0px 0px 0px 0px;padding-top:4px;padding-right:8px;padding-bottom:4px;padding-left:8px;margin-top:10px;margin-right:0px;margin-bottom:10px;margin-left:0px;}.kt-info-box15893_f7ea81-f2 .kt-blocks-info-box-link-wrap:hover .kt-blocks-info-box-learnmore,.kt-info-box15893_f7ea81-f2 .kt-blocks-info-box-link-wrap .kt-blocks-info-box-learnmore:focus{color:#ffffff;background:#444444;border-color:#444444;}<\/style>\n<div class=\"wp-block-kadence-infobox kt-info-box15893_f7ea81-f2\"><span class=\"kt-blocks-info-box-link-wrap info-box-link kt-blocks-info-box-media-align-left kt-info-halign-left kb-info-box-vertical-media-align-top\"><div class=\"kt-blocks-info-box-media-container\"><div class=\"kt-blocks-info-box-media kt-info-media-animate-none\"><div class=\"kadence-info-box-icon-container kt-info-icon-animate-none\"><div class=\"kadence-info-box-icon-inner-container\"><span class=\"kb-svg-icon-wrap kb-svg-icon-fe_userCheck kt-info-svg-icon\"><svg viewBox=\"0 0 24 24\"  fill=\"none\" stroke=\"currentColor\" stroke-width=\"2\" stroke-linecap=\"round\" stroke-linejoin=\"round\" xmlns=\"http:\/\/www.w3.org\/2000\/svg\"  aria-hidden=\"true\"><path d=\"M16 21v-2a4 4 0 0 0-4-4H5a4 4 0 0 0-4 4v2\"\/><circle cx=\"8.5\" cy=\"7\" r=\"4\"\/><polyline points=\"17 11 19 13 23 9\"\/><\/svg><\/span><\/div><\/div><\/div><\/div><div class=\"kt-infobox-textcontent\"><h3 class=\"kt-blocks-info-box-title\">Beca por Minusval\u00eda:<\/h3><p class=\"kt-blocks-info-box-text\">Destinado a aquellas personas que tengan reconocida una minusval\u00eda igual o superior al 33%. El descuento en la matr\u00edcula es del 10%.<\/p><\/div><\/span><\/div>\n\n\n<style>.wp-block-kadence-column.kb-section-dir-horizontal > .kt-inside-inner-col > .kt-info-box15893_2f1b66-dc{max-width:95%;}.wp-block-kadence-column.kb-section-dir-horizontal > .kt-inside-inner-col > .kt-info-box15893_2f1b66-dc .kt-blocks-info-box-link-wrap{max-width:unset;}.kt-info-box15893_2f1b66-dc .kt-blocks-info-box-link-wrap{border-top-left-radius:0px;border-top-right-radius:0px;border-bottom-right-radius:0px;border-bottom-left-radius:0px;background:#ffffff;max-width:95%;padding-top:0px;padding-right:0px;padding-bottom:20px;padding-left:0px;margin-left:0px;}.kt-info-box15893_2f1b66-dc .kt-blocks-info-box-media-align-top .kt-blocks-info-box-media-container{max-width:100%;}.kt-info-box15893_2f1b66-dc .kt-blocks-info-box-link-wrap:hover{background:#ffffff;}.kt-info-box15893_2f1b66-dc .kt-blocks-info-box-media .kt-info-box-image{width:87px;height:auto;}.kt-info-box15893_2f1b66-dc .kt-blocks-info-box-media .kt-info-box-image, .kt-info-box15893_2f1b66-dc .kt-blocks-info-box-media .kt-info-box-image path{fill:#792140;}.kt-info-box15893_2f1b66-dc .kt-blocks-info-box-link-wrap:hover .kt-blocks-info-box-media .kt-info-box-image, .kt-info-box15893_2f1b66-dc .kt-blocks-info-box-link-wrap:hover .kt-blocks-info-box-media .kt-info-box-image path{fill:#792140;}.kt-info-box15893_2f1b66-dc .kadence-info-box-icon-container .kt-info-svg-icon, .kt-info-box15893_2f1b66-dc .kt-info-svg-icon-flip, .kt-info-box15893_2f1b66-dc .kt-blocks-info-box-number{font-size:50px;}.kt-info-box15893_2f1b66-dc .kt-blocks-info-box-media{color:#792140;background:#ffffff;border-color:#eeeeee;border-top-width:0px;border-right-width:0px;border-bottom-width:0px;border-left-width:0px;padding-top:8px;padding-right:8px;padding-bottom:8px;padding-left:8px;margin-top:0px;margin-right:20px;margin-bottom:0px;margin-left:0px;}.kt-info-box15893_2f1b66-dc .kt-blocks-info-box-link-wrap:hover .kt-blocks-info-box-media{color:#792140;background:#ffffff;border-color:#eeeeee;}.kt-info-box15893_2f1b66-dc .kt-infobox-textcontent h3.kt-blocks-info-box-title{padding-top:0px;padding-right:0px;padding-bottom:0px;padding-left:0px;margin-top:5px;margin-right:0px;margin-bottom:10px;margin-left:0px;}.kt-info-box15893_2f1b66-dc .kt-infobox-textcontent .kt-blocks-info-box-text{color:#555555;}.kt-info-box15893_2f1b66-dc .kt-blocks-info-box-learnmore{background:transparent;border-color:#555555;border-width:0px 0px 0px 0px;padding-top:4px;padding-right:8px;padding-bottom:4px;padding-left:8px;margin-top:10px;margin-right:0px;margin-bottom:10px;margin-left:0px;}.kt-info-box15893_2f1b66-dc .kt-blocks-info-box-link-wrap:hover .kt-blocks-info-box-learnmore,.kt-info-box15893_2f1b66-dc .kt-blocks-info-box-link-wrap .kt-blocks-info-box-learnmore:focus{color:#ffffff;background:#444444;border-color:#444444;}<\/style>\n<div class=\"wp-block-kadence-infobox kt-info-box15893_2f1b66-dc\"><span class=\"kt-blocks-info-box-link-wrap info-box-link kt-blocks-info-box-media-align-left kt-info-halign-left kb-info-box-vertical-media-align-top\"><div class=\"kt-blocks-info-box-media-container\"><div class=\"kt-blocks-info-box-media kt-info-media-animate-none\"><div class=\"kadence-info-box-icon-container kt-info-icon-animate-none\"><div class=\"kadence-info-box-icon-inner-container\"><span class=\"kb-svg-icon-wrap kb-svg-icon-fe_userCheck kt-info-svg-icon\"><svg viewBox=\"0 0 24 24\"  fill=\"none\" stroke=\"currentColor\" stroke-width=\"2\" stroke-linecap=\"round\" stroke-linejoin=\"round\" xmlns=\"http:\/\/www.w3.org\/2000\/svg\"  aria-hidden=\"true\"><path d=\"M16 21v-2a4 4 0 0 0-4-4H5a4 4 0 0 0-4 4v2\"\/><circle cx=\"8.5\" cy=\"7\" r=\"4\"\/><polyline points=\"17 11 19 13 23 9\"\/><\/svg><\/span><\/div><\/div><\/div><\/div><div class=\"kt-infobox-textcontent\"><h3 class=\"kt-blocks-info-box-title\">Beca por Desempleo:<\/h3><p class=\"kt-blocks-info-box-text\">Destinado a aquellas personas que est\u00e9n en paro, ya sea el alumno interesado o el progenitor -si es la persona que paga la matr\u00edcula-. El descuento en la matr\u00edcula es del 10%.&nbsp;<\/p><\/div><\/span><\/div>\n\n\n<style>.wp-block-kadence-column.kb-section-dir-horizontal > .kt-inside-inner-col > .kt-info-box15893_8f20f0-d9{max-width:95%;}.wp-block-kadence-column.kb-section-dir-horizontal > .kt-inside-inner-col > .kt-info-box15893_8f20f0-d9 .kt-blocks-info-box-link-wrap{max-width:unset;}.kt-info-box15893_8f20f0-d9 .kt-blocks-info-box-link-wrap{border-top-left-radius:0px;border-top-right-radius:0px;border-bottom-right-radius:0px;border-bottom-left-radius:0px;background:#ffffff;max-width:95%;padding-top:0px;padding-right:0px;padding-bottom:20px;padding-left:0px;margin-left:0px;}.kt-info-box15893_8f20f0-d9 .kt-blocks-info-box-media-align-top .kt-blocks-info-box-media-container{max-width:100%;}.kt-info-box15893_8f20f0-d9 .kt-blocks-info-box-link-wrap:hover{background:#ffffff;}.kt-info-box15893_8f20f0-d9 .kt-blocks-info-box-media .kt-info-box-image{width:87px;height:auto;}.kt-info-box15893_8f20f0-d9 .kt-blocks-info-box-media .kt-info-box-image, .kt-info-box15893_8f20f0-d9 .kt-blocks-info-box-media .kt-info-box-image path{fill:#792140;}.kt-info-box15893_8f20f0-d9 .kt-blocks-info-box-link-wrap:hover .kt-blocks-info-box-media .kt-info-box-image, .kt-info-box15893_8f20f0-d9 .kt-blocks-info-box-link-wrap:hover .kt-blocks-info-box-media .kt-info-box-image path{fill:#792140;}.kt-info-box15893_8f20f0-d9 .kadence-info-box-icon-container .kt-info-svg-icon, .kt-info-box15893_8f20f0-d9 .kt-info-svg-icon-flip, .kt-info-box15893_8f20f0-d9 .kt-blocks-info-box-number{font-size:50px;}.kt-info-box15893_8f20f0-d9 .kt-blocks-info-box-media{color:#792140;background:#ffffff;border-color:#eeeeee;border-top-width:0px;border-right-width:0px;border-bottom-width:0px;border-left-width:0px;padding-top:8px;padding-right:8px;padding-bottom:8px;padding-left:8px;margin-top:0px;margin-right:20px;margin-bottom:0px;margin-left:0px;}.kt-info-box15893_8f20f0-d9 .kt-blocks-info-box-link-wrap:hover .kt-blocks-info-box-media{color:#792140;background:#ffffff;border-color:#eeeeee;}.kt-info-box15893_8f20f0-d9 .kt-infobox-textcontent h3.kt-blocks-info-box-title{padding-top:0px;padding-right:0px;padding-bottom:0px;padding-left:0px;margin-top:5px;margin-right:0px;margin-bottom:10px;margin-left:0px;}.kt-info-box15893_8f20f0-d9 .kt-infobox-textcontent .kt-blocks-info-box-text{color:#555555;}.kt-info-box15893_8f20f0-d9 .kt-blocks-info-box-learnmore{background:transparent;border-color:#555555;border-width:0px 0px 0px 0px;padding-top:4px;padding-right:8px;padding-bottom:4px;padding-left:8px;margin-top:10px;margin-right:0px;margin-bottom:10px;margin-left:0px;}.kt-info-box15893_8f20f0-d9 .kt-blocks-info-box-link-wrap:hover .kt-blocks-info-box-learnmore,.kt-info-box15893_8f20f0-d9 .kt-blocks-info-box-link-wrap .kt-blocks-info-box-learnmore:focus{color:#ffffff;background:#444444;border-color:#444444;}<\/style>\n<div class=\"wp-block-kadence-infobox kt-info-box15893_8f20f0-d9\"><span class=\"kt-blocks-info-box-link-wrap info-box-link kt-blocks-info-box-media-align-left kt-info-halign-left kb-info-box-vertical-media-align-top\"><div class=\"kt-blocks-info-box-media-container\"><div class=\"kt-blocks-info-box-media kt-info-media-animate-none\"><div class=\"kadence-info-box-icon-container kt-info-icon-animate-none\"><div class=\"kadence-info-box-icon-inner-container\"><span class=\"kb-svg-icon-wrap kb-svg-icon-fe_userCheck kt-info-svg-icon\"><svg viewBox=\"0 0 24 24\"  fill=\"none\" stroke=\"currentColor\" stroke-width=\"2\" stroke-linecap=\"round\" stroke-linejoin=\"round\" xmlns=\"http:\/\/www.w3.org\/2000\/svg\"  aria-hidden=\"true\"><path d=\"M16 21v-2a4 4 0 0 0-4-4H5a4 4 0 0 0-4 4v2\"\/><circle cx=\"8.5\" cy=\"7\" r=\"4\"\/><polyline points=\"17 11 19 13 23 9\"\/><\/svg><\/span><\/div><\/div><\/div><\/div><div class=\"kt-infobox-textcontent\"><h3 class=\"kt-blocks-info-box-title\">Beca por Familia Numerosa:<\/h3><p class=\"kt-blocks-info-box-text\">para aquellas personas con r\u00e9gimen de familia numerosa (3 o m\u00e1s hijos).<\/p><\/div><\/span><\/div>\n\n\n\n<p class=\"has-small-font-size\"><em>*<em>El descuento se hace sobre los importes de las unidades de ense\u00f1anza ordinarias. No se aplica sobre los importes de las unidades de ense\u00f1anza convalidadas -que ya tienen una reducci\u00f3n del 50%-<\/em>.<\/em><br><em>*<em>En el caso de las becas por raz\u00f3n de desempleo, ser\u00e1 necesario que el interesado aporte la documentaci\u00f3n requerida cada vez que haga efectiva la matr\u00edcula.<\/em><\/em><\/p>\n\n\n\n<div style=\"height:50px\" aria-hidden=\"true\" class=\"wp-block-spacer\"><\/div>\n\n\n\n<div class=\"wp-block-buttons is-content-justification-center is-layout-flex wp-container-core-buttons-is-layout-16018d1d wp-block-buttons-is-layout-flex\">\n<div class=\"wp-block-button boton_01\"><a class=\"wp-block-button__link wp-element-button\" href=\"https:\/\/euniv.eu\/es\/programa-de-becas-euniv\/formulario-de-peticion-de-beca\/\">Formulario de petici\u00f3n de beca<\/a><\/div>\n<\/div>\n\n\n\n<div style=\"height:100px\" aria-hidden=\"true\" class=\"wp-block-spacer\"><\/div>\n<\/div><\/div>\n\n<\/div><\/div>","protected":false},"excerpt":{"rendered":"<p>Programa de Becas eUniv De acuerdo con la misi\u00f3n de la eUniv de acercar el conocimiento a la sociedad y ayudar a las personas a alcanzar sus objetivos acad\u00e9micos, la universidad facilita un programa de becas para ayudar a las personas que, por diversas causas, tengan dificultades para poder cursar sus estudios universitarios. En este &hellip;<\/p>\n","protected":false},"author":3,"featured_media":0,"parent":0,"menu_order":0,"comment_status":"closed","ping_status":"closed","template":"templates\/template-builder.php","meta":{"_editorskit_title_hidden":false,"_editorskit_reading_time":0,"_editorskit_is_block_options_detached":false,"_editorskit_block_options_position":"{}","inline_featured_image":false,"footnotes":""},"class_list":["post-15893","page","type-page","status-publish","hentry","post","without-featured-image"],"featured_image_src":null,"featured_image_src_square":null,"_links":{"self":[{"href":"https:\/\/euniv.eu\/es\/wp-json\/wp\/v2\/pages\/15893","targetHints":{"allow":["GET"]}}],"collection":[{"href":"https:\/\/euniv.eu\/es\/wp-json\/wp\/v2\/pages"}],"about":[{"href":"https:\/\/euniv.eu\/es\/wp-json\/wp\/v2\/types\/page"}],"author":[{"embeddable":true,"href":"https:\/\/euniv.eu\/es\/wp-json\/wp\/v2\/users\/3"}],"replies":[{"embeddable":true,"href":"https:\/\/euniv.eu\/es\/wp-json\/wp\/v2\/comments?post=15893"}],"version-history":[{"count":6,"href":"https:\/\/euniv.eu\/es\/wp-json\/wp\/v2\/pages\/15893\/revisions"}],"predecessor-version":[{"id":15926,"href":"https:\/\/euniv.eu\/es\/wp-json\/wp\/v2\/pages\/15893\/revisions\/15926"}],"wp:attachment":[{"href":"https:\/\/euniv.eu\/es\/wp-json\/wp\/v2\/media?parent=15893"}],"curies":[{"name":"wp","href":"https:\/\/api.w.org\/{rel}","templated":true}]}}