{"id":16011,"date":"2025-06-18T15:35:15","date_gmt":"2025-06-18T13:35:15","guid":{"rendered":"https:\/\/euniv.eu\/?page_id=16011"},"modified":"2025-06-18T15:35:56","modified_gmt":"2025-06-18T13:35:56","slug":"marketing","status":"publish","type":"page","link":"https:\/\/euniv.eu\/es\/marketing\/","title":{"rendered":"Marketing"},"content":{"rendered":"<ul id=\"menu-ensenanza-es\" class=\"menu menu_top\"><li id=\"menu-item-5585\" class=\"main_colour menu-item menu-item-type-custom menu-item-object-custom menu-item-has-children menu-item-5585\"><a href=\"#nogo\">Bachelores<\/a>\n<ul class=\"sub-menu\">\n\t<li id=\"menu-item-10644\" class=\"menu_top_beig menu-item menu-item-type-post_type menu-item-object-page menu-item-10644\"><a href=\"https:\/\/euniv.eu\/es\/ensenanzas\/empresa\/bachelor-bba\/\">BBA<\/a><\/li>\n\t<li id=\"menu-item-19370\" class=\"menu_top_blue menu-item menu-item-type-post_type menu-item-object-page menu-item-19370\"><a href=\"https:\/\/euniv.eu\/es\/ensenanzas\/humanidades\/bachelor\/\">Humanidades<\/a><\/li>\n\t<li id=\"menu-item-19367\" class=\"menu_top_green menu-item menu-item-type-post_type menu-item-object-page menu-item-19367\"><a href=\"https:\/\/euniv.eu\/es\/ensenanzas\/filologia\/bachelor\/\">Catal\u00e1n<\/a><\/li>\n\t<li id=\"menu-item-19368\" class=\"menu_top_red menu-item menu-item-type-post_type menu-item-object-page menu-item-19368\"><a href=\"https:\/\/euniv.eu\/es\/ensenanzas\/derecho\/bachelor\/\">Derecho<\/a><\/li>\n\t<li id=\"menu-item-14290\" class=\"menu_top_violet menu-item menu-item-type-post_type menu-item-object-page menu-item-14290\"><a href=\"https:\/\/euniv.eu\/es\/bachelor-en-psicologia\/\">Psicolog\u00eda<\/a><\/li>\n\t<li id=\"menu-item-14289\" class=\"menu_top_ocre menu-item menu-item-type-post_type menu-item-object-page menu-item-14289\"><a href=\"https:\/\/euniv.eu\/es\/bachelor-en-comunicacion\/\">Comunicaci\u00f3n<\/a><\/li>\n\t<li id=\"menu-item-10617\" class=\"menu_top_ocre menu-item menu-item-type-post_type menu-item-object-page menu-item-10617\"><a href=\"https:\/\/euniv.eu\/es\/ensenanzas\/ciencias-politicas\/bachelor-en-ciencias-politicas\/\">Ciencia pol\u00edtica<\/a><\/li>\n\t<li id=\"menu-item-15492\" class=\"menu_top_marino menu-item menu-item-type-post_type menu-item-object-page menu-item-15492\"><a href=\"https:\/\/euniv.eu\/es\/bachelor-en-ciencia-de-datos-ia\/\">Ciencia de Datos-IA<\/a><\/li>\n\t<li id=\"menu-item-10618\" class=\"menu_top_marino menu-item menu-item-type-post_type menu-item-object-page menu-item-10618\"><a href=\"https:\/\/euniv.eu\/es\/ensenanzas\/ingenieria-industrial\/bachelor-en-ingenieria-industrial\/\">Ingenier\u00eda de Organizaci\u00f3n Industrial<\/a><\/li>\n\t<li id=\"menu-item-19369\" class=\"menu_top_beig menu-item menu-item-type-post_type menu-item-object-page menu-item-19369\"><a href=\"https:\/\/euniv.eu\/es\/ensenanzas\/empresa\/batxelor-marketing\/\">Marketing<\/a><\/li>\n<\/ul>\n<\/li>\n<li id=\"menu-item-5586\" class=\"main_colour menu-item menu-item-type-custom menu-item-object-custom menu-item-has-children menu-item-5586\"><a href=\"#nogo\">M\u00e1sters<\/a>\n<ul class=\"sub-menu\">\n\t<li id=\"menu-item-10734\" class=\"menu_top_beig menu-item menu-item-type-post_type menu-item-object-page menu-item-10734\"><a href=\"https:\/\/euniv.eu\/es\/ensenanzas\/empresa\/master-mba\/\">MBA<\/a><\/li>\n\t<li id=\"menu-item-19372\" class=\"menu_top_blue menu-item menu-item-type-post_type menu-item-object-page menu-item-19372\"><a href=\"https:\/\/euniv.eu\/es\/ensenanzas\/humanidades\/master\/\">Humanidades<\/a><\/li>\n\t<li id=\"menu-item-10621\" class=\"menu_top_red menu-item menu-item-type-post_type menu-item-object-page menu-item-10621\"><a href=\"https:\/\/euniv.eu\/es\/master-en-criminologia\/\">Criminolog\u00eda<\/a><\/li>\n\t<li id=\"menu-item-11253\" class=\"menu_top_marino menu-item menu-item-type-post_type menu-item-object-page menu-item-11253\"><a href=\"https:\/\/euniv.eu\/es\/ensenanzas\/informatica\/master\/\">Ingenier\u00eda Inform\u00e1tica<\/a><\/li>\n<\/ul>\n<\/li>\n<li id=\"menu-item-5587\" class=\"main_colour menu-item menu-item-type-custom menu-item-object-custom menu-item-has-children menu-item-5587\"><a href=\"#nogo\">Doctorado<\/a>\n<ul class=\"sub-menu\">\n\t<li id=\"menu-item-19375\" class=\"menu_top_yellow menu-item menu-item-type-post_type menu-item-object-page menu-item-19375\"><a href=\"https:\/\/euniv.eu\/es\/programa-interdisciplinario-de-doctorado\/\">Programa Interdisciplinario de Doctorado<\/a><\/li>\n<\/ul>\n<\/li>\n<\/ul>\n\n\n<style>.kb-row-layout-id16011_d965e4-7f > .kt-row-column-wrap{align-content:start;}:where(.kb-row-layout-id16011_d965e4-7f > .kt-row-column-wrap) > .wp-block-kadence-column{justify-content:start;}.kb-row-layout-id16011_d965e4-7f > .kt-row-column-wrap{column-gap:var(--global-kb-gap-md, 2rem);row-gap:var(--global-kb-gap-md, 2rem);max-width:1240px;margin-left:auto;margin-right:auto;padding-top:var(--global-kb-spacing-sm, 1.5rem);padding-bottom:var(--global-kb-spacing-sm, 1.5rem);grid-template-columns:minmax(0, calc(30% - ((var(--global-kb-gap-md, 2rem) * 1 )\/2)))minmax(0, calc(70% - ((var(--global-kb-gap-md, 2rem) * 1 )\/2)));}.kb-row-layout-id16011_d965e4-7f > .kt-row-layout-overlay{opacity:0.30;}@media all and (max-width: 1024px){.kb-row-layout-id16011_d965e4-7f > .kt-row-column-wrap{grid-template-columns:minmax(0, 1fr) minmax(0, 2fr);}}@media all and (max-width: 767px){.kb-row-layout-id16011_d965e4-7f > .kt-row-column-wrap{grid-template-columns:minmax(0, 1fr);}}<\/style><div class=\"kb-row-layout-wrap kb-row-layout-id16011_d965e4-7f alignnone wp-block-kadence-rowlayout\"><div class=\"kt-row-column-wrap kt-has-2-columns kt-row-layout-right-golden kt-tab-layout-inherit kt-mobile-layout-row kt-row-valign-top\">\n<style>.kadence-column16011_1fb6a1-2f > .kt-inside-inner-col,.kadence-column16011_1fb6a1-2f > .kt-inside-inner-col:before{border-top-left-radius:0px;border-top-right-radius:0px;border-bottom-right-radius:0px;border-bottom-left-radius:0px;}.kadence-column16011_1fb6a1-2f > .kt-inside-inner-col{column-gap:var(--global-kb-gap-sm, 1rem);}.kadence-column16011_1fb6a1-2f > .kt-inside-inner-col{flex-direction:column;}.kadence-column16011_1fb6a1-2f > .kt-inside-inner-col > .aligncenter{width:100%;}.kadence-column16011_1fb6a1-2f > .kt-inside-inner-col:before{opacity:0.3;}.kadence-column16011_1fb6a1-2f{text-align:right;}.kadence-column16011_1fb6a1-2f{position:relative;}@media all and (max-width: 1024px){.kadence-column16011_1fb6a1-2f > .kt-inside-inner-col{flex-direction:column;justify-content:center;}}@media all and (max-width: 767px){.kadence-column16011_1fb6a1-2f > .kt-inside-inner-col{flex-direction:column;justify-content:center;}}<\/style>\n<div class=\"wp-block-kadence-column kadence-column16011_1fb6a1-2f inner-column-1\"><div class=\"kt-inside-inner-col\">\n<h1 class=\"wp-block-heading has-text-align-right empresa\">Marketing<\/h1>\n\n\n\n<figure class=\"wp-block-image size-large\"><img loading=\"lazy\" decoding=\"async\" width=\"138\" height=\"188\" src=\"https:\/\/euniv.eu\/wp-content\/uploads\/\/2025\/06\/ico_marketing_color.svg\" alt=\"\" class=\"wp-image-15941\"\/><\/figure>\n<\/div><\/div>\n\n\n<style>.kadence-column16011_9b5504-88 > .kt-inside-inner-col,.kadence-column16011_9b5504-88 > .kt-inside-inner-col:before{border-top-left-radius:0px;border-top-right-radius:0px;border-bottom-right-radius:0px;border-bottom-left-radius:0px;}.kadence-column16011_9b5504-88 > .kt-inside-inner-col{column-gap:var(--global-kb-gap-sm, 1rem);}.kadence-column16011_9b5504-88 > .kt-inside-inner-col{flex-direction:column;}.kadence-column16011_9b5504-88 > .kt-inside-inner-col > .aligncenter{width:100%;}.kadence-column16011_9b5504-88 > .kt-inside-inner-col:before{opacity:0.3;}.kadence-column16011_9b5504-88{position:relative;}@media all and (max-width: 1024px){.kadence-column16011_9b5504-88 > .kt-inside-inner-col{flex-direction:column;justify-content:center;}}@media all and (max-width: 767px){.kadence-column16011_9b5504-88 > .kt-inside-inner-col{flex-direction:column;justify-content:center;}}<\/style>\n<div class=\"wp-block-kadence-column kadence-column16011_9b5504-88 inner-column-2\"><div class=\"kt-inside-inner-col\">\n<figure class=\"wp-block-image size-full\"><img loading=\"lazy\" decoding=\"async\" width=\"1842\" height=\"952\" src=\"https:\/\/euniv.eu\/wp-content\/uploads\/2025\/06\/euniv_marketing_img_main.webp\" alt=\"B\u00e0txelor en Marketing\" class=\"wp-image-15944\" srcset=\"https:\/\/euniv.eu\/wp-content\/uploads\/2025\/06\/euniv_marketing_img_main.webp 1842w, https:\/\/euniv.eu\/wp-content\/uploads\/2025\/06\/euniv_marketing_img_main-300x155.webp 300w, https:\/\/euniv.eu\/wp-content\/uploads\/2025\/06\/euniv_marketing_img_main-1024x529.webp 1024w, https:\/\/euniv.eu\/wp-content\/uploads\/2025\/06\/euniv_marketing_img_main-768x397.webp 768w, https:\/\/euniv.eu\/wp-content\/uploads\/2025\/06\/euniv_marketing_img_main-1536x794.webp 1536w, https:\/\/euniv.eu\/wp-content\/uploads\/2025\/06\/euniv_marketing_img_main-1200x620.webp 1200w, https:\/\/euniv.eu\/wp-content\/uploads\/2025\/06\/euniv_marketing_img_main-1400x724.webp 1400w, https:\/\/euniv.eu\/wp-content\/uploads\/2025\/06\/euniv_marketing_img_main-500x258.webp 500w, https:\/\/euniv.eu\/wp-content\/uploads\/2025\/06\/euniv_marketing_img_main-800x413.webp 800w, https:\/\/euniv.eu\/wp-content\/uploads\/2025\/06\/euniv_marketing_img_main-1280x662.webp 1280w\" sizes=\"auto, (max-width: 1842px) 100vw, 1842px\" \/><\/figure>\n<\/div><\/div>\n\n<\/div><\/div>\n\n<style>.kb-row-layout-id16011_533141-4e > .kt-row-column-wrap{align-content:start;}:where(.kb-row-layout-id16011_533141-4e > .kt-row-column-wrap) > .wp-block-kadence-column{justify-content:start;}.kb-row-layout-id16011_533141-4e > .kt-row-column-wrap{column-gap:var(--global-kb-gap-md, 2rem);row-gap:var(--global-kb-gap-md, 2rem);padding-top:var(--global-kb-spacing-sm, 1.5rem);padding-bottom:var(--global-kb-spacing-sm, 1.5rem);grid-template-columns:minmax(0, 1fr);}.kb-row-layout-id16011_533141-4e > .kt-row-layout-overlay{opacity:0.30;}@media all and (max-width: 1024px){.kb-row-layout-id16011_533141-4e > .kt-row-column-wrap{grid-template-columns:minmax(0, 1fr);}}@media all and (max-width: 767px){.kb-row-layout-id16011_533141-4e > .kt-row-column-wrap{grid-template-columns:minmax(0, 1fr);}}<\/style><div class=\"kb-row-layout-wrap kb-row-layout-id16011_533141-4e alignnone wp-block-kadence-rowlayout\"><div class=\"kt-row-column-wrap kt-has-1-columns kt-row-layout-equal kt-tab-layout-inherit kt-mobile-layout-row kt-row-valign-top\">\n<style>.kadence-column16011_842c4a-1d > .kt-inside-inner-col,.kadence-column16011_842c4a-1d > .kt-inside-inner-col:before{border-top-left-radius:0px;border-top-right-radius:0px;border-bottom-right-radius:0px;border-bottom-left-radius:0px;}.kadence-column16011_842c4a-1d > .kt-inside-inner-col{column-gap:var(--global-kb-gap-sm, 1rem);}.kadence-column16011_842c4a-1d > .kt-inside-inner-col{flex-direction:column;}.kadence-column16011_842c4a-1d > .kt-inside-inner-col > .aligncenter{width:100%;}.kadence-column16011_842c4a-1d > .kt-inside-inner-col:before{opacity:0.3;}.kadence-column16011_842c4a-1d{position:relative;}@media all and (max-width: 1024px){.kadence-column16011_842c4a-1d > .kt-inside-inner-col{flex-direction:column;justify-content:center;}}@media all and (max-width: 767px){.kadence-column16011_842c4a-1d > .kt-inside-inner-col{flex-direction:column;justify-content:center;}}<\/style>\n<div class=\"wp-block-kadence-column kadence-column16011_842c4a-1d inner-column-1\"><div class=\"kt-inside-inner-col\">\n<p class=\"txt_empresa\"><strong>Marketing<\/strong> es un t\u00edtulo universitario que le otorga competencias profesionales para ejercer como t\u00e9cnicos en diversos \u00e1mbitos, tanto en departamentos de marketing, publicidad y ventas en empresas.<\/p>\n\n\n<style>.wp-block-kadence-column.kb-section-dir-horizontal > .kt-inside-inner-col > .kt-info-box16011_3d58a3-20{max-width:95%;}.wp-block-kadence-column.kb-section-dir-horizontal > .kt-inside-inner-col > .kt-info-box16011_3d58a3-20 .kt-blocks-info-box-link-wrap{max-width:unset;}.kt-info-box16011_3d58a3-20 .kt-blocks-info-box-link-wrap{border-top:1px solid #eeeeee;border-right:1px solid #eeeeee;border-bottom:1px solid #eeeeee;border-left:1px solid #eeeeee;border-top-left-radius:20px;border-top-right-radius:20px;border-bottom-right-radius:20px;border-bottom-left-radius:20px;background:#ffffff;max-width:95%;padding-top:24px;padding-right:24px;padding-bottom:24px;padding-left:24px;}.kt-info-box16011_3d58a3-20 .kt-blocks-info-box-media-align-top .kt-blocks-info-box-media-container{max-width:100%;}.kt-info-box16011_3d58a3-20 .kt-blocks-info-box-link-wrap:hover{background:#ffffff;}.kt-info-box16011_3d58a3-20.wp-block-kadence-infobox{max-width:100%;}.kt-info-box16011_3d58a3-20 .kadence-info-box-image-inner-intrisic-container{max-width:100px;}.kt-info-box16011_3d58a3-20 .kadence-info-box-image-inner-intrisic-container .kadence-info-box-image-intrisic{padding-bottom:100%;width:75px;height:0px;max-width:100%;}.kt-info-box16011_3d58a3-20 .kt-blocks-info-box-media .kt-info-box-image{width:100px;height:auto;}.kt-info-box16011_3d58a3-20 .kt-blocks-info-box-media .kt-info-box-image, .kt-info-box16011_3d58a3-20 .kt-blocks-info-box-media .kt-info-box-image path{fill:#444444;}.kt-info-box16011_3d58a3-20 .kt-blocks-info-box-link-wrap:hover .kt-blocks-info-box-media .kt-info-box-image, .kt-info-box16011_3d58a3-20 .kt-blocks-info-box-link-wrap:hover .kt-blocks-info-box-media .kt-info-box-image path{fill:#444444;}.kt-info-box16011_3d58a3-20 .kadence-info-box-icon-container .kt-info-svg-icon, .kt-info-box16011_3d58a3-20 .kt-info-svg-icon-flip, .kt-info-box16011_3d58a3-20 .kt-blocks-info-box-number{font-size:50px;}.kt-info-box16011_3d58a3-20 .kt-blocks-info-box-media{color:#444444;background:#ffffff;border-color:#eeeeee;border-radius:200px;overflow:hidden;border-top-width:0px;border-right-width:0px;border-bottom-width:0px;border-left-width:0px;padding-top:0px;padding-right:0px;padding-bottom:0px;padding-left:0px;margin-top:0px;margin-right:20px;margin-bottom:0px;margin-left:0px;}.kt-info-box16011_3d58a3-20 .kt-blocks-info-box-link-wrap:hover .kt-blocks-info-box-media{color:#444444;background:#ffffff;border-color:#eeeeee;}.kt-info-box16011_3d58a3-20 .kt-infobox-textcontent h2.kt-blocks-info-box-title{padding-top:0px;padding-right:0px;padding-bottom:0px;padding-left:0px;margin-top:5px;margin-right:0px;margin-bottom:10px;margin-left:0px;}.kt-info-box16011_3d58a3-20 .kt-infobox-textcontent .kt-blocks-info-box-text{color:#555555;}.kt-info-box16011_3d58a3-20 .kt-blocks-info-box-learnmore{background:transparent;border-color:#555555;border-width:0px 0px 0px 0px;padding-top:4px;padding-right:8px;padding-bottom:4px;padding-left:8px;margin-top:10px;margin-right:0px;margin-bottom:10px;margin-left:0px;}.kt-info-box16011_3d58a3-20 .kt-blocks-info-box-link-wrap:hover .kt-blocks-info-box-learnmore,.kt-info-box16011_3d58a3-20 .kt-blocks-info-box-link-wrap .kt-blocks-info-box-learnmore:focus{color:#ffffff;background:#444444;border-color:#444444;}@media all and (max-width: 1024px){.kt-info-box16011_3d58a3-20 .kt-blocks-info-box-link-wrap{border-top:1px solid #eeeeee;border-right:1px solid #eeeeee;border-bottom:1px solid #eeeeee;border-left:1px solid #eeeeee;}}@media all and (max-width: 767px){.kt-info-box16011_3d58a3-20 .kt-blocks-info-box-link-wrap{border-top:1px solid #eeeeee;border-right:1px solid #eeeeee;border-bottom:1px solid #eeeeee;border-left:1px solid #eeeeee;}}<\/style>\n<div class=\"wp-block-kadence-infobox kt-info-box16011_3d58a3-20 list_ciclos orange\"><a class=\"kt-blocks-info-box-link-wrap info-box-link kt-blocks-info-box-media-align-left kt-info-halign-left\" href=\"https:\/\/euniv.eu\/es\/ensenanzas\/empresa\/batxelor-marketing\/\"><div class=\"kt-blocks-info-box-media-container\"><div class=\"kt-blocks-info-box-media kt-info-media-animate-none\"><div class=\"kadence-info-box-image-inner-intrisic-container\"><div class=\"kadence-info-box-image-intrisic kt-info-animate-none kb-info-box-image-type-svg\"><div class=\"kadence-info-box-image-inner-intrisic\"><img loading=\"lazy\" decoding=\"async\" src=\"https:\/\/euniv.eu\/wp-content\/uploads\/\/2020\/10\/ico_one-1.svg\" alt=\"Facultat de Ci\u00e8ncies Econ\u00f2miques i Socials\" width=\"100\" height=\"75\" class=\"kt-info-box-image wp-image-544 kt-info-svg-image\"\/><\/div><\/div><\/div><\/div><\/div><div class=\"kt-infobox-textcontent\"><h2 class=\"kt-blocks-info-box-title\">Bachelor en Marketing<\/h2><p class=\"kt-blocks-info-box-text\">El <strong>Bachelor en Marketing<\/strong> es un t\u00edtulo universitario estatal creado por el<strong> Decreto del Gobierno de Andorra de 21 de febrero de 2024<\/strong>, que le otorga competencias profesionales para ejercer como t\u00e9cnicos en diversos \u00e1mbitos, tanto en departamentos de marketing, publicidad y ventas en empresas.<\/p><\/div><\/a><\/div>\n\n\n\n<div style=\"height:100px\" aria-hidden=\"true\" class=\"wp-block-spacer\"><\/div>\n<\/div><\/div>\n\n<\/div><\/div>","protected":false},"excerpt":{"rendered":"<p>Marketing Marketing es un t\u00edtulo universitario que le otorga competencias profesionales para ejercer como t\u00e9cnicos en diversos \u00e1mbitos, tanto en departamentos de marketing, publicidad y ventas en empresas.<\/p>\n","protected":false},"author":3,"featured_media":0,"parent":0,"menu_order":0,"comment_status":"closed","ping_status":"closed","template":"templates\/template-builder.php","meta":{"_editorskit_title_hidden":false,"_editorskit_reading_time":0,"_editorskit_is_block_options_detached":false,"_editorskit_block_options_position":"{}","inline_featured_image":false,"footnotes":""},"class_list":["post-16011","page","type-page","status-publish","hentry","post","without-featured-image"],"featured_image_src":null,"featured_image_src_square":null,"_links":{"self":[{"href":"https:\/\/euniv.eu\/es\/wp-json\/wp\/v2\/pages\/16011","targetHints":{"allow":["GET"]}}],"collection":[{"href":"https:\/\/euniv.eu\/es\/wp-json\/wp\/v2\/pages"}],"about":[{"href":"https:\/\/euniv.eu\/es\/wp-json\/wp\/v2\/types\/page"}],"author":[{"embeddable":true,"href":"https:\/\/euniv.eu\/es\/wp-json\/wp\/v2\/users\/3"}],"replies":[{"embeddable":true,"href":"https:\/\/euniv.eu\/es\/wp-json\/wp\/v2\/comments?post=16011"}],"version-history":[{"count":4,"href":"https:\/\/euniv.eu\/es\/wp-json\/wp\/v2\/pages\/16011\/revisions"}],"predecessor-version":[{"id":16015,"href":"https:\/\/euniv.eu\/es\/wp-json\/wp\/v2\/pages\/16011\/revisions\/16015"}],"wp:attachment":[{"href":"https:\/\/euniv.eu\/es\/wp-json\/wp\/v2\/media?parent=16011"}],"curies":[{"name":"wp","href":"https:\/\/api.w.org\/{rel}","templated":true}]}}