{"id":17916,"date":"2025-09-08T17:19:08","date_gmt":"2025-09-08T15:19:08","guid":{"rendered":"https:\/\/euniv.eu\/?page_id=17916"},"modified":"2025-09-10T13:19:56","modified_gmt":"2025-09-10T11:19:56","slug":"17916-2","status":"publish","type":"page","link":"https:\/\/euniv.eu\/es\/investigacion\/instituto-universitario-alma-mater\/15595-2\/17916-2\/","title":{"rendered":"Foro Internacional de Investigaci\u00f3n del Instituto Universitario Alma Mater_Edici\u00f3n 2024"},"content":{"rendered":"<style>.kb-row-layout-id17916_e6c6af-d0 > .kt-row-column-wrap{align-content:start;}:where(.kb-row-layout-id17916_e6c6af-d0 > .kt-row-column-wrap) > .wp-block-kadence-column{justify-content:start;}.kb-row-layout-id17916_e6c6af-d0 > .kt-row-column-wrap{column-gap:var(--global-kb-gap-lg, 4rem);row-gap:var(--global-kb-gap-md, 2rem);max-width:1240px;margin-left:auto;margin-right:auto;padding-top:var(--global-kb-spacing-sm, 1.5rem);padding-bottom:var(--global-kb-spacing-sm, 1.5rem);grid-template-columns:minmax(0, calc(30% - ((var(--global-kb-gap-lg, 4rem) * 1 )\/2)))minmax(0, calc(70% - ((var(--global-kb-gap-lg, 4rem) * 1 )\/2)));}.kb-row-layout-id17916_e6c6af-d0 > .kt-row-layout-overlay{opacity:0.30;}@media all and (max-width: 1024px){.kb-row-layout-id17916_e6c6af-d0 > .kt-row-column-wrap{grid-template-columns:minmax(0, 1fr) minmax(0, 2fr);}}@media all and (max-width: 767px){.kb-row-layout-id17916_e6c6af-d0 > .kt-row-column-wrap{grid-template-columns:minmax(0, 1fr);}}<\/style><div class=\"kb-row-layout-wrap kb-row-layout-id17916_e6c6af-d0 alignnone wp-block-kadence-rowlayout\"><div class=\"kt-row-column-wrap kt-has-2-columns kt-row-layout-right-golden kt-tab-layout-inherit kt-mobile-layout-row kt-row-valign-top\">\n<style>.kadence-column17916_5954dd-d0 > .kt-inside-inner-col,.kadence-column17916_5954dd-d0 > .kt-inside-inner-col:before{border-top-left-radius:0px;border-top-right-radius:0px;border-bottom-right-radius:0px;border-bottom-left-radius:0px;}.kadence-column17916_5954dd-d0 > .kt-inside-inner-col{column-gap:var(--global-kb-gap-sm, 1rem);}.kadence-column17916_5954dd-d0 > .kt-inside-inner-col{flex-direction:column;}.kadence-column17916_5954dd-d0 > .kt-inside-inner-col > .aligncenter{width:100%;}.kadence-column17916_5954dd-d0 > .kt-inside-inner-col:before{opacity:0.3;}.kadence-column17916_5954dd-d0{position:relative;}@media all and (max-width: 1024px){.kadence-column17916_5954dd-d0 > .kt-inside-inner-col{flex-direction:column;justify-content:center;}}@media all and (max-width: 767px){.kadence-column17916_5954dd-d0 > .kt-inside-inner-col{flex-direction:column;justify-content:center;}}<\/style>\n<div class=\"wp-block-kadence-column kadence-column17916_5954dd-d0 inner-column-1 animated fadeInLeft\"><div class=\"kt-inside-inner-col\"><ul id=\"menu-investigacion-es\" class=\"menu menu_left\"><li id=\"menu-item-5660\" class=\"menu-item menu-item-type-custom menu-item-object-custom menu-item-has-children menu-item-5660\"><a href=\"#nogo\">L\u00edneas de Investigaci\u00f3n Doctoral<\/a>\n<ul class=\"sub-menu\">\n\t<li id=\"menu-item-5670\" class=\"menu-item menu-item-type-post_type menu-item-object-page menu-item-5670\"><a href=\"https:\/\/euniv.eu\/es\/investigacion\/universidades-y-pais-las-universidades-en-la-historia-catalana\/\">Universidades y Pa\u00eds<\/a><\/li>\n\t<li id=\"menu-item-5664\" class=\"menu-item menu-item-type-post_type menu-item-object-page menu-item-5664\"><a href=\"https:\/\/euniv.eu\/es\/investigacion\/la-gestion-de-la-comunicacion-en-el-siglo-xxi-el-tercer-sector\/\">La gesti\u00f3n de la comunicaci\u00f3n en el siglo XXI<\/a><\/li>\n\t<li id=\"menu-item-13648\" class=\"menu-item menu-item-type-post_type menu-item-object-page menu-item-13648\"><a href=\"https:\/\/euniv.eu\/es\/investigacion\/representacion-simbolica-de-marca\/\">Representaci\u00f3n Simb\u00f3lica de Marca<\/a><\/li>\n<\/ul>\n<\/li>\n<li id=\"menu-item-5671\" class=\"menu-item menu-item-type-post_type menu-item-object-page menu-item-has-children menu-item-5671\"><a href=\"https:\/\/euniv.eu\/es\/investigacion\/observatorio-europeo-de-la-comunicacion\/\">Observatorio Europeo de la Comunicaci\u00f3n<\/a>\n<ul class=\"sub-menu\">\n\t<li id=\"menu-item-14538\" class=\"menu-item menu-item-type-post_type menu-item-object-page menu-item-14538\"><a href=\"https:\/\/euniv.eu\/es\/symposium-grafica\/\">Symposium Grafica<\/a><\/li>\n<\/ul>\n<\/li>\n<li id=\"menu-item-11230\" class=\"menu-item menu-item-type-post_type menu-item-object-page menu-item-11230\"><a href=\"https:\/\/euniv.eu\/es\/investigacion\/instituto-universitario-alma-mater\/\">Alma Mater<\/a><\/li>\n<li id=\"menu-item-11233\" class=\"menu-item menu-item-type-post_type menu-item-object-page menu-item-11233\"><a href=\"https:\/\/euniv.eu\/es\/investigacion\/instituto-universitario-nextg\/\">NEXTG<\/a><\/li>\n<li id=\"menu-item-11231\" class=\"menu-item menu-item-type-post_type menu-item-object-page menu-item-11231\"><a href=\"https:\/\/euniv.eu\/es\/investigacion\/instituto-universitario-iurnat\/\">IURNAT<\/a><\/li>\n<li id=\"menu-item-11232\" class=\"menu-item menu-item-type-post_type menu-item-object-page menu-item-11232\"><a href=\"https:\/\/euniv.eu\/es\/investigacion\/instituto-universitario-laurentia\/\">Lafayette<\/a><\/li>\n<\/ul>\n<\/div><\/div>\n\n\n<style>.kadence-column17916_9a7b42-3d > .kt-inside-inner-col,.kadence-column17916_9a7b42-3d > .kt-inside-inner-col:before{border-top-left-radius:0px;border-top-right-radius:0px;border-bottom-right-radius:0px;border-bottom-left-radius:0px;}.kadence-column17916_9a7b42-3d > .kt-inside-inner-col{column-gap:var(--global-kb-gap-sm, 1rem);}.kadence-column17916_9a7b42-3d > .kt-inside-inner-col{flex-direction:column;}.kadence-column17916_9a7b42-3d > .kt-inside-inner-col > .aligncenter{width:100%;}.kadence-column17916_9a7b42-3d > .kt-inside-inner-col:before{opacity:0.3;}.kadence-column17916_9a7b42-3d{position:relative;}@media all and (max-width: 1024px){.kadence-column17916_9a7b42-3d > .kt-inside-inner-col{flex-direction:column;justify-content:center;}}@media all and (max-width: 767px){.kadence-column17916_9a7b42-3d > .kt-inside-inner-col{flex-direction:column;justify-content:center;}}<\/style>\n<div class=\"wp-block-kadence-column kadence-column17916_9a7b42-3d inner-column-2 animated fadeIn slow\"><div class=\"kt-inside-inner-col\"><style>.kb-row-layout-id17916_5a0fa0-20 > .kt-row-column-wrap{align-content:center;}:where(.kb-row-layout-id17916_5a0fa0-20 > .kt-row-column-wrap) > .wp-block-kadence-column{justify-content:center;}.kb-row-layout-id17916_5a0fa0-20 > .kt-row-column-wrap{column-gap:20px;row-gap:var(--global-kb-gap-md, 2rem);padding-top:var(--global-kb-spacing-sm, 1.5rem);padding-bottom:var(--global-kb-spacing-sm, 1.5rem);grid-template-columns:minmax(0, calc(15% - ((20px * 1 )\/2)))minmax(0, calc(85% - ((20px * 1 )\/2)));}.kb-row-layout-id17916_5a0fa0-20 > .kt-row-layout-overlay{opacity:0.30;}@media all and (max-width: 1024px){.kb-row-layout-id17916_5a0fa0-20 > .kt-row-column-wrap{grid-template-columns:minmax(0, 1fr) minmax(0, 2fr);}}@media all and (max-width: 767px){.kb-row-layout-id17916_5a0fa0-20 > .kt-row-column-wrap{grid-template-columns:minmax(0, 1fr);}}<\/style><div class=\"kb-row-layout-wrap kb-row-layout-id17916_5a0fa0-20 alignnone wp-block-kadence-rowlayout\"><div class=\"kt-row-column-wrap kt-has-2-columns kt-row-layout-right-golden kt-tab-layout-inherit kt-mobile-layout-row kt-row-valign-middle\">\n<style>.kadence-column17916_df18c2-8e > .kt-inside-inner-col,.kadence-column17916_df18c2-8e > .kt-inside-inner-col:before{border-top-left-radius:0px;border-top-right-radius:0px;border-bottom-right-radius:0px;border-bottom-left-radius:0px;}.kadence-column17916_df18c2-8e > .kt-inside-inner-col{column-gap:var(--global-kb-gap-sm, 1rem);}.kadence-column17916_df18c2-8e > .kt-inside-inner-col{flex-direction:column;}.kadence-column17916_df18c2-8e > .kt-inside-inner-col > .aligncenter{width:100%;}.kadence-column17916_df18c2-8e > .kt-inside-inner-col:before{opacity:0.3;}.kadence-column17916_df18c2-8e{position:relative;}@media all and (max-width: 1024px){.kadence-column17916_df18c2-8e > .kt-inside-inner-col{flex-direction:column;justify-content:center;}}@media all and (max-width: 767px){.kadence-column17916_df18c2-8e > .kt-inside-inner-col{flex-direction:column;justify-content:center;}}<\/style>\n<div class=\"wp-block-kadence-column kadence-column17916_df18c2-8e inner-column-1\"><div class=\"kt-inside-inner-col\">\n<figure class=\"wp-block-image size-large\"><img loading=\"lazy\" decoding=\"async\" width=\"140\" height=\"189\" src=\"https:\/\/euniv.eu\/wp-content\/uploads\/\/2020\/09\/logo_catala.svg\" alt=\"Facultat de Filologia\" class=\"wp-image-203\"\/><\/figure>\n<\/div><\/div>\n\n\n<style>.kadence-column17916_72d731-fb > .kt-inside-inner-col,.kadence-column17916_72d731-fb > .kt-inside-inner-col:before{border-top-left-radius:0px;border-top-right-radius:0px;border-bottom-right-radius:0px;border-bottom-left-radius:0px;}.kadence-column17916_72d731-fb > .kt-inside-inner-col{column-gap:var(--global-kb-gap-sm, 1rem);}.kadence-column17916_72d731-fb > .kt-inside-inner-col{flex-direction:column;}.kadence-column17916_72d731-fb > .kt-inside-inner-col > .aligncenter{width:100%;}.kadence-column17916_72d731-fb > .kt-inside-inner-col:before{opacity:0.3;}.kadence-column17916_72d731-fb{position:relative;}@media all and (max-width: 1024px){.kadence-column17916_72d731-fb > .kt-inside-inner-col{flex-direction:column;justify-content:center;}}@media all and (max-width: 767px){.kadence-column17916_72d731-fb > .kt-inside-inner-col{flex-direction:column;justify-content:center;}}<\/style>\n<div class=\"wp-block-kadence-column kadence-column17916_72d731-fb inner-column-2\"><div class=\"kt-inside-inner-col\">\n<h1 class=\"wp-block-heading\">Primer Foro Internacional de Investigaci\u00f3n Instituto Universitario Alma Mater sobre el uso de la inteligencia artificial como herramienta de aprendizaje en la educaci\u00f3n superior<\/h1>\n\n\n\n<p><strong><em>Sant Juli\u00e0 de L\u00f2ria (Principado de Andorra), 21 de febrero de 2025<\/em><\/strong><\/p>\n<\/div><\/div>\n\n<\/div><\/div>\n\n\n<h2 class=\"wp-block-heading\"><strong>Foro de Investigaci\u00f3n<\/strong><\/h2>\n\n\n\n<p>La EUNIV acoge, el viernes 21 de febrero de 2025, el Primer Foro Internacional de Investigaci\u00f3n Instituto Universitario Alma Mater sobre el uso de la inteligencia artificial como herramienta de aprendizaje en la educaci\u00f3n superior.<\/p>\n\n\n\n<p>La inteligencia artificial (IA) abre nuevas posibilidades para mejorar la ense\u00f1anza y el aprendizaje, facilitando tanto la tutor\u00eda personalizada como la generaci\u00f3n de contenidos inteligentes. Esta evoluci\u00f3n es fruto de los avances tecnol\u00f3gicos, del creciente acceso a las herramientas de IA y del reconocimiento de su potencial en el \u00e1mbito educativo. Sin embargo, su implementaci\u00f3n en las aulas universitarias ha desencadenado un debate relevante. Aunque la IA puede ofrecer mejoras significativas en la educaci\u00f3n, tambi\u00e9n plantea desaf\u00edos \u00e9ticos y genera algunas preocupaciones.<\/p>\n\n\n\n<p>Este <strong>Research Forum<\/strong> tiene como objetivo fomentar la interacci\u00f3n y el debate entre investigadores, tanto nacionales como internacionales, en el \u00e1mbito de la inteligencia artificial como herramienta de aprendizaje en la educaci\u00f3n superior. Adem\u00e1s, quiere ser un espacio de encuentro donde los investigadores j\u00f3venes y los estudiantes de doctorado puedan compartir y presentar sus trabajos y proyectos.<\/p>\n\n\n<style>.wp-block-kadence-advancedheading.kt-adv-heading17916_b16dfd-ea, .wp-block-kadence-advancedheading.kt-adv-heading17916_b16dfd-ea[data-kb-block=\"kb-adv-heading17916_b16dfd-ea\"]{font-style:normal;}.wp-block-kadence-advancedheading.kt-adv-heading17916_b16dfd-ea mark.kt-highlight, .wp-block-kadence-advancedheading.kt-adv-heading17916_b16dfd-ea[data-kb-block=\"kb-adv-heading17916_b16dfd-ea\"] mark.kt-highlight{font-style:normal;color:#f76a0c;-webkit-box-decoration-break:clone;box-decoration-break:clone;padding-top:0px;padding-right:0px;padding-bottom:0px;padding-left:0px;}.wp-block-kadence-advancedheading.kt-adv-heading17916_b16dfd-ea img.kb-inline-image, .wp-block-kadence-advancedheading.kt-adv-heading17916_b16dfd-ea[data-kb-block=\"kb-adv-heading17916_b16dfd-ea\"] img.kb-inline-image{width:150px;vertical-align:baseline;}<\/style>\n<h2 class=\"kt-adv-heading17916_b16dfd-ea wp-block-kadence-advancedheading\" data-kb-block=\"kb-adv-heading17916_b16dfd-ea\"><strong>Art\u00edculos:<\/strong><\/h2>\n\n\n\n<ol class=\"wp-block-list\">\n<li><strong>Inteligencia Artificial en la Educaci\u00f3n Superior: Tem\u00e1ticas emergentes y contribuciones multidimensionales<\/strong>\n<ul class=\"wp-block-list\">\n<li><em><em><strong>Dr. Eladi Llop.<\/strong> IUAM-EUNIV<\/em> <em>\/ <\/em> <em><strong>Dr. Xavier Sales. <\/strong>EADA Business School<\/em><\/em>\n<ul class=\"wp-block-list\">\n<li><a href=\"https:\/\/euniv.eu\/wp-content\/uploads\/2025\/09\/01-Tematiques-emergents-i-contribucions-multidimensional.pdf\" target=\"_blank\" rel=\"noreferrer noopener\">Descargar PDF<\/a><\/li>\n<\/ul>\n<\/li>\n<\/ul>\n<\/li>\n\n\n\n<li><strong>Desarrollo de competencias del siglo XXI: C\u00f3mo puede la IA fomentar el pensamiento cr\u00edtico, la creatividad y la colaboraci\u00f3n en los estudiantes de educaci\u00f3n superior<\/strong>\n<ul class=\"wp-block-list\">\n<li><strong><em>Dr. Eladi Llop.<\/em><\/strong><em> IUAM- EUNIV<\/em>\n<ul class=\"wp-block-list\">\n<li><a href=\"https:\/\/euniv.eu\/wp-content\/uploads\/2025\/09\/02-Desenvolupament-de-competencies-del-segle-XXI.pdf\" target=\"_blank\" rel=\"noreferrer noopener\">Descargar PDF<\/a><\/li>\n\n\n\n<li>V\u00eddeo de la presentaci\u00f3n<\/li>\n<\/ul>\n<\/li>\n<\/ul>\n<\/li>\n\n\n\n<li><strong>The teaching challenges of AI in Higher Education<\/strong>\n<ul class=\"wp-block-list\">\n<li><strong><em>Dr. Xavier Sales. <\/em><\/strong><em>EADA Business School<\/em>\n<ul class=\"wp-block-list\">\n<li><a href=\"https:\/\/euniv.eu\/wp-content\/uploads\/2025\/09\/03-The-teaching-challenges-of-AI-in-Higher-Education.pdf\" target=\"_blank\" rel=\"noreferrer noopener\">Descargar PDF<\/a><\/li>\n\n\n\n<li>V\u00eddeo de la presentaci\u00f3n<\/li>\n<\/ul>\n<\/li>\n<\/ul>\n<\/li>\n\n\n\n<li><strong><strong>Assessing AI tools for academic workflows:<\/strong> <strong>A standardized prompt evaluation<\/strong><\/strong>\n<ul class=\"wp-block-list\">\n<li><strong><em>Dr. Scott A. Kerth. <\/em><\/strong><em>Department of Organizational Leadership, Lewis University, Romeoville (IL), USA<\/em><\/li>\n\n\n\n<li><em><strong>Dra. Sheila Boysen.<\/strong> Department of Organizational Leadership, Lewis University, Romeoville (IL), USA<\/em><\/li>\n\n\n\n<li><em><strong>Dra. Maja Grgurovic.<\/strong> Faculty Center for the Advancement of Teaching and Learning, Lewis University, Romeoville (IL), USA<\/em><\/li>\n\n\n\n<li><strong><em>Dr. Xavier Sales. <\/em><\/strong><em>EADA Business School<\/em>\n<ul class=\"wp-block-list\">\n<li><a href=\"https:\/\/euniv.eu\/wp-content\/uploads\/2025\/09\/04-Assessing-AI-tools-for-academic-workflows.pdf\" target=\"_blank\" rel=\"noreferrer noopener\">Descargar PDF<\/a><\/li>\n\n\n\n<li>V\u00eddeo de la presentaci\u00f3n<\/li>\n<\/ul>\n<\/li>\n<\/ul>\n<\/li>\n\n\n\n<li><strong>Implementing AI-Powered Oral Exams in Higher Education: Implications for Plagiarism Prevention and Academic Integrity<\/strong>\n<ul class=\"wp-block-list\">\n<li><strong><em>Gerard Miret Llop. <\/em><\/strong><em>Universitat Abat Oliva CEU. Doctorando del Programa de Doctorado en Ciencias Sociales y Jur\u00eddicas de CEU Escuela Internacional de Doctorado (CEINDO)<\/em>\n<ul class=\"wp-block-list\">\n<li><a href=\"https:\/\/euniv.eu\/wp-content\/uploads\/2025\/09\/05-Implementing-AI-Powered-oral-exams-in-Higher-Education.pdf\" target=\"_blank\" rel=\"noreferrer noopener\">Descargar PDF<\/a><\/li>\n\n\n\n<li>V\u00eddeo de la presentaci\u00f3n<\/li>\n<\/ul>\n<\/li>\n<\/ul>\n<\/li>\n\n\n\n<li><strong>La IA en la personalizaci\u00f3n del aprendizaje: el caso de Rusia<\/strong>\n<ul class=\"wp-block-list\">\n<li><strong><em>Maria Pupysheva. <\/em><\/strong><em>Universidad Estatal Ling\u00fc\u00edstica de Mosc\u00fa. C\u00e1tedra de ling\u00fc\u00edstica y comunicaci\u00f3n profesional en la esfera de tecnolog\u00eda de medios. Profesora titular, PhD en Ciencias Pol\u00edticas<\/em>\n<ul class=\"wp-block-list\">\n<li><a href=\"https:\/\/euniv.eu\/wp-content\/uploads\/2025\/09\/06-La-IA-en-la-personalizacion-del-aprendizaje.pdf\" target=\"_blank\" rel=\"noreferrer noopener\">Descargar PDF<\/a><\/li>\n\n\n\n<li>V\u00eddeo de la presentaci\u00f3n<\/li>\n<\/ul>\n<\/li>\n<\/ul>\n<\/li>\n\n\n\n<li><strong>Mantener la integridad acad\u00e9mica: los retos de la Inteligencia Artificial generativa.<\/strong>\n<ul class=\"wp-block-list\">\n<li><strong><em>Aleu Miret. <\/em><\/strong><em>EUNIV<\/em>\n<ul class=\"wp-block-list\">\n<li><a href=\"https:\/\/euniv.eu\/wp-content\/uploads\/2025\/09\/07-Mantenir-la-integritat-academica.pdf\" target=\"_blank\" rel=\"noreferrer noopener\">Descargar PDF<\/a><\/li>\n\n\n\n<li>V\u00eddeo de la presentaci\u00f3n<\/li>\n<\/ul>\n<\/li>\n<\/ul>\n<\/li>\n\n\n\n<li><strong>La Inteligencia Artificial en la ense\u00f1anza online: m\u00e9todos de evaluaci\u00f3n y preservaci\u00f3n del anonimato<\/strong>\n<ul class=\"wp-block-list\">\n<li><strong><em>Dr. F. Xavier Fantova. <\/em><\/strong><em>EUNIV<\/em>\n<ul class=\"wp-block-list\">\n<li><a href=\"https:\/\/euniv.eu\/wp-content\/uploads\/2025\/09\/08-La-Intelligencia-Artificial-IA-a-lensenyament-online.pdf\" target=\"_blank\" rel=\"noreferrer noopener\">Descargar PDF<\/a><\/li>\n\n\n\n<li>V\u00eddeo de la presentaci\u00f3n<\/li>\n<\/ul>\n<\/li>\n<\/ul>\n<\/li>\n\n\n\n<li><strong>Mesa redonda: Perspectivas para la utilizaci\u00f3n de la IA en la ense\u00f1anza superior<\/strong>\n<ul class=\"wp-block-list\">\n<li><strong><em>Participantes: Juan Moya S\u00e1ez. <\/em><\/strong><em>Ingeniero en Autom\u00e1tica y en Ingenier\u00eda Industrial \/<\/em><strong><em> Ignasi Mart\u00edn. <\/em><\/strong><em>Cluster Manager de ACTINN<\/em><strong><em> <\/em><\/strong><em>\/ <strong>Jordi Ascensi.<\/strong> Andorra Investigaci\u00f3n e Innovaci\u00f3<\/em>n\n<ul class=\"wp-block-list\">\n<li><a href=\"https:\/\/euniv.eu\/wp-content\/uploads\/2025\/09\/09-TAULA-RODONA.pdf\" target=\"_blank\" rel=\"noreferrer noopener\">Descargar PDF<\/a><\/li>\n\n\n\n<li>V\u00eddeo de la presentaci\u00f3n<\/li>\n<\/ul>\n<\/li>\n<\/ul>\n<\/li>\n<\/ol>\n\n\n<style>.wp-block-kadence-advancedbtn.kb-btns17916_803a1e-56{gap:var(--global-kb-gap-xs, 0.5rem );justify-content:center;align-items:center;}.kt-btns17916_803a1e-56 .kt-button{font-weight:normal;font-style:normal;}.kt-btns17916_803a1e-56 .kt-btn-wrap-0{margin-right:5px;}.wp-block-kadence-advancedbtn.kt-btns17916_803a1e-56 .kt-btn-wrap-0 .kt-button{color:#555555;border-color:#555555;}.wp-block-kadence-advancedbtn.kt-btns17916_803a1e-56 .kt-btn-wrap-0 .kt-button:hover, .wp-block-kadence-advancedbtn.kt-btns17916_803a1e-56 .kt-btn-wrap-0 .kt-button:focus{color:#ffffff;border-color:#444444;}.wp-block-kadence-advancedbtn.kt-btns17916_803a1e-56 .kt-btn-wrap-0 .kt-button::before{display:none;}.wp-block-kadence-advancedbtn.kt-btns17916_803a1e-56 .kt-btn-wrap-0 .kt-button:hover, .wp-block-kadence-advancedbtn.kt-btns17916_803a1e-56 .kt-btn-wrap-0 .kt-button:focus{background:#444444;}<\/style>\n<div class=\"wp-block-kadence-advancedbtn kb-buttons-wrap kb-btns17916_803a1e-56\"><style>ul.menu .wp-block-kadence-advancedbtn .kb-btn17916_e91421-6d.kb-button{width:initial;}.wp-block-kadence-advancedbtn .kb-btn17916_e91421-6d.kb-button{background:#6a102c;}.wp-block-kadence-advancedbtn .kb-btn17916_e91421-6d.kb-button:hover, .wp-block-kadence-advancedbtn .kb-btn17916_e91421-6d.kb-button:focus{color:#6a102c;background:#ffffff;border-top:2px solid #6a102c;border-right:2px solid #6a102c;border-bottom:2px solid #6a102c;border-left:2px solid #6a102c;}@media all and (max-width: 1024px){.wp-block-kadence-advancedbtn .kb-btn17916_e91421-6d.kb-button:hover, .wp-block-kadence-advancedbtn .kb-btn17916_e91421-6d.kb-button:focus{border-top:2px solid #6a102c;border-right:2px solid #6a102c;border-bottom:2px solid #6a102c;border-left:2px solid #6a102c;}}@media all and (max-width: 767px){.wp-block-kadence-advancedbtn .kb-btn17916_e91421-6d.kb-button:hover, .wp-block-kadence-advancedbtn .kb-btn17916_e91421-6d.kb-button:focus{border-top:2px solid #6a102c;border-right:2px solid #6a102c;border-bottom:2px solid #6a102c;border-left:2px solid #6a102c;}}<\/style><a class=\"kb-button kt-button button kb-btn17916_e91421-6d kt-btn-size-large kt-btn-width-type-full kb-btn-global-fill  kt-btn-has-text-true kt-btn-has-svg-false  wp-block-kadence-singlebtn\" href=\"https:\/\/euniv.eu\/wp-content\/uploads\/2025\/09\/UNIVERSITAS-EUROPAEA-IUAM-Libro-PDF.pdf\" target=\"_blank\" rel=\"noreferrer noopener nofollow\"><span class=\"kt-btn-inner-text\"><strong><strong><strong>LIBRO DEL FORO<\/strong><\/strong><\/strong><\/span><\/a><\/div>\n<\/div><\/div>\n\n<\/div><\/div>\n\n\n<p><\/p>\n","protected":false},"excerpt":{"rendered":"<p>Primer Foro Internacional de Investigaci\u00f3n Instituto Universitario Alma Mater sobre el uso de la inteligencia artificial como herramienta de aprendizaje en la educaci\u00f3n superior Sant Juli\u00e0 de L\u00f2ria (Principado de Andorra), 21 de febrero de 2025 Foro de Investigaci\u00f3n La EUNIV acoge, el viernes 21 de febrero de 2025, el Primer Foro Internacional de Investigaci\u00f3n &hellip;<\/p>\n","protected":false},"author":2,"featured_media":0,"parent":15595,"menu_order":0,"comment_status":"closed","ping_status":"closed","template":"","meta":{"_editorskit_title_hidden":false,"_editorskit_reading_time":0,"_editorskit_is_block_options_detached":false,"_editorskit_block_options_position":"{}","inline_featured_image":false,"footnotes":""},"class_list":["post-17916","page","type-page","status-publish","hentry","post","without-featured-image"],"featured_image_src":null,"featured_image_src_square":null,"_links":{"self":[{"href":"https:\/\/euniv.eu\/es\/wp-json\/wp\/v2\/pages\/17916","targetHints":{"allow":["GET"]}}],"collection":[{"href":"https:\/\/euniv.eu\/es\/wp-json\/wp\/v2\/pages"}],"about":[{"href":"https:\/\/euniv.eu\/es\/wp-json\/wp\/v2\/types\/page"}],"author":[{"embeddable":true,"href":"https:\/\/euniv.eu\/es\/wp-json\/wp\/v2\/users\/2"}],"replies":[{"embeddable":true,"href":"https:\/\/euniv.eu\/es\/wp-json\/wp\/v2\/comments?post=17916"}],"version-history":[{"count":8,"href":"https:\/\/euniv.eu\/es\/wp-json\/wp\/v2\/pages\/17916\/revisions"}],"predecessor-version":[{"id":18051,"href":"https:\/\/euniv.eu\/es\/wp-json\/wp\/v2\/pages\/17916\/revisions\/18051"}],"up":[{"embeddable":true,"href":"https:\/\/euniv.eu\/es\/wp-json\/wp\/v2\/pages\/15595"}],"wp:attachment":[{"href":"https:\/\/euniv.eu\/es\/wp-json\/wp\/v2\/media?parent=17916"}],"curies":[{"name":"wp","href":"https:\/\/api.w.org\/{rel}","templated":true}]}}