{"id":2919,"date":"2021-01-08T14:26:45","date_gmt":"2021-01-08T14:26:45","guid":{"rendered":"https:\/\/euniv.eu\/?page_id=2919"},"modified":"2022-10-28T13:12:46","modified_gmt":"2022-10-28T13:12:46","slug":"aviso-legal","status":"publish","type":"page","link":"https:\/\/euniv.eu\/es\/aviso-legal\/","title":{"rendered":"Aviso Legal"},"content":{"rendered":"\n<h1 class=\"wp-block-heading\">Aviso Legal<\/h1>\n\n\n\n<p>Este aviso legal recoge las condiciones generales que regulan el acceso y el uso de la p\u00e1gina web <a href=\"https:\/\/euniv.eu\/\">eUniv &#8211; UNIVERSITAS EUROPEA<\/a>, en adelante \u00abla WEB\u00bb, del que es titular y propietaria Universitas Europaea IMF SLU sociedad domiciliada en Avgda. Francesc Cairat 22, Entres\u00f2l AD600 Sant Juli\u00e0 de L\u00f2ria &#8211; ANDORRA, inscrita en el Registro de Sociedades del Principado de Andorra con n\u00famero de registro tributario NRT L-709045-M, creada al amparo de la ley andorrana de universidades, la eUniv puede impartir ense\u00f1anzas conducentes a la obtenci\u00f3n de t\u00edtulos estatales de los cuatro ciclos del Marco de Cualificaciones del Espacio Europeo de Educaci\u00f3n Superior (QF-EHEA), en adelante \u00ab<a>Universitas Europaea IMF SLU<\/a>\u00ab. El acceso a la WEB es gratuito y su visualizaci\u00f3n no requiere ning\u00fan registro ni suscripci\u00f3n previa. A trav\u00e9s de la WEB se facilita informaci\u00f3n general de nuestros servicios.<\/p>\n\n\n\n<p><strong>LIMITACI\u00d3N DE RESPONSABILIDAD<\/strong><\/p>\n\n\n\n<p>Universitas Europaea IMF SLU no se responsabiliza de los da\u00f1os y perjuicios producidos o que se puedan producir, de ninguna naturaleza, que se deriven del uso de la informaci\u00f3n, del contenido de la WEB y de los programas que incorpora, y que pudieran ocasionar, a t\u00edtulo enunciativo y no limitativo: errores u omisiones en los contenidos, falta de disponibilidad de la WEB o la transmisi\u00f3n de virus o programas maliciosos o lesivos en los contenidos,&nbsp; a pesar de haber adoptado todas las medidas tecnol\u00f3gicas necesarias para evitarlo.<\/p>\n\n\n\n<p>La informaci\u00f3n contenida en la WEB es la vigente en la fecha de la \u00faltima actualizaci\u00f3n, y<strong><em> <\/em><\/strong>Universitas Europaea IMF SLU no garantiza la ausencia de errores en el acceso a la WEB ni en el contenido, sin embargo, adoptar\u00e1 las medidas pertinentes para evitarlos, corregirlos y\/o actualizarlos tan pronto como se detecten.<\/p>\n\n\n\n<p>Universitas Europaea IMF SLU se reserva el derecho de modificar y actualizar la informaci\u00f3n de la WEB, su presentaci\u00f3n y configuraci\u00f3n y las condiciones de acceso sin necesidad de previo aviso y en cualquier momento. Asimismo, Universitas Europaea IMF SLU se reserva el derecho de modificar y\/o omitir total o parcialmente los contenidos de la WEB y restringir su acceso.<\/p>\n\n\n\n<p>En caso de que se tengan que realizar operaciones de mantenimiento, reparaci\u00f3n, actualizaci\u00f3n o mejora de los servicios, Universitas Europaea IMF SLU se reserva el derecho de suspender temporalmente y sin necesidad de previo aviso el acceso a la WEB, as\u00ed como el derecho de prestaci\u00f3n o cancelaci\u00f3n de los servicios, sin perjuicio de procurar ponerlo en conocimiento de los usuarios, siempre que las circunstancias lo permitan.<\/p>\n\n\n\n<p>El uso de esta WEB y la informaci\u00f3n que se facilita es responsabilidad del usuario. Ning\u00fan tercero podr\u00e1 establecer una relaci\u00f3n de <em>framing<\/em> entre sus p\u00e1ginas web y la WEB. Asimismo, Universitas Europaea IMF SLU no se responsabiliza del contenido de terceros al que se pueda acceder mediante los enlaces contenidos en la WEB.<\/p>\n\n\n\n<p><strong>SERVICIOS Y PRODUCTOS DE LA WEB<\/strong><\/p>\n\n\n\n<p>La WEB puede contener enlaces a p\u00e1ginas web ajenas a la misma los cuales se ponen a disposici\u00f3n del usuario con la \u00fanica finalidad de facilitarle el acceso a los continuos, productos o servicios que pudieran ser de su inter\u00e9s y que Universitas Europaea IMF SLU no gestiona ni controla en ning\u00fan momento.<\/p>\n\n\n\n<p>La inclusi\u00f3n de los enlaces a portales de terceros no implica en ning\u00fan caso una vinculaci\u00f3n entre Universitas Europaea IMF SLU y los titulares de los portales enlazados.&nbsp; Universitas Europaea IMF SLU no asume ning\u00fan tipo de responsabilidad directa o indirecta en relaci\u00f3n con la licitud, veracidad, utilidad, calidad o fiabilidad de los servicios y contenidos propiedad de terceros, o que \u00e9stos gestionen o controlen, aunque se haya y pueda acceder a trav\u00e9s de la WEB.<\/p>\n\n\n\n<p>A todos los efectos legales, se entiende que cualquier relaci\u00f3n contractual o extracontractual que el usuario lleve a cabo con terceros contactados mediante la WEB se realiza \u00fanica y exclusivamente entre el usuario y los terceros.<\/p>\n\n\n\n<p>El usuario acepta que Universitas Europaea IMF SLU no tenga ninguna responsabilidad sobre los da\u00f1os o perjuicios de cualquier naturaleza ocasionados con motivo de las negociaciones, conversaciones o relaciones contractuales o extracontractuales entre el usuario y terceros contactados por medio de la WEB.<\/p>\n\n\n\n<p>El usuario deber\u00e1 tomar conocimiento de las indicaciones, de los avisos o de las advertencias legales que los portales de terceros puedan establecer para su uso.<\/p>\n\n\n\n<p><strong>&nbsp;RESPONSABILIDAD DEL USUARIO<\/strong><\/p>\n\n\n\n<p>El usuario es responsable del cumplimiento de las leyes y reglamentos en vigor y de las reglas aplicables al uso que se realice de los productos y aplicaciones.<\/p>\n\n\n\n<p>Sin embargo, se proh\u00edbe el uso de la WEB contrario a la buena fe, en particular y de manera no exhaustiva: la utilizaci\u00f3n contraria a la normativa andorrana o que infrinja los derechos de terceros; la publicaci\u00f3n o transmisi\u00f3n de cualquier contenido que resulte violento, obsceno, abusivo, ilegal, racial, xen\u00f3fobo o difamatorio; alterar o intervenir por medios fraudulentos p\u00e1ginas web personales o correos electr\u00f3nicos o sistemas de otros usuarios o terceros sin su autorizaci\u00f3n; los cracks, n\u00fameros de serie de programas o cualquier otro contenido que vulnere los derechos de la propiedad intelectual de terceros; la recopilaci\u00f3n y\/o la utilizaci\u00f3n de datos personales de otros usuarios sin su consentimiento expreso o que contravenga las disposiciones de la Ley Calificada 29\/2021 de protecci\u00f3n de datos personales; la utilizaci\u00f3n del servidor de correo,\u00a0 el dominio y las direcciones de correo electr\u00f3nico con fines de correo no deseado, bombardeo de correo, densificaci\u00f3n de identidad, fraude bajo custodia de terceros, difusi\u00f3n de virus (troyanos, etc.) o cualquier otro tipo de actividad realizada con \u00e1nimo fraudulento o delictivo.<\/p>\n\n\n\n<p>Queda expresamente prohibido acceder, modificar, visualizar la configuraci\u00f3n, la estructura y los archivos de los servidores de la WEB. Ante cualquier problema que se pudiera producir en los servidores y sistemas de seguridad de la WEB como consecuencia directa de una actuaci\u00f3n negligente del usuario, \u00e9ste responder\u00e1 por la responsabilidad civil y penal que corresponda. El usuario respetar\u00e1 los est\u00e1ndares t\u00e9cnicos dispuestos por la WEB en la administraci\u00f3n y desarrollo de los productos utilizados de manera que no se produzca un uso abusivo que retrase los servidores y perjudique la prestaci\u00f3n de los productos o derechos de otros usuarios.<\/p>\n\n\n\n<p><strong>PROTECCI\u00d3N DATOS PERSONALES Y COOKIES<\/strong><\/p>\n\n\n\n<p>En cumplimiento de lo que requiere la Ley 29\/2021, de 28 de octubre, calificada de Protecci\u00f3n de Datos Personales (en adelante, \u00abLQDP\u00bb), y el Decreto 391\/2022, de 28-9-2022, de aprobaci\u00f3n del Reglamento de aplicaci\u00f3n de la LQDP, se informa a los usuarios de este sitio web que cualquier dato personal facilitado a Universitas Europaea IMF SLU ser\u00e1 tratado por el mismo con las finalidades y condiciones definidas en su Registro de Actividades de\u00a0 Tratamiento (los encontrar\u00e1 en nuestra pol\u00edtica de privacidad).<\/p>\n\n\n\n<p>El responsable del fichero es <a>Universitas Europaea IMF SLU <\/a>en calidad de responsable del tratamiento, con domicilio en Avgda. Francesc Cairat 22, Entres\u00f2l AD600 Sant Juli\u00e0 de L\u00f2ria &#8211; ANDORRA \u00a0y su Delegado de protecci\u00f3n de Datos es Eduardo Cavanna (<a href=\"mailto:dpd@euniv.eu\">dpd@euniv.eu<\/a>).<\/p>\n\n\n\n<p>Los datos aqu\u00ed recogidos se tratar\u00e1n por las finalidades de gesti\u00f3n de la p\u00e1gina WEB, gesti\u00f3n de consultas y recibir m\u00e1s informaci\u00f3n, gesti\u00f3n de newsletter, solicitud de admisi\u00f3n Bachelor, y solicitud de admisi\u00f3n Doctorado.<em><\/em><\/p>\n\n\n\n<p>En cumplimiento de la LQPD, y el Decreto 391\/2022, de 28-9-2022, de aprobaci\u00f3n del Reglamento de aplicaci\u00f3n de la LQDP, Universitas Europaea IMF SLU<strong><em> <\/em><\/strong>le informa que dispone de los derechos de acceso, rectificaci\u00f3n, supresi\u00f3n, oposici\u00f3n, portabilidad y limitaci\u00f3n de tratamiento reconocidos en dicha normativa.<\/p>\n\n\n\n<p>Le informamos que esta p\u00e1gina web recoge cookies. Encontrar\u00e9is una explicaci\u00f3n exhaustiva de las mismas en el siguiente enlace. <\/p>\n\n\n\n<p>Para m\u00e1s informaci\u00f3n sobre c\u00f3mo trataremos los datos personales consulte el siguiente enlace.<\/p>\n\n\n\n<p><strong>PROPIEDAD INTELECTUAL SOBRE LOS CONTENIDOS<\/strong><\/p>\n\n\n\n<p>Todos los elementos que aparecen en la WEB, sin limitaci\u00f3n (fotograf\u00edas, im\u00e1genes, m\u00fasica, sonidos, animaciones, software, textos, nombre de dominio, marcas, informaci\u00f3n y contenido recopilado de toda la web, etc. ) , as\u00ed como la estructura, el dise\u00f1o gr\u00e1fico y el c\u00f3digo fuente son propiedad de Universitas Europaea IMF SLU, o en su caso, de terceros que le han cedido los correspondientes derechos de uso, y que el usuario de este sitio web debe respetar, y que por tanto est\u00e1n protegidos por la normativa de propiedad intelectual.<\/p>\n\n\n\n<p>No se podr\u00e1n realizar actos totales o parciales de reproducci\u00f3n, publicaci\u00f3n, tratamiento inform\u00e1tico, distribuci\u00f3n, difusi\u00f3n, transformaci\u00f3n, compilaci\u00f3n, modificaci\u00f3n, distribuci\u00f3n o comunicaci\u00f3n p\u00fablica de la WEB sin el consentimiento previo y por escrito de Universitas Europaea IMF SLU.<\/p>\n\n\n\n<p>&nbsp;El acceso por parte del usuario a los contenidos y servicios de la WEB no implica ning\u00fan derecho en cuanto a su transmisi\u00f3n, cesi\u00f3n, utilizaci\u00f3n, alteraci\u00f3n, explotaci\u00f3n, reproducci\u00f3n, distribuci\u00f3n o comunicaci\u00f3n p\u00fablica, objeto de propiedad intelectual, sin la previa y expresa autorizaci\u00f3n espec\u00edficamente otorgada al efecto por parte de Universitas Europaea IMF SLU o del tercer titular de los derechos, en su caso.<\/p>\n\n\n\n<p>Los usuarios de la WEB s\u00f3lo podr\u00e1n realizar un uso privado y personal de sus contenidos, es decir, s\u00f3lo tendr\u00e1n derecho a visualizar y realizar copias de los contenidos para su uso personal y exclusivo y deber\u00e1n aplicar estos derechos en base a los principios de buena fe y la normativa aplicable.<\/p>\n\n\n\n<p>Queda absolutamente prohibido el uso de la WEB o de cualquiera de sus elementos con fines comerciales o il\u00edcitos.&nbsp; La utilizaci\u00f3n no autorizada de la informaci\u00f3n contenida en este Portal, as\u00ed como los perjuicios ocasionados en los derechos de propiedad intelectual, pueden dar lugar al ejercicio de las acciones legales pertinentes y, en su caso, a las responsabilidades derivadas de este ejercicio.<\/p>\n\n\n\n<p><strong>COMPROMISOS<\/strong><\/p>\n\n\n\n<p>Universitas Europaea IMF SLU se compromete a no realizar publicidad enga\u00f1osa. En este sentido, no se considerar\u00e1n publicidad enga\u00f1osa los errores formales o num\u00e9ricos que se puedan encontrar en el contenido de las diferentes secciones de la WEB debido al mantenimiento y\/o de la actualizaci\u00f3n incompleta o defectuosa de la informaci\u00f3n contenida en estas secciones de la WEB como consecuencia de lo mencionado en este apartado, Universitas Europaea IMF SLUse compromete a corregir esta situaci\u00f3n tan pronto como tenga constancia de los mencionados errores.<\/p>\n\n\n\n<p><strong>ACEPTACI\u00d3N<\/strong><\/p>\n\n\n\n<p>El uso de la WEB implica la expresa y plena aceptaci\u00f3n de estas condiciones generales y de todas y cada una de las disposiciones incluidas en este aviso legal en la versi\u00f3n publicada en el momento en que el usuario accede a este aviso (excepto la pol\u00edtica de privacidad, que habr\u00e1 que aceptarla expresamente).&nbsp; En consecuencia, se recomienda que el usuario lea este aviso legal cada vez que acceda a la WEB, dado que se pueden producir modificaciones en las condiciones generales, sin perjuicio de las condiciones particulares que se puedan aplicar a determinados servicios concretos de la WEB.<\/p>\n\n\n\n<p><strong>LEGISLACI\u00d3N Y JURISDICCI\u00d3N APLICABLE<\/strong><\/p>\n\n\n\n<p>Las presentes condiciones de acceso y uso quedan sujetas a la legislaci\u00f3n andorrana y a la competencia de sus tribunales.<\/p>\n\n\n\n<p>\u00daltima actualizaci\u00f3n: 31 de octubre del 2022<\/p>\n\n\n\n<div style=\"height:100px\" aria-hidden=\"true\" class=\"wp-block-spacer\"><\/div>\n","protected":false},"excerpt":{"rendered":"<p>Aviso Legal Este aviso legal recoge las condiciones generales que regulan el acceso y el uso de la p\u00e1gina web eUniv &#8211; UNIVERSITAS EUROPEA, en adelante \u00abla WEB\u00bb, del que es titular y propietaria Universitas Europaea IMF SLU sociedad domiciliada en Avgda. Francesc Cairat 22, Entres\u00f2l AD600 Sant Juli\u00e0 de L\u00f2ria &#8211; ANDORRA, inscrita en &hellip;<\/p>\n","protected":false},"author":3,"featured_media":0,"parent":0,"menu_order":0,"comment_status":"closed","ping_status":"closed","template":"templates\/template-builder.php","meta":{"_editorskit_title_hidden":false,"_editorskit_reading_time":6,"_editorskit_is_block_options_detached":false,"_editorskit_block_options_position":"{}","inline_featured_image":false,"footnotes":""},"class_list":["post-2919","page","type-page","status-publish","hentry","post","without-featured-image"],"featured_image_src":null,"featured_image_src_square":null,"_links":{"self":[{"href":"https:\/\/euniv.eu\/es\/wp-json\/wp\/v2\/pages\/2919","targetHints":{"allow":["GET"]}}],"collection":[{"href":"https:\/\/euniv.eu\/es\/wp-json\/wp\/v2\/pages"}],"about":[{"href":"https:\/\/euniv.eu\/es\/wp-json\/wp\/v2\/types\/page"}],"author":[{"embeddable":true,"href":"https:\/\/euniv.eu\/es\/wp-json\/wp\/v2\/users\/3"}],"replies":[{"embeddable":true,"href":"https:\/\/euniv.eu\/es\/wp-json\/wp\/v2\/comments?post=2919"}],"version-history":[{"count":7,"href":"https:\/\/euniv.eu\/es\/wp-json\/wp\/v2\/pages\/2919\/revisions"}],"predecessor-version":[{"id":6850,"href":"https:\/\/euniv.eu\/es\/wp-json\/wp\/v2\/pages\/2919\/revisions\/6850"}],"wp:attachment":[{"href":"https:\/\/euniv.eu\/es\/wp-json\/wp\/v2\/media?parent=2919"}],"curies":[{"name":"wp","href":"https:\/\/api.w.org\/{rel}","templated":true}]}}