{"id":5688,"date":"2022-03-31T14:56:48","date_gmt":"2022-03-31T14:56:48","guid":{"rendered":"https:\/\/euniv.eu\/?page_id=5688"},"modified":"2025-11-26T12:43:56","modified_gmt":"2025-11-26T11:43:56","slug":"centros-euniv","status":"publish","type":"page","link":"https:\/\/euniv.eu\/es\/organizacion-euniv\/centros-euniv\/","title":{"rendered":"Centros EUniv"},"content":{"rendered":"<style>.kb-row-layout-id5688_e06073-cd > .kt-row-column-wrap{align-content:start;}:where(.kb-row-layout-id5688_e06073-cd > .kt-row-column-wrap) > .wp-block-kadence-column{justify-content:start;}.kb-row-layout-id5688_e06073-cd > .kt-row-column-wrap{column-gap:var(--global-kb-gap-lg, 4rem);row-gap:var(--global-kb-gap-md, 2rem);max-width:1240px;margin-left:auto;margin-right:auto;padding-top:var(--global-kb-spacing-sm, 1.5rem);padding-bottom:var(--global-kb-spacing-sm, 1.5rem);grid-template-columns:minmax(0, calc(30% - ((var(--global-kb-gap-lg, 4rem) * 1 )\/2)))minmax(0, calc(70% - ((var(--global-kb-gap-lg, 4rem) * 1 )\/2)));}.kb-row-layout-id5688_e06073-cd > .kt-row-layout-overlay{opacity:0.30;}@media all and (max-width: 1024px){.kb-row-layout-id5688_e06073-cd > .kt-row-column-wrap{grid-template-columns:minmax(0, 1fr) minmax(0, 2fr);}}@media all and (max-width: 767px){.kb-row-layout-id5688_e06073-cd > .kt-row-column-wrap{grid-template-columns:minmax(0, 1fr);}}<\/style><div class=\"kb-row-layout-wrap kb-row-layout-id5688_e06073-cd alignnone wp-block-kadence-rowlayout\"><div class=\"kt-row-column-wrap kt-has-2-columns kt-row-layout-right-golden kt-tab-layout-inherit kt-mobile-layout-row kt-row-valign-top\">\n<style>.kadence-column5688_b10ed6-0a > .kt-inside-inner-col,.kadence-column5688_b10ed6-0a > .kt-inside-inner-col:before{border-top-left-radius:0px;border-top-right-radius:0px;border-bottom-right-radius:0px;border-bottom-left-radius:0px;}.kadence-column5688_b10ed6-0a > .kt-inside-inner-col{column-gap:var(--global-kb-gap-sm, 1rem);}.kadence-column5688_b10ed6-0a > .kt-inside-inner-col{flex-direction:column;}.kadence-column5688_b10ed6-0a > .kt-inside-inner-col > .aligncenter{width:100%;}.kadence-column5688_b10ed6-0a > .kt-inside-inner-col:before{opacity:0.3;}.kadence-column5688_b10ed6-0a{position:relative;}@media all and (max-width: 1024px){.kadence-column5688_b10ed6-0a > .kt-inside-inner-col{flex-direction:column;justify-content:center;}}@media all and (max-width: 767px){.kadence-column5688_b10ed6-0a > .kt-inside-inner-col{flex-direction:column;justify-content:center;}}<\/style>\n<div class=\"wp-block-kadence-column kadence-column5688_b10ed6-0a inner-column-1 animated fadeInLeft\"><div class=\"kt-inside-inner-col\"><ul id=\"menu-organizacion-es\" class=\"menu menu_left\"><li id=\"menu-item-11183\" class=\"menu-item menu-item-type-post_type menu-item-object-page menu-item-has-children menu-item-11183\"><a href=\"https:\/\/euniv.eu\/es\/organizacion-euniv\/centros-euniv\/\">Centros EUniv<\/a>\n<ul class=\"sub-menu\">\n\t<li id=\"menu-item-18903\" class=\"menu-item menu-item-type-post_type menu-item-object-page menu-item-18903\"><a href=\"https:\/\/euniv.eu\/es\/organizacion-euniv\/centros-euniv\/instituto-universitario-de-tecnologia-aplicada\/\">Instituto Universitario de Tecnolog\u00eda Aplicada<\/a><\/li>\n<\/ul>\n<\/li>\n<li id=\"menu-item-5706\" class=\"menu-item menu-item-type-post_type menu-item-object-page menu-item-has-children menu-item-5706\"><a href=\"https:\/\/euniv.eu\/es\/organizacion-euniv\/facultades-euniv\/\">Facultades EUniv<\/a>\n<ul class=\"sub-menu\">\n\t<li id=\"menu-item-11185\" class=\"menu-item menu-item-type-post_type menu-item-object-page menu-item-11185\"><a href=\"https:\/\/euniv.eu\/es\/organizacion-euniv\/facultades-euniv\/facultad-de-medicina-y-ciencias-de-la-salud\/\">Medicina y Ciencias de la Salud y Tecnolog\u00edas<\/a><\/li>\n\t<li id=\"menu-item-11186\" class=\"menu-item menu-item-type-post_type menu-item-object-page menu-item-11186\"><a href=\"https:\/\/euniv.eu\/es\/organizacion-euniv\/facultades-euniv\/facultad-de-teologia-y-estudios-de-la-religion\/\">Teolog\u00eda y Estudios de la Religi\u00f3n<\/a><\/li>\n<\/ul>\n<\/li>\n<\/ul>\n<\/div><\/div>\n\n\n<style>.kadence-column5688_b0c068-ff > .kt-inside-inner-col,.kadence-column5688_b0c068-ff > .kt-inside-inner-col:before{border-top-left-radius:0px;border-top-right-radius:0px;border-bottom-right-radius:0px;border-bottom-left-radius:0px;}.kadence-column5688_b0c068-ff > .kt-inside-inner-col{column-gap:var(--global-kb-gap-sm, 1rem);}.kadence-column5688_b0c068-ff > .kt-inside-inner-col{flex-direction:column;}.kadence-column5688_b0c068-ff > .kt-inside-inner-col > .aligncenter{width:100%;}.kadence-column5688_b0c068-ff > .kt-inside-inner-col:before{opacity:0.3;}.kadence-column5688_b0c068-ff{position:relative;}@media all and (max-width: 1024px){.kadence-column5688_b0c068-ff > .kt-inside-inner-col{flex-direction:column;justify-content:center;}}@media all and (max-width: 767px){.kadence-column5688_b0c068-ff > .kt-inside-inner-col{flex-direction:column;justify-content:center;}}<\/style>\n<div class=\"wp-block-kadence-column kadence-column5688_b0c068-ff inner-column-2 animated fadeIn slow\"><div class=\"kt-inside-inner-col\"><style>.kb-row-layout-id5688_786d0e-51 > .kt-row-column-wrap{align-content:center;}:where(.kb-row-layout-id5688_786d0e-51 > .kt-row-column-wrap) > .wp-block-kadence-column{justify-content:center;}.kb-row-layout-id5688_786d0e-51 > .kt-row-column-wrap{column-gap:20px;row-gap:var(--global-kb-gap-md, 2rem);padding-top:var(--global-kb-spacing-sm, 1.5rem);padding-bottom:var(--global-kb-spacing-sm, 1.5rem);grid-template-columns:minmax(0, calc(15% - ((20px * 1 )\/2)))minmax(0, calc(85% - ((20px * 1 )\/2)));}.kb-row-layout-id5688_786d0e-51 > .kt-row-layout-overlay{opacity:0.30;}@media all and (max-width: 1024px){.kb-row-layout-id5688_786d0e-51 > .kt-row-column-wrap{grid-template-columns:minmax(0, 1fr) minmax(0, 2fr);}}@media all and (max-width: 767px){.kb-row-layout-id5688_786d0e-51 > .kt-row-column-wrap{grid-template-columns:minmax(0, 1fr);}}<\/style><div class=\"kb-row-layout-wrap kb-row-layout-id5688_786d0e-51 alignnone wp-block-kadence-rowlayout\"><div class=\"kt-row-column-wrap kt-has-2-columns kt-row-layout-right-golden kt-tab-layout-inherit kt-mobile-layout-row kt-row-valign-middle\">\n<style>.kadence-column5688_f098bb-2e > .kt-inside-inner-col,.kadence-column5688_f098bb-2e > .kt-inside-inner-col:before{border-top-left-radius:0px;border-top-right-radius:0px;border-bottom-right-radius:0px;border-bottom-left-radius:0px;}.kadence-column5688_f098bb-2e > .kt-inside-inner-col{column-gap:var(--global-kb-gap-sm, 1rem);}.kadence-column5688_f098bb-2e > .kt-inside-inner-col{flex-direction:column;}.kadence-column5688_f098bb-2e > .kt-inside-inner-col > .aligncenter{width:100%;}.kadence-column5688_f098bb-2e > .kt-inside-inner-col:before{opacity:0.3;}.kadence-column5688_f098bb-2e{position:relative;}@media all and (max-width: 1024px){.kadence-column5688_f098bb-2e > .kt-inside-inner-col{flex-direction:column;justify-content:center;}}@media all and (max-width: 767px){.kadence-column5688_f098bb-2e > .kt-inside-inner-col{flex-direction:column;justify-content:center;}}<\/style>\n<div class=\"wp-block-kadence-column kadence-column5688_f098bb-2e inner-column-1\"><div class=\"kt-inside-inner-col\">\n<figure class=\"wp-block-image size-large\"><img loading=\"lazy\" decoding=\"async\" width=\"112\" height=\"150\" src=\"https:\/\/euniv.eu\/wp-content\/uploads\/\/2020\/09\/ico_c.svg\" alt=\"C\" class=\"wp-image-1845\"\/><\/figure>\n<\/div><\/div>\n\n\n<style>.kadence-column5688_59f50d-dd > .kt-inside-inner-col,.kadence-column5688_59f50d-dd > .kt-inside-inner-col:before{border-top-left-radius:0px;border-top-right-radius:0px;border-bottom-right-radius:0px;border-bottom-left-radius:0px;}.kadence-column5688_59f50d-dd > .kt-inside-inner-col{column-gap:var(--global-kb-gap-sm, 1rem);}.kadence-column5688_59f50d-dd > .kt-inside-inner-col{flex-direction:column;}.kadence-column5688_59f50d-dd > .kt-inside-inner-col > .aligncenter{width:100%;}.kadence-column5688_59f50d-dd > .kt-inside-inner-col:before{opacity:0.3;}.kadence-column5688_59f50d-dd{position:relative;}@media all and (max-width: 1024px){.kadence-column5688_59f50d-dd > .kt-inside-inner-col{flex-direction:column;justify-content:center;}}@media all and (max-width: 767px){.kadence-column5688_59f50d-dd > .kt-inside-inner-col{flex-direction:column;justify-content:center;}}<\/style>\n<div class=\"wp-block-kadence-column kadence-column5688_59f50d-dd inner-column-2\"><div class=\"kt-inside-inner-col\">\n<h1 class=\"wp-block-heading\"><br>Centros<br>de la Universidad<\/h1>\n<\/div><\/div>\n\n<\/div><\/div>\n\n\n<p>La eUniv se organiza en varios centros docentes, que asumen cada uno de ellos una misi\u00f3n generalista o bien una de especializada.<\/p>\n\n\n<style>.kt-accordion-id5688_1052e7-c9 .kt-accordion-inner-wrap{column-gap:var(--global-kb-gap-md, 2rem);row-gap:10px;}.kt-accordion-id5688_1052e7-c9 .kt-accordion-panel-inner{border-top:0px solid transparent;border-right:1px solid transparent;border-bottom:1px solid transparent;border-left:1px solid transparent;background:#ffffff;padding-top:var(--global-kb-spacing-sm, 1.5rem);padding-right:var(--global-kb-spacing-sm, 1.5rem);padding-bottom:var(--global-kb-spacing-sm, 1.5rem);padding-left:var(--global-kb-spacing-sm, 1.5rem);}.kt-accordion-id5688_1052e7-c9 > .kt-accordion-inner-wrap > .wp-block-kadence-pane > .kt-accordion-header-wrap > .kt-blocks-accordion-header{border-top:1px solid #eeeeee;border-right:1px solid #eeeeee;border-bottom:1px solid #eeeeee;border-left:2px solid #eeeeee;border-top-left-radius:0px;border-top-right-radius:0px;border-bottom-right-radius:0px;border-bottom-left-radius:0px;background:#ffffff;font-size:18px;line-height:24px;color:#444444;padding-top:14px;padding-right:16px;padding-bottom:14px;padding-left:16px;}.kt-accordion-id5688_1052e7-c9:not( .kt-accodion-icon-style-basiccircle ):not( .kt-accodion-icon-style-xclosecircle ):not( .kt-accodion-icon-style-arrowcircle )  > .kt-accordion-inner-wrap > .wp-block-kadence-pane > .kt-accordion-header-wrap .kt-blocks-accordion-icon-trigger:after, .kt-accordion-id5688_1052e7-c9:not( .kt-accodion-icon-style-basiccircle ):not( .kt-accodion-icon-style-xclosecircle ):not( .kt-accodion-icon-style-arrowcircle )  > .kt-accordion-inner-wrap > .wp-block-kadence-pane > .kt-accordion-header-wrap .kt-blocks-accordion-icon-trigger:before{background:#444444;}.kt-accordion-id5688_1052e7-c9:not( .kt-accodion-icon-style-basic ):not( .kt-accodion-icon-style-xclose ):not( .kt-accodion-icon-style-arrow ) .kt-blocks-accordion-icon-trigger{background:#444444;}.kt-accordion-id5688_1052e7-c9:not( .kt-accodion-icon-style-basic ):not( .kt-accodion-icon-style-xclose ):not( .kt-accodion-icon-style-arrow ) .kt-blocks-accordion-icon-trigger:after, .kt-accordion-id5688_1052e7-c9:not( .kt-accodion-icon-style-basic ):not( .kt-accodion-icon-style-xclose ):not( .kt-accodion-icon-style-arrow ) .kt-blocks-accordion-icon-trigger:before{background:#ffffff;}.kt-accordion-id5688_1052e7-c9 > .kt-accordion-inner-wrap > .wp-block-kadence-pane > .kt-accordion-header-wrap > .kt-blocks-accordion-header:hover, \n\t\t\t\tbody:not(.hide-focus-outline) .kt-accordion-id5688_1052e7-c9 .kt-blocks-accordion-header:focus-visible{color:#444444;background:#ffffff;border-top:1px solid #d4d4d4;border-right:1px solid #d4d4d4;border-bottom:1px solid #d4d4d4;border-left:2px solid #d4d4d4;}.kt-accordion-id5688_1052e7-c9:not( .kt-accodion-icon-style-basiccircle ):not( .kt-accodion-icon-style-xclosecircle ):not( .kt-accodion-icon-style-arrowcircle ) .kt-accordion-header-wrap .kt-blocks-accordion-header:hover .kt-blocks-accordion-icon-trigger:after, .kt-accordion-id5688_1052e7-c9:not( .kt-accodion-icon-style-basiccircle ):not( .kt-accodion-icon-style-xclosecircle ):not( .kt-accodion-icon-style-arrowcircle ) .kt-accordion-header-wrap .kt-blocks-accordion-header:hover .kt-blocks-accordion-icon-trigger:before, body:not(.hide-focus-outline) .kt-accordion-id5688_1052e7-c9:not( .kt-accodion-icon-style-basiccircle ):not( .kt-accodion-icon-style-xclosecircle ):not( .kt-accodion-icon-style-arrowcircle ) .kt-blocks-accordion--visible .kt-blocks-accordion-icon-trigger:after, body:not(.hide-focus-outline) .kt-accordion-id5688_1052e7-c9:not( .kt-accodion-icon-style-basiccircle ):not( .kt-accodion-icon-style-xclosecircle ):not( .kt-accodion-icon-style-arrowcircle ) .kt-blocks-accordion-header:focus-visible .kt-blocks-accordion-icon-trigger:before{background:#444444;}.kt-accordion-id5688_1052e7-c9:not( .kt-accodion-icon-style-basic ):not( .kt-accodion-icon-style-xclose ):not( .kt-accodion-icon-style-arrow ) .kt-accordion-header-wrap .kt-blocks-accordion-header:hover .kt-blocks-accordion-icon-trigger, body:not(.hide-focus-outline) .kt-accordion-id5688_1052e7-c9:not( .kt-accodion-icon-style-basic ):not( .kt-accodion-icon-style-xclose ):not( .kt-accodion-icon-style-arrow ) .kt-accordion-header-wrap .kt-blocks-accordion-header:focus-visible .kt-blocks-accordion-icon-trigger{background:#444444;}.kt-accordion-id5688_1052e7-c9:not( .kt-accodion-icon-style-basic ):not( .kt-accodion-icon-style-xclose ):not( .kt-accodion-icon-style-arrow ) .kt-accordion-header-wrap .kt-blocks-accordion-header:hover .kt-blocks-accordion-icon-trigger:after, .kt-accordion-id5688_1052e7-c9:not( .kt-accodion-icon-style-basic ):not( .kt-accodion-icon-style-xclose ):not( .kt-accodion-icon-style-arrow ) .kt-accordion-header-wrap .kt-blocks-accordion-header:hover .kt-blocks-accordion-icon-trigger:before, body:not(.hide-focus-outline) .kt-accordion-id5688_1052e7-c9:not( .kt-accodion-icon-style-basic ):not( .kt-accodion-icon-style-xclose ):not( .kt-accodion-icon-style-arrow ) .kt-accordion-header-wrap .kt-blocks-accordion-header:focus-visible .kt-blocks-accordion-icon-trigger:after, body:not(.hide-focus-outline) .kt-accordion-id5688_1052e7-c9:not( .kt-accodion-icon-style-basic ):not( .kt-accodion-icon-style-xclose ):not( .kt-accodion-icon-style-arrow ) .kt-accordion-header-wrap .kt-blocks-accordion-header:focus-visible .kt-blocks-accordion-icon-trigger:before{background:#ffffff;}.kt-accordion-id5688_1052e7-c9 .kt-accordion-header-wrap .kt-blocks-accordion-header:focus-visible,\n\t\t\t\t.kt-accordion-id5688_1052e7-c9 > .kt-accordion-inner-wrap > .wp-block-kadence-pane > .kt-accordion-header-wrap > .kt-blocks-accordion-header.kt-accordion-panel-active{color:#444444;background:#ffffff;border-top:1px solid #eeeeee;border-right:1px solid #eeeeee;border-bottom:1px solid #eeeeee;border-left:2px solid #0e9cd1;}.kt-accordion-id5688_1052e7-c9:not( .kt-accodion-icon-style-basiccircle ):not( .kt-accodion-icon-style-xclosecircle ):not( .kt-accodion-icon-style-arrowcircle )  > .kt-accordion-inner-wrap > .wp-block-kadence-pane > .kt-accordion-header-wrap > .kt-blocks-accordion-header.kt-accordion-panel-active .kt-blocks-accordion-icon-trigger:after, .kt-accordion-id5688_1052e7-c9:not( .kt-accodion-icon-style-basiccircle ):not( .kt-accodion-icon-style-xclosecircle ):not( .kt-accodion-icon-style-arrowcircle )  > .kt-accordion-inner-wrap > .wp-block-kadence-pane > .kt-accordion-header-wrap > .kt-blocks-accordion-header.kt-accordion-panel-active .kt-blocks-accordion-icon-trigger:before{background:#444444;}.kt-accordion-id5688_1052e7-c9:not( .kt-accodion-icon-style-basic ):not( .kt-accodion-icon-style-xclose ):not( .kt-accodion-icon-style-arrow ) .kt-blocks-accordion-header.kt-accordion-panel-active .kt-blocks-accordion-icon-trigger{background:#444444;}.kt-accordion-id5688_1052e7-c9:not( .kt-accodion-icon-style-basic ):not( .kt-accodion-icon-style-xclose ):not( .kt-accodion-icon-style-arrow ) .kt-blocks-accordion-header.kt-accordion-panel-active .kt-blocks-accordion-icon-trigger:after, .kt-accordion-id5688_1052e7-c9:not( .kt-accodion-icon-style-basic ):not( .kt-accodion-icon-style-xclose ):not( .kt-accodion-icon-style-arrow ) .kt-blocks-accordion-header.kt-accordion-panel-active .kt-blocks-accordion-icon-trigger:before{background:#ffffff;}@media all and (max-width: 1024px){.kt-accordion-id5688_1052e7-c9 .kt-accordion-panel-inner{border-top:0px solid transparent;border-right:1px solid transparent;border-bottom:1px solid transparent;border-left:1px solid transparent;}}@media all and (max-width: 1024px){.kt-accordion-id5688_1052e7-c9 > .kt-accordion-inner-wrap > .wp-block-kadence-pane > .kt-accordion-header-wrap > .kt-blocks-accordion-header{border-top:1px solid #eeeeee;border-right:1px solid #eeeeee;border-bottom:1px solid #eeeeee;border-left:2px solid #eeeeee;}}@media all and (max-width: 1024px){.kt-accordion-id5688_1052e7-c9 > .kt-accordion-inner-wrap > .wp-block-kadence-pane > .kt-accordion-header-wrap > .kt-blocks-accordion-header:hover, \n\t\t\t\tbody:not(.hide-focus-outline) .kt-accordion-id5688_1052e7-c9 .kt-blocks-accordion-header:focus-visible{border-top:1px solid #d4d4d4;border-right:1px solid #d4d4d4;border-bottom:1px solid #d4d4d4;border-left:2px solid #d4d4d4;}}@media all and (max-width: 1024px){.kt-accordion-id5688_1052e7-c9 .kt-accordion-header-wrap .kt-blocks-accordion-header:focus-visible,\n\t\t\t\t.kt-accordion-id5688_1052e7-c9 > .kt-accordion-inner-wrap > .wp-block-kadence-pane > .kt-accordion-header-wrap > .kt-blocks-accordion-header.kt-accordion-panel-active{border-top:1px solid #eeeeee;border-right:1px solid #eeeeee;border-bottom:1px solid #eeeeee;border-left:2px solid #0e9cd1;}}@media all and (max-width: 767px){.kt-accordion-id5688_1052e7-c9 .kt-accordion-inner-wrap{display:block;}.kt-accordion-id5688_1052e7-c9 .kt-accordion-inner-wrap .kt-accordion-pane:not(:first-child){margin-top:10px;}.kt-accordion-id5688_1052e7-c9 .kt-accordion-panel-inner{border-top:0px solid transparent;border-right:1px solid transparent;border-bottom:1px solid transparent;border-left:1px solid transparent;}.kt-accordion-id5688_1052e7-c9 > .kt-accordion-inner-wrap > .wp-block-kadence-pane > .kt-accordion-header-wrap > .kt-blocks-accordion-header{border-top:1px solid #eeeeee;border-right:1px solid #eeeeee;border-bottom:1px solid #eeeeee;border-left:2px solid #eeeeee;}.kt-accordion-id5688_1052e7-c9 > .kt-accordion-inner-wrap > .wp-block-kadence-pane > .kt-accordion-header-wrap > .kt-blocks-accordion-header:hover, \n\t\t\t\tbody:not(.hide-focus-outline) .kt-accordion-id5688_1052e7-c9 .kt-blocks-accordion-header:focus-visible{border-top:1px solid #d4d4d4;border-right:1px solid #d4d4d4;border-bottom:1px solid #d4d4d4;border-left:2px solid #d4d4d4;}.kt-accordion-id5688_1052e7-c9 .kt-accordion-header-wrap .kt-blocks-accordion-header:focus-visible,\n\t\t\t\t.kt-accordion-id5688_1052e7-c9 > .kt-accordion-inner-wrap > .wp-block-kadence-pane > .kt-accordion-header-wrap > .kt-blocks-accordion-header.kt-accordion-panel-active{border-top:1px solid #eeeeee;border-right:1px solid #eeeeee;border-bottom:1px solid #eeeeee;border-left:2px solid #0e9cd1;}}<\/style>\n<div class=\"wp-block-kadence-accordion alignnone\"><div class=\"kt-accordion-wrap kt-accordion-id5688_1052e7-c9 kt-accordion-has-6-panes kt-active-pane-0 kt-accordion-block kt-pane-header-alignment-left kt-accodion-icon-style-arrow kt-accodion-icon-side-right\" style=\"max-width:none\"><div class=\"kt-accordion-inner-wrap\" data-allow-multiple-open=\"false\" data-start-open=\"none\">\n<div class=\"wp-block-kadence-pane kt-accordion-pane kt-accordion-pane-1 kt-pane5688_a16fd6-8c\"><div class=\"kt-accordion-header-wrap\"><button class=\"kt-blocks-accordion-header kt-acccordion-button-label-show\" type=\"button\"><span class=\"kt-blocks-accordion-title-wrap\"><span class=\"kt-blocks-accordion-title\">Colegio Universitario F. Layret<\/span><\/span><span class=\"kt-blocks-accordion-icon-trigger\"><\/span><\/button><\/div><div class=\"kt-accordion-panel kt-accordion-panel-hidden\"><div class=\"kt-accordion-panel-inner\">\n<p>Es el centro de la eUniv estatutariamente encargado de implantar las ense\u00f1anzas de los tres primeros ciclos del Marco de Cualificaciones del Espacio Europeo de Educaci\u00f3n Superior (QF-EHEA): Diplomas Profesionales Avanzados, Bachelor y Masters.<\/p>\n\n\n\n<div class=\"wp-block-buttons is-layout-flex wp-block-buttons-is-layout-flex\">\n<div class=\"wp-block-button boton_01\"><a class=\"wp-block-button__link wp-element-button\" href=\"https:\/\/euniv.eu\/es\/universidad\/centros\/colegio-universitario-f-layret\/\">M\u00e1s informaci\u00f3n<\/a><\/div>\n<\/div>\n<\/div><\/div><\/div>\n\n\n\n<div class=\"wp-block-kadence-pane kt-accordion-pane kt-accordion-pane-2 kt-pane5688_b0307e-c1\"><div class=\"kt-accordion-header-wrap\"><button class=\"kt-blocks-accordion-header kt-acccordion-button-label-show\" type=\"button\"><span class=\"kt-blocks-accordion-title-wrap\"><span class=\"kt-blocks-accordion-title\">Instituto Universitario de Tecnolog\u00eda Aplicada<\/span><\/span><span class=\"kt-blocks-accordion-icon-trigger\"><\/span><\/button><\/div><div class=\"kt-accordion-panel kt-accordion-panel-hidden\"><div class=\"kt-accordion-panel-inner\">\n<p>El Instituto Universitario de Tecnolog\u00eda Aplicada (IUTA) es el centro de la eUniv encargado de implantar las ense\u00f1anzas del \u00e1mbito tecnol\u00f3gico de los dos primeros ciclos del Marco de Cualificaciones del Espacio Europeo de Educaci\u00f3n Superior (QF-EHEA).<\/p>\n\n\n\n<div class=\"wp-block-buttons is-layout-flex wp-block-buttons-is-layout-flex\">\n<div class=\"wp-block-button boton_01\"><a class=\"wp-block-button__link wp-element-button\" href=\"https:\/\/euniv.eu\/es\/organizacion-euniv\/centros-euniv\/instituto-universitario-de-tecnologia-aplicada\/\">M\u00e1s informaci\u00f3n<\/a><\/div>\n<\/div>\n<\/div><\/div><\/div>\n\n\n\n<div class=\"wp-block-kadence-pane kt-accordion-pane kt-accordion-pane-4 kt-pane5688_1b8a6b-00\"><div class=\"kt-accordion-header-wrap\"><button class=\"kt-blocks-accordion-header kt-acccordion-button-label-show\" type=\"button\"><span class=\"kt-blocks-accordion-title-wrap\"><span class=\"kt-blocks-accordion-title\">Escuela de Doctorado J. H. Newman<\/span><\/span><span class=\"kt-blocks-accordion-icon-trigger\"><\/span><\/button><\/div><div class=\"kt-accordion-panel kt-accordion-panel-hidden\"><div class=\"kt-accordion-panel-inner\">\n<p>Es el centro de la eUniv estatutariamente encargado de implantar los programas de Doctorado, y al efecto se organiza en cinco c\u00e1tedras de investigaci\u00f3n especializada que son las responsables del desarrollo de las l\u00edneas de investigaci\u00f3n doctorales.<\/p>\n\n\n\n<div class=\"wp-block-buttons is-layout-flex wp-block-buttons-is-layout-flex\">\n<div class=\"wp-block-button boton_01\"><a class=\"wp-block-button__link wp-element-button\" href=\"https:\/\/euniv.eu\/es\/organizacion-euniv\/centros-euniv\/escuela-de-doctorado-j-h-newman\/\">M\u00e1s informaci\u00f3n<\/a><\/div>\n<\/div>\n<\/div><\/div><\/div>\n\n\n\n<div class=\"wp-block-kadence-pane kt-accordion-pane kt-accordion-pane-5 kt-pane5688_44268a-f6\"><div class=\"kt-accordion-header-wrap\"><button class=\"kt-blocks-accordion-header kt-acccordion-button-label-show\" type=\"button\"><span class=\"kt-blocks-accordion-title-wrap\"><span class=\"kt-blocks-accordion-title\">Escuela de Lenguas Cl\u00e1sicas<\/span><\/span><span class=\"kt-blocks-accordion-icon-trigger\"><\/span><\/button><\/div><div class=\"kt-accordion-panel kt-accordion-panel-hidden\"><div class=\"kt-accordion-panel-inner\">\n<p>Es el centro de la eUniv encargado de implantar los programas especializados en lenguas cl\u00e1sicas (Lat\u00edn, Griego, \u00c1rabe, Egipcio y S\u00e1nscrito), y otorgar los correspondientes t\u00edtulos propios acreditativos.<\/p>\n\n\n\n<div class=\"wp-block-buttons is-layout-flex wp-block-buttons-is-layout-flex\">\n<div class=\"wp-block-button boton_01\"><a class=\"wp-block-button__link wp-element-button\" href=\"https:\/\/euniv.eu\/es\/organizacion-euniv\/centros-euniv\/escuela-lenguas-clasicas\/\" target=\"_blank\" rel=\"noreferrer noopener\">M\u00e1s informaci\u00f3n<\/a><\/div>\n<\/div>\n<\/div><\/div><\/div>\n\n\n\n<div class=\"wp-block-kadence-pane kt-accordion-pane kt-accordion-pane-6 kt-pane5688_f83186-18\"><div class=\"kt-accordion-header-wrap\"><button class=\"kt-blocks-accordion-header kt-acccordion-button-label-show\" type=\"button\"><span class=\"kt-blocks-accordion-title-wrap\"><span class=\"kt-blocks-accordion-title\">Escuela de Formaci\u00f3n Continuada<\/span><\/span><span class=\"kt-blocks-accordion-icon-trigger\"><\/span><\/button><\/div><div class=\"kt-accordion-panel kt-accordion-panel-hidden\"><div class=\"kt-accordion-panel-inner\">\n<p>Es el centro responsable de la programaci\u00f3n y gesti\u00f3n de los programas conducientes a la obtenci\u00f3n de t\u00edtulos propios de la eUniv.<\/p>\n\n\n\n<div class=\"wp-block-buttons is-layout-flex wp-block-buttons-is-layout-flex\">\n<div class=\"wp-block-button boton_01\"><a class=\"wp-block-button__link wp-element-button\" href=\"https:\/\/euniv.eu\/es\/organizacion-euniv\/centros-euniv\/centros-de-titulos-propios-con-convenio\/\">M\u00e1s informaci\u00f3n<\/a><\/div>\n<\/div>\n<\/div><\/div><\/div>\n<\/div><\/div><\/div>\n<\/div><\/div>\n\n<\/div><\/div>\n\n\n<div style=\"height:100px\" aria-hidden=\"true\" class=\"wp-block-spacer\"><\/div>\n","protected":false},"excerpt":{"rendered":"<p>Centrosde la Universidad La eUniv se organiza en varios centros docentes, que asumen cada uno de ellos una misi\u00f3n generalista o bien una de especializada.<\/p>\n","protected":false},"author":3,"featured_media":0,"parent":5699,"menu_order":0,"comment_status":"closed","ping_status":"closed","template":"templates\/template-builder.php","meta":{"_editorskit_title_hidden":false,"_editorskit_reading_time":1,"_editorskit_is_block_options_detached":false,"_editorskit_block_options_position":"{}","inline_featured_image":false,"footnotes":""},"class_list":["post-5688","page","type-page","status-publish","hentry","post","without-featured-image"],"featured_image_src":null,"featured_image_src_square":null,"_links":{"self":[{"href":"https:\/\/euniv.eu\/es\/wp-json\/wp\/v2\/pages\/5688","targetHints":{"allow":["GET"]}}],"collection":[{"href":"https:\/\/euniv.eu\/es\/wp-json\/wp\/v2\/pages"}],"about":[{"href":"https:\/\/euniv.eu\/es\/wp-json\/wp\/v2\/types\/page"}],"author":[{"embeddable":true,"href":"https:\/\/euniv.eu\/es\/wp-json\/wp\/v2\/users\/3"}],"replies":[{"embeddable":true,"href":"https:\/\/euniv.eu\/es\/wp-json\/wp\/v2\/comments?post=5688"}],"version-history":[{"count":8,"href":"https:\/\/euniv.eu\/es\/wp-json\/wp\/v2\/pages\/5688\/revisions"}],"predecessor-version":[{"id":19012,"href":"https:\/\/euniv.eu\/es\/wp-json\/wp\/v2\/pages\/5688\/revisions\/19012"}],"up":[{"embeddable":true,"href":"https:\/\/euniv.eu\/es\/wp-json\/wp\/v2\/pages\/5699"}],"wp:attachment":[{"href":"https:\/\/euniv.eu\/es\/wp-json\/wp\/v2\/media?parent=5688"}],"curies":[{"name":"wp","href":"https:\/\/api.w.org\/{rel}","templated":true}]}}