{"id":5694,"date":"2022-03-31T15:03:43","date_gmt":"2022-03-31T15:03:43","guid":{"rendered":"https:\/\/euniv.eu\/?page_id=5694"},"modified":"2022-03-31T15:04:02","modified_gmt":"2022-03-31T15:04:02","slug":"facultades-euniv","status":"publish","type":"page","link":"https:\/\/euniv.eu\/es\/organizacion-euniv\/facultades-euniv\/","title":{"rendered":"Facultades EUniv"},"content":{"rendered":"<style>#kt-layout-id_7ccb8f-8f > .kt-row-column-wrap{align-content:start;}:where(#kt-layout-id_7ccb8f-8f > .kt-row-column-wrap) > .wp-block-kadence-column{justify-content:start;}#kt-layout-id_7ccb8f-8f > .kt-row-column-wrap{column-gap:var(--global-kb-gap-lg, 4rem);row-gap:var(--global-kb-gap-md, 2rem);max-width:1240px;margin-left:auto;margin-right:auto;padding-top:var( --global-kb-row-default-top, 25px );padding-bottom:var( --global-kb-row-default-bottom, 25px );padding-top:var(--global-kb-spacing-sm, 1.5rem);padding-bottom:var(--global-kb-spacing-sm, 1.5rem);grid-template-columns:minmax(0, calc(30% - ((var(--global-kb-gap-lg, 4rem) * 1 )\/2)))minmax(0, calc(70% - ((var(--global-kb-gap-lg, 4rem) * 1 )\/2)));}#kt-layout-id_7ccb8f-8f > .kt-row-layout-overlay{opacity:0.30;}@media all and (max-width: 1024px){#kt-layout-id_7ccb8f-8f > .kt-row-column-wrap{grid-template-columns:minmax(0, 1fr) minmax(0, 2fr);}}@media all and (max-width: 767px){#kt-layout-id_7ccb8f-8f > .kt-row-column-wrap{grid-template-columns:minmax(0, 1fr);}}<\/style>\n<div class=\"wp-block-kadence-rowlayout alignnone\"><div id=\"kt-layout-id_7ccb8f-8f\" class=\"kt-row-layout-inner kt-layout-id_7ccb8f-8f\"><div class=\"kt-row-column-wrap kt-has-2-columns kt-gutter-wider kt-v-gutter-default kt-row-valign-top kt-row-layout-right-golden kt-tab-layout-inherit kt-m-colapse-left-to-right kt-mobile-layout-row  kt-custom-first-width-30  kt-custom-second-width-70\"><style>.kadence-column_70486e-0d > .kt-inside-inner-col{border-top-width:0px;border-right-width:0px;border-bottom-width:0px;border-left-width:0px;}.kadence-column_70486e-0d > .kt-inside-inner-col,.kadence-column_70486e-0d > .kt-inside-inner-col:before{border-top-left-radius:0px;border-top-right-radius:0px;border-bottom-right-radius:0px;border-bottom-left-radius:0px;}.kadence-column_70486e-0d > .kt-inside-inner-col{column-gap:var(--global-kb-gap-sm, 1rem);}.kadence-column_70486e-0d > .kt-inside-inner-col{flex-direction:column;}.kadence-column_70486e-0d > .kt-inside-inner-col > .aligncenter{width:100%;}.kadence-column_70486e-0d > .kt-inside-inner-col:before{opacity:0.3;}.kadence-column_70486e-0d{position:relative;}@media all and (max-width: 1024px){.kadence-column_70486e-0d > .kt-inside-inner-col{flex-direction:column;justify-content:center;}}@media all and (max-width: 767px){.kadence-column_70486e-0d > .kt-inside-inner-col{flex-direction:column;justify-content:center;}}<\/style>\n<div class=\"wp-block-kadence-column inner-column-1 kadence-column_70486e-0d animated fadeInLeft\"><div class=\"kt-inside-inner-col\"><ul id=\"menu-organizacion-es\" class=\"menu menu_left\"><li id=\"menu-item-11183\" class=\"menu-item menu-item-type-post_type menu-item-object-page menu-item-has-children menu-item-11183\"><a href=\"https:\/\/euniv.eu\/es\/organizacion-euniv\/centros-euniv\/\">Centros EUniv<\/a>\n<ul class=\"sub-menu\">\n\t<li id=\"menu-item-18903\" class=\"menu-item menu-item-type-post_type menu-item-object-page menu-item-18903\"><a href=\"https:\/\/euniv.eu\/es\/organizacion-euniv\/centros-euniv\/instituto-universitario-de-tecnologia-aplicada\/\">Instituto Universitario de Tecnolog\u00eda Aplicada<\/a><\/li>\n<\/ul>\n<\/li>\n<li id=\"menu-item-5706\" class=\"menu-item menu-item-type-post_type menu-item-object-page menu-item-has-children menu-item-5706\"><a href=\"https:\/\/euniv.eu\/es\/organizacion-euniv\/facultades-euniv\/\">Facultades EUniv<\/a>\n<ul class=\"sub-menu\">\n\t<li id=\"menu-item-11185\" class=\"menu-item menu-item-type-post_type menu-item-object-page menu-item-11185\"><a href=\"https:\/\/euniv.eu\/es\/organizacion-euniv\/facultades-euniv\/facultad-de-medicina-y-ciencias-de-la-salud\/\">Medicina y Ciencias de la Salud y Tecnolog\u00edas<\/a><\/li>\n\t<li id=\"menu-item-11186\" class=\"menu-item menu-item-type-post_type menu-item-object-page menu-item-11186\"><a href=\"https:\/\/euniv.eu\/es\/organizacion-euniv\/facultades-euniv\/facultad-de-teologia-y-estudios-de-la-religion\/\">Teolog\u00eda y Estudios de la Religi\u00f3n<\/a><\/li>\n<\/ul>\n<\/li>\n<\/ul>\n<\/div><\/div>\n\n\n<style>.kadence-column_02f96e-3c > .kt-inside-inner-col{border-top-width:0px;border-right-width:0px;border-bottom-width:0px;border-left-width:0px;}.kadence-column_02f96e-3c > .kt-inside-inner-col,.kadence-column_02f96e-3c > .kt-inside-inner-col:before{border-top-left-radius:0px;border-top-right-radius:0px;border-bottom-right-radius:0px;border-bottom-left-radius:0px;}.kadence-column_02f96e-3c > .kt-inside-inner-col{column-gap:var(--global-kb-gap-sm, 1rem);}.kadence-column_02f96e-3c > .kt-inside-inner-col{flex-direction:column;}.kadence-column_02f96e-3c > .kt-inside-inner-col > .aligncenter{width:100%;}.kadence-column_02f96e-3c > .kt-inside-inner-col:before{opacity:0.3;}.kadence-column_02f96e-3c{position:relative;}@media all and (max-width: 1024px){.kadence-column_02f96e-3c > .kt-inside-inner-col{flex-direction:column;justify-content:center;}}@media all and (max-width: 767px){.kadence-column_02f96e-3c > .kt-inside-inner-col{flex-direction:column;justify-content:center;}}<\/style>\n<div class=\"wp-block-kadence-column inner-column-2 kadence-column_02f96e-3c animated fadeIn slow\"><div class=\"kt-inside-inner-col\"><style>#kt-layout-id_fcb1a1-32 > .kt-row-column-wrap{align-content:center;}:where(#kt-layout-id_fcb1a1-32 > .kt-row-column-wrap) > .wp-block-kadence-column{justify-content:center;}#kt-layout-id_fcb1a1-32 > .kt-row-column-wrap{column-gap:20px;row-gap:var(--global-kb-gap-md, 2rem);padding-top:var( --global-kb-row-default-top, 25px );padding-bottom:var( --global-kb-row-default-bottom, 25px );padding-top:var(--global-kb-spacing-sm, 1.5rem);padding-bottom:var(--global-kb-spacing-sm, 1.5rem);grid-template-columns:minmax(0, calc(15% - ((20px * 1 )\/2)))minmax(0, calc(85% - ((20px * 1 )\/2)));}#kt-layout-id_fcb1a1-32 > .kt-row-layout-overlay{opacity:0.30;}@media all and (max-width: 1024px){#kt-layout-id_fcb1a1-32 > .kt-row-column-wrap{grid-template-columns:minmax(0, 1fr) minmax(0, 2fr);}}@media all and (max-width: 767px){#kt-layout-id_fcb1a1-32 > .kt-row-column-wrap{grid-template-columns:minmax(0, 1fr);}}<\/style>\n<div class=\"wp-block-kadence-rowlayout alignnone\"><div id=\"kt-layout-id_fcb1a1-32\" class=\"kt-row-layout-inner kt-layout-id_fcb1a1-32\"><div class=\"kt-row-column-wrap kt-has-2-columns kt-gutter-narrow kt-v-gutter-default kt-row-valign-middle kt-row-layout-right-golden kt-tab-layout-inherit kt-m-colapse-left-to-right kt-mobile-layout-row  kt-custom-first-width-15  kt-custom-second-width-85\"><style>.kadence-column_293244-aa > .kt-inside-inner-col{border-top-width:0px;border-right-width:0px;border-bottom-width:0px;border-left-width:0px;}.kadence-column_293244-aa > .kt-inside-inner-col,.kadence-column_293244-aa > .kt-inside-inner-col:before{border-top-left-radius:0px;border-top-right-radius:0px;border-bottom-right-radius:0px;border-bottom-left-radius:0px;}.kadence-column_293244-aa > .kt-inside-inner-col{column-gap:var(--global-kb-gap-sm, 1rem);}.kadence-column_293244-aa > .kt-inside-inner-col{flex-direction:column;}.kadence-column_293244-aa > .kt-inside-inner-col > .aligncenter{width:100%;}.kadence-column_293244-aa > .kt-inside-inner-col:before{opacity:0.3;}.kadence-column_293244-aa{position:relative;}@media all and (max-width: 1024px){.kadence-column_293244-aa > .kt-inside-inner-col{flex-direction:column;justify-content:center;}}@media all and (max-width: 767px){.kadence-column_293244-aa > .kt-inside-inner-col{flex-direction:column;justify-content:center;}}<\/style>\n<div class=\"wp-block-kadence-column inner-column-1 kadence-column_293244-aa\"><div class=\"kt-inside-inner-col\">\n<figure class=\"wp-block-image size-large\"><img loading=\"lazy\" decoding=\"async\" width=\"112\" height=\"150\" src=\"https:\/\/euniv.eu\/wp-content\/uploads\/\/2020\/09\/ico_p.svg\" alt=\"P\" class=\"wp-image-1830\"\/><\/figure>\n<\/div><\/div>\n\n\n<style>.kadence-column_54b0b9-9c > .kt-inside-inner-col{border-top-width:0px;border-right-width:0px;border-bottom-width:0px;border-left-width:0px;}.kadence-column_54b0b9-9c > .kt-inside-inner-col,.kadence-column_54b0b9-9c > .kt-inside-inner-col:before{border-top-left-radius:0px;border-top-right-radius:0px;border-bottom-right-radius:0px;border-bottom-left-radius:0px;}.kadence-column_54b0b9-9c > .kt-inside-inner-col{column-gap:var(--global-kb-gap-sm, 1rem);}.kadence-column_54b0b9-9c > .kt-inside-inner-col{flex-direction:column;}.kadence-column_54b0b9-9c > .kt-inside-inner-col > .aligncenter{width:100%;}.kadence-column_54b0b9-9c > .kt-inside-inner-col:before{opacity:0.3;}.kadence-column_54b0b9-9c{position:relative;}@media all and (max-width: 1024px){.kadence-column_54b0b9-9c > .kt-inside-inner-col{flex-direction:column;justify-content:center;}}@media all and (max-width: 767px){.kadence-column_54b0b9-9c > .kt-inside-inner-col{flex-direction:column;justify-content:center;}}<\/style>\n<div class=\"wp-block-kadence-column inner-column-2 kadence-column_54b0b9-9c\"><div class=\"kt-inside-inner-col\">\n<h1 class=\"wp-block-heading\">Docentes e investigadores<\/h1>\n<\/div><\/div>\n<\/div><\/div><\/div>\n\n\n\n<p>De acuerdo con los Estatutos, el personal acad\u00e9mico de la eUniv desarrolla, con car\u00e1cter ordinario, actividades docentes, de investigaci\u00f3n y de gesti\u00f3n acad\u00e9mica, y el Rectorado le otorga anualmente la <em>venia docendi<\/em>, que conlleva el ejercicio de la docencia con responsabilidad plena. <\/p>\n\n\n\n<h2 class=\"wp-block-heading\">El personal acad\u00e9mico de la eUniv se clasifica en cuatro categor\u00edas estatutarias:<\/h2>\n\n\n<style>.kt-accordion-id_e6616a-04 .kt-accordion-inner-wrap{column-gap:var(--global-kb-gap-md, 2rem);row-gap:10px;}.kt-accordion-id_e6616a-04 .kt-accordion-panel-inner{border-top-width:0px;border-right-width:1px;border-bottom-width:1px;border-left-width:1px;background:#ffffff;padding-top:var(--global-kb-spacing-sm, 1.5rem);padding-right:var(--global-kb-spacing-sm, 1.5rem);padding-bottom:var(--global-kb-spacing-sm, 1.5rem);padding-left:var(--global-kb-spacing-sm, 1.5rem);}.kt-accordion-id_e6616a-04 > .kt-accordion-inner-wrap > .wp-block-kadence-pane > .kt-accordion-header-wrap > .kt-blocks-accordion-header{border-top-color:#eeeeee;border-right-color:#eeeeee;border-bottom-color:#eeeeee;border-left-color:#eeeeee;border-top-width:1px;border-right-width:1px;border-bottom-width:1px;border-left-width:2px;border-top-left-radius:0px;border-top-right-radius:0px;border-bottom-right-radius:0px;border-bottom-left-radius:0px;background:#ffffff;font-size:18px;line-height:24px;color:#444444;padding-top:14px;padding-right:16px;padding-bottom:14px;padding-left:16px;}.kt-accordion-id_e6616a-04:not( .kt-accodion-icon-style-basiccircle ):not( .kt-accodion-icon-style-xclosecircle ):not( .kt-accodion-icon-style-arrowcircle )  > .kt-accordion-inner-wrap > .wp-block-kadence-pane > .kt-accordion-header-wrap .kt-blocks-accordion-icon-trigger:after, .kt-accordion-id_e6616a-04:not( .kt-accodion-icon-style-basiccircle ):not( .kt-accodion-icon-style-xclosecircle ):not( .kt-accodion-icon-style-arrowcircle )  > .kt-accordion-inner-wrap > .wp-block-kadence-pane > .kt-accordion-header-wrap .kt-blocks-accordion-icon-trigger:before{background:#444444;}.kt-accordion-id_e6616a-04:not( .kt-accodion-icon-style-basic ):not( .kt-accodion-icon-style-xclose ):not( .kt-accodion-icon-style-arrow ) .kt-blocks-accordion-icon-trigger{background:#444444;}.kt-accordion-id_e6616a-04:not( .kt-accodion-icon-style-basic ):not( .kt-accodion-icon-style-xclose ):not( .kt-accodion-icon-style-arrow ) .kt-blocks-accordion-icon-trigger:after, .kt-accordion-id_e6616a-04:not( .kt-accodion-icon-style-basic ):not( .kt-accodion-icon-style-xclose ):not( .kt-accodion-icon-style-arrow ) .kt-blocks-accordion-icon-trigger:before{background:#ffffff;}.kt-accordion-id_e6616a-04 > .kt-accordion-inner-wrap > .wp-block-kadence-pane > .kt-accordion-header-wrap > .kt-blocks-accordion-header:hover, \n\t\t\t\tbody:not(.hide-focus-outline) .kt-accordion-id_e6616a-04 .kt-blocks-accordion-header:focus-visible{color:#444444;background:#ffffff;border-top-color:#d4d4d4;border-right-color:#d4d4d4;border-bottom-color:#d4d4d4;border-left-color:#d4d4d4;}.kt-accordion-id_e6616a-04:not( .kt-accodion-icon-style-basiccircle ):not( .kt-accodion-icon-style-xclosecircle ):not( .kt-accodion-icon-style-arrowcircle ) .kt-accordion-header-wrap .kt-blocks-accordion-header:hover .kt-blocks-accordion-icon-trigger:after, .kt-accordion-id_e6616a-04:not( .kt-accodion-icon-style-basiccircle ):not( .kt-accodion-icon-style-xclosecircle ):not( .kt-accodion-icon-style-arrowcircle ) .kt-accordion-header-wrap .kt-blocks-accordion-header:hover .kt-blocks-accordion-icon-trigger:before, body:not(.hide-focus-outline) .kt-accordion-id_e6616a-04:not( .kt-accodion-icon-style-basiccircle ):not( .kt-accodion-icon-style-xclosecircle ):not( .kt-accodion-icon-style-arrowcircle ) .kt-blocks-accordion--visible .kt-blocks-accordion-icon-trigger:after, body:not(.hide-focus-outline) .kt-accordion-id_e6616a-04:not( .kt-accodion-icon-style-basiccircle ):not( .kt-accodion-icon-style-xclosecircle ):not( .kt-accodion-icon-style-arrowcircle ) .kt-blocks-accordion-header:focus-visible .kt-blocks-accordion-icon-trigger:before{background:#444444;}.kt-accordion-id_e6616a-04:not( .kt-accodion-icon-style-basic ):not( .kt-accodion-icon-style-xclose ):not( .kt-accodion-icon-style-arrow ) .kt-accordion-header-wrap .kt-blocks-accordion-header:hover .kt-blocks-accordion-icon-trigger, body:not(.hide-focus-outline) .kt-accordion-id_e6616a-04:not( .kt-accodion-icon-style-basic ):not( .kt-accodion-icon-style-xclose ):not( .kt-accodion-icon-style-arrow ) .kt-accordion-header-wrap .kt-blocks-accordion-header:focus-visible .kt-blocks-accordion-icon-trigger{background:#444444;}.kt-accordion-id_e6616a-04:not( .kt-accodion-icon-style-basic ):not( .kt-accodion-icon-style-xclose ):not( .kt-accodion-icon-style-arrow ) .kt-accordion-header-wrap .kt-blocks-accordion-header:hover .kt-blocks-accordion-icon-trigger:after, .kt-accordion-id_e6616a-04:not( .kt-accodion-icon-style-basic ):not( .kt-accodion-icon-style-xclose ):not( .kt-accodion-icon-style-arrow ) .kt-accordion-header-wrap .kt-blocks-accordion-header:hover .kt-blocks-accordion-icon-trigger:before, body:not(.hide-focus-outline) .kt-accordion-id_e6616a-04:not( .kt-accodion-icon-style-basic ):not( .kt-accodion-icon-style-xclose ):not( .kt-accodion-icon-style-arrow ) .kt-accordion-header-wrap .kt-blocks-accordion-header:focus-visible .kt-blocks-accordion-icon-trigger:after, body:not(.hide-focus-outline) .kt-accordion-id_e6616a-04:not( .kt-accodion-icon-style-basic ):not( .kt-accodion-icon-style-xclose ):not( .kt-accodion-icon-style-arrow ) .kt-accordion-header-wrap .kt-blocks-accordion-header:focus-visible .kt-blocks-accordion-icon-trigger:before{background:#ffffff;}.kt-accordion-id_e6616a-04 .kt-accordion-header-wrap .kt-blocks-accordion-header:focus-visible,\n\t\t\t\t.kt-accordion-id_e6616a-04 > .kt-accordion-inner-wrap > .wp-block-kadence-pane > .kt-accordion-header-wrap > .kt-blocks-accordion-header.kt-accordion-panel-active{color:#444444;background:#ffffff;border-top-color:#eeeeee;border-right-color:#eeeeee;border-bottom-color:#eeeeee;border-left-color:#0e9cd1;}.kt-accordion-id_e6616a-04:not( .kt-accodion-icon-style-basiccircle ):not( .kt-accodion-icon-style-xclosecircle ):not( .kt-accodion-icon-style-arrowcircle )  > .kt-accordion-inner-wrap > .wp-block-kadence-pane > .kt-accordion-header-wrap > .kt-blocks-accordion-header.kt-accordion-panel-active .kt-blocks-accordion-icon-trigger:after, .kt-accordion-id_e6616a-04:not( .kt-accodion-icon-style-basiccircle ):not( .kt-accodion-icon-style-xclosecircle ):not( .kt-accodion-icon-style-arrowcircle )  > .kt-accordion-inner-wrap > .wp-block-kadence-pane > .kt-accordion-header-wrap > .kt-blocks-accordion-header.kt-accordion-panel-active .kt-blocks-accordion-icon-trigger:before{background:#444444;}.kt-accordion-id_e6616a-04:not( .kt-accodion-icon-style-basic ):not( .kt-accodion-icon-style-xclose ):not( .kt-accodion-icon-style-arrow ) .kt-blocks-accordion-header.kt-accordion-panel-active .kt-blocks-accordion-icon-trigger{background:#444444;}.kt-accordion-id_e6616a-04:not( .kt-accodion-icon-style-basic ):not( .kt-accodion-icon-style-xclose ):not( .kt-accodion-icon-style-arrow ) .kt-blocks-accordion-header.kt-accordion-panel-active .kt-blocks-accordion-icon-trigger:after, .kt-accordion-id_e6616a-04:not( .kt-accodion-icon-style-basic ):not( .kt-accodion-icon-style-xclose ):not( .kt-accodion-icon-style-arrow ) .kt-blocks-accordion-header.kt-accordion-panel-active .kt-blocks-accordion-icon-trigger:before{background:#ffffff;}@media all and (max-width: 767px){.kt-accordion-id_e6616a-04 .kt-accordion-inner-wrap{display:block;}.kt-accordion-id_e6616a-04 .kt-accordion-inner-wrap .kt-accordion-pane:not(:first-child){margin-top:10px;}}<\/style>\n<div class=\"wp-block-kadence-accordion alignnone\"><div class=\"kt-accordion-wrap kt-accordion-wrap kt-accordion-id_e6616a-04 kt-accordion-has-5-panes kt-active-pane-0 kt-accordion-block kt-pane-header-alignment-left kt-accodion-icon-style-arrow kt-accodion-icon-side-right\" style=\"max-width:none\"><div class=\"kt-accordion-inner-wrap\" data-allow-multiple-open=\"false\" data-start-open=\"none\">\n<div class=\"wp-block-kadence-pane kt-accordion-pane kt-accordion-pane-1 kt-pane_9cab6e-02\"><div class=\"kt-accordion-header-wrap\"><button class=\"kt-blocks-accordion-header kt-acccordion-button-label-show\"><span class=\"kt-blocks-accordion-title-wrap\"><span class=\"kt-blocks-accordion-title\">Profesorado Titular<\/span><\/span><span class=\"kt-blocks-accordion-icon-trigger\"><\/span><\/button><\/div><div class=\"kt-accordion-panel kt-accordion-panel-hidden\"><div class=\"kt-accordion-panel-inner\">\n<p>Personal acad\u00e9mico doctorado, con dedicaci\u00f3n ordinaria en la Universidad, que asume la direcci\u00f3n de proyectos de investigaci\u00f3n y la docencia plena en los cuatro niveles de estudios implantados en la eUniv; si acredita la evaluaci\u00f3n positiva de su actividad cient\u00edfica por parte de una agencia de calidad, recibe el reconocimiento de Catedr\u00e1tico de la eUniv.<\/p>\n<\/div><\/div><\/div>\n\n\n\n<div class=\"wp-block-kadence-pane kt-accordion-pane kt-accordion-pane-3 kt-pane_86e8e4-7a\"><div class=\"kt-accordion-header-wrap\"><button class=\"kt-blocks-accordion-header kt-acccordion-button-label-show\"><span class=\"kt-blocks-accordion-title-wrap\"><span class=\"kt-blocks-accordion-title\">Profesorado Colaborador<\/span><\/span><span class=\"kt-blocks-accordion-icon-trigger\"><\/span><\/button><\/div><div class=\"kt-accordion-panel kt-accordion-panel-hidden\"><div class=\"kt-accordion-panel-inner\">\n<p>Personal acad\u00e9mico con el t\u00edtulo de m\u00e1ster o nivel equivalente, que asume docencia plena en las ense\u00f1anzas de Diploma Profesional Avanzado, Bachelor o de M\u00e1ster.<\/p>\n<\/div><\/div><\/div>\n\n\n\n<div class=\"wp-block-kadence-pane kt-accordion-pane kt-accordion-pane-4 kt-pane_aabdcb-34\"><div class=\"kt-accordion-header-wrap\"><button class=\"kt-blocks-accordion-header kt-acccordion-button-label-show\"><span class=\"kt-blocks-accordion-title-wrap\"><span class=\"kt-blocks-accordion-title\">Profesorado Ayudante<\/span><\/span><span class=\"kt-blocks-accordion-icon-trigger\"><\/span><\/button><\/div><div class=\"kt-accordion-panel kt-accordion-panel-hidden\"><div class=\"kt-accordion-panel-inner\">\n<p>Personal acad\u00e9mico con el t\u00edtulo de m\u00e1ster o nivel equivalente que se encarga de las tareas de apoyo a la docencia, la investigaci\u00f3n y la tutor\u00eda del alumnado.<\/p>\n<\/div><\/div><\/div>\n\n\n\n<div class=\"wp-block-kadence-pane kt-accordion-pane kt-accordion-pane-5 kt-pane_754366-97\"><div class=\"kt-accordion-header-wrap\"><button class=\"kt-blocks-accordion-header kt-acccordion-button-label-show\"><span class=\"kt-blocks-accordion-title-wrap\"><span class=\"kt-blocks-accordion-title\">Profesorado Visitante<\/span><\/span><span class=\"kt-blocks-accordion-icon-trigger\"><\/span><\/button><\/div><div class=\"kt-accordion-panel kt-accordion-panel-hidden\"><div class=\"kt-accordion-panel-inner\">\n<p>Personal acad\u00e9mico de otras instituciones de educaci\u00f3n superior, que asume un encargo docente eventual y lleno en los estudios implantados, de acuerdo con su titulaci\u00f3n acreditada.<\/p>\n<\/div><\/div><\/div>\n<\/div><\/div><\/div>\n\n\n\n<p>El personal acad\u00e9mico de la eUniv se ordena en facultades que agregan, en raz\u00f3n de su afinidad cient\u00edfica, las diferentes \u00e1reas de conocimiento presentes en los planes de estudios de las ense\u00f1anzas.<\/p>\n<\/div><\/div>\n<\/div><\/div><\/div>\n\n\n\n<div style=\"height:100px\" aria-hidden=\"true\" class=\"wp-block-spacer\"><\/div>\n","protected":false},"excerpt":{"rendered":"<p>Docentes e investigadores De acuerdo con los Estatutos, el personal acad\u00e9mico de la eUniv desarrolla, con car\u00e1cter ordinario, actividades docentes, de investigaci\u00f3n y de gesti\u00f3n acad\u00e9mica, y el Rectorado le otorga anualmente la venia docendi, que conlleva el ejercicio de la docencia con responsabilidad plena. El personal acad\u00e9mico de la eUniv se clasifica en cuatro &hellip;<\/p>\n","protected":false},"author":3,"featured_media":0,"parent":5699,"menu_order":0,"comment_status":"closed","ping_status":"closed","template":"templates\/template-builder.php","meta":{"_editorskit_title_hidden":false,"_editorskit_reading_time":1,"_editorskit_is_block_options_detached":false,"_editorskit_block_options_position":"{}","inline_featured_image":false,"footnotes":""},"class_list":["post-5694","page","type-page","status-publish","hentry","post","without-featured-image"],"featured_image_src":null,"featured_image_src_square":null,"_links":{"self":[{"href":"https:\/\/euniv.eu\/es\/wp-json\/wp\/v2\/pages\/5694","targetHints":{"allow":["GET"]}}],"collection":[{"href":"https:\/\/euniv.eu\/es\/wp-json\/wp\/v2\/pages"}],"about":[{"href":"https:\/\/euniv.eu\/es\/wp-json\/wp\/v2\/types\/page"}],"author":[{"embeddable":true,"href":"https:\/\/euniv.eu\/es\/wp-json\/wp\/v2\/users\/3"}],"replies":[{"embeddable":true,"href":"https:\/\/euniv.eu\/es\/wp-json\/wp\/v2\/comments?post=5694"}],"version-history":[{"count":2,"href":"https:\/\/euniv.eu\/es\/wp-json\/wp\/v2\/pages\/5694\/revisions"}],"predecessor-version":[{"id":5696,"href":"https:\/\/euniv.eu\/es\/wp-json\/wp\/v2\/pages\/5694\/revisions\/5696"}],"up":[{"embeddable":true,"href":"https:\/\/euniv.eu\/es\/wp-json\/wp\/v2\/pages\/5699"}],"wp:attachment":[{"href":"https:\/\/euniv.eu\/es\/wp-json\/wp\/v2\/media?parent=5694"}],"curies":[{"name":"wp","href":"https:\/\/api.w.org\/{rel}","templated":true}]}}