{"id":5699,"date":"2022-03-31T15:08:29","date_gmt":"2022-03-31T15:08:29","guid":{"rendered":"https:\/\/euniv.eu\/?page_id=5699"},"modified":"2025-11-26T12:38:05","modified_gmt":"2025-11-26T11:38:05","slug":"organizacion-euniv","status":"publish","type":"page","link":"https:\/\/euniv.eu\/es\/organizacion-euniv\/","title":{"rendered":"Organizaci\u00f3n EUniv"},"content":{"rendered":"<style>.kb-row-layout-id5699_ad2f19-83 > .kt-row-column-wrap{align-content:start;}:where(.kb-row-layout-id5699_ad2f19-83 > .kt-row-column-wrap) > .wp-block-kadence-column{justify-content:start;}.kb-row-layout-id5699_ad2f19-83 > .kt-row-column-wrap{column-gap:var(--global-kb-gap-lg, 4rem);row-gap:var(--global-kb-gap-md, 2rem);max-width:1240px;margin-left:auto;margin-right:auto;padding-top:var(--global-kb-spacing-sm, 1.5rem);padding-bottom:var(--global-kb-spacing-sm, 1.5rem);grid-template-columns:minmax(0, calc(30% - ((var(--global-kb-gap-lg, 4rem) * 1 )\/2)))minmax(0, calc(70% - ((var(--global-kb-gap-lg, 4rem) * 1 )\/2)));}.kb-row-layout-id5699_ad2f19-83 > .kt-row-layout-overlay{opacity:0.30;}@media all and (max-width: 1024px){.kb-row-layout-id5699_ad2f19-83 > .kt-row-column-wrap{grid-template-columns:minmax(0, 1fr) minmax(0, 2fr);}}@media all and (max-width: 767px){.kb-row-layout-id5699_ad2f19-83 > .kt-row-column-wrap{grid-template-columns:minmax(0, 1fr);}}<\/style><div class=\"kb-row-layout-wrap kb-row-layout-id5699_ad2f19-83 alignnone wp-block-kadence-rowlayout\"><div class=\"kt-row-column-wrap kt-has-2-columns kt-row-layout-right-golden kt-tab-layout-inherit kt-mobile-layout-row kt-row-valign-top\">\n<style>.kadence-column5699_fc7548-66 > .kt-inside-inner-col,.kadence-column5699_fc7548-66 > .kt-inside-inner-col:before{border-top-left-radius:0px;border-top-right-radius:0px;border-bottom-right-radius:0px;border-bottom-left-radius:0px;}.kadence-column5699_fc7548-66 > .kt-inside-inner-col{column-gap:var(--global-kb-gap-sm, 1rem);}.kadence-column5699_fc7548-66 > .kt-inside-inner-col{flex-direction:column;}.kadence-column5699_fc7548-66 > .kt-inside-inner-col > .aligncenter{width:100%;}.kadence-column5699_fc7548-66 > .kt-inside-inner-col:before{opacity:0.3;}.kadence-column5699_fc7548-66{position:relative;}@media all and (max-width: 1024px){.kadence-column5699_fc7548-66 > .kt-inside-inner-col{flex-direction:column;justify-content:center;}}@media all and (max-width: 767px){.kadence-column5699_fc7548-66 > .kt-inside-inner-col{flex-direction:column;justify-content:center;}}<\/style>\n<div class=\"wp-block-kadence-column kadence-column5699_fc7548-66 inner-column-1 animated fadeInLeft\"><div class=\"kt-inside-inner-col\"><ul id=\"menu-organizacion-es\" class=\"menu menu_left\"><li id=\"menu-item-11183\" class=\"menu-item menu-item-type-post_type menu-item-object-page menu-item-has-children menu-item-11183\"><a href=\"https:\/\/euniv.eu\/es\/organizacion-euniv\/centros-euniv\/\">Centros EUniv<\/a>\n<ul class=\"sub-menu\">\n\t<li id=\"menu-item-18903\" class=\"menu-item menu-item-type-post_type menu-item-object-page menu-item-18903\"><a href=\"https:\/\/euniv.eu\/es\/organizacion-euniv\/centros-euniv\/instituto-universitario-de-tecnologia-aplicada\/\">Instituto Universitario de Tecnolog\u00eda Aplicada<\/a><\/li>\n<\/ul>\n<\/li>\n<li id=\"menu-item-5706\" class=\"menu-item menu-item-type-post_type menu-item-object-page menu-item-has-children menu-item-5706\"><a href=\"https:\/\/euniv.eu\/es\/organizacion-euniv\/facultades-euniv\/\">Facultades EUniv<\/a>\n<ul class=\"sub-menu\">\n\t<li id=\"menu-item-11185\" class=\"menu-item menu-item-type-post_type menu-item-object-page menu-item-11185\"><a href=\"https:\/\/euniv.eu\/es\/organizacion-euniv\/facultades-euniv\/facultad-de-medicina-y-ciencias-de-la-salud\/\">Medicina y Ciencias de la Salud y Tecnolog\u00edas<\/a><\/li>\n\t<li id=\"menu-item-11186\" class=\"menu-item menu-item-type-post_type menu-item-object-page menu-item-11186\"><a href=\"https:\/\/euniv.eu\/es\/organizacion-euniv\/facultades-euniv\/facultad-de-teologia-y-estudios-de-la-religion\/\">Teolog\u00eda y Estudios de la Religi\u00f3n<\/a><\/li>\n<\/ul>\n<\/li>\n<\/ul>\n<\/div><\/div>\n\n\n<style>.kadence-column5699_0b8fc8-d8 > .kt-inside-inner-col,.kadence-column5699_0b8fc8-d8 > .kt-inside-inner-col:before{border-top-left-radius:0px;border-top-right-radius:0px;border-bottom-right-radius:0px;border-bottom-left-radius:0px;}.kadence-column5699_0b8fc8-d8 > .kt-inside-inner-col{column-gap:var(--global-kb-gap-sm, 1rem);}.kadence-column5699_0b8fc8-d8 > .kt-inside-inner-col{flex-direction:column;}.kadence-column5699_0b8fc8-d8 > .kt-inside-inner-col > .aligncenter{width:100%;}.kadence-column5699_0b8fc8-d8 > .kt-inside-inner-col:before{opacity:0.3;}.kadence-column5699_0b8fc8-d8{position:relative;}@media all and (max-width: 1024px){.kadence-column5699_0b8fc8-d8 > .kt-inside-inner-col{flex-direction:column;justify-content:center;}}@media all and (max-width: 767px){.kadence-column5699_0b8fc8-d8 > .kt-inside-inner-col{flex-direction:column;justify-content:center;}}<\/style>\n<div class=\"wp-block-kadence-column kadence-column5699_0b8fc8-d8 inner-column-2 animated fadeIn slow\"><div class=\"kt-inside-inner-col\"><style>.kb-row-layout-id5699_f05de3-ef > .kt-row-column-wrap{align-content:center;}:where(.kb-row-layout-id5699_f05de3-ef > .kt-row-column-wrap) > .wp-block-kadence-column{justify-content:center;}.kb-row-layout-id5699_f05de3-ef > .kt-row-column-wrap{column-gap:20px;row-gap:var(--global-kb-gap-md, 2rem);padding-top:var(--global-kb-spacing-sm, 1.5rem);padding-bottom:var(--global-kb-spacing-sm, 1.5rem);grid-template-columns:minmax(0, calc(15% - ((20px * 1 )\/2)))minmax(0, calc(85% - ((20px * 1 )\/2)));}.kb-row-layout-id5699_f05de3-ef > .kt-row-layout-overlay{opacity:0.30;}@media all and (max-width: 1024px){.kb-row-layout-id5699_f05de3-ef > .kt-row-column-wrap{grid-template-columns:minmax(0, 1fr) minmax(0, 2fr);}}@media all and (max-width: 767px){.kb-row-layout-id5699_f05de3-ef > .kt-row-column-wrap{grid-template-columns:minmax(0, 1fr);}}<\/style><div class=\"kb-row-layout-wrap kb-row-layout-id5699_f05de3-ef alignnone wp-block-kadence-rowlayout\"><div class=\"kt-row-column-wrap kt-has-2-columns kt-row-layout-right-golden kt-tab-layout-inherit kt-mobile-layout-row kt-row-valign-middle\">\n<style>.kadence-column5699_94af11-6c > .kt-inside-inner-col,.kadence-column5699_94af11-6c > .kt-inside-inner-col:before{border-top-left-radius:0px;border-top-right-radius:0px;border-bottom-right-radius:0px;border-bottom-left-radius:0px;}.kadence-column5699_94af11-6c > .kt-inside-inner-col{column-gap:var(--global-kb-gap-sm, 1rem);}.kadence-column5699_94af11-6c > .kt-inside-inner-col{flex-direction:column;}.kadence-column5699_94af11-6c > .kt-inside-inner-col > .aligncenter{width:100%;}.kadence-column5699_94af11-6c > .kt-inside-inner-col:before{opacity:0.3;}.kadence-column5699_94af11-6c{position:relative;}@media all and (max-width: 1024px){.kadence-column5699_94af11-6c > .kt-inside-inner-col{flex-direction:column;justify-content:center;}}@media all and (max-width: 767px){.kadence-column5699_94af11-6c > .kt-inside-inner-col{flex-direction:column;justify-content:center;}}<\/style>\n<div class=\"wp-block-kadence-column kadence-column5699_94af11-6c inner-column-1\"><div class=\"kt-inside-inner-col\">\n<figure class=\"wp-block-image size-large\"><img decoding=\"async\" src=\"https:\/\/euniv.eu\/wp-content\/uploads\/\/2020\/09\/ico_europaea.svg\" alt=\"\" class=\"wp-image-1808\"\/><\/figure>\n<\/div><\/div>\n\n\n<style>.kadence-column5699_eecb92-c1 > .kt-inside-inner-col,.kadence-column5699_eecb92-c1 > .kt-inside-inner-col:before{border-top-left-radius:0px;border-top-right-radius:0px;border-bottom-right-radius:0px;border-bottom-left-radius:0px;}.kadence-column5699_eecb92-c1 > .kt-inside-inner-col{column-gap:var(--global-kb-gap-sm, 1rem);}.kadence-column5699_eecb92-c1 > .kt-inside-inner-col{flex-direction:column;}.kadence-column5699_eecb92-c1 > .kt-inside-inner-col > .aligncenter{width:100%;}.kadence-column5699_eecb92-c1 > .kt-inside-inner-col:before{opacity:0.3;}.kadence-column5699_eecb92-c1{position:relative;}@media all and (max-width: 1024px){.kadence-column5699_eecb92-c1 > .kt-inside-inner-col{flex-direction:column;justify-content:center;}}@media all and (max-width: 767px){.kadence-column5699_eecb92-c1 > .kt-inside-inner-col{flex-direction:column;justify-content:center;}}<\/style>\n<div class=\"wp-block-kadence-column kadence-column5699_eecb92-c1 inner-column-2\"><div class=\"kt-inside-inner-col\">\n<h1 class=\"wp-block-heading\"><br>Centros y Facultades <\/h1>\n\n\n\n<p><\/p>\n<\/div><\/div>\n\n<\/div><\/div>\n\n\n<p>La eUniv organiza su oferta acad\u00e9mica en cinco centros. El Colegio Universitario F. Layret imparte las ense\u00f1anzas universitarias estatales de B\u00e1chelor y de M\u00e1ster; la Escuela de Doctorado J. H. Newman asume la organizaci\u00f3n del Programa de Doctorado; la Escuela de Lenguas Cl\u00e1sicas se encarga del programa de formaci\u00f3n ling\u00fc\u00edstica especializada; el Instituto Universitario de Tecnolog\u00eda Aplicada (IUTA) que imparte las ense\u00f1anzas universitarias estatales tecnol\u00f3gicas de B\u00e1chelor y de M\u00e1ster; y, finalmente, la Escuela de Formaci\u00f3n Continuada (EFC) que asume y gestiona los t\u00edtulos propios.<\/p>\n\n\n\n<p>El profesorado de la eUniv, por su parte, se ordena en dos facultades ya constituidas, la de Artes y Humanidades, la de Derecho y Ciencias Sociales, la de Medicina y Ciencias de la Salud y, finalmente, la de Teolog\u00eda y Estudios de la Religi\u00f3n.<\/p>\n<\/div><\/div>\n\n<\/div><\/div>\n\n\n<div style=\"height:100px\" aria-hidden=\"true\" class=\"wp-block-spacer\"><\/div>\n","protected":false},"excerpt":{"rendered":"<p>Centros y Facultades La eUniv organiza su oferta acad\u00e9mica en cinco centros. El Colegio Universitario F. Layret imparte las ense\u00f1anzas universitarias estatales de B\u00e1chelor y de M\u00e1ster; la Escuela de Doctorado J. H. Newman asume la organizaci\u00f3n del Programa de Doctorado; la Escuela de Lenguas Cl\u00e1sicas se encarga del programa de formaci\u00f3n ling\u00fc\u00edstica especializada; el &hellip;<\/p>\n","protected":false},"author":3,"featured_media":0,"parent":0,"menu_order":0,"comment_status":"closed","ping_status":"closed","template":"templates\/template-builder.php","meta":{"_editorskit_title_hidden":false,"_editorskit_reading_time":1,"_editorskit_is_block_options_detached":false,"_editorskit_block_options_position":"{}","inline_featured_image":false,"footnotes":""},"class_list":["post-5699","page","type-page","status-publish","hentry","post","without-featured-image"],"featured_image_src":null,"featured_image_src_square":null,"_links":{"self":[{"href":"https:\/\/euniv.eu\/es\/wp-json\/wp\/v2\/pages\/5699","targetHints":{"allow":["GET"]}}],"collection":[{"href":"https:\/\/euniv.eu\/es\/wp-json\/wp\/v2\/pages"}],"about":[{"href":"https:\/\/euniv.eu\/es\/wp-json\/wp\/v2\/types\/page"}],"author":[{"embeddable":true,"href":"https:\/\/euniv.eu\/es\/wp-json\/wp\/v2\/users\/3"}],"replies":[{"embeddable":true,"href":"https:\/\/euniv.eu\/es\/wp-json\/wp\/v2\/comments?post=5699"}],"version-history":[{"count":6,"href":"https:\/\/euniv.eu\/es\/wp-json\/wp\/v2\/pages\/5699\/revisions"}],"predecessor-version":[{"id":19008,"href":"https:\/\/euniv.eu\/es\/wp-json\/wp\/v2\/pages\/5699\/revisions\/19008"}],"wp:attachment":[{"href":"https:\/\/euniv.eu\/es\/wp-json\/wp\/v2\/media?parent=5699"}],"curies":[{"name":"wp","href":"https:\/\/api.w.org\/{rel}","templated":true}]}}