{"id":6434,"date":"2022-09-26T14:35:12","date_gmt":"2022-09-26T14:35:12","guid":{"rendered":"https:\/\/euniv.eu\/investigacion\/observatorio-europeo-de-la-comunicacion\/viii-symposium-grafica\/"},"modified":"2025-02-12T10:12:55","modified_gmt":"2025-02-12T10:12:55","slug":"viii-symposium-grafica","status":"publish","type":"page","link":"https:\/\/euniv.eu\/es\/investigacion\/observatorio-europeo-de-la-comunicacion\/viii-symposium-grafica\/","title":{"rendered":"VIII Symposium Grafica"},"content":{"rendered":"\n<p class=\"txt_nota\">A continuaci\u00f3n se ofrecen los enlaces a las diferentes ponencias que se llevaron a cabo durante la VIII edici\u00f3n del Symposium grafica que organiz\u00f3 el observatorio Europeo de la Comunicaci\u00f3n en Sant Juli\u00e0 de L\u00f2ria (Andorra) los d\u00edas 7,8 y 9 de septiembre de 2022.<\/p>\n\n\n<style>.kt-accordion-id6434_28e439-b3 .kt-accordion-inner-wrap{column-gap:var(--global-kb-gap-md, 2rem);row-gap:8px;}.kt-accordion-id6434_28e439-b3 .kt-accordion-panel-inner{padding-top:var(--global-kb-spacing-sm, 1.5rem);padding-right:var(--global-kb-spacing-sm, 1.5rem);padding-bottom:var(--global-kb-spacing-sm, 1.5rem);padding-left:var(--global-kb-spacing-sm, 1.5rem);}.kt-accordion-id6434_28e439-b3 > .kt-accordion-inner-wrap > .wp-block-kadence-pane > .kt-accordion-header-wrap > .kt-blocks-accordion-header{padding-top:var(--global-kb-spacing-xxs, 0.5rem);padding-right:var(--global-kb-spacing-xs, 1rem);padding-bottom:var(--global-kb-spacing-xxs, 0.5rem);padding-left:var(--global-kb-spacing-xs, 1rem);}@media all and (max-width: 767px){.kt-accordion-id6434_28e439-b3 .kt-accordion-inner-wrap{display:block;}.kt-accordion-id6434_28e439-b3 .kt-accordion-inner-wrap .kt-accordion-pane:not(:first-child){margin-top:8px;}}<\/style>\n<div class=\"wp-block-kadence-accordion alignnone\"><div class=\"kt-accordion-wrap kt-accordion-id6434_28e439-b3 kt-accordion-has-19-panes kt-active-pane-0 kt-accordion-block kt-pane-header-alignment-left kt-accodion-icon-style-basic kt-accodion-icon-side-right\" style=\"max-width:none\"><div class=\"kt-accordion-inner-wrap\" data-allow-multiple-open=\"false\" data-start-open=\"none\">\n<div class=\"wp-block-kadence-pane kt-accordion-pane kt-accordion-pane-2 kt-pane6434_b4278a-da\"><div class=\"kt-accordion-header-wrap\"><button class=\"kt-blocks-accordion-header kt-acccordion-button-label-show\" type=\"button\"><span class=\"kt-blocks-accordion-title-wrap\"><span class=\"kt-blocks-accordion-title\">Lista de reproducci\u00f3n de la VIII Symposium grafica:<\/span><\/span><span class=\"kt-blocks-accordion-icon-trigger\"><\/span><\/button><\/div><div class=\"kt-accordion-panel kt-accordion-panel-hidden\"><div class=\"kt-accordion-panel-inner\">\n<ul class=\"wp-block-list\">\n<li><a aria-label=\"https:\/\/youtube.com\/playlist?list=PLk3hRtLv3atggqL1Sw6kzUBrTSJC6DgN1 (opens in a new tab)\" class=\"ek-link\" href=\"https:\/\/youtube.com\/playlist?list=PLk3hRtLv3atggqL1Sw6kzUBrTSJC6DgN1\" target=\"_blank\" rel=\"noreferrer noopener\">https:\/\/youtube.com\/playlist?list=PLk3hRtLv3atggqL1Sw6kzUBrTSJC6DgN1<\/a><\/li>\n<\/ul>\n<\/div><\/div><\/div>\n\n\n\n<div class=\"wp-block-kadence-pane kt-accordion-pane kt-accordion-pane-3 kt-pane6434_2eebe9-70\"><div class=\"kt-accordion-header-wrap\"><button class=\"kt-blocks-accordion-header kt-acccordion-button-label-show\" type=\"button\"><span class=\"kt-blocks-accordion-title-wrap\"><span class=\"kt-blocks-accordion-title\">Inauguraci\u00f3n de la VIII Symposium grafica:<\/span><\/span><span class=\"kt-blocks-accordion-icon-trigger\"><\/span><\/button><\/div><div class=\"kt-accordion-panel kt-accordion-panel-hidden\"><div class=\"kt-accordion-panel-inner\">\n<ul class=\"wp-block-list\">\n<li><a aria-label=\"https:\/\/youtu.be\/uQw3XuF4BQw (opens in a new tab)\" class=\"ek-link\" href=\"https:\/\/youtu.be\/uQw3XuF4BQw\" target=\"_blank\" rel=\"noreferrer noopener\">https:\/\/youtu.be\/uQw3XuF4BQw<\/a><\/li>\n<\/ul>\n<\/div><\/div><\/div>\n\n\n\n<div class=\"wp-block-kadence-pane kt-accordion-pane kt-accordion-pane-4 kt-pane6434_4cac29-83\"><div class=\"kt-accordion-header-wrap\"><button class=\"kt-blocks-accordion-header kt-acccordion-button-label-show\" type=\"button\"><span class=\"kt-blocks-accordion-title-wrap\"><span class=\"kt-blocks-accordion-title\">Mesa 1. Objetivos y programa VIII Symposium grafica \u00b7 Daniel Tena-Parera | Antoni Noguero<\/span><\/span><span class=\"kt-blocks-accordion-icon-trigger\"><\/span><\/button><\/div><div class=\"kt-accordion-panel kt-accordion-panel-hidden\"><div class=\"kt-accordion-panel-inner\">\n<p>Conferencia inaugural | Investigaci\u00f3n cient\u00edfica \u00b7 Andreu van Hooft<\/p>\n\n\n\n<p>Visualizando el dise\u00f1o gr\u00e1fico: Symposium grafica en Dansa \u00b7 Xavi P\u00e9rez<\/p>\n<\/div><\/div><\/div>\n\n\n\n<div class=\"wp-block-kadence-pane kt-accordion-pane kt-accordion-pane-5 kt-pane6434_790ce1-fb\"><div class=\"kt-accordion-header-wrap\"><button class=\"kt-blocks-accordion-header kt-acccordion-button-label-show\" type=\"button\"><span class=\"kt-blocks-accordion-title-wrap\"><span class=\"kt-blocks-accordion-title\">Mesa 2 \u2013 Investigaci\u00f3n 1<\/span><\/span><span class=\"kt-blocks-accordion-icon-trigger\"><\/span><\/button><\/div><div class=\"kt-accordion-panel kt-accordion-panel-hidden\"><div class=\"kt-accordion-panel-inner\">\n<ul class=\"wp-block-list\">\n<li><a aria-label=\"https:\/\/youtu.be\/jfhv76TfD_M (opens in a new tab)\" class=\"ek-link\" href=\"https:\/\/youtu.be\/jfhv76TfD_M\" target=\"_blank\" rel=\"noreferrer noopener\">https:\/\/youtu.be\/jfhv76TfD_M<\/a><\/li>\n<\/ul>\n\n\n\n<p>Una perspectiva sobre la cognici\u00f3n del dise\u00f1o para investigar a trav\u00e9s de la validaci\u00f3n del hacer en el dise\u00f1o gr\u00e1fico \u00b7 Manuela Maia<\/p>\n\n\n\n<p>Creatividad gr\u00e1fica y s\u00edndrome de Down \u00b7 Beatriz Hontanilla Pizarro<\/p>\n<\/div><\/div><\/div>\n\n\n\n<div class=\"wp-block-kadence-pane kt-accordion-pane kt-accordion-pane-6 kt-pane6434_c1445e-97\"><div class=\"kt-accordion-header-wrap\"><button class=\"kt-blocks-accordion-header kt-acccordion-button-label-show\" type=\"button\"><span class=\"kt-blocks-accordion-title-wrap\"><span class=\"kt-blocks-accordion-title\">Mesa 3 \u2013 Did\u00e1ctica del dise\u00f1o1<\/span><\/span><span class=\"kt-blocks-accordion-icon-trigger\"><\/span><\/button><\/div><div class=\"kt-accordion-panel kt-accordion-panel-hidden\"><div class=\"kt-accordion-panel-inner\">\n<ul class=\"wp-block-list\">\n<li><a aria-label=\"https:\/\/youtu.be\/gSh4SSS_P3I (opens in a new tab)\" class=\"ek-link\" href=\"https:\/\/youtu.be\/gSh4SSS_P3I\" target=\"_blank\" rel=\"noreferrer noopener\">https:\/\/youtu.be\/gSh4SSS_P3I<\/a><\/li>\n<\/ul>\n\n\n\n<p>Comunicar la importancia del dise\u00f1o en la educaci\u00f3n secundaria mediante las p\u00edldoras Second<\/p>\n\n\n\n<p>Round \u00b7 Ricard Huerta<\/p>\n<\/div><\/div><\/div>\n\n\n\n<div class=\"wp-block-kadence-pane kt-accordion-pane kt-accordion-pane-7 kt-pane6434_997911-f8\"><div class=\"kt-accordion-header-wrap\"><button class=\"kt-blocks-accordion-header kt-acccordion-button-label-show\" type=\"button\"><span class=\"kt-blocks-accordion-title-wrap\"><span class=\"kt-blocks-accordion-title\">Cuarto premio grafica<\/span><\/span><span class=\"kt-blocks-accordion-icon-trigger\"><\/span><\/button><\/div><div class=\"kt-accordion-panel kt-accordion-panel-hidden\"><div class=\"kt-accordion-panel-inner\">\n<ul class=\"wp-block-list\">\n<li><a aria-label=\"https:\/\/youtu.be\/1CNUyx1fmeM (opens in a new tab)\" class=\"ek-link\" href=\"https:\/\/youtu.be\/1CNUyx1fmeM\" target=\"_blank\" rel=\"noreferrer noopener\">https:\/\/youtu.be\/1CNUyx1fmeM<\/a><\/li>\n<\/ul>\n\n\n\n<p>\u201cLa escuela Suiza del dise\u00f1o gr\u00e1fico, or\u00edgenes e influencias\u201d<br>ENSAYO 2017 &#8211; 2021: Juan Jes\u00fas Arrausi. Vol. 4, No. 7 (2016-17)<\/p>\n<\/div><\/div><\/div>\n\n\n\n<div class=\"wp-block-kadence-pane kt-accordion-pane kt-accordion-pane-8 kt-pane6434_eceb67-9d\"><div class=\"kt-accordion-header-wrap\"><button class=\"kt-blocks-accordion-header kt-acccordion-button-label-show\" type=\"button\"><span class=\"kt-blocks-accordion-title-wrap\"><span class=\"kt-blocks-accordion-title\">Conferencia central<\/span><\/span><span class=\"kt-blocks-accordion-icon-trigger\"><\/span><\/button><\/div><div class=\"kt-accordion-panel kt-accordion-panel-hidden\"><div class=\"kt-accordion-panel-inner\">\n<ul class=\"wp-block-list\">\n<li><a aria-label=\"https:\/\/youtu.be\/3nUlK6Hrf7U (opens in a new tab)\" class=\"ek-link\" href=\"https:\/\/youtu.be\/3nUlK6Hrf7U\" target=\"_blank\" rel=\"noreferrer noopener\">https:\/\/youtu.be\/3nUlK6Hrf7U<\/a><\/li>\n<\/ul>\n\n\n\n<p>Estad\u00edstica para la docencia y la investigaci\u00f3n en el \u00e1mbito creativo\u00b7 David Roca<\/p>\n<\/div><\/div><\/div>\n\n\n\n<div class=\"wp-block-kadence-pane kt-accordion-pane kt-accordion-pane-9 kt-pane6434_84c2f7-32\"><div class=\"kt-accordion-header-wrap\"><button class=\"kt-blocks-accordion-header kt-acccordion-button-label-show\" type=\"button\"><span class=\"kt-blocks-accordion-title-wrap\"><span class=\"kt-blocks-accordion-title\">Mesa 4 \u2013 Did\u00e1ctica del dise\u00f1o 2 <\/span><\/span><span class=\"kt-blocks-accordion-icon-trigger\"><\/span><\/button><\/div><div class=\"kt-accordion-panel kt-accordion-panel-hidden\"><div class=\"kt-accordion-panel-inner\">\n<ul class=\"wp-block-list\">\n<li><a aria-label=\"https:\/\/youtu.be\/4v8LwmFsreA (opens in a new tab)\" class=\"ek-link\" href=\"https:\/\/youtu.be\/4v8LwmFsreA\" target=\"_blank\" rel=\"noreferrer noopener\">https:\/\/youtu.be\/4v8LwmFsreA<\/a><\/li>\n<\/ul>\n\n\n\n<p>Representaci\u00f3n del marco contextual \u00b7 Rafael Pozo-Pu\u00e9rtolas<\/p>\n\n\n\n<p>La femvertising como estrategia de comunicaci\u00f3n publicitaria \u00b7 Silvia Hern\u00e1ndez Willoughby | Patr\u00edcia L\u00e1zaro<\/p>\n\n\n\n<p>La transmisi\u00f3n de valores en la publicidad gr\u00e1fica y su influencia en la intenci\u00f3n de acci\u00f3n en los aficionados (as) de los clubes de futbol mexicanos \u00b7 Luis Edgardo Romero<\/p>\n<\/div><\/div><\/div>\n\n\n\n<div class=\"wp-block-kadence-pane kt-accordion-pane kt-accordion-pane-10 kt-pane6434_4b20b5-fd\"><div class=\"kt-accordion-header-wrap\"><button class=\"kt-blocks-accordion-header kt-acccordion-button-label-show\" type=\"button\"><span class=\"kt-blocks-accordion-title-wrap\"><span class=\"kt-blocks-accordion-title\">Mesa 5 \u2013 Investigaci\u00f3n 2<\/span><\/span><span class=\"kt-blocks-accordion-icon-trigger\"><\/span><\/button><\/div><div class=\"kt-accordion-panel kt-accordion-panel-hidden\"><div class=\"kt-accordion-panel-inner\">\n<ul class=\"wp-block-list\">\n<li><a aria-label=\"https:\/\/youtu.be\/HX0q6SOrn_w (opens in a new tab)\" class=\"ek-link\" href=\"https:\/\/youtu.be\/HX0q6SOrn_w\" target=\"_blank\" rel=\"noreferrer noopener\">https:\/\/youtu.be\/HX0q6SOrn_w<\/a><\/li>\n<\/ul>\n\n\n\n<p>Dise\u00f1o gr\u00e1fico, Creatividad y Investigaci\u00f3n Documental \u00b7 Alfons Gonz\u00e1lez Quesada<\/p>\n<\/div><\/div><\/div>\n\n\n\n<div class=\"wp-block-kadence-pane kt-accordion-pane kt-accordion-pane-11 kt-pane6434_2e3056-92\"><div class=\"kt-accordion-header-wrap\"><button class=\"kt-blocks-accordion-header kt-acccordion-button-label-show\" type=\"button\"><span class=\"kt-blocks-accordion-title-wrap\"><span class=\"kt-blocks-accordion-title\">Mesa 6 \u2013 P\u00f3sters<\/span><\/span><span class=\"kt-blocks-accordion-icon-trigger\"><\/span><\/button><\/div><div class=\"kt-accordion-panel kt-accordion-panel-hidden\"><div class=\"kt-accordion-panel-inner\">\n<ul class=\"wp-block-list\">\n<li><a aria-label=\"https:\/\/youtu.be\/SlAQdM0aWzY (opens in a new tab)\" class=\"ek-link\" href=\"https:\/\/youtu.be\/SlAQdM0aWzY\" target=\"_blank\" rel=\"noreferrer noopener\">https:\/\/youtu.be\/SlAQdM0aWzY<\/a><\/li>\n<\/ul>\n\n\n\n<p>La publicidad intrusiva en el recuerdo de marca e intenci\u00f3n de compra \u00b7 Laura Baquero | Xavi Moreno | Albert Sull\u00e0 | Lina Rangel | Myrto Touloupi<\/p>\n<\/div><\/div><\/div>\n\n\n\n<div class=\"wp-block-kadence-pane kt-accordion-pane kt-accordion-pane-12 kt-pane6434_294216-c4\"><div class=\"kt-accordion-header-wrap\"><button class=\"kt-blocks-accordion-header kt-acccordion-button-label-show\" type=\"button\"><span class=\"kt-blocks-accordion-title-wrap\"><span class=\"kt-blocks-accordion-title\">Mesa 7 \u2013 Colegios profesionales 1<\/span><\/span><span class=\"kt-blocks-accordion-icon-trigger\"><\/span><\/button><\/div><div class=\"kt-accordion-panel kt-accordion-panel-hidden\"><div class=\"kt-accordion-panel-inner\">\n<ul class=\"wp-block-list\">\n<li><a aria-label=\"https:\/\/youtu.be\/L58Q01N49HM (opens in a new tab)\" class=\"ek-link\" href=\"https:\/\/youtu.be\/L58Q01N49HM\" target=\"_blank\" rel=\"noreferrer noopener\">https:\/\/youtu.be\/L58Q01N49HM<\/a><\/li>\n<\/ul>\n\n\n\n<p>El Col\u00b7legi del M\u00e0rqueting, la Comunicaci\u00f3, la Publicitat i les Relacions P\u00fabliques de Catalunya \u00b7 Antonio Traugott, director general del Col\u00b7legi del M\u00e0rqueting i la Comunicaci\u00f3 de Catalunya<\/p>\n<\/div><\/div><\/div>\n\n\n\n<div class=\"wp-block-kadence-pane kt-accordion-pane kt-accordion-pane-13 kt-pane6434_ea6233-ce\"><div class=\"kt-accordion-header-wrap\"><button class=\"kt-blocks-accordion-header kt-acccordion-button-label-show\" type=\"button\"><span class=\"kt-blocks-accordion-title-wrap\"><span class=\"kt-blocks-accordion-title\">Mesa 8 \u2013 Colegios profesionales 2<\/span><\/span><span class=\"kt-blocks-accordion-icon-trigger\"><\/span><\/button><\/div><div class=\"kt-accordion-panel kt-accordion-panel-hidden\"><div class=\"kt-accordion-panel-inner\">\n<ul class=\"wp-block-list\">\n<li><a aria-label=\"https:\/\/youtu.be\/iAoaPNPXOjE (opens in a new tab)\" class=\"ek-link\" href=\"https:\/\/youtu.be\/iAoaPNPXOjE\" target=\"_blank\" rel=\"noreferrer noopener\">https:\/\/youtu.be\/iAoaPNPXOjE<\/a><\/li>\n<\/ul>\n\n\n\n<p>El Col\u00b7legi de Disseny Gr\u00e0fic de Catalunya \u00b7 Rosa Fonts, degana<\/p>\n<\/div><\/div><\/div>\n\n\n\n<div class=\"wp-block-kadence-pane kt-accordion-pane kt-accordion-pane-14 kt-pane6434_6b8c16-df\"><div class=\"kt-accordion-header-wrap\"><button class=\"kt-blocks-accordion-header kt-acccordion-button-label-show\" type=\"button\"><span class=\"kt-blocks-accordion-title-wrap\"><span class=\"kt-blocks-accordion-title\">Primer premio qp<\/span><\/span><span class=\"kt-blocks-accordion-icon-trigger\"><\/span><\/button><\/div><div class=\"kt-accordion-panel kt-accordion-panel-hidden\"><div class=\"kt-accordion-panel-inner\">\n<ul class=\"wp-block-list\">\n<li><a aria-label=\"https:\/\/youtu.be\/O1eqZ0VfwQc (opens in a new tab)\" class=\"ek-link\" href=\"https:\/\/youtu.be\/O1eqZ0VfwQc\" target=\"_blank\" rel=\"noreferrer noopener\">https:\/\/youtu.be\/O1eqZ0VfwQc<\/a><\/li>\n<\/ul>\n\n\n\n<p>\u201cValor del contenido de medios sociales para una marca: caso de estudio\u201d<br>ENSAYO 2016 &#8211; 2022: Joan-Francesc Fondevila-Gasc\u00f3n | Pedro Mir Bernal | Josep Rom Rodr\u00edguez. Vol. 1, No. 21 (2018)<\/p>\n<\/div><\/div><\/div>\n\n\n\n<div class=\"wp-block-kadence-pane kt-accordion-pane kt-accordion-pane-15 kt-pane6434_819644-c3\"><div class=\"kt-accordion-header-wrap\"><button class=\"kt-blocks-accordion-header kt-acccordion-button-label-show\" type=\"button\"><span class=\"kt-blocks-accordion-title-wrap\"><span class=\"kt-blocks-accordion-title\">Mesa 9 \u2013 Investigaci\u00f3n 3<\/span><\/span><span class=\"kt-blocks-accordion-icon-trigger\"><\/span><\/button><\/div><div class=\"kt-accordion-panel kt-accordion-panel-hidden\"><div class=\"kt-accordion-panel-inner\">\n<ul class=\"wp-block-list\">\n<li><a aria-label=\"https:\/\/youtu.be\/hHkfkNZqJpI (opens in a new tab)\" class=\"ek-link\" href=\"https:\/\/youtu.be\/hHkfkNZqJpI\" target=\"_blank\" rel=\"noreferrer noopener\">https:\/\/youtu.be\/hHkfkNZqJpI<\/a><\/li>\n<\/ul>\n\n\n\n<p>El lenguaje inclusivo en grafica y Questiones Publicitarias \u00b7 Daniel Tena-Parera | Ana Entenza<\/p>\n<\/div><\/div><\/div>\n\n\n\n<div class=\"wp-block-kadence-pane kt-accordion-pane kt-accordion-pane-16 kt-pane6434_dbb7d7-69\"><div class=\"kt-accordion-header-wrap\"><button class=\"kt-blocks-accordion-header kt-acccordion-button-label-show\" type=\"button\"><span class=\"kt-blocks-accordion-title-wrap\"><span class=\"kt-blocks-accordion-title\">Mesa 10 \u2013 Investigaci\u00f3n 4<\/span><\/span><span class=\"kt-blocks-accordion-icon-trigger\"><\/span><\/button><\/div><div class=\"kt-accordion-panel kt-accordion-panel-hidden\"><div class=\"kt-accordion-panel-inner\">\n<ul class=\"wp-block-list\">\n<li><a aria-label=\"https:\/\/youtu.be\/POqr9McVbDc (opens in a new tab)\" class=\"ek-link\" href=\"https:\/\/youtu.be\/POqr9McVbDc\" target=\"_blank\" rel=\"noreferrer noopener\">https:\/\/youtu.be\/POqr9McVbDc<\/a><\/li>\n<\/ul>\n\n\n\n<p>Uso pol\u00edtico de la fotograf\u00eda en los perfiles de redes sociales: el caso de los presidentes auton\u00f3micos de Espa\u00f1a \u00b7 Casandra L\u00f3pez-Marcos | Pilar Vicente Fern\u00e1ndez<\/p>\n\n\n\n<p>Influencia del neuromarketing en la percepci\u00f3n de carteles publicitarios: factores determinantes en la atenci\u00f3 \u00b7 Joan-Francesc Fondevila-Gasc\u00f3n | \u00d3scar Guti\u00e9rrez-Arag\u00f3n | Eduard Vidal Port\u00e9s | Oriol Pujol<\/p>\n<\/div><\/div><\/div>\n\n\n\n<div class=\"wp-block-kadence-pane kt-accordion-pane kt-accordion-pane-17 kt-pane6434_8dda33-8f\"><div class=\"kt-accordion-header-wrap\"><button class=\"kt-blocks-accordion-header kt-acccordion-button-label-show\" type=\"button\"><span class=\"kt-blocks-accordion-title-wrap\"><span class=\"kt-blocks-accordion-title\">Mesa 11 \u2013 Investigaci\u00f3n 5. <\/span><\/span><span class=\"kt-blocks-accordion-icon-trigger\"><\/span><\/button><\/div><div class=\"kt-accordion-panel kt-accordion-panel-hidden\"><div class=\"kt-accordion-panel-inner\">\n<ul class=\"wp-block-list\">\n<li><a aria-label=\"https:\/\/youtu.be\/JAq0OnD0EbY (opens in a new tab)\" class=\"ek-link\" href=\"https:\/\/youtu.be\/JAq0OnD0EbY\" target=\"_blank\" rel=\"noreferrer noopener\">https:\/\/youtu.be\/JAq0OnD0EbY<\/a><\/li>\n<\/ul>\n\n\n\n<p>Mem\u00f2ria oral. Eina per la recuperaci\u00f3 hist\u00f2rica del disseny gr\u00e0fic a les comarques de Tarragona \u00b7 Tin Fonts i Forcadell<\/p>\n<\/div><\/div><\/div>\n\n\n\n<div class=\"wp-block-kadence-pane kt-accordion-pane kt-accordion-pane-18 kt-pane6434_5598aa-8b\"><div class=\"kt-accordion-header-wrap\"><button class=\"kt-blocks-accordion-header kt-acccordion-button-label-show\" type=\"button\"><span class=\"kt-blocks-accordion-title-wrap\"><span class=\"kt-blocks-accordion-title\">Conferencia de clausura<\/span><\/span><span class=\"kt-blocks-accordion-icon-trigger\"><\/span><\/button><\/div><div class=\"kt-accordion-panel kt-accordion-panel-hidden\"><div class=\"kt-accordion-panel-inner\">\n<ul class=\"wp-block-list\">\n<li><a aria-label=\"https:\/\/youtu.be\/TNsmXixJ5-A (opens in a new tab)\" class=\"ek-link\" href=\"https:\/\/youtu.be\/TNsmXixJ5-A\" target=\"_blank\" rel=\"noreferrer noopener\">https:\/\/youtu.be\/TNsmXixJ5-A<\/a><\/li>\n<\/ul>\n\n\n\n<p>Publicitarios implicados \u00b7 Richard Wakefield<br><em>Por varias razones no fue posible realizar la conferencia que ten\u00eda por objeto principal hablar de \u00abPublicitarios Implicados\u00bb. En substituci\u00f3n, se adjunta un v\u00eddeo que explica el trabajo que se est\u00e1 realizando.<\/em><\/p>\n<\/div><\/div><\/div>\n\n\n\n<div class=\"wp-block-kadence-pane kt-accordion-pane kt-accordion-pane-19 kt-pane6434_c2bb9f-1b\"><div class=\"kt-accordion-header-wrap\"><button class=\"kt-blocks-accordion-header kt-acccordion-button-label-show\" type=\"button\"><span class=\"kt-blocks-accordion-title-wrap\"><span class=\"kt-blocks-accordion-title\">Conclusiones y clausura<\/span><\/span><span class=\"kt-blocks-accordion-icon-trigger\"><\/span><\/button><\/div><div class=\"kt-accordion-panel kt-accordion-panel-hidden\"><div class=\"kt-accordion-panel-inner\">\n<ul class=\"wp-block-list\">\n<li><a aria-label=\"https:\/\/youtu.be\/5EsDH-lbafw (opens in a new tab)\" class=\"ek-link\" href=\"https:\/\/youtu.be\/5EsDH-lbafw\" target=\"_blank\" rel=\"noreferrer noopener\">https:\/\/youtu.be\/5EsDH-lbafw<\/a><\/li>\n<\/ul>\n\n\n\n<p>Conclusiones y IX Symposium grafica \u00b7 Daniel Tena-Parera | Antoni Noguero<\/p>\n<\/div><\/div><\/div>\n<\/div><\/div><\/div>\n","protected":false},"excerpt":{"rendered":"<p>A continuaci\u00f3n se ofrecen los enlaces a las diferentes ponencias que se llevaron a cabo durante la VIII edici\u00f3n del Symposium grafica que organiz\u00f3 el observatorio Europeo de la Comunicaci\u00f3n en Sant Juli\u00e0 de L\u00f2ria (Andorra) los d\u00edas 7,8 y 9 de septiembre de 2022.<\/p>\n","protected":false},"author":2,"featured_media":0,"parent":5654,"menu_order":0,"comment_status":"closed","ping_status":"closed","template":"","meta":{"_editorskit_title_hidden":false,"_editorskit_reading_time":2,"_editorskit_is_block_options_detached":false,"_editorskit_block_options_position":"{}","inline_featured_image":false,"footnotes":""},"class_list":["post-6434","page","type-page","status-publish","hentry","post","without-featured-image"],"featured_image_src":null,"featured_image_src_square":null,"_links":{"self":[{"href":"https:\/\/euniv.eu\/es\/wp-json\/wp\/v2\/pages\/6434","targetHints":{"allow":["GET"]}}],"collection":[{"href":"https:\/\/euniv.eu\/es\/wp-json\/wp\/v2\/pages"}],"about":[{"href":"https:\/\/euniv.eu\/es\/wp-json\/wp\/v2\/types\/page"}],"author":[{"embeddable":true,"href":"https:\/\/euniv.eu\/es\/wp-json\/wp\/v2\/users\/2"}],"replies":[{"embeddable":true,"href":"https:\/\/euniv.eu\/es\/wp-json\/wp\/v2\/comments?post=6434"}],"version-history":[{"count":5,"href":"https:\/\/euniv.eu\/es\/wp-json\/wp\/v2\/pages\/6434\/revisions"}],"predecessor-version":[{"id":14513,"href":"https:\/\/euniv.eu\/es\/wp-json\/wp\/v2\/pages\/6434\/revisions\/14513"}],"up":[{"embeddable":true,"href":"https:\/\/euniv.eu\/es\/wp-json\/wp\/v2\/pages\/5654"}],"wp:attachment":[{"href":"https:\/\/euniv.eu\/es\/wp-json\/wp\/v2\/media?parent=6434"}],"curies":[{"name":"wp","href":"https:\/\/api.w.org\/{rel}","templated":true}]}}