{"id":9615,"date":"2023-10-05T09:48:41","date_gmt":"2023-10-05T09:48:41","guid":{"rendered":"https:\/\/euniv.eu\/?page_id=9615"},"modified":"2025-09-08T17:54:29","modified_gmt":"2025-09-08T15:54:29","slug":"instituto-universitario-alma-mater","status":"publish","type":"page","link":"https:\/\/euniv.eu\/es\/investigacion\/instituto-universitario-alma-mater\/","title":{"rendered":"Instituto Universitario Alma Mater"},"content":{"rendered":"<style>.kb-row-layout-id9615_34e914-8d > .kt-row-column-wrap{align-content:start;}:where(.kb-row-layout-id9615_34e914-8d > .kt-row-column-wrap) > .wp-block-kadence-column{justify-content:start;}.kb-row-layout-id9615_34e914-8d > .kt-row-column-wrap{column-gap:var(--global-kb-gap-lg, 4rem);row-gap:var(--global-kb-gap-md, 2rem);max-width:1240px;margin-left:auto;margin-right:auto;padding-top:var(--global-kb-spacing-sm, 1.5rem);padding-bottom:var(--global-kb-spacing-sm, 1.5rem);grid-template-columns:minmax(0, calc(30% - ((var(--global-kb-gap-lg, 4rem) * 1 )\/2)))minmax(0, calc(70% - ((var(--global-kb-gap-lg, 4rem) * 1 )\/2)));}.kb-row-layout-id9615_34e914-8d > .kt-row-layout-overlay{opacity:0.30;}@media all and (max-width: 1024px){.kb-row-layout-id9615_34e914-8d > .kt-row-column-wrap{grid-template-columns:minmax(0, 1fr) minmax(0, 2fr);}}@media all and (max-width: 767px){.kb-row-layout-id9615_34e914-8d > .kt-row-column-wrap{grid-template-columns:minmax(0, 1fr);}}<\/style><div class=\"kb-row-layout-wrap kb-row-layout-id9615_34e914-8d alignnone wp-block-kadence-rowlayout\"><div class=\"kt-row-column-wrap kt-has-2-columns kt-row-layout-right-golden kt-tab-layout-inherit kt-mobile-layout-row kt-row-valign-top\">\n<style>.kadence-column9615_5e6f15-95 > .kt-inside-inner-col,.kadence-column9615_5e6f15-95 > .kt-inside-inner-col:before{border-top-left-radius:0px;border-top-right-radius:0px;border-bottom-right-radius:0px;border-bottom-left-radius:0px;}.kadence-column9615_5e6f15-95 > .kt-inside-inner-col{column-gap:var(--global-kb-gap-sm, 1rem);}.kadence-column9615_5e6f15-95 > .kt-inside-inner-col{flex-direction:column;}.kadence-column9615_5e6f15-95 > .kt-inside-inner-col > .aligncenter{width:100%;}.kadence-column9615_5e6f15-95 > .kt-inside-inner-col:before{opacity:0.3;}.kadence-column9615_5e6f15-95{position:relative;}@media all and (max-width: 1024px){.kadence-column9615_5e6f15-95 > .kt-inside-inner-col{flex-direction:column;justify-content:center;}}@media all and (max-width: 767px){.kadence-column9615_5e6f15-95 > .kt-inside-inner-col{flex-direction:column;justify-content:center;}}<\/style>\n<div class=\"wp-block-kadence-column kadence-column9615_5e6f15-95 inner-column-1 animated fadeInLeft\"><div class=\"kt-inside-inner-col\"><ul id=\"menu-investigacion-es\" class=\"menu menu_left\"><li id=\"menu-item-5660\" class=\"menu-item menu-item-type-custom menu-item-object-custom menu-item-has-children menu-item-5660\"><a href=\"#nogo\">L\u00edneas de Investigaci\u00f3n Doctoral<\/a>\n<ul class=\"sub-menu\">\n\t<li id=\"menu-item-5670\" class=\"menu-item menu-item-type-post_type menu-item-object-page menu-item-5670\"><a href=\"https:\/\/euniv.eu\/es\/investigacion\/universidades-y-pais-las-universidades-en-la-historia-catalana\/\">Universidades y Pa\u00eds<\/a><\/li>\n\t<li id=\"menu-item-5664\" class=\"menu-item menu-item-type-post_type menu-item-object-page menu-item-5664\"><a href=\"https:\/\/euniv.eu\/es\/investigacion\/la-gestion-de-la-comunicacion-en-el-siglo-xxi-el-tercer-sector\/\">La gesti\u00f3n de la comunicaci\u00f3n en el siglo XXI<\/a><\/li>\n\t<li id=\"menu-item-13648\" class=\"menu-item menu-item-type-post_type menu-item-object-page menu-item-13648\"><a href=\"https:\/\/euniv.eu\/es\/investigacion\/representacion-simbolica-de-marca\/\">Representaci\u00f3n Simb\u00f3lica de Marca<\/a><\/li>\n<\/ul>\n<\/li>\n<li id=\"menu-item-5671\" class=\"menu-item menu-item-type-post_type menu-item-object-page menu-item-has-children menu-item-5671\"><a href=\"https:\/\/euniv.eu\/es\/investigacion\/observatorio-europeo-de-la-comunicacion\/\">Observatorio Europeo de la Comunicaci\u00f3n<\/a>\n<ul class=\"sub-menu\">\n\t<li id=\"menu-item-14538\" class=\"menu-item menu-item-type-post_type menu-item-object-page menu-item-14538\"><a href=\"https:\/\/euniv.eu\/es\/symposium-grafica\/\">Symposium Grafica<\/a><\/li>\n<\/ul>\n<\/li>\n<li id=\"menu-item-11230\" class=\"menu-item menu-item-type-post_type menu-item-object-page menu-item-11230\"><a href=\"https:\/\/euniv.eu\/es\/investigacion\/instituto-universitario-alma-mater\/\">Alma Mater<\/a><\/li>\n<li id=\"menu-item-11233\" class=\"menu-item menu-item-type-post_type menu-item-object-page menu-item-11233\"><a href=\"https:\/\/euniv.eu\/es\/investigacion\/instituto-universitario-nextg\/\">NEXTG<\/a><\/li>\n<li id=\"menu-item-11231\" class=\"menu-item menu-item-type-post_type menu-item-object-page menu-item-11231\"><a href=\"https:\/\/euniv.eu\/es\/investigacion\/instituto-universitario-iurnat\/\">IURNAT<\/a><\/li>\n<li id=\"menu-item-11232\" class=\"menu-item menu-item-type-post_type menu-item-object-page menu-item-11232\"><a href=\"https:\/\/euniv.eu\/es\/investigacion\/instituto-universitario-laurentia\/\">Lafayette<\/a><\/li>\n<\/ul>\n\n\n\n<p><\/p>\n\n\n<style>.wp-block-kadence-advancedbtn.kb-btns9615_a9c2d0-68{gap:var(--global-kb-gap-xs, 0.5rem );justify-content:center;align-items:center;}.kt-btns9615_a9c2d0-68 .kt-button{font-weight:normal;font-style:normal;}.kt-btns9615_a9c2d0-68 .kt-btn-wrap-0{margin-right:5px;}.wp-block-kadence-advancedbtn.kt-btns9615_a9c2d0-68 .kt-btn-wrap-0 .kt-button{color:#555555;border-color:#555555;}.wp-block-kadence-advancedbtn.kt-btns9615_a9c2d0-68 .kt-btn-wrap-0 .kt-button:hover, .wp-block-kadence-advancedbtn.kt-btns9615_a9c2d0-68 .kt-btn-wrap-0 .kt-button:focus{color:#ffffff;border-color:#444444;}.wp-block-kadence-advancedbtn.kt-btns9615_a9c2d0-68 .kt-btn-wrap-0 .kt-button::before{display:none;}.wp-block-kadence-advancedbtn.kt-btns9615_a9c2d0-68 .kt-btn-wrap-0 .kt-button:hover, .wp-block-kadence-advancedbtn.kt-btns9615_a9c2d0-68 .kt-btn-wrap-0 .kt-button:focus{background:#444444;}<\/style>\n<div class=\"wp-block-kadence-advancedbtn kb-buttons-wrap kb-btns9615_a9c2d0-68\"><style>ul.menu .wp-block-kadence-advancedbtn .kb-btn9615_13316e-45.kb-button{width:initial;}.wp-block-kadence-advancedbtn .kb-btn9615_13316e-45.kb-button{background:#6a102c;}.wp-block-kadence-advancedbtn .kb-btn9615_13316e-45.kb-button:hover, .wp-block-kadence-advancedbtn .kb-btn9615_13316e-45.kb-button:focus{color:#6a102c;background:#ffffff;border-top:2px solid #6a102c;border-right:2px solid #6a102c;border-bottom:2px solid #6a102c;border-left:2px solid #6a102c;}@media all and (max-width: 1024px){.wp-block-kadence-advancedbtn .kb-btn9615_13316e-45.kb-button:hover, .wp-block-kadence-advancedbtn .kb-btn9615_13316e-45.kb-button:focus{border-top:2px solid #6a102c;border-right:2px solid #6a102c;border-bottom:2px solid #6a102c;border-left:2px solid #6a102c;}}@media all and (max-width: 767px){.wp-block-kadence-advancedbtn .kb-btn9615_13316e-45.kb-button:hover, .wp-block-kadence-advancedbtn .kb-btn9615_13316e-45.kb-button:focus{border-top:2px solid #6a102c;border-right:2px solid #6a102c;border-bottom:2px solid #6a102c;border-left:2px solid #6a102c;}}<\/style><a class=\"kb-button kt-button button kb-btn9615_13316e-45 kt-btn-size-small kt-btn-width-type-auto kb-btn-global-fill  kt-btn-has-text-true kt-btn-has-svg-false  wp-block-kadence-singlebtn\" href=\"https:\/\/euniv.eu\/es\/investigacion\/instituto-universitario-alma-mater\/15595-2\/\" target=\"_blank\" rel=\"noreferrer noopener\"><span class=\"kt-btn-inner-text\"><strong><strong><strong><strong><strong>Segundo Foro Internacional de Investigaci\u00f3n del Instituto Universitario Alma Mater sobre Retos de la IA en la Educaci\u00f3n Superior: abordar las preocupaciones del profesorado<\/strong><\/strong><\/strong><\/strong><\/strong><\/span><\/a><\/div>\n<\/div><\/div>\n\n\n<style>.kadence-column9615_d4fd23-c1 > .kt-inside-inner-col,.kadence-column9615_d4fd23-c1 > .kt-inside-inner-col:before{border-top-left-radius:0px;border-top-right-radius:0px;border-bottom-right-radius:0px;border-bottom-left-radius:0px;}.kadence-column9615_d4fd23-c1 > .kt-inside-inner-col{column-gap:var(--global-kb-gap-sm, 1rem);}.kadence-column9615_d4fd23-c1 > .kt-inside-inner-col{flex-direction:column;}.kadence-column9615_d4fd23-c1 > .kt-inside-inner-col > .aligncenter{width:100%;}.kadence-column9615_d4fd23-c1 > .kt-inside-inner-col:before{opacity:0.3;}.kadence-column9615_d4fd23-c1{position:relative;}@media all and (max-width: 1024px){.kadence-column9615_d4fd23-c1 > .kt-inside-inner-col{flex-direction:column;justify-content:center;}}@media all and (max-width: 767px){.kadence-column9615_d4fd23-c1 > .kt-inside-inner-col{flex-direction:column;justify-content:center;}}<\/style>\n<div class=\"wp-block-kadence-column kadence-column9615_d4fd23-c1 inner-column-2 animated fadeIn slow\"><div class=\"kt-inside-inner-col\"><style>.kb-row-layout-id9615_aba5bf-48 > .kt-row-column-wrap{align-content:center;}:where(.kb-row-layout-id9615_aba5bf-48 > .kt-row-column-wrap) > .wp-block-kadence-column{justify-content:center;}.kb-row-layout-id9615_aba5bf-48 > .kt-row-column-wrap{column-gap:20px;row-gap:var(--global-kb-gap-md, 2rem);padding-top:var(--global-kb-spacing-sm, 1.5rem);padding-bottom:var(--global-kb-spacing-sm, 1.5rem);grid-template-columns:minmax(0, calc(15% - ((20px * 1 )\/2)))minmax(0, calc(85% - ((20px * 1 )\/2)));}.kb-row-layout-id9615_aba5bf-48 > .kt-row-layout-overlay{opacity:0.30;}@media all and (max-width: 1024px){.kb-row-layout-id9615_aba5bf-48 > .kt-row-column-wrap{grid-template-columns:minmax(0, 1fr) minmax(0, 2fr);}}@media all and (max-width: 767px){.kb-row-layout-id9615_aba5bf-48 > .kt-row-column-wrap{grid-template-columns:minmax(0, 1fr);}}<\/style><div class=\"kb-row-layout-wrap kb-row-layout-id9615_aba5bf-48 alignnone wp-block-kadence-rowlayout\"><div class=\"kt-row-column-wrap kt-has-2-columns kt-row-layout-right-golden kt-tab-layout-inherit kt-mobile-layout-row kt-row-valign-middle\">\n<style>.kadence-column9615_9e9689-96 > .kt-inside-inner-col,.kadence-column9615_9e9689-96 > .kt-inside-inner-col:before{border-top-left-radius:0px;border-top-right-radius:0px;border-bottom-right-radius:0px;border-bottom-left-radius:0px;}.kadence-column9615_9e9689-96 > .kt-inside-inner-col{column-gap:var(--global-kb-gap-sm, 1rem);}.kadence-column9615_9e9689-96 > .kt-inside-inner-col{flex-direction:column;}.kadence-column9615_9e9689-96 > .kt-inside-inner-col > .aligncenter{width:100%;}.kadence-column9615_9e9689-96 > .kt-inside-inner-col:before{opacity:0.3;}.kadence-column9615_9e9689-96{position:relative;}@media all and (max-width: 1024px){.kadence-column9615_9e9689-96 > .kt-inside-inner-col{flex-direction:column;justify-content:center;}}@media all and (max-width: 767px){.kadence-column9615_9e9689-96 > .kt-inside-inner-col{flex-direction:column;justify-content:center;}}<\/style>\n<div class=\"wp-block-kadence-column kadence-column9615_9e9689-96 inner-column-1\"><div class=\"kt-inside-inner-col\">\n<figure class=\"wp-block-image size-large\"><img loading=\"lazy\" decoding=\"async\" width=\"140\" height=\"189\" src=\"https:\/\/euniv.eu\/wp-content\/uploads\/\/2020\/09\/logo_catala.svg\" alt=\"Facultat de Filologia\" class=\"wp-image-203\"\/><\/figure>\n<\/div><\/div>\n\n\n<style>.kadence-column9615_02386c-52 > .kt-inside-inner-col,.kadence-column9615_02386c-52 > .kt-inside-inner-col:before{border-top-left-radius:0px;border-top-right-radius:0px;border-bottom-right-radius:0px;border-bottom-left-radius:0px;}.kadence-column9615_02386c-52 > .kt-inside-inner-col{column-gap:var(--global-kb-gap-sm, 1rem);}.kadence-column9615_02386c-52 > .kt-inside-inner-col{flex-direction:column;}.kadence-column9615_02386c-52 > .kt-inside-inner-col > .aligncenter{width:100%;}.kadence-column9615_02386c-52 > .kt-inside-inner-col:before{opacity:0.3;}.kadence-column9615_02386c-52{position:relative;}@media all and (max-width: 1024px){.kadence-column9615_02386c-52 > .kt-inside-inner-col{flex-direction:column;justify-content:center;}}@media all and (max-width: 767px){.kadence-column9615_02386c-52 > .kt-inside-inner-col{flex-direction:column;justify-content:center;}}<\/style>\n<div class=\"wp-block-kadence-column kadence-column9615_02386c-52 inner-column-2\"><div class=\"kt-inside-inner-col\">\n<h1 class=\"wp-block-heading\">Instituto Universitario Alma Mater: en busca de la Instituci\u00f3n Universitaria<\/h1>\n<\/div><\/div>\n\n<\/div><\/div>\n\n\n<p>Las instituciones y personas impulsoras de la eUniv compart\u00edan un v\u00ednculo com\u00fan: una larga trayectoria en la creaci\u00f3n y gesti\u00f3n de centros universitarios, as\u00ed como en la innovaci\u00f3n de metodolog\u00edas docentes y el desarrollo de tecnolog\u00edas aplicadas a la ense\u00f1anza superior. Este hecho justific\u00f3 la creaci\u00f3n del IUAM como una decisi\u00f3n institucional estrat\u00e9gica: era necesario contar con un centro acad\u00e9mico dedicado a promover la investigaci\u00f3n sobre la instituci\u00f3n universitaria desde todas las disciplinas de las ciencias sociales, llenando as\u00ed un vac\u00edo hist\u00f3rico en el conjunto de universidades de los territorios de habla y cultura catalana. En este objetivo colabora la Fundaci\u00f3n Layret, entidad promotora de la eUniv, que asume la financiaci\u00f3n de las actividades del IUAM.<\/p>\n\n\n\n<h2 class=\"wp-block-heading\">Actividades del IUAM<\/h2>\n\n\n\n<p>La Programaci\u00f3n Anual del IUAM contempla las actividades cient\u00edficas y acad\u00e9micas vinculadas al conjunto de las c\u00e1tedras, as\u00ed como otras actividades de inter\u00e9s especializado propias de cada una de ellas, incluyendo como actividades preceptivas, generales y propias, las siguientes:<\/p>\n\n\n\n<ul style=\"font-size:18px\" class=\"wp-block-list has-custom-size\">\n<li><strong><a href=\"https:\/\/euniv.eu\/es\/investigacion\/instituto-universitario-alma-mater\/15595-2\/\" target=\"_blank\" rel=\"noreferrer noopener\">Foro Internacional de Investigaci\u00f3n<\/a><\/strong>, que se convoca anualmente y que trata sobre el uso de la inteligencia artificial como herramienta de aprendizaje en la educaci\u00f3n superior.<\/li>\n\n\n\n<li><strong>Simp\u00f3sium Anual de Estudios sobre la Instituci\u00f3n Universitaria<\/strong>, que se celebra durante el mes de julio; el Consejo determina su tem\u00e1tica especializada, la cual debe permitir la participaci\u00f3n de todas las c\u00e1tedras del IUAM.<\/li>\n\n\n\n<li><strong>Anales del IUAM<\/strong>, que publica los trabajos realizados por las c\u00e1tedras, as\u00ed como los de especialistas de otras instituciones cient\u00edficas; el Consejo del IUAM act\u00faa como consejo editorial y nombra a las personas encargadas de realizar los informes previos correspondientes, de acuerdo con las normas y usos internacionales de la edici\u00f3n cient\u00edfica.<\/li>\n<\/ul>\n\n\n\n<p>La Programaci\u00f3n Anual del IUAM tambi\u00e9n incluye como actividades preceptivas y espec\u00edficas de las c\u00e1tedras las siguientes:<\/p>\n\n\n\n<ul style=\"font-size:18px\" class=\"wp-block-list has-custom-size\">\n<li><strong>L\u00edneas de investigaci\u00f3n doctoral<\/strong> especializadas en su \u00e1mbito cient\u00edfico, bajo el amparo del convenio de cooperaci\u00f3n acad\u00e9mica entre el IUAM y la Escuela de Doctorado J. H. Newman de la eUniv.<\/li>\n\n\n\n<li><strong>Seminarios anuales especializados<\/strong>, en los que participan las personas vinculadas a la c\u00e1tedra y especialistas invitados de otras instituciones que colaboran en la investigaci\u00f3n.<\/li>\n<\/ul>\n\n\n\n<h2 class=\"wp-block-heading\">Organizaci\u00f3n del IUAM<\/h2>\n\n\n\n<h4 class=\"wp-block-heading\">El Consejo del Instituto<\/h4>\n\n\n\n<p>El Consejo es el \u00f3rgano acad\u00e9mico colegiado superior del IUAM, y como tal, le corresponde establecer sus l\u00edneas de desarrollo cient\u00edfico e institucional, as\u00ed como evaluar e informar sobre las propuestas de actividades y proyectos presentados por las c\u00e1tedras.<\/p>\n\n\n\n<h4 class=\"wp-block-heading\">Las C\u00e1tedras del Instituto<\/h4>\n\n\n\n<p>Las C\u00e1tedras del IUAM son unidades org\u00e1nicas especializadas en un \u00e1mbito determinado de la investigaci\u00f3n. Cada c\u00e1tedra del IUAM cuenta con una Direcci\u00f3n, una Secretar\u00eda y un Comit\u00e9 Cient\u00edfico Asesor. Las c\u00e1tedras actualmente constituidas son las siguientes:<\/p>\n\n\n\n<ul class=\"wp-block-list\">\n<li><strong>C\u00e1tedra de Historia de las Universidades<\/strong>, dirigida por el Dr. Joan J. Busqueta<\/li>\n\n\n\n<li><strong>C\u00e1tedra de Sociolog\u00eda de las Universidades<\/strong>, dirigida por el Dr. Jordi Sauret<\/li>\n\n\n\n<li><strong>C\u00e1tedra de Econom\u00eda de las Universidades<\/strong>, dirigida por el Dr. Agust\u00ed Ten<\/li>\n<\/ul>\n\n\n\n<h4 class=\"wp-block-heading\">Decanato y Secretar\u00eda General<\/h4>\n\n\n\n<p>El Decanato es el \u00f3rgano acad\u00e9mico unipersonal responsable de la coordinaci\u00f3n de las actividades acad\u00e9micas del IUAM, y el cargo lo ocupa el <strong>Dr. Marc B. Escol\u00e0<\/strong>. La Secretar\u00eda General es el \u00f3rgano acad\u00e9mico unipersonal responsable de la gesti\u00f3n acad\u00e9mica de las actividades del IUAM, y el cargo lo ocupa el <strong>Dr. Eladi Llop<\/strong>.<\/p>\n<\/div><\/div>\n\n<\/div><\/div>\n\n\n<div style=\"height:100px\" aria-hidden=\"true\" class=\"wp-block-spacer\"><\/div>\n","protected":false},"excerpt":{"rendered":"<p>Instituto Universitario Alma Mater: en busca de la Instituci\u00f3n Universitaria Las instituciones y personas impulsoras de la eUniv compart\u00edan un v\u00ednculo com\u00fan: una larga trayectoria en la creaci\u00f3n y gesti\u00f3n de centros universitarios, as\u00ed como en la innovaci\u00f3n de metodolog\u00edas docentes y el desarrollo de tecnolog\u00edas aplicadas a la ense\u00f1anza superior. Este hecho justific\u00f3 la &hellip;<\/p>\n","protected":false},"author":3,"featured_media":0,"parent":1245,"menu_order":0,"comment_status":"closed","ping_status":"closed","template":"templates\/template-builder.php","meta":{"_editorskit_title_hidden":false,"_editorskit_reading_time":0,"_editorskit_is_block_options_detached":false,"_editorskit_block_options_position":"{}","inline_featured_image":false,"footnotes":""},"class_list":["post-9615","page","type-page","status-publish","hentry","post","without-featured-image"],"featured_image_src":null,"featured_image_src_square":null,"_links":{"self":[{"href":"https:\/\/euniv.eu\/es\/wp-json\/wp\/v2\/pages\/9615","targetHints":{"allow":["GET"]}}],"collection":[{"href":"https:\/\/euniv.eu\/es\/wp-json\/wp\/v2\/pages"}],"about":[{"href":"https:\/\/euniv.eu\/es\/wp-json\/wp\/v2\/types\/page"}],"author":[{"embeddable":true,"href":"https:\/\/euniv.eu\/es\/wp-json\/wp\/v2\/users\/3"}],"replies":[{"embeddable":true,"href":"https:\/\/euniv.eu\/es\/wp-json\/wp\/v2\/comments?post=9615"}],"version-history":[{"count":24,"href":"https:\/\/euniv.eu\/es\/wp-json\/wp\/v2\/pages\/9615\/revisions"}],"predecessor-version":[{"id":17937,"href":"https:\/\/euniv.eu\/es\/wp-json\/wp\/v2\/pages\/9615\/revisions\/17937"}],"up":[{"embeddable":true,"href":"https:\/\/euniv.eu\/es\/wp-json\/wp\/v2\/pages\/1245"}],"wp:attachment":[{"href":"https:\/\/euniv.eu\/es\/wp-json\/wp\/v2\/media?parent=9615"}],"curies":[{"name":"wp","href":"https:\/\/api.w.org\/{rel}","templated":true}]}}