{"id":9617,"date":"2023-10-05T09:53:30","date_gmt":"2023-10-05T09:53:30","guid":{"rendered":"https:\/\/euniv.eu\/?page_id=9617"},"modified":"2023-10-05T09:53:32","modified_gmt":"2023-10-05T09:53:32","slug":"instituto-universitario-nextg","status":"publish","type":"page","link":"https:\/\/euniv.eu\/es\/investigacion\/instituto-universitario-nextg\/","title":{"rendered":"Instituto Universitario NEXTG"},"content":{"rendered":"<style>.kb-row-layout-id9617_553f66-ea > .kt-row-column-wrap{align-content:start;}:where(.kb-row-layout-id9617_553f66-ea > .kt-row-column-wrap) > .wp-block-kadence-column{justify-content:start;}.kb-row-layout-id9617_553f66-ea > .kt-row-column-wrap{column-gap:var(--global-kb-gap-lg, 4rem);row-gap:var(--global-kb-gap-md, 2rem);max-width:1240px;margin-left:auto;margin-right:auto;padding-top:var(--global-kb-spacing-sm, 1.5rem);padding-bottom:var(--global-kb-spacing-sm, 1.5rem);grid-template-columns:minmax(0, calc(30% - ((var(--global-kb-gap-lg, 4rem) * 1 )\/2)))minmax(0, calc(70% - ((var(--global-kb-gap-lg, 4rem) * 1 )\/2)));}.kb-row-layout-id9617_553f66-ea > .kt-row-layout-overlay{opacity:0.30;}@media all and (max-width: 1024px){.kb-row-layout-id9617_553f66-ea > .kt-row-column-wrap{grid-template-columns:minmax(0, 1fr) minmax(0, 2fr);}}@media all and (max-width: 767px){.kb-row-layout-id9617_553f66-ea > .kt-row-column-wrap{grid-template-columns:minmax(0, 1fr);}}<\/style><div class=\"kb-row-layout-wrap kb-row-layout-id9617_553f66-ea alignnone wp-block-kadence-rowlayout\"><div class=\"kt-row-column-wrap kt-has-2-columns kt-row-layout-right-golden kt-tab-layout-inherit kt-mobile-layout-row kt-row-valign-top\">\n<style>.kadence-column9617_e275a8-6e > .kt-inside-inner-col,.kadence-column9617_e275a8-6e > .kt-inside-inner-col:before{border-top-left-radius:0px;border-top-right-radius:0px;border-bottom-right-radius:0px;border-bottom-left-radius:0px;}.kadence-column9617_e275a8-6e > .kt-inside-inner-col{column-gap:var(--global-kb-gap-sm, 1rem);}.kadence-column9617_e275a8-6e > .kt-inside-inner-col{flex-direction:column;}.kadence-column9617_e275a8-6e > .kt-inside-inner-col > .aligncenter{width:100%;}.kadence-column9617_e275a8-6e > .kt-inside-inner-col:before{opacity:0.3;}.kadence-column9617_e275a8-6e{position:relative;}@media all and (max-width: 1024px){.kadence-column9617_e275a8-6e > .kt-inside-inner-col{flex-direction:column;justify-content:center;}}@media all and (max-width: 767px){.kadence-column9617_e275a8-6e > .kt-inside-inner-col{flex-direction:column;justify-content:center;}}<\/style>\n<div class=\"wp-block-kadence-column kadence-column9617_e275a8-6e inner-column-1 animated fadeInLeft\"><div class=\"kt-inside-inner-col\"><ul id=\"menu-investigacion-es\" class=\"menu menu_left\"><li id=\"menu-item-5660\" class=\"menu-item menu-item-type-custom menu-item-object-custom menu-item-has-children menu-item-5660\"><a href=\"#nogo\">L\u00edneas de Investigaci\u00f3n Doctoral<\/a>\n<ul class=\"sub-menu\">\n\t<li id=\"menu-item-5670\" class=\"menu-item menu-item-type-post_type menu-item-object-page menu-item-5670\"><a href=\"https:\/\/euniv.eu\/es\/investigacion\/universidades-y-pais-las-universidades-en-la-historia-catalana\/\">Universidades y Pa\u00eds<\/a><\/li>\n\t<li id=\"menu-item-5664\" class=\"menu-item menu-item-type-post_type menu-item-object-page menu-item-5664\"><a href=\"https:\/\/euniv.eu\/es\/investigacion\/la-gestion-de-la-comunicacion-en-el-siglo-xxi-el-tercer-sector\/\">La gesti\u00f3n de la comunicaci\u00f3n en el siglo XXI<\/a><\/li>\n\t<li id=\"menu-item-13648\" class=\"menu-item menu-item-type-post_type menu-item-object-page menu-item-13648\"><a href=\"https:\/\/euniv.eu\/es\/investigacion\/representacion-simbolica-de-marca\/\">Representaci\u00f3n Simb\u00f3lica de Marca<\/a><\/li>\n<\/ul>\n<\/li>\n<li id=\"menu-item-5671\" class=\"menu-item menu-item-type-post_type menu-item-object-page menu-item-has-children menu-item-5671\"><a href=\"https:\/\/euniv.eu\/es\/investigacion\/observatorio-europeo-de-la-comunicacion\/\">Observatorio Europeo de la Comunicaci\u00f3n<\/a>\n<ul class=\"sub-menu\">\n\t<li id=\"menu-item-14538\" class=\"menu-item menu-item-type-post_type menu-item-object-page menu-item-14538\"><a href=\"https:\/\/euniv.eu\/es\/symposium-grafica\/\">Symposium Grafica<\/a><\/li>\n<\/ul>\n<\/li>\n<li id=\"menu-item-11230\" class=\"menu-item menu-item-type-post_type menu-item-object-page menu-item-11230\"><a href=\"https:\/\/euniv.eu\/es\/investigacion\/instituto-universitario-alma-mater\/\">Alma Mater<\/a><\/li>\n<li id=\"menu-item-11233\" class=\"menu-item menu-item-type-post_type menu-item-object-page menu-item-11233\"><a href=\"https:\/\/euniv.eu\/es\/investigacion\/instituto-universitario-nextg\/\">NEXTG<\/a><\/li>\n<li id=\"menu-item-11231\" class=\"menu-item menu-item-type-post_type menu-item-object-page menu-item-11231\"><a href=\"https:\/\/euniv.eu\/es\/investigacion\/instituto-universitario-iurnat\/\">IURNAT<\/a><\/li>\n<li id=\"menu-item-11232\" class=\"menu-item menu-item-type-post_type menu-item-object-page menu-item-11232\"><a href=\"https:\/\/euniv.eu\/es\/investigacion\/instituto-universitario-laurentia\/\">Lafayette<\/a><\/li>\n<\/ul>\n<\/div><\/div>\n\n\n<style>.kadence-column9617_0b0de2-d5 > .kt-inside-inner-col,.kadence-column9617_0b0de2-d5 > .kt-inside-inner-col:before{border-top-left-radius:0px;border-top-right-radius:0px;border-bottom-right-radius:0px;border-bottom-left-radius:0px;}.kadence-column9617_0b0de2-d5 > .kt-inside-inner-col{column-gap:var(--global-kb-gap-sm, 1rem);}.kadence-column9617_0b0de2-d5 > .kt-inside-inner-col{flex-direction:column;}.kadence-column9617_0b0de2-d5 > .kt-inside-inner-col > .aligncenter{width:100%;}.kadence-column9617_0b0de2-d5 > .kt-inside-inner-col:before{opacity:0.3;}.kadence-column9617_0b0de2-d5{position:relative;}@media all and (max-width: 1024px){.kadence-column9617_0b0de2-d5 > .kt-inside-inner-col{flex-direction:column;justify-content:center;}}@media all and (max-width: 767px){.kadence-column9617_0b0de2-d5 > .kt-inside-inner-col{flex-direction:column;justify-content:center;}}<\/style>\n<div class=\"wp-block-kadence-column kadence-column9617_0b0de2-d5 inner-column-2 animated fadeIn slow\"><div class=\"kt-inside-inner-col\"><style>.kb-row-layout-id9617_3588eb-6b > .kt-row-column-wrap{align-content:center;}:where(.kb-row-layout-id9617_3588eb-6b > .kt-row-column-wrap) > .wp-block-kadence-column{justify-content:center;}.kb-row-layout-id9617_3588eb-6b > .kt-row-column-wrap{column-gap:20px;row-gap:var(--global-kb-gap-md, 2rem);padding-top:var(--global-kb-spacing-sm, 1.5rem);padding-bottom:var(--global-kb-spacing-sm, 1.5rem);grid-template-columns:minmax(0, calc(15% - ((20px * 1 )\/2)))minmax(0, calc(85% - ((20px * 1 )\/2)));}.kb-row-layout-id9617_3588eb-6b > .kt-row-layout-overlay{opacity:0.30;}@media all and (max-width: 1024px){.kb-row-layout-id9617_3588eb-6b > .kt-row-column-wrap{grid-template-columns:minmax(0, 1fr) minmax(0, 2fr);}}@media all and (max-width: 767px){.kb-row-layout-id9617_3588eb-6b > .kt-row-column-wrap{grid-template-columns:minmax(0, 1fr);}}<\/style><div class=\"kb-row-layout-wrap kb-row-layout-id9617_3588eb-6b alignnone wp-block-kadence-rowlayout\"><div class=\"kt-row-column-wrap kt-has-2-columns kt-row-layout-right-golden kt-tab-layout-inherit kt-mobile-layout-row kt-row-valign-middle\">\n<style>.kadence-column9617_90cc90-4f > .kt-inside-inner-col,.kadence-column9617_90cc90-4f > .kt-inside-inner-col:before{border-top-left-radius:0px;border-top-right-radius:0px;border-bottom-right-radius:0px;border-bottom-left-radius:0px;}.kadence-column9617_90cc90-4f > .kt-inside-inner-col{column-gap:var(--global-kb-gap-sm, 1rem);}.kadence-column9617_90cc90-4f > .kt-inside-inner-col{flex-direction:column;}.kadence-column9617_90cc90-4f > .kt-inside-inner-col > .aligncenter{width:100%;}.kadence-column9617_90cc90-4f > .kt-inside-inner-col:before{opacity:0.3;}.kadence-column9617_90cc90-4f{position:relative;}@media all and (max-width: 1024px){.kadence-column9617_90cc90-4f > .kt-inside-inner-col{flex-direction:column;justify-content:center;}}@media all and (max-width: 767px){.kadence-column9617_90cc90-4f > .kt-inside-inner-col{flex-direction:column;justify-content:center;}}<\/style>\n<div class=\"wp-block-kadence-column kadence-column9617_90cc90-4f inner-column-1\"><div class=\"kt-inside-inner-col\">\n<figure class=\"wp-block-image size-large\"><img loading=\"lazy\" decoding=\"async\" width=\"140\" height=\"189\" src=\"https:\/\/euniv.eu\/wp-content\/uploads\/\/2020\/09\/logo_catala.svg\" alt=\"Facultat de Filologia\" class=\"wp-image-203\"\/><\/figure>\n<\/div><\/div>\n\n\n<style>.kadence-column9617_47f7b4-3e > .kt-inside-inner-col,.kadence-column9617_47f7b4-3e > .kt-inside-inner-col:before{border-top-left-radius:0px;border-top-right-radius:0px;border-bottom-right-radius:0px;border-bottom-left-radius:0px;}.kadence-column9617_47f7b4-3e > .kt-inside-inner-col{column-gap:var(--global-kb-gap-sm, 1rem);}.kadence-column9617_47f7b4-3e > .kt-inside-inner-col{flex-direction:column;}.kadence-column9617_47f7b4-3e > .kt-inside-inner-col > .aligncenter{width:100%;}.kadence-column9617_47f7b4-3e > .kt-inside-inner-col:before{opacity:0.3;}.kadence-column9617_47f7b4-3e{position:relative;}@media all and (max-width: 1024px){.kadence-column9617_47f7b4-3e > .kt-inside-inner-col{flex-direction:column;justify-content:center;}}@media all and (max-width: 767px){.kadence-column9617_47f7b4-3e > .kt-inside-inner-col{flex-direction:column;justify-content:center;}}<\/style>\n<div class=\"wp-block-kadence-column kadence-column9617_47f7b4-3e inner-column-2\"><div class=\"kt-inside-inner-col\">\n<h1 class=\"wp-block-heading\">Instituto Universitario NEXTG: compromiso con La innovaci\u00f3n socialmente responsable<\/h1>\n<\/div><\/div>\n\n<\/div><\/div>\n\n\n<p>El Instituto es un <em>TechLab<\/em> impulsado por la eUniv para desarrollar y organizar actividades de investigaci\u00f3n aplicada en el \u00e1mbito de la Inteligencia Artificial (AI), <em>Big Data<\/em>, Algoritmos, <em>Machine Learning<\/em>, <em>Blockchain<\/em>, Rob\u00f3tica, <em>Internet of Things<\/em> (IoT) y Bio-tecnolog\u00eda. Todos estos elementos se combinan entre s\u00ed para crear aplicaciones dif\u00edciles de imaginar pocos a\u00f1os atr\u00e1s, pero que ahora est\u00e1n ya presentes entre nosotros y requieren observarlas y asumirlas desde una perspectiva cr\u00edtica y racional. En tiempos donde la tecnolog\u00eda avanza de forma exponencial, el Instituto quiere convertirse en un <em>Think Tank<\/em> generador de debate, reflexi\u00f3n y difusi\u00f3n sobre los retos que plantea la investigaci\u00f3n cient\u00edfica y tecnol\u00f3gica, as\u00ed como sobre la aplicaci\u00f3n pr\u00e1ctica de sus resultados obtenidos. Un <em>Think Tank<\/em> puede ser un laboratorio de ideas, un gabinete estrat\u00e9gico, un instituto de investigaci\u00f3n o un centro de reflexi\u00f3n. El Instituto Universitario NextG naci\u00f3 para ser todo esto a la vez.<\/p>\n\n\n\n<h2 class=\"wp-block-heading\">Organizaci\u00f3n del IUNextG<\/h2>\n\n\n\n<h4 class=\"wp-block-heading\">Consejo del Instituto<\/h4>\n\n\n\n<p>El Consejo es el \u00f3rgano acad\u00e9mico colegiado superior del IUNextG, y como tal le corresponde establecer sus l\u00edneas de desarrollo cient\u00edfico e institucional, as\u00ed como la evaluaci\u00f3n e informe de las propuestas de actividades y proyectos que formulen los sus miembros.<\/p>\n\n\n\n<h4 class=\"wp-block-heading\">Decanato<\/h4>\n\n\n\n<p>El Decanato es el \u00f3rgano acad\u00e9mico unipersonal responsable de la coordinaci\u00f3n de las actividades acad\u00e9micas e institucionales del IUNextG, siendo la persona que ocupa el cargo el <strong>Sr. Joaquim Vall\u00e8s<\/strong>.<\/p>\n\n\n\n<h4 class=\"wp-block-heading\">Coordinaci\u00f3n General<\/h4>\n\n\n\n<p>La Coordinaci\u00f3n General es el \u00f3rgano unipersonal responsable de la coordinaci\u00f3n de los proyectos del IUNextG, siendo la persona que ocupa el cargo el <strong>Sr. Francesc Carrera<\/strong>.<\/p>\n\n\n\n<h4 class=\"wp-block-heading\">Secretar\u00eda General<\/h4>\n\n\n\n<p>La Secretar\u00eda General es el \u00f3rgano acad\u00e9mico unipersonal responsable de la gesti\u00f3n acad\u00e9mica de las actividades del IUNextG, siendo la persona que ocupa el cargo la <strong>Dra. Pepa Cugat<\/strong>.<\/p>\n\n\n\n<h2 class=\"wp-block-heading\">Actividades del IUNextG<\/h2>\n\n\n\n<h4 class=\"wp-block-heading\">\u00c1rea de Acci\u00f3n Institucional<\/h4>\n\n\n\n<p>Para la promoci\u00f3n del debate y la reflexi\u00f3n sobre la investigaci\u00f3n cient\u00edfica y la transformaci\u00f3n digital, IUNextG convoca y participa en la organizaci\u00f3n de Jornadas, Conferencias, Debates, Seminarios y Encuentros de Expertos. Asimismo, IUNextG participa como miembro en varios consejos y comit\u00e9s creados por las administraciones p\u00fablicas y las organizaciones econ\u00f3micas y sociales.<\/p>\n\n\n\n<h4 class=\"wp-block-heading\">\u00c1rea de I+D<\/h4>\n\n\n\n<p>IUNextG impulsa proyectos propios de investigaci\u00f3n e innovaci\u00f3n tecnol\u00f3gica. Actualmente, los proyectos propios que ya est\u00e1n en marcha son los siguientes:<\/p>\n\n\n\n<ul class=\"wp-block-list\">\n<li><strong>Proyecito DronPort.<\/strong> Proyecto de establecimiento en el Principado de Andorra de un equipamiento capaz de dar servicio t\u00e9cnico y formativo a las empresas de los drones.<\/li>\n\n\n\n<li><strong>Proyectos e-Health.<\/strong> Proyectos de innovaci\u00f3n tecnol\u00f3gica espec\u00edfica para la mejora de los tratamientos de salud.<\/li>\n\n\n\n<li><strong>Proyectos de Movilidad. <\/strong>Proyectos tecnol\u00f3gicos dirigidos a la mejora de la movilidad en espacios espec\u00edficos mediante la gesti\u00f3n de veh\u00edculos aut\u00f3nomos.<\/li>\n<\/ul>\n\n\n\n<p>IUNextG participa tambi\u00e9n, mediante convenios con entidades de investigaci\u00f3n e innovaci\u00f3n o empresas, en redes de \u00e1mbito nacional e internacional, que le permiten disponer de una conexi\u00f3n directa con expertos en todas las \u00e1reas de inter\u00e9s del Instituto.<\/p>\n\n\n\n<h4 class=\"wp-block-heading\">\u00c1rea de Formaci\u00f3n<\/h4>\n\n\n\n<ul class=\"wp-block-list\">\n<li><strong>Programa de Formaci\u00f3n Continua<\/strong> sobre las tem\u00e1ticas principales que trata el Instituto, que incluye acciones formativas propias del Instituto y acciones ya sean a petici\u00f3n de empresas, instituciones p\u00fablicas o propias del Instituto.<\/li>\n\n\n\n<li><strong>L\u00ednea de Investigaci\u00f3n Doctoral <\/strong>especializada en su \u00e1mbito cient\u00edfico, al amparo del convenio de cooperaci\u00f3n acad\u00e9mica del IUNextG con la Escuela de Doctorado J. H. Newman de la eUniv.<\/li>\n<\/ul>\n<\/div><\/div>\n\n<\/div><\/div>\n\n\n<div style=\"height:100px\" aria-hidden=\"true\" class=\"wp-block-spacer\"><\/div>\n","protected":false},"excerpt":{"rendered":"<p>Instituto Universitario NEXTG: compromiso con La innovaci\u00f3n socialmente responsable El Instituto es un TechLab impulsado por la eUniv para desarrollar y organizar actividades de investigaci\u00f3n aplicada en el \u00e1mbito de la Inteligencia Artificial (AI), Big Data, Algoritmos, Machine Learning, Blockchain, Rob\u00f3tica, Internet of Things (IoT) y Bio-tecnolog\u00eda. Todos estos elementos se combinan entre s\u00ed para &hellip;<\/p>\n","protected":false},"author":3,"featured_media":0,"parent":1245,"menu_order":0,"comment_status":"closed","ping_status":"closed","template":"templates\/template-builder.php","meta":{"_editorskit_title_hidden":false,"_editorskit_reading_time":0,"_editorskit_is_block_options_detached":false,"_editorskit_block_options_position":"{}","inline_featured_image":false,"footnotes":""},"class_list":["post-9617","page","type-page","status-publish","hentry","post","without-featured-image"],"featured_image_src":null,"featured_image_src_square":null,"_links":{"self":[{"href":"https:\/\/euniv.eu\/es\/wp-json\/wp\/v2\/pages\/9617","targetHints":{"allow":["GET"]}}],"collection":[{"href":"https:\/\/euniv.eu\/es\/wp-json\/wp\/v2\/pages"}],"about":[{"href":"https:\/\/euniv.eu\/es\/wp-json\/wp\/v2\/types\/page"}],"author":[{"embeddable":true,"href":"https:\/\/euniv.eu\/es\/wp-json\/wp\/v2\/users\/3"}],"replies":[{"embeddable":true,"href":"https:\/\/euniv.eu\/es\/wp-json\/wp\/v2\/comments?post=9617"}],"version-history":[{"count":1,"href":"https:\/\/euniv.eu\/es\/wp-json\/wp\/v2\/pages\/9617\/revisions"}],"predecessor-version":[{"id":9618,"href":"https:\/\/euniv.eu\/es\/wp-json\/wp\/v2\/pages\/9617\/revisions\/9618"}],"up":[{"embeddable":true,"href":"https:\/\/euniv.eu\/es\/wp-json\/wp\/v2\/pages\/1245"}],"wp:attachment":[{"href":"https:\/\/euniv.eu\/es\/wp-json\/wp\/v2\/media?parent=9617"}],"curies":[{"name":"wp","href":"https:\/\/api.w.org\/{rel}","templated":true}]}}