{"id":9619,"date":"2023-10-05T09:57:06","date_gmt":"2023-10-05T09:57:06","guid":{"rendered":"https:\/\/euniv.eu\/?page_id=9619"},"modified":"2023-10-05T09:57:22","modified_gmt":"2023-10-05T09:57:22","slug":"instituto-universitario-iurnat","status":"publish","type":"page","link":"https:\/\/euniv.eu\/es\/investigacion\/instituto-universitario-iurnat\/","title":{"rendered":"Instituto Universitario IURNAT"},"content":{"rendered":"<style>.kb-row-layout-id9619_d56026-8e > .kt-row-column-wrap{align-content:start;}:where(.kb-row-layout-id9619_d56026-8e > .kt-row-column-wrap) > .wp-block-kadence-column{justify-content:start;}.kb-row-layout-id9619_d56026-8e > .kt-row-column-wrap{column-gap:var(--global-kb-gap-lg, 4rem);row-gap:var(--global-kb-gap-md, 2rem);max-width:1240px;margin-left:auto;margin-right:auto;padding-top:var(--global-kb-spacing-sm, 1.5rem);padding-bottom:var(--global-kb-spacing-sm, 1.5rem);grid-template-columns:minmax(0, calc(30% - ((var(--global-kb-gap-lg, 4rem) * 1 )\/2)))minmax(0, calc(70% - ((var(--global-kb-gap-lg, 4rem) * 1 )\/2)));}.kb-row-layout-id9619_d56026-8e > .kt-row-layout-overlay{opacity:0.30;}@media all and (max-width: 1024px){.kb-row-layout-id9619_d56026-8e > .kt-row-column-wrap{grid-template-columns:minmax(0, 1fr) minmax(0, 2fr);}}@media all and (max-width: 767px){.kb-row-layout-id9619_d56026-8e > .kt-row-column-wrap{grid-template-columns:minmax(0, 1fr);}}<\/style><div class=\"kb-row-layout-wrap kb-row-layout-id9619_d56026-8e alignnone wp-block-kadence-rowlayout\"><div class=\"kt-row-column-wrap kt-has-2-columns kt-row-layout-right-golden kt-tab-layout-inherit kt-mobile-layout-row kt-row-valign-top\">\n<style>.kadence-column9619_d729c0-f1 > .kt-inside-inner-col,.kadence-column9619_d729c0-f1 > .kt-inside-inner-col:before{border-top-left-radius:0px;border-top-right-radius:0px;border-bottom-right-radius:0px;border-bottom-left-radius:0px;}.kadence-column9619_d729c0-f1 > .kt-inside-inner-col{column-gap:var(--global-kb-gap-sm, 1rem);}.kadence-column9619_d729c0-f1 > .kt-inside-inner-col{flex-direction:column;}.kadence-column9619_d729c0-f1 > .kt-inside-inner-col > .aligncenter{width:100%;}.kadence-column9619_d729c0-f1 > .kt-inside-inner-col:before{opacity:0.3;}.kadence-column9619_d729c0-f1{position:relative;}@media all and (max-width: 1024px){.kadence-column9619_d729c0-f1 > .kt-inside-inner-col{flex-direction:column;justify-content:center;}}@media all and (max-width: 767px){.kadence-column9619_d729c0-f1 > .kt-inside-inner-col{flex-direction:column;justify-content:center;}}<\/style>\n<div class=\"wp-block-kadence-column kadence-column9619_d729c0-f1 inner-column-1 animated fadeInLeft\"><div class=\"kt-inside-inner-col\"><ul id=\"menu-investigacion-es\" class=\"menu menu_left\"><li id=\"menu-item-5660\" class=\"menu-item menu-item-type-custom menu-item-object-custom menu-item-has-children menu-item-5660\"><a href=\"#nogo\">L\u00edneas de Investigaci\u00f3n Doctoral<\/a>\n<ul class=\"sub-menu\">\n\t<li id=\"menu-item-5670\" class=\"menu-item menu-item-type-post_type menu-item-object-page menu-item-5670\"><a href=\"https:\/\/euniv.eu\/es\/investigacion\/universidades-y-pais-las-universidades-en-la-historia-catalana\/\">Universidades y Pa\u00eds<\/a><\/li>\n\t<li id=\"menu-item-5664\" class=\"menu-item menu-item-type-post_type menu-item-object-page menu-item-5664\"><a href=\"https:\/\/euniv.eu\/es\/investigacion\/la-gestion-de-la-comunicacion-en-el-siglo-xxi-el-tercer-sector\/\">La gesti\u00f3n de la comunicaci\u00f3n en el siglo XXI<\/a><\/li>\n\t<li id=\"menu-item-13648\" class=\"menu-item menu-item-type-post_type menu-item-object-page menu-item-13648\"><a href=\"https:\/\/euniv.eu\/es\/investigacion\/representacion-simbolica-de-marca\/\">Representaci\u00f3n Simb\u00f3lica de Marca<\/a><\/li>\n<\/ul>\n<\/li>\n<li id=\"menu-item-5671\" class=\"menu-item menu-item-type-post_type menu-item-object-page menu-item-has-children menu-item-5671\"><a href=\"https:\/\/euniv.eu\/es\/investigacion\/observatorio-europeo-de-la-comunicacion\/\">Observatorio Europeo de la Comunicaci\u00f3n<\/a>\n<ul class=\"sub-menu\">\n\t<li id=\"menu-item-14538\" class=\"menu-item menu-item-type-post_type menu-item-object-page menu-item-14538\"><a href=\"https:\/\/euniv.eu\/es\/symposium-grafica\/\">Symposium Grafica<\/a><\/li>\n<\/ul>\n<\/li>\n<li id=\"menu-item-11230\" class=\"menu-item menu-item-type-post_type menu-item-object-page menu-item-11230\"><a href=\"https:\/\/euniv.eu\/es\/investigacion\/instituto-universitario-alma-mater\/\">Alma Mater<\/a><\/li>\n<li id=\"menu-item-11233\" class=\"menu-item menu-item-type-post_type menu-item-object-page menu-item-11233\"><a href=\"https:\/\/euniv.eu\/es\/investigacion\/instituto-universitario-nextg\/\">NEXTG<\/a><\/li>\n<li id=\"menu-item-11231\" class=\"menu-item menu-item-type-post_type menu-item-object-page menu-item-11231\"><a href=\"https:\/\/euniv.eu\/es\/investigacion\/instituto-universitario-iurnat\/\">IURNAT<\/a><\/li>\n<li id=\"menu-item-11232\" class=\"menu-item menu-item-type-post_type menu-item-object-page menu-item-11232\"><a href=\"https:\/\/euniv.eu\/es\/investigacion\/instituto-universitario-laurentia\/\">Lafayette<\/a><\/li>\n<\/ul>\n<\/div><\/div>\n\n\n<style>.kadence-column9619_aa62ac-e3 > .kt-inside-inner-col,.kadence-column9619_aa62ac-e3 > .kt-inside-inner-col:before{border-top-left-radius:0px;border-top-right-radius:0px;border-bottom-right-radius:0px;border-bottom-left-radius:0px;}.kadence-column9619_aa62ac-e3 > .kt-inside-inner-col{column-gap:var(--global-kb-gap-sm, 1rem);}.kadence-column9619_aa62ac-e3 > .kt-inside-inner-col{flex-direction:column;}.kadence-column9619_aa62ac-e3 > .kt-inside-inner-col > .aligncenter{width:100%;}.kadence-column9619_aa62ac-e3 > .kt-inside-inner-col:before{opacity:0.3;}.kadence-column9619_aa62ac-e3{position:relative;}@media all and (max-width: 1024px){.kadence-column9619_aa62ac-e3 > .kt-inside-inner-col{flex-direction:column;justify-content:center;}}@media all and (max-width: 767px){.kadence-column9619_aa62ac-e3 > .kt-inside-inner-col{flex-direction:column;justify-content:center;}}<\/style>\n<div class=\"wp-block-kadence-column kadence-column9619_aa62ac-e3 inner-column-2 animated fadeIn slow\"><div class=\"kt-inside-inner-col\"><style>.kb-row-layout-id9619_80490f-3f > .kt-row-column-wrap{align-content:center;}:where(.kb-row-layout-id9619_80490f-3f > .kt-row-column-wrap) > .wp-block-kadence-column{justify-content:center;}.kb-row-layout-id9619_80490f-3f > .kt-row-column-wrap{column-gap:20px;row-gap:var(--global-kb-gap-md, 2rem);padding-top:var(--global-kb-spacing-sm, 1.5rem);padding-bottom:var(--global-kb-spacing-sm, 1.5rem);grid-template-columns:minmax(0, calc(15% - ((20px * 1 )\/2)))minmax(0, calc(85% - ((20px * 1 )\/2)));}.kb-row-layout-id9619_80490f-3f > .kt-row-layout-overlay{opacity:0.30;}@media all and (max-width: 1024px){.kb-row-layout-id9619_80490f-3f > .kt-row-column-wrap{grid-template-columns:minmax(0, 1fr) minmax(0, 2fr);}}@media all and (max-width: 767px){.kb-row-layout-id9619_80490f-3f > .kt-row-column-wrap{grid-template-columns:minmax(0, 1fr);}}<\/style><div class=\"kb-row-layout-wrap kb-row-layout-id9619_80490f-3f alignnone wp-block-kadence-rowlayout\"><div class=\"kt-row-column-wrap kt-has-2-columns kt-row-layout-right-golden kt-tab-layout-inherit kt-mobile-layout-row kt-row-valign-middle\">\n<style>.kadence-column9619_1ade0a-d4 > .kt-inside-inner-col,.kadence-column9619_1ade0a-d4 > .kt-inside-inner-col:before{border-top-left-radius:0px;border-top-right-radius:0px;border-bottom-right-radius:0px;border-bottom-left-radius:0px;}.kadence-column9619_1ade0a-d4 > .kt-inside-inner-col{column-gap:var(--global-kb-gap-sm, 1rem);}.kadence-column9619_1ade0a-d4 > .kt-inside-inner-col{flex-direction:column;}.kadence-column9619_1ade0a-d4 > .kt-inside-inner-col > .aligncenter{width:100%;}.kadence-column9619_1ade0a-d4 > .kt-inside-inner-col:before{opacity:0.3;}.kadence-column9619_1ade0a-d4{position:relative;}@media all and (max-width: 1024px){.kadence-column9619_1ade0a-d4 > .kt-inside-inner-col{flex-direction:column;justify-content:center;}}@media all and (max-width: 767px){.kadence-column9619_1ade0a-d4 > .kt-inside-inner-col{flex-direction:column;justify-content:center;}}<\/style>\n<div class=\"wp-block-kadence-column kadence-column9619_1ade0a-d4 inner-column-1\"><div class=\"kt-inside-inner-col\">\n<figure class=\"wp-block-image size-large\"><img loading=\"lazy\" decoding=\"async\" width=\"140\" height=\"189\" src=\"https:\/\/euniv.eu\/wp-content\/uploads\/\/2020\/09\/logo_catala.svg\" alt=\"Facultat de Filologia\" class=\"wp-image-203\"\/><\/figure>\n<\/div><\/div>\n\n\n<style>.kadence-column9619_58df47-4b > .kt-inside-inner-col,.kadence-column9619_58df47-4b > .kt-inside-inner-col:before{border-top-left-radius:0px;border-top-right-radius:0px;border-bottom-right-radius:0px;border-bottom-left-radius:0px;}.kadence-column9619_58df47-4b > .kt-inside-inner-col{column-gap:var(--global-kb-gap-sm, 1rem);}.kadence-column9619_58df47-4b > .kt-inside-inner-col{flex-direction:column;}.kadence-column9619_58df47-4b > .kt-inside-inner-col > .aligncenter{width:100%;}.kadence-column9619_58df47-4b > .kt-inside-inner-col:before{opacity:0.3;}.kadence-column9619_58df47-4b{position:relative;}@media all and (max-width: 1024px){.kadence-column9619_58df47-4b > .kt-inside-inner-col{flex-direction:column;justify-content:center;}}@media all and (max-width: 767px){.kadence-column9619_58df47-4b > .kt-inside-inner-col{flex-direction:column;justify-content:center;}}<\/style>\n<div class=\"wp-block-kadence-column kadence-column9619_58df47-4b inner-column-2\"><div class=\"kt-inside-inner-col\">\n<h1 class=\"wp-block-heading\">Instituto Universitario IURNAT: cooperaci\u00f3n universitaria i Transferencia necesaria<\/h1>\n<\/div><\/div>\n\n<\/div><\/div>\n\n\n<p>La eUniv naci\u00f3 con la firme voluntad de abrirse al mundo y tejer lazos de comunicaci\u00f3n institucional con organizaciones acad\u00e9micas y cient\u00edficas de todos los \u00e1mbitos. A pesar de su juventud, la eUniv atesora una gran experiencia en el \u00e1mbito de las tecnolog\u00edas educativas, tanto de gesti\u00f3n como docentes, y quiere compartirla con aquellas instituciones de todo el mundo que est\u00e9n interesadas. El IURNAT fue creado precisamente para esta misi\u00f3n: articular los mecanismos de cooperaci\u00f3n que puedan permitir una transferencia del capital cient\u00edfico acumulado en otras universidades, contribuyendo as\u00ed a fortalecer los v\u00ednculos de la eUniv en el contexto universitario internacional.<\/p>\n\n\n\n<h2 class=\"wp-block-heading\">Organizaci\u00f3n del IURNAT<\/h2>\n\n\n\n<h4 class=\"wp-block-heading\">Consejo<\/h4>\n\n\n\n<p>El Consejo es el \u00f3rgano acad\u00e9mico colegiado superior del IURNAT, y como tal le corresponde establecer sus l\u00edneas de desarrollo cient\u00edfico e institucional, as\u00ed como la evaluaci\u00f3n e informe de las propuestas de actividades y proyectos que formulen los sus miembros.<\/p>\n\n\n\n<h4 class=\"wp-block-heading\">Direcci\u00f3n General<\/h4>\n\n\n\n<p>La Direcci\u00f3n es el \u00f3rgano acad\u00e9mico unipersonal responsable de la coordinaci\u00f3n de las actividades institucionales del IURNAT, y la persona que ocupa el cargo es el <strong>Dr. Carlos Mart\u00ednez.<\/strong><\/p>\n\n\n\n<h4 class=\"wp-block-heading\">Secretar\u00eda General<\/h4>\n\n\n\n<p>La Secretar\u00eda General es el \u00f3rgano acad\u00e9mico unipersonal responsable de la gesti\u00f3n de las actividades acad\u00e9micas del IURNAT, y la persona que ocupa el cargo es la <strong>Sra. \u00c1ngeles Corredor.<\/strong><\/p>\n\n\n\n<h2 class=\"wp-block-heading\">Actividades cooperativas<\/h2>\n\n\n\n<p>El IURNAT desarrolla convenios de cooperaci\u00f3n y transferencia de tecnolog\u00eda en diversos \u00e1mbitos tecnol\u00f3gicos y de gesti\u00f3n universitaria:<\/p>\n\n\n\n<ul class=\"wp-block-list\">\n<li><strong>Recursos para la gesti\u00f3n acad\u00e9mica de las ense\u00f1anzas<\/strong>. IURNAT colabora en la implantaci\u00f3n de softwares de gesti\u00f3n acad\u00e9mica de ense\u00f1anzas universitarias, dise\u00f1adas para racionalizar los procesos y hacerlos m\u00e1s eficientes.<\/li>\n\n\n\n<li><strong>Recursos para la gesti\u00f3n docente de las ense\u00f1anzas<\/strong>. IURNAT colabora en la implantaci\u00f3n de softwares de gesti\u00f3n docente de ense\u00f1anzas universitarias en modalidad on-line, dise\u00f1adas para asegurar el cumplimiento de todos los protocolos de garant\u00eda interna de la calidad fijados por las agencias de calidad.<\/li>\n\n\n\n<li><strong>Recursos para la gesti\u00f3n de la comunicaci\u00f3n y la promoci\u00f3n de las ense\u00f1anzas<\/strong>. IURNAT colabora en la gesti\u00f3n de campa\u00f1as de comunicaci\u00f3n en entornos digitales dirigidas a difundir y promocionar la oferta de ense\u00f1anzas universitarias.<\/li>\n\n\n\n<li><strong>Recursos para la organizaci\u00f3n de centros de educaci\u00f3n superior<\/strong>. IURNAT colabora en la elaboraci\u00f3n de proyectos de creaci\u00f3n de nuevos centros universitarios de educaci\u00f3n superior, aportando metodolog\u00edas y sistemas de organizaci\u00f3n y gesti\u00f3n, as\u00ed como asesoramiento jur\u00eddico y econ\u00f3mico.<\/li>\n<\/ul>\n\n\n\n<h2 class=\"wp-block-heading\">\u00c1mbitos de actuaci\u00f3n<\/h2>\n\n\n\n<p>El IURNAT tiene como \u00e1mbito territorial de actuaci\u00f3n preferente los pa\u00edses de Am\u00e9rica Latina, y muy especialmente las rep\u00fablicas de Ecuador, Colombia y Per\u00fa. El Principado de Andorra organiz\u00f3 en 2021 la XXVII Cumbre Iberoamericana de jefes de estado y de gobierno, dedicada a la innovaci\u00f3n y el desarrollo sostenible. La eUniv, a trav\u00e9s del IURNAT, aporta as\u00ed su contribuci\u00f3n a este objetivo estrat\u00e9gico de la comunidad iberoamericana, que ha tenido como primer proyecto materializado lo siguiente:<\/p>\n\n\n\n<ul class=\"wp-block-list\">\n<li><strong>Pacificonline. <\/strong>Convenio de transferencia de tecnolog\u00eda entre el IURNAT y la Universidad del Pac\u00edfico, de Guayaquil (Ecuador), consistente en la puesta en marcha de una oferta de estudios de posgrado de esta universidad en modalidad no presencial.<\/li>\n<\/ul>\n<\/div><\/div>\n\n<\/div><\/div>\n\n\n<div style=\"height:100px\" aria-hidden=\"true\" class=\"wp-block-spacer\"><\/div>\n","protected":false},"excerpt":{"rendered":"<p>Instituto Universitario IURNAT: cooperaci\u00f3n universitaria i Transferencia necesaria La eUniv naci\u00f3 con la firme voluntad de abrirse al mundo y tejer lazos de comunicaci\u00f3n institucional con organizaciones acad\u00e9micas y cient\u00edficas de todos los \u00e1mbitos. A pesar de su juventud, la eUniv atesora una gran experiencia en el \u00e1mbito de las tecnolog\u00edas educativas, tanto de gesti\u00f3n &hellip;<\/p>\n","protected":false},"author":3,"featured_media":0,"parent":1245,"menu_order":0,"comment_status":"closed","ping_status":"closed","template":"templates\/template-builder.php","meta":{"_editorskit_title_hidden":false,"_editorskit_reading_time":0,"_editorskit_is_block_options_detached":false,"_editorskit_block_options_position":"{}","inline_featured_image":false,"footnotes":""},"class_list":["post-9619","page","type-page","status-publish","hentry","post","without-featured-image"],"featured_image_src":null,"featured_image_src_square":null,"_links":{"self":[{"href":"https:\/\/euniv.eu\/es\/wp-json\/wp\/v2\/pages\/9619","targetHints":{"allow":["GET"]}}],"collection":[{"href":"https:\/\/euniv.eu\/es\/wp-json\/wp\/v2\/pages"}],"about":[{"href":"https:\/\/euniv.eu\/es\/wp-json\/wp\/v2\/types\/page"}],"author":[{"embeddable":true,"href":"https:\/\/euniv.eu\/es\/wp-json\/wp\/v2\/users\/3"}],"replies":[{"embeddable":true,"href":"https:\/\/euniv.eu\/es\/wp-json\/wp\/v2\/comments?post=9619"}],"version-history":[{"count":2,"href":"https:\/\/euniv.eu\/es\/wp-json\/wp\/v2\/pages\/9619\/revisions"}],"predecessor-version":[{"id":9621,"href":"https:\/\/euniv.eu\/es\/wp-json\/wp\/v2\/pages\/9619\/revisions\/9621"}],"up":[{"embeddable":true,"href":"https:\/\/euniv.eu\/es\/wp-json\/wp\/v2\/pages\/1245"}],"wp:attachment":[{"href":"https:\/\/euniv.eu\/es\/wp-json\/wp\/v2\/media?parent=9619"}],"curies":[{"name":"wp","href":"https:\/\/api.w.org\/{rel}","templated":true}]}}